{"id":10,"date":"2023-06-05T12:54:21","date_gmt":"2023-06-05T12:54:21","guid":{"rendered":"https:\/\/harvey-spa-hotel.ms2.decms.eu\/rooms-suites\/"},"modified":"2024-07-15T11:49:22","modified_gmt":"2024-07-15T11:49:22","slug":"pokoje-a-apartma","status":"publish","type":"page","link":"https:\/\/www.harveyspahotel.com\/cs\/pokoje-a-apartma\/","title":{"rendered":"Pokoje a apartm\u00e1"},"content":{"rendered":"<p>\u00datuln\u00fd hotel v samotn\u00e9m srdci Franti\u0161kov\u00fdch L\u00e1zn\u00ed, v bl\u00edzkosti rozlehl\u00e9ho parku. Nev\u00e1hejte a bydlete u n\u00e1s, poskytujeme skute\u010dn\u011b nezapomenuteln\u00fd servis. U\u017eijte si pro sv\u016fj pobyt v l\u00e1zn\u00edch na\u0161e prostorn\u00e9 a nov\u011b klimatizovan\u00e9 pokoje s n\u00e1dhern\u00fdm v\u00fdhledem.<\/p>\n","protected":false},"excerpt":{"rendered":"<p>\u00datuln\u00fd hotel v samotn\u00e9m srdci Franti\u0161kov\u00fdch L\u00e1zn\u00ed, v bl\u00edzkosti rozlehl\u00e9ho parku. Nev\u00e1hejte a bydlete u n\u00e1s, poskytujeme skute\u010dn\u011b nezapomenuteln\u00fd servis. U\u017eijte si pro sv\u016fj pobyt v l\u00e1zn\u00edch na\u0161e prostorn\u00e9 a nov\u011b klimatizovan\u00e9 pokoje s n\u00e1dhern\u00fdm v\u00fdhledem.<\/p>\n","protected":false},"author":11,"featured_media":0,"parent":0,"menu_order":20,"comment_status":"closed","ping_status":"closed","template":"template-rooms.php","meta":{"footnotes":""},"class_list":["post-10","page","type-page","status-publish","hentry"],"yoast_head":"<!-- This site is optimized with the Yoast SEO plugin v27.3 - https:\/\/yoast.com\/product\/yoast-seo-wordpress\/ -->\n<title>Ubytov\u00e1n\u00ed | Harvey Spa Hotel Franti\u0161kovy L\u00e1zn\u011b<\/title>\n<meta name=\"description\" content=\"Bydlete v hotelu, kde m\u016f\u017eete relaxovat v klidu a pohodl\u00ed. Nezapomenuteln\u00e9 slu\u017eby, p\u0159\u00e1telsk\u00fd person\u00e1l a skv\u011bl\u00e1 lokalita s v\u00fdhledem do parku.\" \/>\n<meta name=\"robots\" content=\"index, follow, max-snippet:-1, max-image-preview:large, max-video-preview:-1\" \/>\n<link rel=\"canonical\" href=\"https:\/\/www.harveyspahotel.com\/cs\/pokoje-a-apartma\/\" \/>\n<meta property=\"og:locale\" content=\"cs_CZ\" \/>\n<meta property=\"og:type\" content=\"article\" \/>\n<meta property=\"og:title\" content=\"Ubytov\u00e1n\u00ed | Harvey Spa Hotel Franti\u0161kovy L\u00e1zn\u011b\" \/>\n<meta property=\"og:description\" content=\"Bydlete v hotelu, kde m\u016f\u017eete relaxovat v klidu a pohodl\u00ed. Nezapomenuteln\u00e9 slu\u017eby, p\u0159\u00e1telsk\u00fd person\u00e1l a skv\u011bl\u00e1 lokalita s v\u00fdhledem do parku.\" \/>\n<meta property=\"og:url\" content=\"https:\/\/www.harveyspahotel.com\/cs\/pokoje-a-apartma\/\" \/>\n<meta property=\"og:site_name\" content=\"Harvey Spa Hotel\" \/>\n<meta property=\"article:modified_time\" content=\"2024-07-15T11:49:22+00:00\" \/>\n<meta name=\"twitter:card\" content=\"summary_large_image\" \/>\n<meta name=\"twitter:label1\" content=\"Odhadovan\u00e1 doba \u010dten\u00ed\" \/>\n\t<meta name=\"twitter:data1\" content=\"1 minuta\" \/>\n<script type=\"application\/ld+json\" class=\"yoast-schema-graph\">{\"@context\":\"https:\\\/\\\/schema.org\",\"@graph\":[{\"@type\":\"WebPage\",\"@id\":\"https:\\\/\\\/www.harveyspahotel.com\\\/cs\\\/pokoje-a-apartma\\\/\",\"url\":\"https:\\\/\\\/www.harveyspahotel.com\\\/cs\\\/pokoje-a-apartma\\\/\",\"name\":\"Ubytov\u00e1n\u00ed | Harvey Spa Hotel Franti\u0161kovy L\u00e1zn\u011b\",\"isPartOf\":{\"@id\":\"https:\\\/\\\/www.harveyspahotel.com\\\/cs\\\/#website\"},\"datePublished\":\"2023-06-05T12:54:21+00:00\",\"dateModified\":\"2024-07-15T11:49:22+00:00\",\"description\":\"Bydlete v hotelu, kde m\u016f\u017eete relaxovat v klidu a pohodl\u00ed. Nezapomenuteln\u00e9 slu\u017eby, p\u0159\u00e1telsk\u00fd person\u00e1l a skv\u011bl\u00e1 lokalita s v\u00fdhledem do parku.\",\"breadcrumb\":{\"@id\":\"https:\\\/\\\/www.harveyspahotel.com\\\/cs\\\/pokoje-a-apartma\\\/#breadcrumb\"},\"inLanguage\":\"cs\",\"potentialAction\":[{\"@type\":\"ReadAction\",\"target\":[\"https:\\\/\\\/www.harveyspahotel.com\\\/cs\\\/pokoje-a-apartma\\\/\"]}]},{\"@type\":\"BreadcrumbList\",\"@id\":\"https:\\\/\\\/www.harveyspahotel.com\\\/cs\\\/pokoje-a-apartma\\\/#breadcrumb\",\"itemListElement\":[{\"@type\":\"ListItem\",\"position\":1,\"name\":\"Home\",\"item\":\"https:\\\/\\\/www.harveyspahotel.com\\\/cs\\\/\"},{\"@type\":\"ListItem\",\"position\":2,\"name\":\"Pokoje a apartm\u00e1\"}]},{\"@type\":\"WebSite\",\"@id\":\"https:\\\/\\\/www.harveyspahotel.com\\\/cs\\\/#website\",\"url\":\"https:\\\/\\\/www.harveyspahotel.com\\\/cs\\\/\",\"name\":\"Harvey Spa Hotel\",\"description\":\"\",\"potentialAction\":[{\"@type\":\"SearchAction\",\"target\":{\"@type\":\"EntryPoint\",\"urlTemplate\":\"https:\\\/\\\/www.harveyspahotel.com\\\/cs\\\/?s={search_term_string}\"},\"query-input\":{\"@type\":\"PropertyValueSpecification\",\"valueRequired\":true,\"valueName\":\"search_term_string\"}}],\"inLanguage\":\"cs\"}]}<\/script>\n<!-- \/ Yoast SEO plugin. -->","yoast_head_json":{"title":"Ubytov\u00e1n\u00ed | Harvey Spa Hotel Franti\u0161kovy L\u00e1zn\u011b","description":"Bydlete v hotelu, kde m\u016f\u017eete relaxovat v klidu a pohodl\u00ed. Nezapomenuteln\u00e9 slu\u017eby, p\u0159\u00e1telsk\u00fd person\u00e1l a skv\u011bl\u00e1 lokalita s v\u00fdhledem do parku.","robots":{"index":"index","follow":"follow","max-snippet":"max-snippet:-1","max-image-preview":"max-image-preview:large","max-video-preview":"max-video-preview:-1"},"canonical":"https:\/\/www.harveyspahotel.com\/cs\/pokoje-a-apartma\/","og_locale":"cs_CZ","og_type":"article","og_title":"Ubytov\u00e1n\u00ed | Harvey Spa Hotel Franti\u0161kovy L\u00e1zn\u011b","og_description":"Bydlete v hotelu, kde m\u016f\u017eete relaxovat v klidu a pohodl\u00ed. Nezapomenuteln\u00e9 slu\u017eby, p\u0159\u00e1telsk\u00fd person\u00e1l a skv\u011bl\u00e1 lokalita s v\u00fdhledem do parku.","og_url":"https:\/\/www.harveyspahotel.com\/cs\/pokoje-a-apartma\/","og_site_name":"Harvey Spa Hotel","article_modified_time":"2024-07-15T11:49:22+00:00","twitter_card":"summary_large_image","twitter_misc":{"Odhadovan\u00e1 doba \u010dten\u00ed":"1 minuta"},"schema":{"@context":"https:\/\/schema.org","@graph":[{"@type":"WebPage","@id":"https:\/\/www.harveyspahotel.com\/cs\/pokoje-a-apartma\/","url":"https:\/\/www.harveyspahotel.com\/cs\/pokoje-a-apartma\/","name":"Ubytov\u00e1n\u00ed | Harvey Spa Hotel Franti\u0161kovy L\u00e1zn\u011b","isPartOf":{"@id":"https:\/\/www.harveyspahotel.com\/cs\/#website"},"datePublished":"2023-06-05T12:54:21+00:00","dateModified":"2024-07-15T11:49:22+00:00","description":"Bydlete v hotelu, kde m\u016f\u017eete relaxovat v klidu a pohodl\u00ed. Nezapomenuteln\u00e9 slu\u017eby, p\u0159\u00e1telsk\u00fd person\u00e1l a skv\u011bl\u00e1 lokalita s v\u00fdhledem do parku.","breadcrumb":{"@id":"https:\/\/www.harveyspahotel.com\/cs\/pokoje-a-apartma\/#breadcrumb"},"inLanguage":"cs","potentialAction":[{"@type":"ReadAction","target":["https:\/\/www.harveyspahotel.com\/cs\/pokoje-a-apartma\/"]}]},{"@type":"BreadcrumbList","@id":"https:\/\/www.harveyspahotel.com\/cs\/pokoje-a-apartma\/#breadcrumb","itemListElement":[{"@type":"ListItem","position":1,"name":"Home","item":"https:\/\/www.harveyspahotel.com\/cs\/"},{"@type":"ListItem","position":2,"name":"Pokoje a apartm\u00e1"}]},{"@type":"WebSite","@id":"https:\/\/www.harveyspahotel.com\/cs\/#website","url":"https:\/\/www.harveyspahotel.com\/cs\/","name":"Harvey Spa Hotel","description":"","potentialAction":[{"@type":"SearchAction","target":{"@type":"EntryPoint","urlTemplate":"https:\/\/www.harveyspahotel.com\/cs\/?s={search_term_string}"},"query-input":{"@type":"PropertyValueSpecification","valueRequired":true,"valueName":"search_term_string"}}],"inLanguage":"cs"}]}},"acf":[],"_links":{"self":[{"href":"https:\/\/www.harveyspahotel.com\/cs\/wp-json\/wp\/v2\/pages\/10","targetHints":{"allow":["GET"]}}],"collection":[{"href":"https:\/\/www.harveyspahotel.com\/cs\/wp-json\/wp\/v2\/pages"}],"about":[{"href":"https:\/\/www.harveyspahotel.com\/cs\/wp-json\/wp\/v2\/types\/page"}],"author":[{"embeddable":true,"href":"https:\/\/www.harveyspahotel.com\/cs\/wp-json\/wp\/v2\/users\/11"}],"replies":[{"embeddable":true,"href":"https:\/\/www.harveyspahotel.com\/cs\/wp-json\/wp\/v2\/comments?post=10"}],"version-history":[{"count":0,"href":"https:\/\/www.harveyspahotel.com\/cs\/wp-json\/wp\/v2\/pages\/10\/revisions"}],"wp:attachment":[{"href":"https:\/\/www.harveyspahotel.com\/cs\/wp-json\/wp\/v2\/media?parent=10"}],"curies":[{"name":"wp","href":"https:\/\/api.w.org\/{rel}","templated":true}]}}