{"id":1000,"date":"2024-05-30T11:32:17","date_gmt":"2024-05-30T11:32:17","guid":{"rendered":"https:\/\/www.harveyspahotel.com\/?page_id=1000"},"modified":"2024-08-06T14:07:10","modified_gmt":"2024-08-06T14:07:10","slug":"sprava-bavorskeho-palace","status":"publish","type":"page","link":"https:\/\/www.harveyspahotel.com\/cs\/kde-nas-najdete\/tipy-na-vylety-v-okoli\/sprava-bavorskeho-palace\/","title":{"rendered":"Ermit\u00e1\u017e (Bayreuth)"},"content":{"rendered":"<p>Ermit\u00e1\u017e je pal\u00e1cov\u00fd komplex a zahrada v Bayreuthu v N\u011bmecku. Muzeum vzniklo z historick\u00e9ho parku s font\u00e1nami, postaven\u00e9ho v roce 1715. Mezi v\u00fdznamn\u00e9 stavby pat\u0159\u00ed Star\u00fd pal\u00e1c, Nov\u00fd z\u00e1mek s chr\u00e1mem Slunce a dal\u0161\u00ed men\u0161\u00ed stavby.<\/p>\n","protected":false},"excerpt":{"rendered":"<p>Ermit\u00e1\u017e je pal\u00e1cov\u00fd komplex a zahrada v Bayreuthu v N\u011bmecku. Muzeum vzniklo z historick\u00e9ho parku s font\u00e1nami, postaven\u00e9ho v roce 1715. Mezi v\u00fdznamn\u00e9 stavby pat\u0159\u00ed Star\u00fd pal\u00e1c, Nov\u00fd z\u00e1mek s chr\u00e1mem Slunce a dal\u0161\u00ed men\u0161\u00ed stavby.<\/p>\n","protected":false},"author":46,"featured_media":0,"parent":541,"menu_order":114,"comment_status":"closed","ping_status":"closed","template":"","meta":{"footnotes":""},"yoast_head":"<!-- This site is optimized with the Yoast SEO plugin v22.3 - https:\/\/yoast.com\/wordpress\/plugins\/seo\/ -->\n<title>Ermit\u00e1\u017e (Bayreuth) - Harvey Spa Hotel -<\/title>\n<meta name=\"description\" content=\"Ermit\u00e1\u017e je pal\u00e1cov\u00fd komplex a zahrada v Bayreuthu v N\u011bmecku. Muzeum vzniklo z historick\u00e9ho parku s font\u00e1nami, postaven\u00e9ho v roce 1715.\" \/>\n<meta name=\"robots\" content=\"index, follow, max-snippet:-1, max-image-preview:large, max-video-preview:-1\" \/>\n<link rel=\"canonical\" href=\"https:\/\/www.harveyspahotel.com\/cs\/kde-nas-najdete\/tipy-na-vylety-v-okoli\/sprava-bavorskeho-palace\/\" \/>\n<meta property=\"og:locale\" content=\"cs_CZ\" \/>\n<meta property=\"og:type\" content=\"article\" \/>\n<meta property=\"og:title\" content=\"Ermit\u00e1\u017e (Bayreuth) - Harvey Spa Hotel -\" \/>\n<meta property=\"og:description\" content=\"Ermit\u00e1\u017e je pal\u00e1cov\u00fd komplex a zahrada v Bayreuthu v N\u011bmecku. Muzeum vzniklo z historick\u00e9ho parku s font\u00e1nami, postaven\u00e9ho v roce 1715.\" \/>\n<meta property=\"og:url\" content=\"https:\/\/www.harveyspahotel.com\/cs\/kde-nas-najdete\/tipy-na-vylety-v-okoli\/sprava-bavorskeho-palace\/\" \/>\n<meta property=\"og:site_name\" content=\"Harvey Spa Hotel\" \/>\n<meta property=\"article:modified_time\" content=\"2024-08-06T14:07:10+00:00\" \/>\n<meta name=\"twitter:card\" content=\"summary_large_image\" \/>\n<meta name=\"twitter:label1\" content=\"Odhadovan\u00e1 doba \u010dten\u00ed\" \/>\n\t<meta name=\"twitter:data1\" content=\"1 minuta\" \/>\n<script type=\"application\/ld+json\" class=\"yoast-schema-graph\">{\"@context\":\"https:\/\/schema.org\",\"@graph\":[{\"@type\":\"WebPage\",\"@id\":\"https:\/\/www.harveyspahotel.com\/cs\/kde-nas-najdete\/tipy-na-vylety-v-okoli\/sprava-bavorskeho-palace\/\",\"url\":\"https:\/\/www.harveyspahotel.com\/cs\/kde-nas-najdete\/tipy-na-vylety-v-okoli\/sprava-bavorskeho-palace\/\",\"name\":\"Ermit\u00e1\u017e (Bayreuth) - Harvey Spa Hotel -\",\"isPartOf\":{\"@id\":\"https:\/\/www.harveyspahotel.com\/cs\/#website\"},\"datePublished\":\"2024-05-30T11:32:17+00:00\",\"dateModified\":\"2024-08-06T14:07:10+00:00\",\"description\":\"Ermit\u00e1\u017e je pal\u00e1cov\u00fd komplex a zahrada v Bayreuthu v N\u011bmecku. Muzeum vzniklo z historick\u00e9ho parku s font\u00e1nami, postaven\u00e9ho v roce 1715.\",\"breadcrumb\":{\"@id\":\"https:\/\/www.harveyspahotel.com\/cs\/kde-nas-najdete\/tipy-na-vylety-v-okoli\/sprava-bavorskeho-palace\/#breadcrumb\"},\"inLanguage\":\"cs\",\"potentialAction\":[{\"@type\":\"ReadAction\",\"target\":[\"https:\/\/www.harveyspahotel.com\/cs\/kde-nas-najdete\/tipy-na-vylety-v-okoli\/sprava-bavorskeho-palace\/\"]}]},{\"@type\":\"BreadcrumbList\",\"@id\":\"https:\/\/www.harveyspahotel.com\/cs\/kde-nas-najdete\/tipy-na-vylety-v-okoli\/sprava-bavorskeho-palace\/#breadcrumb\",\"itemListElement\":[{\"@type\":\"ListItem\",\"position\":1,\"name\":\"Home\",\"item\":\"https:\/\/www.harveyspahotel.com\/cs\/\"},{\"@type\":\"ListItem\",\"position\":2,\"name\":\"Kde n\u00e1s najdete\",\"item\":\"https:\/\/www.harveyspahotel.com\/cs\/kde-nas-najdete\/\"},{\"@type\":\"ListItem\",\"position\":3,\"name\":\"Tipy na v\u00fdlety v okol\u00ed\",\"item\":\"https:\/\/www.harveyspahotel.com\/cs\/kde-nas-najdete\/tipy-na-vylety-v-okoli\/\"},{\"@type\":\"ListItem\",\"position\":4,\"name\":\"Ermit\u00e1\u017e (Bayreuth)\"}]},{\"@type\":\"WebSite\",\"@id\":\"https:\/\/www.harveyspahotel.com\/cs\/#website\",\"url\":\"https:\/\/www.harveyspahotel.com\/cs\/\",\"name\":\"Harvey Spa Hotel\",\"description\":\"\",\"potentialAction\":[{\"@type\":\"SearchAction\",\"target\":{\"@type\":\"EntryPoint\",\"urlTemplate\":\"https:\/\/www.harveyspahotel.com\/cs\/?s={search_term_string}\"},\"query-input\":\"required name=search_term_string\"}],\"inLanguage\":\"cs\"}]}<\/script>\n<!-- \/ Yoast SEO plugin. -->","yoast_head_json":{"title":"Ermit\u00e1\u017e (Bayreuth) - Harvey Spa Hotel -","description":"Ermit\u00e1\u017e je pal\u00e1cov\u00fd komplex a zahrada v Bayreuthu v N\u011bmecku. Muzeum vzniklo z historick\u00e9ho parku s font\u00e1nami, postaven\u00e9ho v roce 1715.","robots":{"index":"index","follow":"follow","max-snippet":"max-snippet:-1","max-image-preview":"max-image-preview:large","max-video-preview":"max-video-preview:-1"},"canonical":"https:\/\/www.harveyspahotel.com\/cs\/kde-nas-najdete\/tipy-na-vylety-v-okoli\/sprava-bavorskeho-palace\/","og_locale":"cs_CZ","og_type":"article","og_title":"Ermit\u00e1\u017e (Bayreuth) - Harvey Spa Hotel -","og_description":"Ermit\u00e1\u017e je pal\u00e1cov\u00fd komplex a zahrada v Bayreuthu v N\u011bmecku. Muzeum vzniklo z historick\u00e9ho parku s font\u00e1nami, postaven\u00e9ho v roce 1715.","og_url":"https:\/\/www.harveyspahotel.com\/cs\/kde-nas-najdete\/tipy-na-vylety-v-okoli\/sprava-bavorskeho-palace\/","og_site_name":"Harvey Spa Hotel","article_modified_time":"2024-08-06T14:07:10+00:00","twitter_card":"summary_large_image","twitter_misc":{"Odhadovan\u00e1 doba \u010dten\u00ed":"1 minuta"},"schema":{"@context":"https:\/\/schema.org","@graph":[{"@type":"WebPage","@id":"https:\/\/www.harveyspahotel.com\/cs\/kde-nas-najdete\/tipy-na-vylety-v-okoli\/sprava-bavorskeho-palace\/","url":"https:\/\/www.harveyspahotel.com\/cs\/kde-nas-najdete\/tipy-na-vylety-v-okoli\/sprava-bavorskeho-palace\/","name":"Ermit\u00e1\u017e (Bayreuth) - Harvey Spa Hotel -","isPartOf":{"@id":"https:\/\/www.harveyspahotel.com\/cs\/#website"},"datePublished":"2024-05-30T11:32:17+00:00","dateModified":"2024-08-06T14:07:10+00:00","description":"Ermit\u00e1\u017e je pal\u00e1cov\u00fd komplex a zahrada v Bayreuthu v N\u011bmecku. Muzeum vzniklo z historick\u00e9ho parku s font\u00e1nami, postaven\u00e9ho v roce 1715.","breadcrumb":{"@id":"https:\/\/www.harveyspahotel.com\/cs\/kde-nas-najdete\/tipy-na-vylety-v-okoli\/sprava-bavorskeho-palace\/#breadcrumb"},"inLanguage":"cs","potentialAction":[{"@type":"ReadAction","target":["https:\/\/www.harveyspahotel.com\/cs\/kde-nas-najdete\/tipy-na-vylety-v-okoli\/sprava-bavorskeho-palace\/"]}]},{"@type":"BreadcrumbList","@id":"https:\/\/www.harveyspahotel.com\/cs\/kde-nas-najdete\/tipy-na-vylety-v-okoli\/sprava-bavorskeho-palace\/#breadcrumb","itemListElement":[{"@type":"ListItem","position":1,"name":"Home","item":"https:\/\/www.harveyspahotel.com\/cs\/"},{"@type":"ListItem","position":2,"name":"Kde n\u00e1s najdete","item":"https:\/\/www.harveyspahotel.com\/cs\/kde-nas-najdete\/"},{"@type":"ListItem","position":3,"name":"Tipy na v\u00fdlety v okol\u00ed","item":"https:\/\/www.harveyspahotel.com\/cs\/kde-nas-najdete\/tipy-na-vylety-v-okoli\/"},{"@type":"ListItem","position":4,"name":"Ermit\u00e1\u017e (Bayreuth)"}]},{"@type":"WebSite","@id":"https:\/\/www.harveyspahotel.com\/cs\/#website","url":"https:\/\/www.harveyspahotel.com\/cs\/","name":"Harvey Spa Hotel","description":"","potentialAction":[{"@type":"SearchAction","target":{"@type":"EntryPoint","urlTemplate":"https:\/\/www.harveyspahotel.com\/cs\/?s={search_term_string}"},"query-input":"required name=search_term_string"}],"inLanguage":"cs"}]}},"acf":[],"_links":{"self":[{"href":"https:\/\/www.harveyspahotel.com\/cs\/wp-json\/wp\/v2\/pages\/1000"}],"collection":[{"href":"https:\/\/www.harveyspahotel.com\/cs\/wp-json\/wp\/v2\/pages"}],"about":[{"href":"https:\/\/www.harveyspahotel.com\/cs\/wp-json\/wp\/v2\/types\/page"}],"author":[{"embeddable":true,"href":"https:\/\/www.harveyspahotel.com\/cs\/wp-json\/wp\/v2\/users\/46"}],"replies":[{"embeddable":true,"href":"https:\/\/www.harveyspahotel.com\/cs\/wp-json\/wp\/v2\/comments?post=1000"}],"version-history":[{"count":0,"href":"https:\/\/www.harveyspahotel.com\/cs\/wp-json\/wp\/v2\/pages\/1000\/revisions"}],"up":[{"embeddable":true,"href":"https:\/\/www.harveyspahotel.com\/cs\/wp-json\/wp\/v2\/pages\/541"}],"wp:attachment":[{"href":"https:\/\/www.harveyspahotel.com\/cs\/wp-json\/wp\/v2\/media?parent=1000"}],"curies":[{"name":"wp","href":"https:\/\/api.w.org\/{rel}","templated":true}]}}