{"id":1004,"date":"2024-05-30T11:34:04","date_gmt":"2024-05-30T11:34:04","guid":{"rendered":"https:\/\/www.harveyspahotel.com\/?page_id=1004"},"modified":"2024-08-06T14:20:23","modified_gmt":"2024-08-06T14:20:23","slug":"rozhledna-zebrik-do-nebe","status":"publish","type":"page","link":"https:\/\/www.harveyspahotel.com\/cs\/kde-nas-najdete\/tipy-na-vylety-v-okoli\/rozhledna-zebrik-do-nebe\/","title":{"rendered":"Rozhledna &#8222;\u017eeb\u0159\u00edk do nebe&#8220;"},"content":{"rendered":"<p>20 m vysok\u00fd \u017deb\u0159\u00edk do nebe (Himmelsleiter, 475 m n.m.) je zcela mimo\u0159\u00e1dn\u00e9 vyhl\u00eddkov\u00e9 m\u00edsto. Nen\u00ed to ani v\u011b\u017e, ani nestoj\u00ed na \u017e\u00e1dn\u00e9m pahorku. Tento schodi\u0161\u0165ov\u00fd syst\u00e9m ve tvaru br\u00e1ny se \u0161t\u00edhl\u00fdmi ocelov\u00fdmi vzp\u011brami zachov\u00e1v\u00e1 vzdu\u0161nou pr\u016fzra\u010dnost do okoln\u00ed krajiny a zaru\u010duje jedine\u010dn\u00fd z\u00e1\u017eitek z v\u00fdhledu. T\u00e9m\u011b\u0159 jako z pta\u010d\u00ed perspektivy z\u00edsk\u00e1 n\u00e1v\u0161t\u011bvn\u00edk p\u0159ehled o jedine\u010dn\u00e9 kulturn\u00ed krajin\u011b, kter\u00e1 je ji\u017e t\u00e9m\u011b\u0159 1000 let utv\u00e1\u0159ena a ovliv\u0148ov\u00e1na chovem ryb. Rybn\u00edk\u00e1\u0159i v Tirschenreuthsk\u00e9 rybni\u010dn\u00ed p\u00e1nvi se s p\u0159ibli\u017en\u011b 4700 r\u016fzn\u011b velk\u00fdmi n\u00e1dr\u017eemi specializovali zejm\u00e9na na kapry, ale tak\u00e9 na \u0161tiky a l\u00edny, a zdokonalovali jejich chov.<\/p>\n","protected":false},"excerpt":{"rendered":"<p>20 m vysok\u00fd \u017deb\u0159\u00edk do nebe (Himmelsleiter, 475 m n.m.) je zcela mimo\u0159\u00e1dn\u00e9 vyhl\u00eddkov\u00e9 m\u00edsto. Nen\u00ed to ani v\u011b\u017e, ani nestoj\u00ed na \u017e\u00e1dn\u00e9m pahorku. Tento schodi\u0161\u0165ov\u00fd syst\u00e9m ve tvaru br\u00e1ny se \u0161t\u00edhl\u00fdmi ocelov\u00fdmi vzp\u011brami zachov\u00e1v\u00e1 vzdu\u0161nou pr\u016fzra\u010dnost do okoln\u00ed krajiny a zaru\u010duje jedine\u010dn\u00fd z\u00e1\u017eitek z v\u00fdhledu. T\u00e9m\u011b\u0159 jako z pta\u010d\u00ed perspektivy z\u00edsk\u00e1 n\u00e1v\u0161t\u011bvn\u00edk p\u0159ehled o [&hellip;]<\/p>\n","protected":false},"author":46,"featured_media":0,"parent":541,"menu_order":115,"comment_status":"closed","ping_status":"closed","template":"","meta":{"footnotes":""},"class_list":["post-1004","page","type-page","status-publish","hentry"],"yoast_head":"<!-- This site is optimized with the Yoast SEO plugin v27.3 - https:\/\/yoast.com\/product\/yoast-seo-wordpress\/ -->\n<title>Rozhledna &quot;\u017eeb\u0159\u00edk do nebe&quot; - Harvey Spa Hotel -<\/title>\n<meta name=\"description\" content=\"&quot;\u017deb\u0159\u00edk do nebe&quot; je zcela mimo\u0159\u00e1dn\u00e9 m\u00edsto. Tento schodi\u0161\u0165ov\u00fd syst\u00e9m se \u0161t\u00edhl\u00fdmi ocelov\u00fdmi vzp\u011brami zaru\u010duje jedine\u010dn\u00fd z\u00e1\u017eitek z v\u00fdhledu.\" \/>\n<meta name=\"robots\" content=\"index, follow, max-snippet:-1, max-image-preview:large, max-video-preview:-1\" \/>\n<link rel=\"canonical\" href=\"https:\/\/www.harveyspahotel.com\/cs\/kde-nas-najdete\/tipy-na-vylety-v-okoli\/rozhledna-zebrik-do-nebe\/\" \/>\n<meta property=\"og:locale\" content=\"cs_CZ\" \/>\n<meta property=\"og:type\" content=\"article\" \/>\n<meta property=\"og:title\" content=\"Rozhledna &quot;\u017eeb\u0159\u00edk do nebe&quot; - Harvey Spa Hotel -\" \/>\n<meta property=\"og:description\" content=\"&quot;\u017deb\u0159\u00edk do nebe&quot; je zcela mimo\u0159\u00e1dn\u00e9 m\u00edsto. Tento schodi\u0161\u0165ov\u00fd syst\u00e9m se \u0161t\u00edhl\u00fdmi ocelov\u00fdmi vzp\u011brami zaru\u010duje jedine\u010dn\u00fd z\u00e1\u017eitek z v\u00fdhledu.\" \/>\n<meta property=\"og:url\" content=\"https:\/\/www.harveyspahotel.com\/cs\/kde-nas-najdete\/tipy-na-vylety-v-okoli\/rozhledna-zebrik-do-nebe\/\" \/>\n<meta property=\"og:site_name\" content=\"Harvey Spa Hotel\" \/>\n<meta property=\"article:modified_time\" content=\"2024-08-06T14:20:23+00:00\" \/>\n<meta name=\"twitter:card\" content=\"summary_large_image\" \/>\n<meta name=\"twitter:label1\" content=\"Odhadovan\u00e1 doba \u010dten\u00ed\" \/>\n\t<meta name=\"twitter:data1\" content=\"1 minuta\" \/>\n<script type=\"application\/ld+json\" class=\"yoast-schema-graph\">{\"@context\":\"https:\\\/\\\/schema.org\",\"@graph\":[{\"@type\":\"WebPage\",\"@id\":\"https:\\\/\\\/www.harveyspahotel.com\\\/cs\\\/kde-nas-najdete\\\/tipy-na-vylety-v-okoli\\\/rozhledna-zebrik-do-nebe\\\/\",\"url\":\"https:\\\/\\\/www.harveyspahotel.com\\\/cs\\\/kde-nas-najdete\\\/tipy-na-vylety-v-okoli\\\/rozhledna-zebrik-do-nebe\\\/\",\"name\":\"Rozhledna \\\"\u017eeb\u0159\u00edk do nebe\\\" - Harvey Spa Hotel -\",\"isPartOf\":{\"@id\":\"https:\\\/\\\/www.harveyspahotel.com\\\/cs\\\/#website\"},\"datePublished\":\"2024-05-30T11:34:04+00:00\",\"dateModified\":\"2024-08-06T14:20:23+00:00\",\"description\":\"\\\"\u017deb\u0159\u00edk do nebe\\\" je zcela mimo\u0159\u00e1dn\u00e9 m\u00edsto. Tento schodi\u0161\u0165ov\u00fd syst\u00e9m se \u0161t\u00edhl\u00fdmi ocelov\u00fdmi vzp\u011brami zaru\u010duje jedine\u010dn\u00fd z\u00e1\u017eitek z v\u00fdhledu.\",\"breadcrumb\":{\"@id\":\"https:\\\/\\\/www.harveyspahotel.com\\\/cs\\\/kde-nas-najdete\\\/tipy-na-vylety-v-okoli\\\/rozhledna-zebrik-do-nebe\\\/#breadcrumb\"},\"inLanguage\":\"cs\",\"potentialAction\":[{\"@type\":\"ReadAction\",\"target\":[\"https:\\\/\\\/www.harveyspahotel.com\\\/cs\\\/kde-nas-najdete\\\/tipy-na-vylety-v-okoli\\\/rozhledna-zebrik-do-nebe\\\/\"]}]},{\"@type\":\"BreadcrumbList\",\"@id\":\"https:\\\/\\\/www.harveyspahotel.com\\\/cs\\\/kde-nas-najdete\\\/tipy-na-vylety-v-okoli\\\/rozhledna-zebrik-do-nebe\\\/#breadcrumb\",\"itemListElement\":[{\"@type\":\"ListItem\",\"position\":1,\"name\":\"Home\",\"item\":\"https:\\\/\\\/www.harveyspahotel.com\\\/cs\\\/\"},{\"@type\":\"ListItem\",\"position\":2,\"name\":\"Kde n\u00e1s najdete\",\"item\":\"https:\\\/\\\/www.harveyspahotel.com\\\/cs\\\/kde-nas-najdete\\\/\"},{\"@type\":\"ListItem\",\"position\":3,\"name\":\"Tipy na v\u00fdlety v okol\u00ed\",\"item\":\"https:\\\/\\\/www.harveyspahotel.com\\\/cs\\\/kde-nas-najdete\\\/tipy-na-vylety-v-okoli\\\/\"},{\"@type\":\"ListItem\",\"position\":4,\"name\":\"Rozhledna &#8220;\u017eeb\u0159\u00edk do nebe&#8221;\"}]},{\"@type\":\"WebSite\",\"@id\":\"https:\\\/\\\/www.harveyspahotel.com\\\/cs\\\/#website\",\"url\":\"https:\\\/\\\/www.harveyspahotel.com\\\/cs\\\/\",\"name\":\"Harvey Spa Hotel\",\"description\":\"\",\"potentialAction\":[{\"@type\":\"SearchAction\",\"target\":{\"@type\":\"EntryPoint\",\"urlTemplate\":\"https:\\\/\\\/www.harveyspahotel.com\\\/cs\\\/?s={search_term_string}\"},\"query-input\":{\"@type\":\"PropertyValueSpecification\",\"valueRequired\":true,\"valueName\":\"search_term_string\"}}],\"inLanguage\":\"cs\"}]}<\/script>\n<!-- \/ Yoast SEO plugin. -->","yoast_head_json":{"title":"Rozhledna \"\u017eeb\u0159\u00edk do nebe\" - Harvey Spa Hotel -","description":"\"\u017deb\u0159\u00edk do nebe\" je zcela mimo\u0159\u00e1dn\u00e9 m\u00edsto. Tento schodi\u0161\u0165ov\u00fd syst\u00e9m se \u0161t\u00edhl\u00fdmi ocelov\u00fdmi vzp\u011brami zaru\u010duje jedine\u010dn\u00fd z\u00e1\u017eitek z v\u00fdhledu.","robots":{"index":"index","follow":"follow","max-snippet":"max-snippet:-1","max-image-preview":"max-image-preview:large","max-video-preview":"max-video-preview:-1"},"canonical":"https:\/\/www.harveyspahotel.com\/cs\/kde-nas-najdete\/tipy-na-vylety-v-okoli\/rozhledna-zebrik-do-nebe\/","og_locale":"cs_CZ","og_type":"article","og_title":"Rozhledna \"\u017eeb\u0159\u00edk do nebe\" - Harvey Spa Hotel -","og_description":"\"\u017deb\u0159\u00edk do nebe\" je zcela mimo\u0159\u00e1dn\u00e9 m\u00edsto. Tento schodi\u0161\u0165ov\u00fd syst\u00e9m se \u0161t\u00edhl\u00fdmi ocelov\u00fdmi vzp\u011brami zaru\u010duje jedine\u010dn\u00fd z\u00e1\u017eitek z v\u00fdhledu.","og_url":"https:\/\/www.harveyspahotel.com\/cs\/kde-nas-najdete\/tipy-na-vylety-v-okoli\/rozhledna-zebrik-do-nebe\/","og_site_name":"Harvey Spa Hotel","article_modified_time":"2024-08-06T14:20:23+00:00","twitter_card":"summary_large_image","twitter_misc":{"Odhadovan\u00e1 doba \u010dten\u00ed":"1 minuta"},"schema":{"@context":"https:\/\/schema.org","@graph":[{"@type":"WebPage","@id":"https:\/\/www.harveyspahotel.com\/cs\/kde-nas-najdete\/tipy-na-vylety-v-okoli\/rozhledna-zebrik-do-nebe\/","url":"https:\/\/www.harveyspahotel.com\/cs\/kde-nas-najdete\/tipy-na-vylety-v-okoli\/rozhledna-zebrik-do-nebe\/","name":"Rozhledna \"\u017eeb\u0159\u00edk do nebe\" - Harvey Spa Hotel -","isPartOf":{"@id":"https:\/\/www.harveyspahotel.com\/cs\/#website"},"datePublished":"2024-05-30T11:34:04+00:00","dateModified":"2024-08-06T14:20:23+00:00","description":"\"\u017deb\u0159\u00edk do nebe\" je zcela mimo\u0159\u00e1dn\u00e9 m\u00edsto. Tento schodi\u0161\u0165ov\u00fd syst\u00e9m se \u0161t\u00edhl\u00fdmi ocelov\u00fdmi vzp\u011brami zaru\u010duje jedine\u010dn\u00fd z\u00e1\u017eitek z v\u00fdhledu.","breadcrumb":{"@id":"https:\/\/www.harveyspahotel.com\/cs\/kde-nas-najdete\/tipy-na-vylety-v-okoli\/rozhledna-zebrik-do-nebe\/#breadcrumb"},"inLanguage":"cs","potentialAction":[{"@type":"ReadAction","target":["https:\/\/www.harveyspahotel.com\/cs\/kde-nas-najdete\/tipy-na-vylety-v-okoli\/rozhledna-zebrik-do-nebe\/"]}]},{"@type":"BreadcrumbList","@id":"https:\/\/www.harveyspahotel.com\/cs\/kde-nas-najdete\/tipy-na-vylety-v-okoli\/rozhledna-zebrik-do-nebe\/#breadcrumb","itemListElement":[{"@type":"ListItem","position":1,"name":"Home","item":"https:\/\/www.harveyspahotel.com\/cs\/"},{"@type":"ListItem","position":2,"name":"Kde n\u00e1s najdete","item":"https:\/\/www.harveyspahotel.com\/cs\/kde-nas-najdete\/"},{"@type":"ListItem","position":3,"name":"Tipy na v\u00fdlety v okol\u00ed","item":"https:\/\/www.harveyspahotel.com\/cs\/kde-nas-najdete\/tipy-na-vylety-v-okoli\/"},{"@type":"ListItem","position":4,"name":"Rozhledna &#8220;\u017eeb\u0159\u00edk do nebe&#8221;"}]},{"@type":"WebSite","@id":"https:\/\/www.harveyspahotel.com\/cs\/#website","url":"https:\/\/www.harveyspahotel.com\/cs\/","name":"Harvey Spa Hotel","description":"","potentialAction":[{"@type":"SearchAction","target":{"@type":"EntryPoint","urlTemplate":"https:\/\/www.harveyspahotel.com\/cs\/?s={search_term_string}"},"query-input":{"@type":"PropertyValueSpecification","valueRequired":true,"valueName":"search_term_string"}}],"inLanguage":"cs"}]}},"acf":[],"_links":{"self":[{"href":"https:\/\/www.harveyspahotel.com\/cs\/wp-json\/wp\/v2\/pages\/1004","targetHints":{"allow":["GET"]}}],"collection":[{"href":"https:\/\/www.harveyspahotel.com\/cs\/wp-json\/wp\/v2\/pages"}],"about":[{"href":"https:\/\/www.harveyspahotel.com\/cs\/wp-json\/wp\/v2\/types\/page"}],"author":[{"embeddable":true,"href":"https:\/\/www.harveyspahotel.com\/cs\/wp-json\/wp\/v2\/users\/46"}],"replies":[{"embeddable":true,"href":"https:\/\/www.harveyspahotel.com\/cs\/wp-json\/wp\/v2\/comments?post=1004"}],"version-history":[{"count":0,"href":"https:\/\/www.harveyspahotel.com\/cs\/wp-json\/wp\/v2\/pages\/1004\/revisions"}],"up":[{"embeddable":true,"href":"https:\/\/www.harveyspahotel.com\/cs\/wp-json\/wp\/v2\/pages\/541"}],"wp:attachment":[{"href":"https:\/\/www.harveyspahotel.com\/cs\/wp-json\/wp\/v2\/media?parent=1004"}],"curies":[{"name":"wp","href":"https:\/\/api.w.org\/{rel}","templated":true}]}}