{"id":1040,"date":"2025-04-03T13:08:03","date_gmt":"2025-04-03T13:08:03","guid":{"rendered":"https:\/\/www.harveyspahotel.com\/?page_id=1040"},"modified":"2025-05-19T09:29:03","modified_gmt":"2025-05-19T09:29:03","slug":"lymfodrenaz-horni-dolni-casti-tela","status":"publish","type":"page","link":"https:\/\/www.harveyspahotel.com\/cs\/vyjimecny-wellness-zazitek\/masaze\/lymfodrenaz-horni-dolni-casti-tela\/","title":{"rendered":"Lymfodren\u00e1\u017e horn\u00ed\/doln\u00ed \u010d\u00e1sti t\u011bla"},"content":{"rendered":"<p>Ru\u010dn\u00ed lymfatick\u00e1 mas\u00e1\u017e, je jemn\u00e1 mas\u00e1\u017en\u00ed technika (relaxa\u010dn\u00ed a p\u0159\u00edjemn\u00e1) m\u00e1 za \u00fakol vr\u00e1tit n\u00e1\u0161 lymfa syst\u00e9m do kondice a zv\u00fd\u0161it jeho v\u00fdkonnost. Pom\u016f\u017ee n\u00e1m nap\u0159\u00edklad s pocitem t\u011b\u017ek\u00fdch a unaven\u00fdch nohou, p\u0159i pot\u00ed\u017e\u00edch s k\u0159e\u010dov\u00fdmi \u017eilami \u010di celulitidou. Z\u00e1rove\u0148 je v\u00fdbornou prevenc\u00ed proti otok\u016fm kon\u010detin, posiluje imunitu, formuje postavu a v neposledn\u00ed \u0159ad\u011b je vhodn\u00fd jako celkov\u00e1 regenerace a relaxace, kterou v dne\u0161n\u00ed dob\u011b v\u0161ichni pot\u0159ebujeme.<\/p>\n<p>Lymfodren\u00e1\u017e :<br \/>\n&#8211; odstra\u0148uje celulitidu<br \/>\n&#8211; ze\u0161t\u00edhluje a zmen\u0161uje obvod stehen a nohou<br \/>\n&#8211; zlep\u0161uje vzhled poko\u017eky cel\u00e9ho t\u011bla, omlazuje poko\u017eku<br \/>\n&#8211; zpev\u0148uje podko\u017e\u00ed, doch\u00e1z\u00ed k redukci objemu t\u011bla<br \/>\n&#8211; podporuje detoxikaci organismu<br \/>\n&#8211; regeneruje organismus<br \/>\n&#8211; prokrvuje poko\u017eku<\/p>\n","protected":false},"excerpt":{"rendered":"<p>Ru\u010dn\u00ed lymfatick\u00e1 mas\u00e1\u017e, je jemn\u00e1 mas\u00e1\u017en\u00ed technika (relaxa\u010dn\u00ed a p\u0159\u00edjemn\u00e1) m\u00e1 za \u00fakol vr\u00e1tit n\u00e1\u0161 lymfa syst\u00e9m do kondice a zv\u00fd\u0161it jeho v\u00fdkonnost. Pom\u016f\u017ee n\u00e1m nap\u0159\u00edklad s pocitem t\u011b\u017ek\u00fdch a unaven\u00fdch nohou, p\u0159i pot\u00ed\u017e\u00edch s k\u0159e\u010dov\u00fdmi \u017eilami \u010di celulitidou. Z\u00e1rove\u0148 je v\u00fdbornou prevenc\u00ed proti otok\u016fm kon\u010detin, posiluje imunitu, formuje postavu a v neposledn\u00ed \u0159ad\u011b je [&hellip;]<\/p>\n","protected":false},"author":46,"featured_media":1039,"parent":393,"menu_order":0,"comment_status":"closed","ping_status":"closed","template":"template-single-massage.php","meta":{"footnotes":""},"yoast_head":"<!-- This site is optimized with the Yoast SEO plugin v22.3 - https:\/\/yoast.com\/wordpress\/plugins\/seo\/ -->\n<title>Lymfodren\u00e1\u017e horn\u00ed\/doln\u00ed \u010d\u00e1sti t\u011bla - Harvey Spa Hotel -<\/title>\n<meta name=\"description\" content=\"Ru\u010dn\u00ed lymfatick\u00e1 mas\u00e1\u017e, je jemn\u00e1 mas\u00e1\u017en\u00ed technika (relaxa\u010dn\u00ed a p\u0159\u00edjemn\u00e1) m\u00e1 za \u00fakol vr\u00e1tit n\u00e1\u0161 lymfa syst\u00e9m do kondice a zv\u00fd\u0161it jeho v\u00fdkonnost. Pom\u016f\u017ee n\u00e1m nap\u0159\u00edklad s pocitem t\u011b\u017ek\u00fdch a unaven\u00fdch nohou, p\u0159i pot\u00ed\u017e\u00edch s k\u0159e\u010dov\u00fdmi \u017eilami \u010di celulitidou\" \/>\n<meta name=\"robots\" content=\"index, follow, max-snippet:-1, max-image-preview:large, max-video-preview:-1\" \/>\n<link rel=\"canonical\" href=\"https:\/\/www.harveyspahotel.com\/cs\/vyjimecny-wellness-zazitek\/masaze\/lymfodrenaz-horni-dolni-casti-tela\/\" \/>\n<meta property=\"og:locale\" content=\"cs_CZ\" \/>\n<meta property=\"og:type\" content=\"article\" \/>\n<meta property=\"og:title\" content=\"Lymfodren\u00e1\u017e horn\u00ed\/doln\u00ed \u010d\u00e1sti t\u011bla - Harvey Spa Hotel -\" \/>\n<meta property=\"og:description\" content=\"Ru\u010dn\u00ed lymfatick\u00e1 mas\u00e1\u017e, je jemn\u00e1 mas\u00e1\u017en\u00ed technika (relaxa\u010dn\u00ed a p\u0159\u00edjemn\u00e1) m\u00e1 za \u00fakol vr\u00e1tit n\u00e1\u0161 lymfa syst\u00e9m do kondice a zv\u00fd\u0161it jeho v\u00fdkonnost. Pom\u016f\u017ee n\u00e1m nap\u0159\u00edklad s pocitem t\u011b\u017ek\u00fdch a unaven\u00fdch nohou, p\u0159i pot\u00ed\u017e\u00edch s k\u0159e\u010dov\u00fdmi \u017eilami \u010di celulitidou\" \/>\n<meta property=\"og:url\" content=\"https:\/\/www.harveyspahotel.com\/cs\/vyjimecny-wellness-zazitek\/masaze\/lymfodrenaz-horni-dolni-casti-tela\/\" \/>\n<meta property=\"og:site_name\" content=\"Harvey Spa Hotel\" \/>\n<meta property=\"article:modified_time\" content=\"2025-05-19T09:29:03+00:00\" \/>\n<meta property=\"og:image\" content=\"https:\/\/www.harveyspahotel.com\/wp-content\/uploads\/sites\/35\/2025\/04\/pexels-cup-of-couple-8015877.jpg\" \/>\n\t<meta property=\"og:image:width\" content=\"1799\" \/>\n\t<meta property=\"og:image:height\" content=\"1200\" \/>\n\t<meta property=\"og:image:type\" content=\"image\/jpeg\" \/>\n<meta name=\"twitter:card\" content=\"summary_large_image\" \/>\n<meta name=\"twitter:label1\" content=\"Odhadovan\u00e1 doba \u010dten\u00ed\" \/>\n\t<meta name=\"twitter:data1\" content=\"1 minuta\" \/>\n<script type=\"application\/ld+json\" class=\"yoast-schema-graph\">{\"@context\":\"https:\/\/schema.org\",\"@graph\":[{\"@type\":\"WebPage\",\"@id\":\"https:\/\/www.harveyspahotel.com\/cs\/vyjimecny-wellness-zazitek\/masaze\/lymfodrenaz-horni-dolni-casti-tela\/\",\"url\":\"https:\/\/www.harveyspahotel.com\/cs\/vyjimecny-wellness-zazitek\/masaze\/lymfodrenaz-horni-dolni-casti-tela\/\",\"name\":\"Lymfodren\u00e1\u017e horn\u00ed\/doln\u00ed \u010d\u00e1sti t\u011bla - Harvey Spa Hotel -\",\"isPartOf\":{\"@id\":\"https:\/\/www.harveyspahotel.com\/cs\/#website\"},\"primaryImageOfPage\":{\"@id\":\"https:\/\/www.harveyspahotel.com\/cs\/vyjimecny-wellness-zazitek\/masaze\/lymfodrenaz-horni-dolni-casti-tela\/#primaryimage\"},\"image\":{\"@id\":\"https:\/\/www.harveyspahotel.com\/cs\/vyjimecny-wellness-zazitek\/masaze\/lymfodrenaz-horni-dolni-casti-tela\/#primaryimage\"},\"thumbnailUrl\":\"https:\/\/www.harveyspahotel.com\/wp-content\/uploads\/sites\/35\/2025\/04\/pexels-cup-of-couple-8015877.jpg\",\"datePublished\":\"2025-04-03T13:08:03+00:00\",\"dateModified\":\"2025-05-19T09:29:03+00:00\",\"description\":\"Ru\u010dn\u00ed lymfatick\u00e1 mas\u00e1\u017e, je jemn\u00e1 mas\u00e1\u017en\u00ed technika (relaxa\u010dn\u00ed a p\u0159\u00edjemn\u00e1) m\u00e1 za \u00fakol vr\u00e1tit n\u00e1\u0161 lymfa syst\u00e9m do kondice a zv\u00fd\u0161it jeho v\u00fdkonnost. Pom\u016f\u017ee n\u00e1m nap\u0159\u00edklad s pocitem t\u011b\u017ek\u00fdch a unaven\u00fdch nohou, p\u0159i pot\u00ed\u017e\u00edch s k\u0159e\u010dov\u00fdmi \u017eilami \u010di celulitidou\",\"breadcrumb\":{\"@id\":\"https:\/\/www.harveyspahotel.com\/cs\/vyjimecny-wellness-zazitek\/masaze\/lymfodrenaz-horni-dolni-casti-tela\/#breadcrumb\"},\"inLanguage\":\"cs\",\"potentialAction\":[{\"@type\":\"ReadAction\",\"target\":[\"https:\/\/www.harveyspahotel.com\/cs\/vyjimecny-wellness-zazitek\/masaze\/lymfodrenaz-horni-dolni-casti-tela\/\"]}]},{\"@type\":\"ImageObject\",\"inLanguage\":\"cs\",\"@id\":\"https:\/\/www.harveyspahotel.com\/cs\/vyjimecny-wellness-zazitek\/masaze\/lymfodrenaz-horni-dolni-casti-tela\/#primaryimage\",\"url\":\"https:\/\/www.harveyspahotel.com\/wp-content\/uploads\/sites\/35\/2025\/04\/pexels-cup-of-couple-8015877.jpg\",\"contentUrl\":\"https:\/\/www.harveyspahotel.com\/wp-content\/uploads\/sites\/35\/2025\/04\/pexels-cup-of-couple-8015877.jpg\",\"width\":1799,\"height\":1200},{\"@type\":\"BreadcrumbList\",\"@id\":\"https:\/\/www.harveyspahotel.com\/cs\/vyjimecny-wellness-zazitek\/masaze\/lymfodrenaz-horni-dolni-casti-tela\/#breadcrumb\",\"itemListElement\":[{\"@type\":\"ListItem\",\"position\":1,\"name\":\"Home\",\"item\":\"https:\/\/www.harveyspahotel.com\/cs\/\"},{\"@type\":\"ListItem\",\"position\":2,\"name\":\"V\u00fdjime\u010dn\u00fd wellness z\u00e1\u017eitek\",\"item\":\"https:\/\/www.harveyspahotel.com\/cs\/vyjimecny-wellness-zazitek\/\"},{\"@type\":\"ListItem\",\"position\":3,\"name\":\"Mas\u00e1\u017ee\",\"item\":\"https:\/\/www.harveyspahotel.com\/cs\/vyjimecny-wellness-zazitek\/masaze\/\"},{\"@type\":\"ListItem\",\"position\":4,\"name\":\"Lymfodren\u00e1\u017e horn\u00ed\/doln\u00ed \u010d\u00e1sti t\u011bla\"}]},{\"@type\":\"WebSite\",\"@id\":\"https:\/\/www.harveyspahotel.com\/cs\/#website\",\"url\":\"https:\/\/www.harveyspahotel.com\/cs\/\",\"name\":\"Harvey Spa Hotel\",\"description\":\"\",\"potentialAction\":[{\"@type\":\"SearchAction\",\"target\":{\"@type\":\"EntryPoint\",\"urlTemplate\":\"https:\/\/www.harveyspahotel.com\/cs\/?s={search_term_string}\"},\"query-input\":\"required name=search_term_string\"}],\"inLanguage\":\"cs\"}]}<\/script>\n<!-- \/ Yoast SEO plugin. -->","yoast_head_json":{"title":"Lymfodren\u00e1\u017e horn\u00ed\/doln\u00ed \u010d\u00e1sti t\u011bla - Harvey Spa Hotel -","description":"Ru\u010dn\u00ed lymfatick\u00e1 mas\u00e1\u017e, je jemn\u00e1 mas\u00e1\u017en\u00ed technika (relaxa\u010dn\u00ed a p\u0159\u00edjemn\u00e1) m\u00e1 za \u00fakol vr\u00e1tit n\u00e1\u0161 lymfa syst\u00e9m do kondice a zv\u00fd\u0161it jeho v\u00fdkonnost. Pom\u016f\u017ee n\u00e1m nap\u0159\u00edklad s pocitem t\u011b\u017ek\u00fdch a unaven\u00fdch nohou, p\u0159i pot\u00ed\u017e\u00edch s k\u0159e\u010dov\u00fdmi \u017eilami \u010di celulitidou","robots":{"index":"index","follow":"follow","max-snippet":"max-snippet:-1","max-image-preview":"max-image-preview:large","max-video-preview":"max-video-preview:-1"},"canonical":"https:\/\/www.harveyspahotel.com\/cs\/vyjimecny-wellness-zazitek\/masaze\/lymfodrenaz-horni-dolni-casti-tela\/","og_locale":"cs_CZ","og_type":"article","og_title":"Lymfodren\u00e1\u017e horn\u00ed\/doln\u00ed \u010d\u00e1sti t\u011bla - Harvey Spa Hotel -","og_description":"Ru\u010dn\u00ed lymfatick\u00e1 mas\u00e1\u017e, je jemn\u00e1 mas\u00e1\u017en\u00ed technika (relaxa\u010dn\u00ed a p\u0159\u00edjemn\u00e1) m\u00e1 za \u00fakol vr\u00e1tit n\u00e1\u0161 lymfa syst\u00e9m do kondice a zv\u00fd\u0161it jeho v\u00fdkonnost. Pom\u016f\u017ee n\u00e1m nap\u0159\u00edklad s pocitem t\u011b\u017ek\u00fdch a unaven\u00fdch nohou, p\u0159i pot\u00ed\u017e\u00edch s k\u0159e\u010dov\u00fdmi \u017eilami \u010di celulitidou","og_url":"https:\/\/www.harveyspahotel.com\/cs\/vyjimecny-wellness-zazitek\/masaze\/lymfodrenaz-horni-dolni-casti-tela\/","og_site_name":"Harvey Spa Hotel","article_modified_time":"2025-05-19T09:29:03+00:00","og_image":[{"width":1799,"height":1200,"url":"https:\/\/www.harveyspahotel.com\/wp-content\/uploads\/sites\/35\/2025\/04\/pexels-cup-of-couple-8015877.jpg","type":"image\/jpeg"}],"twitter_card":"summary_large_image","twitter_misc":{"Odhadovan\u00e1 doba \u010dten\u00ed":"1 minuta"},"schema":{"@context":"https:\/\/schema.org","@graph":[{"@type":"WebPage","@id":"https:\/\/www.harveyspahotel.com\/cs\/vyjimecny-wellness-zazitek\/masaze\/lymfodrenaz-horni-dolni-casti-tela\/","url":"https:\/\/www.harveyspahotel.com\/cs\/vyjimecny-wellness-zazitek\/masaze\/lymfodrenaz-horni-dolni-casti-tela\/","name":"Lymfodren\u00e1\u017e horn\u00ed\/doln\u00ed \u010d\u00e1sti t\u011bla - Harvey Spa Hotel -","isPartOf":{"@id":"https:\/\/www.harveyspahotel.com\/cs\/#website"},"primaryImageOfPage":{"@id":"https:\/\/www.harveyspahotel.com\/cs\/vyjimecny-wellness-zazitek\/masaze\/lymfodrenaz-horni-dolni-casti-tela\/#primaryimage"},"image":{"@id":"https:\/\/www.harveyspahotel.com\/cs\/vyjimecny-wellness-zazitek\/masaze\/lymfodrenaz-horni-dolni-casti-tela\/#primaryimage"},"thumbnailUrl":"https:\/\/www.harveyspahotel.com\/wp-content\/uploads\/sites\/35\/2025\/04\/pexels-cup-of-couple-8015877.jpg","datePublished":"2025-04-03T13:08:03+00:00","dateModified":"2025-05-19T09:29:03+00:00","description":"Ru\u010dn\u00ed lymfatick\u00e1 mas\u00e1\u017e, je jemn\u00e1 mas\u00e1\u017en\u00ed technika (relaxa\u010dn\u00ed a p\u0159\u00edjemn\u00e1) m\u00e1 za \u00fakol vr\u00e1tit n\u00e1\u0161 lymfa syst\u00e9m do kondice a zv\u00fd\u0161it jeho v\u00fdkonnost. Pom\u016f\u017ee n\u00e1m nap\u0159\u00edklad s pocitem t\u011b\u017ek\u00fdch a unaven\u00fdch nohou, p\u0159i pot\u00ed\u017e\u00edch s k\u0159e\u010dov\u00fdmi \u017eilami \u010di celulitidou","breadcrumb":{"@id":"https:\/\/www.harveyspahotel.com\/cs\/vyjimecny-wellness-zazitek\/masaze\/lymfodrenaz-horni-dolni-casti-tela\/#breadcrumb"},"inLanguage":"cs","potentialAction":[{"@type":"ReadAction","target":["https:\/\/www.harveyspahotel.com\/cs\/vyjimecny-wellness-zazitek\/masaze\/lymfodrenaz-horni-dolni-casti-tela\/"]}]},{"@type":"ImageObject","inLanguage":"cs","@id":"https:\/\/www.harveyspahotel.com\/cs\/vyjimecny-wellness-zazitek\/masaze\/lymfodrenaz-horni-dolni-casti-tela\/#primaryimage","url":"https:\/\/www.harveyspahotel.com\/wp-content\/uploads\/sites\/35\/2025\/04\/pexels-cup-of-couple-8015877.jpg","contentUrl":"https:\/\/www.harveyspahotel.com\/wp-content\/uploads\/sites\/35\/2025\/04\/pexels-cup-of-couple-8015877.jpg","width":1799,"height":1200},{"@type":"BreadcrumbList","@id":"https:\/\/www.harveyspahotel.com\/cs\/vyjimecny-wellness-zazitek\/masaze\/lymfodrenaz-horni-dolni-casti-tela\/#breadcrumb","itemListElement":[{"@type":"ListItem","position":1,"name":"Home","item":"https:\/\/www.harveyspahotel.com\/cs\/"},{"@type":"ListItem","position":2,"name":"V\u00fdjime\u010dn\u00fd wellness z\u00e1\u017eitek","item":"https:\/\/www.harveyspahotel.com\/cs\/vyjimecny-wellness-zazitek\/"},{"@type":"ListItem","position":3,"name":"Mas\u00e1\u017ee","item":"https:\/\/www.harveyspahotel.com\/cs\/vyjimecny-wellness-zazitek\/masaze\/"},{"@type":"ListItem","position":4,"name":"Lymfodren\u00e1\u017e horn\u00ed\/doln\u00ed \u010d\u00e1sti t\u011bla"}]},{"@type":"WebSite","@id":"https:\/\/www.harveyspahotel.com\/cs\/#website","url":"https:\/\/www.harveyspahotel.com\/cs\/","name":"Harvey Spa Hotel","description":"","potentialAction":[{"@type":"SearchAction","target":{"@type":"EntryPoint","urlTemplate":"https:\/\/www.harveyspahotel.com\/cs\/?s={search_term_string}"},"query-input":"required name=search_term_string"}],"inLanguage":"cs"}]}},"acf":[],"_links":{"self":[{"href":"https:\/\/www.harveyspahotel.com\/cs\/wp-json\/wp\/v2\/pages\/1040"}],"collection":[{"href":"https:\/\/www.harveyspahotel.com\/cs\/wp-json\/wp\/v2\/pages"}],"about":[{"href":"https:\/\/www.harveyspahotel.com\/cs\/wp-json\/wp\/v2\/types\/page"}],"author":[{"embeddable":true,"href":"https:\/\/www.harveyspahotel.com\/cs\/wp-json\/wp\/v2\/users\/46"}],"replies":[{"embeddable":true,"href":"https:\/\/www.harveyspahotel.com\/cs\/wp-json\/wp\/v2\/comments?post=1040"}],"version-history":[{"count":0,"href":"https:\/\/www.harveyspahotel.com\/cs\/wp-json\/wp\/v2\/pages\/1040\/revisions"}],"up":[{"embeddable":true,"href":"https:\/\/www.harveyspahotel.com\/cs\/wp-json\/wp\/v2\/pages\/393"}],"wp:featuredmedia":[{"embeddable":true,"href":"https:\/\/www.harveyspahotel.com\/cs\/wp-json\/wp\/v2\/media\/1039"}],"wp:attachment":[{"href":"https:\/\/www.harveyspahotel.com\/cs\/wp-json\/wp\/v2\/media?parent=1040"}],"curies":[{"name":"wp","href":"https:\/\/api.w.org\/{rel}","templated":true}]}}