{"id":1046,"date":"2025-04-03T13:29:21","date_gmt":"2025-04-03T13:29:21","guid":{"rendered":"https:\/\/www.harveyspahotel.com\/?page_id=1046"},"modified":"2025-05-20T11:21:41","modified_gmt":"2025-05-20T11:21:41","slug":"healy-frekvencni-terapie","status":"publish","type":"page","link":"https:\/\/www.harveyspahotel.com\/cs\/vyjimecny-wellness-zazitek\/masaze\/healy-frekvencni-terapie\/","title":{"rendered":"Healy frekven\u010dn\u00ed terapie"},"content":{"rendered":"<p>P\u0159in\u00e1\u0161\u00edme V\u00e1m inovativn\u00ed frekven\u010dn\u00ed terapii Healy, kter\u00e1 pomoc\u00ed jemn\u00fdch elektrick\u00fdch impulz\u016f harmonizuje bioenergetick\u00e9 pole t\u011bla, obnovuje rovnov\u00e1hu bun\u011bk a podporuje jejich p\u0159irozenou regeneraci. Tato metoda pom\u00e1h\u00e1 s hlubokou relaxac\u00ed, sni\u017euje stres, zlep\u0161uje vitalitu a vytrvalost, \u010d\u00edm\u017e p\u0159isp\u00edv\u00e1 k fyzick\u00e9 i du\u0161evn\u00ed pohod\u011b. Healy se zam\u011b\u0159uje i na kr\u00e1su \u2013 harmonizuje energetick\u00e9 pole poko\u017eky, vlas\u016f a neht\u016f, podporuje elasticitu k\u016f\u017ee a pom\u00e1h\u00e1 zpomalit projevy st\u00e1rnut\u00ed. D\u00edky stimulaci spr\u00e1vn\u00fdmi frekvencemi doch\u00e1z\u00ed k optimalizaci bun\u011b\u010dn\u00fdch proces\u016f a celkov\u00e9 harmonii t\u011bla i mysli. Dop\u0159ejte si jedine\u010dn\u00fd wellness z\u00e1\u017eitek, kter\u00fd propojuje modern\u00ed v\u011bdu s p\u0159irozenou regenerac\u00ed organismu. Objednejte si svou terapii je\u0161t\u011b dnes a za\u017eijte s\u00edlu bioenergetick\u00e9 rovnov\u00e1hy!<\/p>\n<p style=\"text-align: center\"><strong>Healy nab\u00edz\u00edme ve t\u0159ech variant\u00e1ch: relaxace, regenerace a kr\u00e1sa.<\/strong><br \/>\n<strong>V\u00edce info na recepci.<\/strong><\/p>\n","protected":false},"excerpt":{"rendered":"<p>P\u0159in\u00e1\u0161\u00edme V\u00e1m inovativn\u00ed frekven\u010dn\u00ed terapii Healy, kter\u00e1 pomoc\u00ed jemn\u00fdch elektrick\u00fdch impulz\u016f harmonizuje bioenergetick\u00e9 pole t\u011bla, obnovuje rovnov\u00e1hu bun\u011bk a podporuje jejich p\u0159irozenou regeneraci. Tato metoda pom\u00e1h\u00e1 s hlubokou relaxac\u00ed, sni\u017euje stres, zlep\u0161uje vitalitu a vytrvalost, \u010d\u00edm\u017e p\u0159isp\u00edv\u00e1 k fyzick\u00e9 i du\u0161evn\u00ed pohod\u011b. Healy se zam\u011b\u0159uje i na kr\u00e1su \u2013 harmonizuje energetick\u00e9 pole poko\u017eky, vlas\u016f a [&hellip;]<\/p>\n","protected":false},"author":46,"featured_media":1045,"parent":393,"menu_order":0,"comment_status":"closed","ping_status":"closed","template":"template-single-massage.php","meta":{"footnotes":""},"yoast_head":"<!-- This site is optimized with the Yoast SEO plugin v22.3 - https:\/\/yoast.com\/wordpress\/plugins\/seo\/ -->\n<title>Healy frekven\u010dn\u00ed terapie - Harvey Spa Hotel -<\/title>\n<meta name=\"description\" content=\"P\u0159in\u00e1\u0161\u00edme V\u00e1m inovativn\u00ed frekven\u010dn\u00ed terapii Healy, kter\u00e1 pomoc\u00ed jemn\u00fdch elektrick\u00fdch impulz\u016f harmonizuje bioenergetick\u00e9 pole t\u011bla, obnovuje rovnov\u00e1hu bun\u011bk a podporuje jejich p\u0159irozenou regeneraci. Tato metoda pom\u00e1h\u00e1 s hlubokou relaxac\u00ed, sni\u017euje stres, zlep\u0161uje vitalitu a vytrvalost, \u010d\u00edm\u017e p\u0159isp\u00edv\u00e1 k fyzick\u00e9 i du\u0161evn\u00ed pohod\u011b\" \/>\n<meta name=\"robots\" content=\"index, follow, max-snippet:-1, max-image-preview:large, max-video-preview:-1\" \/>\n<link rel=\"canonical\" href=\"https:\/\/www.harveyspahotel.com\/cs\/vyjimecny-wellness-zazitek\/masaze\/healy-frekvencni-terapie\/\" \/>\n<meta property=\"og:locale\" content=\"cs_CZ\" \/>\n<meta property=\"og:type\" content=\"article\" \/>\n<meta property=\"og:title\" content=\"Healy frekven\u010dn\u00ed terapie - Harvey Spa Hotel -\" \/>\n<meta property=\"og:description\" content=\"P\u0159in\u00e1\u0161\u00edme V\u00e1m inovativn\u00ed frekven\u010dn\u00ed terapii Healy, kter\u00e1 pomoc\u00ed jemn\u00fdch elektrick\u00fdch impulz\u016f harmonizuje bioenergetick\u00e9 pole t\u011bla, obnovuje rovnov\u00e1hu bun\u011bk a podporuje jejich p\u0159irozenou regeneraci. Tato metoda pom\u00e1h\u00e1 s hlubokou relaxac\u00ed, sni\u017euje stres, zlep\u0161uje vitalitu a vytrvalost, \u010d\u00edm\u017e p\u0159isp\u00edv\u00e1 k fyzick\u00e9 i du\u0161evn\u00ed pohod\u011b\" \/>\n<meta property=\"og:url\" content=\"https:\/\/www.harveyspahotel.com\/cs\/vyjimecny-wellness-zazitek\/masaze\/healy-frekvencni-terapie\/\" \/>\n<meta property=\"og:site_name\" content=\"Harvey Spa Hotel\" \/>\n<meta property=\"article:modified_time\" content=\"2025-05-20T11:21:41+00:00\" \/>\n<meta property=\"og:image\" content=\"https:\/\/www.harveyspahotel.com\/wp-content\/uploads\/sites\/35\/2025\/04\/Healy-foto.png\" \/>\n\t<meta property=\"og:image:width\" content=\"1920\" \/>\n\t<meta property=\"og:image:height\" content=\"1076\" \/>\n\t<meta property=\"og:image:type\" content=\"image\/png\" \/>\n<meta name=\"twitter:card\" content=\"summary_large_image\" \/>\n<meta name=\"twitter:label1\" content=\"Odhadovan\u00e1 doba \u010dten\u00ed\" \/>\n\t<meta name=\"twitter:data1\" content=\"1 minuta\" \/>\n<script type=\"application\/ld+json\" class=\"yoast-schema-graph\">{\"@context\":\"https:\/\/schema.org\",\"@graph\":[{\"@type\":\"WebPage\",\"@id\":\"https:\/\/www.harveyspahotel.com\/cs\/vyjimecny-wellness-zazitek\/masaze\/healy-frekvencni-terapie\/\",\"url\":\"https:\/\/www.harveyspahotel.com\/cs\/vyjimecny-wellness-zazitek\/masaze\/healy-frekvencni-terapie\/\",\"name\":\"Healy frekven\u010dn\u00ed terapie - Harvey Spa Hotel -\",\"isPartOf\":{\"@id\":\"https:\/\/www.harveyspahotel.com\/cs\/#website\"},\"primaryImageOfPage\":{\"@id\":\"https:\/\/www.harveyspahotel.com\/cs\/vyjimecny-wellness-zazitek\/masaze\/healy-frekvencni-terapie\/#primaryimage\"},\"image\":{\"@id\":\"https:\/\/www.harveyspahotel.com\/cs\/vyjimecny-wellness-zazitek\/masaze\/healy-frekvencni-terapie\/#primaryimage\"},\"thumbnailUrl\":\"https:\/\/www.harveyspahotel.com\/wp-content\/uploads\/sites\/35\/2025\/04\/Healy-foto.png\",\"datePublished\":\"2025-04-03T13:29:21+00:00\",\"dateModified\":\"2025-05-20T11:21:41+00:00\",\"description\":\"P\u0159in\u00e1\u0161\u00edme V\u00e1m inovativn\u00ed frekven\u010dn\u00ed terapii Healy, kter\u00e1 pomoc\u00ed jemn\u00fdch elektrick\u00fdch impulz\u016f harmonizuje bioenergetick\u00e9 pole t\u011bla, obnovuje rovnov\u00e1hu bun\u011bk a podporuje jejich p\u0159irozenou regeneraci. Tato metoda pom\u00e1h\u00e1 s hlubokou relaxac\u00ed, sni\u017euje stres, zlep\u0161uje vitalitu a vytrvalost, \u010d\u00edm\u017e p\u0159isp\u00edv\u00e1 k fyzick\u00e9 i du\u0161evn\u00ed pohod\u011b\",\"breadcrumb\":{\"@id\":\"https:\/\/www.harveyspahotel.com\/cs\/vyjimecny-wellness-zazitek\/masaze\/healy-frekvencni-terapie\/#breadcrumb\"},\"inLanguage\":\"cs\",\"potentialAction\":[{\"@type\":\"ReadAction\",\"target\":[\"https:\/\/www.harveyspahotel.com\/cs\/vyjimecny-wellness-zazitek\/masaze\/healy-frekvencni-terapie\/\"]}]},{\"@type\":\"ImageObject\",\"inLanguage\":\"cs\",\"@id\":\"https:\/\/www.harveyspahotel.com\/cs\/vyjimecny-wellness-zazitek\/masaze\/healy-frekvencni-terapie\/#primaryimage\",\"url\":\"https:\/\/www.harveyspahotel.com\/wp-content\/uploads\/sites\/35\/2025\/04\/Healy-foto.png\",\"contentUrl\":\"https:\/\/www.harveyspahotel.com\/wp-content\/uploads\/sites\/35\/2025\/04\/Healy-foto.png\",\"width\":1920,\"height\":1076},{\"@type\":\"BreadcrumbList\",\"@id\":\"https:\/\/www.harveyspahotel.com\/cs\/vyjimecny-wellness-zazitek\/masaze\/healy-frekvencni-terapie\/#breadcrumb\",\"itemListElement\":[{\"@type\":\"ListItem\",\"position\":1,\"name\":\"Home\",\"item\":\"https:\/\/www.harveyspahotel.com\/cs\/\"},{\"@type\":\"ListItem\",\"position\":2,\"name\":\"V\u00fdjime\u010dn\u00fd wellness z\u00e1\u017eitek\",\"item\":\"https:\/\/www.harveyspahotel.com\/cs\/vyjimecny-wellness-zazitek\/\"},{\"@type\":\"ListItem\",\"position\":3,\"name\":\"Mas\u00e1\u017ee\",\"item\":\"https:\/\/www.harveyspahotel.com\/cs\/vyjimecny-wellness-zazitek\/masaze\/\"},{\"@type\":\"ListItem\",\"position\":4,\"name\":\"Healy frekven\u010dn\u00ed terapie\"}]},{\"@type\":\"WebSite\",\"@id\":\"https:\/\/www.harveyspahotel.com\/cs\/#website\",\"url\":\"https:\/\/www.harveyspahotel.com\/cs\/\",\"name\":\"Harvey Spa Hotel\",\"description\":\"\",\"potentialAction\":[{\"@type\":\"SearchAction\",\"target\":{\"@type\":\"EntryPoint\",\"urlTemplate\":\"https:\/\/www.harveyspahotel.com\/cs\/?s={search_term_string}\"},\"query-input\":\"required name=search_term_string\"}],\"inLanguage\":\"cs\"}]}<\/script>\n<!-- \/ Yoast SEO plugin. -->","yoast_head_json":{"title":"Healy frekven\u010dn\u00ed terapie - Harvey Spa Hotel -","description":"P\u0159in\u00e1\u0161\u00edme V\u00e1m inovativn\u00ed frekven\u010dn\u00ed terapii Healy, kter\u00e1 pomoc\u00ed jemn\u00fdch elektrick\u00fdch impulz\u016f harmonizuje bioenergetick\u00e9 pole t\u011bla, obnovuje rovnov\u00e1hu bun\u011bk a podporuje jejich p\u0159irozenou regeneraci. Tato metoda pom\u00e1h\u00e1 s hlubokou relaxac\u00ed, sni\u017euje stres, zlep\u0161uje vitalitu a vytrvalost, \u010d\u00edm\u017e p\u0159isp\u00edv\u00e1 k fyzick\u00e9 i du\u0161evn\u00ed pohod\u011b","robots":{"index":"index","follow":"follow","max-snippet":"max-snippet:-1","max-image-preview":"max-image-preview:large","max-video-preview":"max-video-preview:-1"},"canonical":"https:\/\/www.harveyspahotel.com\/cs\/vyjimecny-wellness-zazitek\/masaze\/healy-frekvencni-terapie\/","og_locale":"cs_CZ","og_type":"article","og_title":"Healy frekven\u010dn\u00ed terapie - Harvey Spa Hotel -","og_description":"P\u0159in\u00e1\u0161\u00edme V\u00e1m inovativn\u00ed frekven\u010dn\u00ed terapii Healy, kter\u00e1 pomoc\u00ed jemn\u00fdch elektrick\u00fdch impulz\u016f harmonizuje bioenergetick\u00e9 pole t\u011bla, obnovuje rovnov\u00e1hu bun\u011bk a podporuje jejich p\u0159irozenou regeneraci. Tato metoda pom\u00e1h\u00e1 s hlubokou relaxac\u00ed, sni\u017euje stres, zlep\u0161uje vitalitu a vytrvalost, \u010d\u00edm\u017e p\u0159isp\u00edv\u00e1 k fyzick\u00e9 i du\u0161evn\u00ed pohod\u011b","og_url":"https:\/\/www.harveyspahotel.com\/cs\/vyjimecny-wellness-zazitek\/masaze\/healy-frekvencni-terapie\/","og_site_name":"Harvey Spa Hotel","article_modified_time":"2025-05-20T11:21:41+00:00","og_image":[{"width":1920,"height":1076,"url":"https:\/\/www.harveyspahotel.com\/wp-content\/uploads\/sites\/35\/2025\/04\/Healy-foto.png","type":"image\/png"}],"twitter_card":"summary_large_image","twitter_misc":{"Odhadovan\u00e1 doba \u010dten\u00ed":"1 minuta"},"schema":{"@context":"https:\/\/schema.org","@graph":[{"@type":"WebPage","@id":"https:\/\/www.harveyspahotel.com\/cs\/vyjimecny-wellness-zazitek\/masaze\/healy-frekvencni-terapie\/","url":"https:\/\/www.harveyspahotel.com\/cs\/vyjimecny-wellness-zazitek\/masaze\/healy-frekvencni-terapie\/","name":"Healy frekven\u010dn\u00ed terapie - Harvey Spa Hotel -","isPartOf":{"@id":"https:\/\/www.harveyspahotel.com\/cs\/#website"},"primaryImageOfPage":{"@id":"https:\/\/www.harveyspahotel.com\/cs\/vyjimecny-wellness-zazitek\/masaze\/healy-frekvencni-terapie\/#primaryimage"},"image":{"@id":"https:\/\/www.harveyspahotel.com\/cs\/vyjimecny-wellness-zazitek\/masaze\/healy-frekvencni-terapie\/#primaryimage"},"thumbnailUrl":"https:\/\/www.harveyspahotel.com\/wp-content\/uploads\/sites\/35\/2025\/04\/Healy-foto.png","datePublished":"2025-04-03T13:29:21+00:00","dateModified":"2025-05-20T11:21:41+00:00","description":"P\u0159in\u00e1\u0161\u00edme V\u00e1m inovativn\u00ed frekven\u010dn\u00ed terapii Healy, kter\u00e1 pomoc\u00ed jemn\u00fdch elektrick\u00fdch impulz\u016f harmonizuje bioenergetick\u00e9 pole t\u011bla, obnovuje rovnov\u00e1hu bun\u011bk a podporuje jejich p\u0159irozenou regeneraci. Tato metoda pom\u00e1h\u00e1 s hlubokou relaxac\u00ed, sni\u017euje stres, zlep\u0161uje vitalitu a vytrvalost, \u010d\u00edm\u017e p\u0159isp\u00edv\u00e1 k fyzick\u00e9 i du\u0161evn\u00ed pohod\u011b","breadcrumb":{"@id":"https:\/\/www.harveyspahotel.com\/cs\/vyjimecny-wellness-zazitek\/masaze\/healy-frekvencni-terapie\/#breadcrumb"},"inLanguage":"cs","potentialAction":[{"@type":"ReadAction","target":["https:\/\/www.harveyspahotel.com\/cs\/vyjimecny-wellness-zazitek\/masaze\/healy-frekvencni-terapie\/"]}]},{"@type":"ImageObject","inLanguage":"cs","@id":"https:\/\/www.harveyspahotel.com\/cs\/vyjimecny-wellness-zazitek\/masaze\/healy-frekvencni-terapie\/#primaryimage","url":"https:\/\/www.harveyspahotel.com\/wp-content\/uploads\/sites\/35\/2025\/04\/Healy-foto.png","contentUrl":"https:\/\/www.harveyspahotel.com\/wp-content\/uploads\/sites\/35\/2025\/04\/Healy-foto.png","width":1920,"height":1076},{"@type":"BreadcrumbList","@id":"https:\/\/www.harveyspahotel.com\/cs\/vyjimecny-wellness-zazitek\/masaze\/healy-frekvencni-terapie\/#breadcrumb","itemListElement":[{"@type":"ListItem","position":1,"name":"Home","item":"https:\/\/www.harveyspahotel.com\/cs\/"},{"@type":"ListItem","position":2,"name":"V\u00fdjime\u010dn\u00fd wellness z\u00e1\u017eitek","item":"https:\/\/www.harveyspahotel.com\/cs\/vyjimecny-wellness-zazitek\/"},{"@type":"ListItem","position":3,"name":"Mas\u00e1\u017ee","item":"https:\/\/www.harveyspahotel.com\/cs\/vyjimecny-wellness-zazitek\/masaze\/"},{"@type":"ListItem","position":4,"name":"Healy frekven\u010dn\u00ed terapie"}]},{"@type":"WebSite","@id":"https:\/\/www.harveyspahotel.com\/cs\/#website","url":"https:\/\/www.harveyspahotel.com\/cs\/","name":"Harvey Spa Hotel","description":"","potentialAction":[{"@type":"SearchAction","target":{"@type":"EntryPoint","urlTemplate":"https:\/\/www.harveyspahotel.com\/cs\/?s={search_term_string}"},"query-input":"required name=search_term_string"}],"inLanguage":"cs"}]}},"acf":[],"_links":{"self":[{"href":"https:\/\/www.harveyspahotel.com\/cs\/wp-json\/wp\/v2\/pages\/1046"}],"collection":[{"href":"https:\/\/www.harveyspahotel.com\/cs\/wp-json\/wp\/v2\/pages"}],"about":[{"href":"https:\/\/www.harveyspahotel.com\/cs\/wp-json\/wp\/v2\/types\/page"}],"author":[{"embeddable":true,"href":"https:\/\/www.harveyspahotel.com\/cs\/wp-json\/wp\/v2\/users\/46"}],"replies":[{"embeddable":true,"href":"https:\/\/www.harveyspahotel.com\/cs\/wp-json\/wp\/v2\/comments?post=1046"}],"version-history":[{"count":0,"href":"https:\/\/www.harveyspahotel.com\/cs\/wp-json\/wp\/v2\/pages\/1046\/revisions"}],"up":[{"embeddable":true,"href":"https:\/\/www.harveyspahotel.com\/cs\/wp-json\/wp\/v2\/pages\/393"}],"wp:featuredmedia":[{"embeddable":true,"href":"https:\/\/www.harveyspahotel.com\/cs\/wp-json\/wp\/v2\/media\/1045"}],"wp:attachment":[{"href":"https:\/\/www.harveyspahotel.com\/cs\/wp-json\/wp\/v2\/media?parent=1046"}],"curies":[{"name":"wp","href":"https:\/\/api.w.org\/{rel}","templated":true}]}}