{"id":1053,"date":"2025-05-22T08:58:35","date_gmt":"2025-05-22T08:58:35","guid":{"rendered":"https:\/\/www.harveyspahotel.com\/?page_id=1053"},"modified":"2025-05-22T09:03:04","modified_gmt":"2025-05-22T09:03:04","slug":"pristrojova-lymfodrenaz","status":"publish","type":"page","link":"https:\/\/www.harveyspahotel.com\/cs\/vyjimecny-wellness-zazitek\/masaze\/pristrojova-lymfodrenaz\/","title":{"rendered":"P\u0159\u00edstrojov\u00e1 lymfodren\u00e1\u017e"},"content":{"rendered":"<p>P\u0159\u00edstrojov\u00e1 lymfodren\u00e1\u017e je terapeutick\u00e1 metoda, p\u0159i kter\u00e9 se vyu\u017e\u00edvaj\u00ed speci\u00e1ln\u00ed p\u0159\u00edstroje ke stimulaci lymfatick\u00e9ho syst\u00e9mu. Pom\u00e1h\u00e1 sni\u017eovat otoky, detoxikovat organismus a zlep\u0161ovat krevn\u00ed i lymfatick\u00fd ob\u011bh. \u010casto se pou\u017e\u00edv\u00e1 ve wellness centrech, fyzioterapii nebo p\u0159i rekonvalescenci po operac\u00edch.<\/p>\n","protected":false},"excerpt":{"rendered":"<p>P\u0159\u00edstrojov\u00e1 lymfodren\u00e1\u017e je terapeutick\u00e1 metoda, p\u0159i kter\u00e9 se vyu\u017e\u00edvaj\u00ed speci\u00e1ln\u00ed p\u0159\u00edstroje ke stimulaci lymfatick\u00e9ho syst\u00e9mu. Pom\u00e1h\u00e1 sni\u017eovat otoky, detoxikovat organismus a zlep\u0161ovat krevn\u00ed i lymfatick\u00fd ob\u011bh. \u010casto se pou\u017e\u00edv\u00e1 ve wellness centrech, fyzioterapii nebo p\u0159i rekonvalescenci po operac\u00edch.<\/p>\n","protected":false},"author":46,"featured_media":0,"parent":393,"menu_order":0,"comment_status":"closed","ping_status":"closed","template":"template-single-massage.php","meta":{"footnotes":""},"yoast_head":"<!-- This site is optimized with the Yoast SEO plugin v22.3 - https:\/\/yoast.com\/wordpress\/plugins\/seo\/ -->\n<title>P\u0159\u00edstrojov\u00e1 lymfodren\u00e1\u017e - Harvey Spa Hotel -<\/title>\n<meta name=\"description\" content=\"P\u0159\u00edstrojov\u00e1 lymfodren\u00e1\u017e je terapeutick\u00e1 metoda, p\u0159i kter\u00e9 se vyu\u017e\u00edvaj\u00ed speci\u00e1ln\u00ed p\u0159\u00edstroje ke stimulaci lymfatick\u00e9ho syst\u00e9mu. Pom\u00e1h\u00e1 sni\u017eovat otoky, detoxikovat organismus a zlep\u0161ovat krevn\u00ed i lymfatick\u00fd ob\u011bh\" \/>\n<meta name=\"robots\" content=\"index, follow, max-snippet:-1, max-image-preview:large, max-video-preview:-1\" \/>\n<link rel=\"canonical\" href=\"https:\/\/www.harveyspahotel.com\/cs\/vyjimecny-wellness-zazitek\/masaze\/pristrojova-lymfodrenaz\/\" \/>\n<meta property=\"og:locale\" content=\"cs_CZ\" \/>\n<meta property=\"og:type\" content=\"article\" \/>\n<meta property=\"og:title\" content=\"P\u0159\u00edstrojov\u00e1 lymfodren\u00e1\u017e - Harvey Spa Hotel -\" \/>\n<meta property=\"og:description\" content=\"P\u0159\u00edstrojov\u00e1 lymfodren\u00e1\u017e je terapeutick\u00e1 metoda, p\u0159i kter\u00e9 se vyu\u017e\u00edvaj\u00ed speci\u00e1ln\u00ed p\u0159\u00edstroje ke stimulaci lymfatick\u00e9ho syst\u00e9mu. Pom\u00e1h\u00e1 sni\u017eovat otoky, detoxikovat organismus a zlep\u0161ovat krevn\u00ed i lymfatick\u00fd ob\u011bh\" \/>\n<meta property=\"og:url\" content=\"https:\/\/www.harveyspahotel.com\/cs\/vyjimecny-wellness-zazitek\/masaze\/pristrojova-lymfodrenaz\/\" \/>\n<meta property=\"og:site_name\" content=\"Harvey Spa Hotel\" \/>\n<meta property=\"article:modified_time\" content=\"2025-05-22T09:03:04+00:00\" \/>\n<meta name=\"twitter:card\" content=\"summary_large_image\" \/>\n<meta name=\"twitter:label1\" content=\"Odhadovan\u00e1 doba \u010dten\u00ed\" \/>\n\t<meta name=\"twitter:data1\" content=\"1 minuta\" \/>\n<script type=\"application\/ld+json\" class=\"yoast-schema-graph\">{\"@context\":\"https:\/\/schema.org\",\"@graph\":[{\"@type\":\"WebPage\",\"@id\":\"https:\/\/www.harveyspahotel.com\/cs\/vyjimecny-wellness-zazitek\/masaze\/pristrojova-lymfodrenaz\/\",\"url\":\"https:\/\/www.harveyspahotel.com\/cs\/vyjimecny-wellness-zazitek\/masaze\/pristrojova-lymfodrenaz\/\",\"name\":\"P\u0159\u00edstrojov\u00e1 lymfodren\u00e1\u017e - Harvey Spa Hotel -\",\"isPartOf\":{\"@id\":\"https:\/\/www.harveyspahotel.com\/cs\/#website\"},\"datePublished\":\"2025-05-22T08:58:35+00:00\",\"dateModified\":\"2025-05-22T09:03:04+00:00\",\"description\":\"P\u0159\u00edstrojov\u00e1 lymfodren\u00e1\u017e je terapeutick\u00e1 metoda, p\u0159i kter\u00e9 se vyu\u017e\u00edvaj\u00ed speci\u00e1ln\u00ed p\u0159\u00edstroje ke stimulaci lymfatick\u00e9ho syst\u00e9mu. Pom\u00e1h\u00e1 sni\u017eovat otoky, detoxikovat organismus a zlep\u0161ovat krevn\u00ed i lymfatick\u00fd ob\u011bh\",\"breadcrumb\":{\"@id\":\"https:\/\/www.harveyspahotel.com\/cs\/vyjimecny-wellness-zazitek\/masaze\/pristrojova-lymfodrenaz\/#breadcrumb\"},\"inLanguage\":\"cs\",\"potentialAction\":[{\"@type\":\"ReadAction\",\"target\":[\"https:\/\/www.harveyspahotel.com\/cs\/vyjimecny-wellness-zazitek\/masaze\/pristrojova-lymfodrenaz\/\"]}]},{\"@type\":\"BreadcrumbList\",\"@id\":\"https:\/\/www.harveyspahotel.com\/cs\/vyjimecny-wellness-zazitek\/masaze\/pristrojova-lymfodrenaz\/#breadcrumb\",\"itemListElement\":[{\"@type\":\"ListItem\",\"position\":1,\"name\":\"Home\",\"item\":\"https:\/\/www.harveyspahotel.com\/cs\/\"},{\"@type\":\"ListItem\",\"position\":2,\"name\":\"V\u00fdjime\u010dn\u00fd wellness z\u00e1\u017eitek\",\"item\":\"https:\/\/www.harveyspahotel.com\/cs\/vyjimecny-wellness-zazitek\/\"},{\"@type\":\"ListItem\",\"position\":3,\"name\":\"Mas\u00e1\u017ee\",\"item\":\"https:\/\/www.harveyspahotel.com\/cs\/vyjimecny-wellness-zazitek\/masaze\/\"},{\"@type\":\"ListItem\",\"position\":4,\"name\":\"P\u0159\u00edstrojov\u00e1 lymfodren\u00e1\u017e\"}]},{\"@type\":\"WebSite\",\"@id\":\"https:\/\/www.harveyspahotel.com\/cs\/#website\",\"url\":\"https:\/\/www.harveyspahotel.com\/cs\/\",\"name\":\"Harvey Spa Hotel\",\"description\":\"\",\"potentialAction\":[{\"@type\":\"SearchAction\",\"target\":{\"@type\":\"EntryPoint\",\"urlTemplate\":\"https:\/\/www.harveyspahotel.com\/cs\/?s={search_term_string}\"},\"query-input\":\"required name=search_term_string\"}],\"inLanguage\":\"cs\"}]}<\/script>\n<!-- \/ Yoast SEO plugin. -->","yoast_head_json":{"title":"P\u0159\u00edstrojov\u00e1 lymfodren\u00e1\u017e - Harvey Spa Hotel -","description":"P\u0159\u00edstrojov\u00e1 lymfodren\u00e1\u017e je terapeutick\u00e1 metoda, p\u0159i kter\u00e9 se vyu\u017e\u00edvaj\u00ed speci\u00e1ln\u00ed p\u0159\u00edstroje ke stimulaci lymfatick\u00e9ho syst\u00e9mu. Pom\u00e1h\u00e1 sni\u017eovat otoky, detoxikovat organismus a zlep\u0161ovat krevn\u00ed i lymfatick\u00fd ob\u011bh","robots":{"index":"index","follow":"follow","max-snippet":"max-snippet:-1","max-image-preview":"max-image-preview:large","max-video-preview":"max-video-preview:-1"},"canonical":"https:\/\/www.harveyspahotel.com\/cs\/vyjimecny-wellness-zazitek\/masaze\/pristrojova-lymfodrenaz\/","og_locale":"cs_CZ","og_type":"article","og_title":"P\u0159\u00edstrojov\u00e1 lymfodren\u00e1\u017e - Harvey Spa Hotel -","og_description":"P\u0159\u00edstrojov\u00e1 lymfodren\u00e1\u017e je terapeutick\u00e1 metoda, p\u0159i kter\u00e9 se vyu\u017e\u00edvaj\u00ed speci\u00e1ln\u00ed p\u0159\u00edstroje ke stimulaci lymfatick\u00e9ho syst\u00e9mu. Pom\u00e1h\u00e1 sni\u017eovat otoky, detoxikovat organismus a zlep\u0161ovat krevn\u00ed i lymfatick\u00fd ob\u011bh","og_url":"https:\/\/www.harveyspahotel.com\/cs\/vyjimecny-wellness-zazitek\/masaze\/pristrojova-lymfodrenaz\/","og_site_name":"Harvey Spa Hotel","article_modified_time":"2025-05-22T09:03:04+00:00","twitter_card":"summary_large_image","twitter_misc":{"Odhadovan\u00e1 doba \u010dten\u00ed":"1 minuta"},"schema":{"@context":"https:\/\/schema.org","@graph":[{"@type":"WebPage","@id":"https:\/\/www.harveyspahotel.com\/cs\/vyjimecny-wellness-zazitek\/masaze\/pristrojova-lymfodrenaz\/","url":"https:\/\/www.harveyspahotel.com\/cs\/vyjimecny-wellness-zazitek\/masaze\/pristrojova-lymfodrenaz\/","name":"P\u0159\u00edstrojov\u00e1 lymfodren\u00e1\u017e - Harvey Spa Hotel -","isPartOf":{"@id":"https:\/\/www.harveyspahotel.com\/cs\/#website"},"datePublished":"2025-05-22T08:58:35+00:00","dateModified":"2025-05-22T09:03:04+00:00","description":"P\u0159\u00edstrojov\u00e1 lymfodren\u00e1\u017e je terapeutick\u00e1 metoda, p\u0159i kter\u00e9 se vyu\u017e\u00edvaj\u00ed speci\u00e1ln\u00ed p\u0159\u00edstroje ke stimulaci lymfatick\u00e9ho syst\u00e9mu. Pom\u00e1h\u00e1 sni\u017eovat otoky, detoxikovat organismus a zlep\u0161ovat krevn\u00ed i lymfatick\u00fd ob\u011bh","breadcrumb":{"@id":"https:\/\/www.harveyspahotel.com\/cs\/vyjimecny-wellness-zazitek\/masaze\/pristrojova-lymfodrenaz\/#breadcrumb"},"inLanguage":"cs","potentialAction":[{"@type":"ReadAction","target":["https:\/\/www.harveyspahotel.com\/cs\/vyjimecny-wellness-zazitek\/masaze\/pristrojova-lymfodrenaz\/"]}]},{"@type":"BreadcrumbList","@id":"https:\/\/www.harveyspahotel.com\/cs\/vyjimecny-wellness-zazitek\/masaze\/pristrojova-lymfodrenaz\/#breadcrumb","itemListElement":[{"@type":"ListItem","position":1,"name":"Home","item":"https:\/\/www.harveyspahotel.com\/cs\/"},{"@type":"ListItem","position":2,"name":"V\u00fdjime\u010dn\u00fd wellness z\u00e1\u017eitek","item":"https:\/\/www.harveyspahotel.com\/cs\/vyjimecny-wellness-zazitek\/"},{"@type":"ListItem","position":3,"name":"Mas\u00e1\u017ee","item":"https:\/\/www.harveyspahotel.com\/cs\/vyjimecny-wellness-zazitek\/masaze\/"},{"@type":"ListItem","position":4,"name":"P\u0159\u00edstrojov\u00e1 lymfodren\u00e1\u017e"}]},{"@type":"WebSite","@id":"https:\/\/www.harveyspahotel.com\/cs\/#website","url":"https:\/\/www.harveyspahotel.com\/cs\/","name":"Harvey Spa Hotel","description":"","potentialAction":[{"@type":"SearchAction","target":{"@type":"EntryPoint","urlTemplate":"https:\/\/www.harveyspahotel.com\/cs\/?s={search_term_string}"},"query-input":"required name=search_term_string"}],"inLanguage":"cs"}]}},"acf":[],"_links":{"self":[{"href":"https:\/\/www.harveyspahotel.com\/cs\/wp-json\/wp\/v2\/pages\/1053"}],"collection":[{"href":"https:\/\/www.harveyspahotel.com\/cs\/wp-json\/wp\/v2\/pages"}],"about":[{"href":"https:\/\/www.harveyspahotel.com\/cs\/wp-json\/wp\/v2\/types\/page"}],"author":[{"embeddable":true,"href":"https:\/\/www.harveyspahotel.com\/cs\/wp-json\/wp\/v2\/users\/46"}],"replies":[{"embeddable":true,"href":"https:\/\/www.harveyspahotel.com\/cs\/wp-json\/wp\/v2\/comments?post=1053"}],"version-history":[{"count":0,"href":"https:\/\/www.harveyspahotel.com\/cs\/wp-json\/wp\/v2\/pages\/1053\/revisions"}],"up":[{"embeddable":true,"href":"https:\/\/www.harveyspahotel.com\/cs\/wp-json\/wp\/v2\/pages\/393"}],"wp:attachment":[{"href":"https:\/\/www.harveyspahotel.com\/cs\/wp-json\/wp\/v2\/media?parent=1053"}],"curies":[{"name":"wp","href":"https:\/\/api.w.org\/{rel}","templated":true}]}}