{"id":1061,"date":"2025-07-02T07:51:02","date_gmt":"2025-07-02T07:51:02","guid":{"rendered":"https:\/\/www.harveyspahotel.com\/?page_id=1061"},"modified":"2025-07-02T07:51:02","modified_gmt":"2025-07-02T07:51:02","slug":"whistleblowing","status":"publish","type":"page","link":"https:\/\/www.harveyspahotel.com\/cs\/whistleblowing\/","title":{"rendered":"Whistleblowing"},"content":{"rendered":"<p style=\"text-align: center\"><strong>Whistleblowing (ochrana oznamovatel\u016f)<\/strong><br \/>\nNa\u0161e spole\u010dnost z\u0159\u00eddila vnit\u0159n\u00ed oznamovac\u00ed syst\u00e9m a p\u0159ij\u00edm\u00e1 ozn\u00e1men\u00ed dle z\u00e1kona \u010d. 171\/2023 Sb. o ochran\u011b oznamovatel\u016f. N\u00ed\u017ee najdete v\u0161echny oznamovac\u00ed kan\u00e1ly spolu s popisem, jak ozn\u00e1men\u00ed podat a sledovat. S p\u0159ijat\u00fdm ozn\u00e1men\u00edm se m\u016f\u017ee sezn\u00e1mit pouze p\u0159\u00edslu\u0161n\u00e1 osoba. Ve\u0161ker\u00e9 poskytnut\u00e9 informace jsou proto v naprost\u00e9m bezpe\u010d\u00ed.<\/p>\n<p style=\"text-align: center\">\n<strong>P\u0159\u00edslu\u0161n\u00e1 osoba:<\/strong><br \/>\nIvana Kadle\u010dkov\u00e1, Telefon: +420 601 216 734 | Pavlina Skopalov\u00e1, Telefon: +420 601 216 723<br \/>\nNebo email: whistleblowing@harveyspahotel.com<\/p>\n<p style=\"text-align: center\"><strong>Mo\u017enosti pod\u00e1n\u00ed ozn\u00e1men\u00ed<\/strong><br \/>\nV souladu se Z\u00e1konem umo\u017e\u0148ujeme podat ozn\u00e1men\u00ed p\u00edsemn\u011b, \u00fastn\u011b nebo osobn\u011b.<br \/>\n1. P\u00edsemn\u011b<br \/>\nProst\u0159ednictv\u00edm na\u0161ich webov\u00fdch str\u00e1nek www.harveyspahotel.com, nebo emailovou adresu.<br \/>\n2. \u00dastn\u011b<br \/>\nNa telefonn\u00edm \u010d\u00edsle, nebo +420 601 216 734, +420 601 216 723.<br \/>\n3. Osobn\u011b<\/p>\n<p style=\"text-align: center\">P\u0159\u00edslu\u0161n\u00e9 osob\u011b do 14 dn\u016f po domluv\u011b na v\u00fd\u0161e uveden\u00fdch kontaktech. P\u0159\u00edslu\u0161n\u00e1 osoba o takov\u00e9m ozn\u00e1men\u00ed vyhotov\u00ed protokol.<\/p>\n<p style=\"text-align: center\"><strong>Co je pova\u017eov\u00e1no za ozn\u00e1men\u00ed dle Z\u00e1kona?<\/strong><\/p>\n<p style=\"text-align: center\">Pokud upozorn\u00edte na jedn\u00e1n\u00ed, kter\u00e9:<br \/>\n1. m\u00e1 znaky trestn\u00e9ho \u010dinu,<br \/>\n2. m\u00e1 znaky p\u0159estupku, za kter\u00fd z\u00e1kon stanov\u00ed sazbu pokuty, jej\u00ed\u017e horn\u00ed hranice je alespo\u0148 100.000 K\u010d,<br \/>\n3. poru\u0161uje z\u00e1kon o ochran\u011b oznamovatel\u016f, nebo<br \/>\n4. poru\u0161uje jin\u00fd pr\u00e1vn\u00ed p\u0159edpis nebo p\u0159edpis Evropsk\u00e9 unie v oblastech stanoven\u00fdch Z\u00e1konem (nap\u0159. finan\u010dn\u00ed slu\u017eby, dan\u011b z p\u0159\u00edjm\u016f pr\u00e1vnick\u00fdch osob, ochrana spot\u0159ebitele, ochrana \u017eivotn\u00edho prost\u0159ed\u00ed aj.).<\/p>\n<p style=\"text-align: center\"><strong>Ochrana osobn\u00edch \u00fadaj\u016f<\/strong><br \/>\nP\u0159\u00edslu\u0161n\u00e1 osoba je povinna v\u00e9st v elektronick\u00e9 podob\u011b evidenci \u00fadaj\u016f o p\u0159ijat\u00fdch ozn\u00e1men\u00edch a uchov\u00e1vat ozn\u00e1men\u00ed podan\u00e9 prost\u0159ednictv\u00edm vnit\u0159n\u00edho oznamovac\u00edho syst\u00e9mu a dokumenty souvisej\u00edc\u00ed s ozn\u00e1men\u00edm po dobu 5 let ode dne p\u0159ijet\u00ed ozn\u00e1men\u00ed. Do evidence a k dokument\u016fm souvisej\u00edc\u00edm s ozn\u00e1men\u00edm a k uchov\u00e1van\u00fdm ozn\u00e1men\u00edm m\u00e1 p\u0159\u00edstup v p\u0159\u00edpad\u011b ozn\u00e1men\u00ed podan\u00fdch prost\u0159ednictv\u00edm vnit\u0159n\u00edho oznamovac\u00edho syst\u00e9mu pouze p\u0159\u00edslu\u0161n\u00e1 osoba.<br \/>\nVylou\u010den\u00ed<br \/>\nPovinn\u00fd subjekt vylu\u010duje p\u0159ij\u00edm\u00e1n\u00ed ozn\u00e1men\u00ed od osoby, kter\u00e1 pro povinn\u00fd subjekt nevykon\u00e1v\u00e1 pr\u00e1ci nebo jinou obdobnou \u010dinnost podle \u00a7 2 odst. 3 p\u00edsm. a), b), h) nebo i) Z\u00e1kona o ochran\u011b oznamovatel\u016f.<\/p>\n","protected":false},"excerpt":{"rendered":"<p>Whistleblowing (ochrana oznamovatel\u016f) Na\u0161e spole\u010dnost z\u0159\u00eddila vnit\u0159n\u00ed oznamovac\u00ed syst\u00e9m a p\u0159ij\u00edm\u00e1 ozn\u00e1men\u00ed dle z\u00e1kona \u010d. 171\/2023 Sb. o ochran\u011b oznamovatel\u016f. N\u00ed\u017ee najdete v\u0161echny oznamovac\u00ed kan\u00e1ly spolu s popisem, jak ozn\u00e1men\u00ed podat a sledovat. S p\u0159ijat\u00fdm ozn\u00e1men\u00edm se m\u016f\u017ee sezn\u00e1mit pouze p\u0159\u00edslu\u0161n\u00e1 osoba. Ve\u0161ker\u00e9 poskytnut\u00e9 informace jsou proto v naprost\u00e9m bezpe\u010d\u00ed. P\u0159\u00edslu\u0161n\u00e1 osoba: Ivana Kadle\u010dkov\u00e1, Telefon: [&hellip;]<\/p>\n","protected":false},"author":46,"featured_media":0,"parent":0,"menu_order":155,"comment_status":"closed","ping_status":"closed","template":"template-privacy.php","meta":{"footnotes":""},"class_list":["post-1061","page","type-page","status-publish","hentry"],"yoast_head":"<!-- This site is optimized with the Yoast SEO plugin v27.3 - https:\/\/yoast.com\/product\/yoast-seo-wordpress\/ -->\n<title>Whistleblowing - Harvey Spa Hotel -<\/title>\n<meta name=\"description\" content=\"Whistleblowing (ochrana oznamovatel\u016f) Na\u0161e spole\u010dnost z\u0159\u00eddila vnit\u0159n\u00ed oznamovac\u00ed syst\u00e9m a p\u0159ij\u00edm\u00e1 ozn\u00e1men\u00ed dle z\u00e1kona \u010d. 171\/2023 Sb\" \/>\n<meta name=\"robots\" content=\"index, follow, max-snippet:-1, max-image-preview:large, max-video-preview:-1\" \/>\n<link rel=\"canonical\" href=\"https:\/\/www.harveyspahotel.com\/cs\/whistleblowing\/\" \/>\n<meta property=\"og:locale\" content=\"cs_CZ\" \/>\n<meta property=\"og:type\" content=\"article\" \/>\n<meta property=\"og:title\" content=\"Whistleblowing - Harvey Spa Hotel -\" \/>\n<meta property=\"og:description\" content=\"Whistleblowing (ochrana oznamovatel\u016f) Na\u0161e spole\u010dnost z\u0159\u00eddila vnit\u0159n\u00ed oznamovac\u00ed syst\u00e9m a p\u0159ij\u00edm\u00e1 ozn\u00e1men\u00ed dle z\u00e1kona \u010d. 171\/2023 Sb\" \/>\n<meta property=\"og:url\" content=\"https:\/\/www.harveyspahotel.com\/cs\/whistleblowing\/\" \/>\n<meta property=\"og:site_name\" content=\"Harvey Spa Hotel\" \/>\n<meta name=\"twitter:card\" content=\"summary_large_image\" \/>\n<meta name=\"twitter:label1\" content=\"Odhadovan\u00e1 doba \u010dten\u00ed\" \/>\n\t<meta name=\"twitter:data1\" content=\"2 minuty\" \/>\n<script type=\"application\/ld+json\" class=\"yoast-schema-graph\">{\"@context\":\"https:\\\/\\\/schema.org\",\"@graph\":[{\"@type\":\"WebPage\",\"@id\":\"https:\\\/\\\/www.harveyspahotel.com\\\/cs\\\/whistleblowing\\\/\",\"url\":\"https:\\\/\\\/www.harveyspahotel.com\\\/cs\\\/whistleblowing\\\/\",\"name\":\"Whistleblowing - Harvey Spa Hotel -\",\"isPartOf\":{\"@id\":\"https:\\\/\\\/www.harveyspahotel.com\\\/cs\\\/#website\"},\"datePublished\":\"2025-07-02T07:51:02+00:00\",\"description\":\"Whistleblowing (ochrana oznamovatel\u016f) Na\u0161e spole\u010dnost z\u0159\u00eddila vnit\u0159n\u00ed oznamovac\u00ed syst\u00e9m a p\u0159ij\u00edm\u00e1 ozn\u00e1men\u00ed dle z\u00e1kona \u010d. 171\\\/2023 Sb\",\"breadcrumb\":{\"@id\":\"https:\\\/\\\/www.harveyspahotel.com\\\/cs\\\/whistleblowing\\\/#breadcrumb\"},\"inLanguage\":\"cs\",\"potentialAction\":[{\"@type\":\"ReadAction\",\"target\":[\"https:\\\/\\\/www.harveyspahotel.com\\\/cs\\\/whistleblowing\\\/\"]}]},{\"@type\":\"BreadcrumbList\",\"@id\":\"https:\\\/\\\/www.harveyspahotel.com\\\/cs\\\/whistleblowing\\\/#breadcrumb\",\"itemListElement\":[{\"@type\":\"ListItem\",\"position\":1,\"name\":\"Home\",\"item\":\"https:\\\/\\\/www.harveyspahotel.com\\\/cs\\\/\"},{\"@type\":\"ListItem\",\"position\":2,\"name\":\"Whistleblowing\"}]},{\"@type\":\"WebSite\",\"@id\":\"https:\\\/\\\/www.harveyspahotel.com\\\/cs\\\/#website\",\"url\":\"https:\\\/\\\/www.harveyspahotel.com\\\/cs\\\/\",\"name\":\"Harvey Spa Hotel\",\"description\":\"\",\"potentialAction\":[{\"@type\":\"SearchAction\",\"target\":{\"@type\":\"EntryPoint\",\"urlTemplate\":\"https:\\\/\\\/www.harveyspahotel.com\\\/cs\\\/?s={search_term_string}\"},\"query-input\":{\"@type\":\"PropertyValueSpecification\",\"valueRequired\":true,\"valueName\":\"search_term_string\"}}],\"inLanguage\":\"cs\"}]}<\/script>\n<!-- \/ Yoast SEO plugin. -->","yoast_head_json":{"title":"Whistleblowing - Harvey Spa Hotel -","description":"Whistleblowing (ochrana oznamovatel\u016f) Na\u0161e spole\u010dnost z\u0159\u00eddila vnit\u0159n\u00ed oznamovac\u00ed syst\u00e9m a p\u0159ij\u00edm\u00e1 ozn\u00e1men\u00ed dle z\u00e1kona \u010d. 171\/2023 Sb","robots":{"index":"index","follow":"follow","max-snippet":"max-snippet:-1","max-image-preview":"max-image-preview:large","max-video-preview":"max-video-preview:-1"},"canonical":"https:\/\/www.harveyspahotel.com\/cs\/whistleblowing\/","og_locale":"cs_CZ","og_type":"article","og_title":"Whistleblowing - Harvey Spa Hotel -","og_description":"Whistleblowing (ochrana oznamovatel\u016f) Na\u0161e spole\u010dnost z\u0159\u00eddila vnit\u0159n\u00ed oznamovac\u00ed syst\u00e9m a p\u0159ij\u00edm\u00e1 ozn\u00e1men\u00ed dle z\u00e1kona \u010d. 171\/2023 Sb","og_url":"https:\/\/www.harveyspahotel.com\/cs\/whistleblowing\/","og_site_name":"Harvey Spa Hotel","twitter_card":"summary_large_image","twitter_misc":{"Odhadovan\u00e1 doba \u010dten\u00ed":"2 minuty"},"schema":{"@context":"https:\/\/schema.org","@graph":[{"@type":"WebPage","@id":"https:\/\/www.harveyspahotel.com\/cs\/whistleblowing\/","url":"https:\/\/www.harveyspahotel.com\/cs\/whistleblowing\/","name":"Whistleblowing - Harvey Spa Hotel -","isPartOf":{"@id":"https:\/\/www.harveyspahotel.com\/cs\/#website"},"datePublished":"2025-07-02T07:51:02+00:00","description":"Whistleblowing (ochrana oznamovatel\u016f) Na\u0161e spole\u010dnost z\u0159\u00eddila vnit\u0159n\u00ed oznamovac\u00ed syst\u00e9m a p\u0159ij\u00edm\u00e1 ozn\u00e1men\u00ed dle z\u00e1kona \u010d. 171\/2023 Sb","breadcrumb":{"@id":"https:\/\/www.harveyspahotel.com\/cs\/whistleblowing\/#breadcrumb"},"inLanguage":"cs","potentialAction":[{"@type":"ReadAction","target":["https:\/\/www.harveyspahotel.com\/cs\/whistleblowing\/"]}]},{"@type":"BreadcrumbList","@id":"https:\/\/www.harveyspahotel.com\/cs\/whistleblowing\/#breadcrumb","itemListElement":[{"@type":"ListItem","position":1,"name":"Home","item":"https:\/\/www.harveyspahotel.com\/cs\/"},{"@type":"ListItem","position":2,"name":"Whistleblowing"}]},{"@type":"WebSite","@id":"https:\/\/www.harveyspahotel.com\/cs\/#website","url":"https:\/\/www.harveyspahotel.com\/cs\/","name":"Harvey Spa Hotel","description":"","potentialAction":[{"@type":"SearchAction","target":{"@type":"EntryPoint","urlTemplate":"https:\/\/www.harveyspahotel.com\/cs\/?s={search_term_string}"},"query-input":{"@type":"PropertyValueSpecification","valueRequired":true,"valueName":"search_term_string"}}],"inLanguage":"cs"}]}},"acf":[],"_links":{"self":[{"href":"https:\/\/www.harveyspahotel.com\/cs\/wp-json\/wp\/v2\/pages\/1061","targetHints":{"allow":["GET"]}}],"collection":[{"href":"https:\/\/www.harveyspahotel.com\/cs\/wp-json\/wp\/v2\/pages"}],"about":[{"href":"https:\/\/www.harveyspahotel.com\/cs\/wp-json\/wp\/v2\/types\/page"}],"author":[{"embeddable":true,"href":"https:\/\/www.harveyspahotel.com\/cs\/wp-json\/wp\/v2\/users\/46"}],"replies":[{"embeddable":true,"href":"https:\/\/www.harveyspahotel.com\/cs\/wp-json\/wp\/v2\/comments?post=1061"}],"version-history":[{"count":0,"href":"https:\/\/www.harveyspahotel.com\/cs\/wp-json\/wp\/v2\/pages\/1061\/revisions"}],"wp:attachment":[{"href":"https:\/\/www.harveyspahotel.com\/cs\/wp-json\/wp\/v2\/media?parent=1061"}],"curies":[{"name":"wp","href":"https:\/\/api.w.org\/{rel}","templated":true}]}}