{"id":111,"date":"2023-06-06T08:06:58","date_gmt":"2023-06-06T08:06:58","guid":{"rendered":"https:\/\/harvey-spa-hotel.ms2.decms.eu\/specialni-nabidky\/intensive-treatment-stay\/"},"modified":"2025-12-05T08:46:43","modified_gmt":"2025-12-05T08:46:43","slug":"icoone-beauty-pobyt","status":"publish","type":"page","link":"https:\/\/www.harveyspahotel.com\/cs\/vas-nezapomenutelny-pobyt-ve-frantiskovych-laznich\/icoone-beauty-pobyt\/","title":{"rendered":"iCOONE Beauty pobyt s polopenz\u00ed"},"content":{"rendered":"<p style=\"text-align: center\"><!--StartFragment --><\/p>\n<p class=\"pf0\" style=\"text-align: center\"><span class=\"cf0\">Dop\u0159ejte si \u010das jen pro sebe a spojte odpo\u010dinek s p<\/span><span class=\"cf1\">\u00e9<\/span><span class=\"cf2\">\u010d<\/span><span class=\"cf1\">\u00ed o kr\u00e1su. <\/span><span class=\"cf2\">\u010cek<\/span><span class=\"cf1\">\u00e1 v\u00e1s pohodln\u00e9 ubytov\u00e1n\u00ed v Harvey Spa Hotelu, polopenze formou bohat\u00fdch bufet<\/span><span class=\"cf2\">\u016f a relaxa\u010dn<\/span><span class=\"cf1\">\u00ed procedury <\/span><span class=\"cf3\">\u2013 od aromamas<\/span><span class=\"cf1\">\u00e1<\/span><span class=\"cf2\">\u017ee po luxusn<\/span><span class=\"cf1\">\u00ed kosmetiku. Neomezen\u00fd vstup do wellness s baz\u00e9nem a saunami, klidn\u00e9 prost<\/span><span class=\"cf2\">\u0159ed<\/span><span class=\"cf1\">\u00ed l\u00e1ze<\/span><span class=\"cf2\">\u0148sk<\/span><span class=\"cf1\">\u00e9ho m<\/span><span class=\"cf2\">\u011bsta a \u0161<\/span><span class=\"cf1\">\u00e1lek k\u00e1vy na pokoji dotvo<\/span><span class=\"cf2\">\u0159<\/span><span class=\"cf1\">\u00ed dokonal\u00fd z\u00e1<\/span><span class=\"cf2\">\u017eitek, kter<\/span><span class=\"cf1\">\u00fd si zaslou<\/span><span class=\"cf2\">\u017e<\/span><span class=\"cf1\">\u00edte.<\/span><\/p>\n<p style=\"text-align: center\"><!--EndFragment --><\/p>\n","protected":false},"excerpt":{"rendered":"<p>Dop\u0159ejte si \u010das jen pro sebe a spojte odpo\u010dinek s p\u00e9\u010d\u00ed o kr\u00e1su. \u010cek\u00e1 v\u00e1s pohodln\u00e9 ubytov\u00e1n\u00ed v Harvey Spa Hotelu, polopenze formou bohat\u00fdch bufet\u016f a relaxa\u010dn\u00ed procedury \u2013 od aromamas\u00e1\u017ee po luxusn\u00ed kosmetiku. Neomezen\u00fd vstup do wellness s baz\u00e9nem a saunami, klidn\u00e9 prost\u0159ed\u00ed l\u00e1ze\u0148sk\u00e9ho m\u011bsta a \u0161\u00e1lek k\u00e1vy na pokoji dotvo\u0159\u00ed dokonal\u00fd z\u00e1\u017eitek, kter\u00fd [&hellip;]<\/p>\n","protected":false},"author":11,"featured_media":0,"parent":27,"menu_order":2,"comment_status":"closed","ping_status":"closed","template":"template-single-treatments.php","meta":{"footnotes":""},"yoast_head":"<!-- This site is optimized with the Yoast SEO plugin v22.3 - https:\/\/yoast.com\/wordpress\/plugins\/seo\/ -->\n<title>Intenzivn\u00ed l\u00e1ze\u0148sk\u00fd pobytov\u00fd bal\u00ed\u010dek | Harvey Spa Hotel<\/title>\n<meta name=\"description\" content=\"Dopl\u0148te tolik pot\u0159ebnou energii a nechte sv\u00e9 t\u011blo pln\u011b odpo\u010dinout! Dop\u0159ejte si t\u00fdden intenzivn\u00edho l\u00e9\u010debn\u00e9ho programu v r\u00e1mci pobytu v Harvey Spa Hotelu s plnou penz\u00ed a mno\u017estv\u00edm procedur, p\u0159ipraven\u00e9 p\u0159\u00edmo pro V\u00e1s. Vstup do hotelov\u00e9ho wellness v cen\u011b!\" \/>\n<meta name=\"robots\" content=\"index, follow, max-snippet:-1, max-image-preview:large, max-video-preview:-1\" \/>\n<link rel=\"canonical\" href=\"https:\/\/www.harveyspahotel.com\/cs\/vas-nezapomenutelny-pobyt-ve-frantiskovych-laznich\/icoone-beauty-pobyt\/\" \/>\n<meta property=\"og:locale\" content=\"cs_CZ\" \/>\n<meta property=\"og:type\" content=\"article\" \/>\n<meta property=\"og:title\" content=\"Intenzivn\u00ed l\u00e1ze\u0148sk\u00fd pobytov\u00fd bal\u00ed\u010dek | Harvey Spa Hotel\" \/>\n<meta property=\"og:description\" content=\"Dopl\u0148te tolik pot\u0159ebnou energii a nechte sv\u00e9 t\u011blo pln\u011b odpo\u010dinout! Dop\u0159ejte si t\u00fdden intenzivn\u00edho l\u00e9\u010debn\u00e9ho programu v r\u00e1mci pobytu v Harvey Spa Hotelu s plnou penz\u00ed a mno\u017estv\u00edm procedur, p\u0159ipraven\u00e9 p\u0159\u00edmo pro V\u00e1s. Vstup do hotelov\u00e9ho wellness v cen\u011b!\" \/>\n<meta property=\"og:url\" content=\"https:\/\/www.harveyspahotel.com\/cs\/vas-nezapomenutelny-pobyt-ve-frantiskovych-laznich\/icoone-beauty-pobyt\/\" \/>\n<meta property=\"og:site_name\" content=\"Harvey Spa Hotel\" \/>\n<meta property=\"article:modified_time\" content=\"2025-12-05T08:46:43+00:00\" \/>\n<meta name=\"twitter:card\" content=\"summary_large_image\" \/>\n<meta name=\"twitter:label1\" content=\"Odhadovan\u00e1 doba \u010dten\u00ed\" \/>\n\t<meta name=\"twitter:data1\" content=\"1 minuta\" \/>\n<script type=\"application\/ld+json\" class=\"yoast-schema-graph\">{\"@context\":\"https:\/\/schema.org\",\"@graph\":[{\"@type\":\"WebPage\",\"@id\":\"https:\/\/www.harveyspahotel.com\/cs\/vas-nezapomenutelny-pobyt-ve-frantiskovych-laznich\/icoone-beauty-pobyt\/\",\"url\":\"https:\/\/www.harveyspahotel.com\/cs\/vas-nezapomenutelny-pobyt-ve-frantiskovych-laznich\/icoone-beauty-pobyt\/\",\"name\":\"Intenzivn\u00ed l\u00e1ze\u0148sk\u00fd pobytov\u00fd bal\u00ed\u010dek | Harvey Spa Hotel\",\"isPartOf\":{\"@id\":\"https:\/\/www.harveyspahotel.com\/cs\/#website\"},\"datePublished\":\"2023-06-06T08:06:58+00:00\",\"dateModified\":\"2025-12-05T08:46:43+00:00\",\"description\":\"Dopl\u0148te tolik pot\u0159ebnou energii a nechte sv\u00e9 t\u011blo pln\u011b odpo\u010dinout! Dop\u0159ejte si t\u00fdden intenzivn\u00edho l\u00e9\u010debn\u00e9ho programu v r\u00e1mci pobytu v Harvey Spa Hotelu s plnou penz\u00ed a mno\u017estv\u00edm procedur, p\u0159ipraven\u00e9 p\u0159\u00edmo pro V\u00e1s. Vstup do hotelov\u00e9ho wellness v cen\u011b!\",\"breadcrumb\":{\"@id\":\"https:\/\/www.harveyspahotel.com\/cs\/vas-nezapomenutelny-pobyt-ve-frantiskovych-laznich\/icoone-beauty-pobyt\/#breadcrumb\"},\"inLanguage\":\"cs\",\"potentialAction\":[{\"@type\":\"ReadAction\",\"target\":[\"https:\/\/www.harveyspahotel.com\/cs\/vas-nezapomenutelny-pobyt-ve-frantiskovych-laznich\/icoone-beauty-pobyt\/\"]}]},{\"@type\":\"BreadcrumbList\",\"@id\":\"https:\/\/www.harveyspahotel.com\/cs\/vas-nezapomenutelny-pobyt-ve-frantiskovych-laznich\/icoone-beauty-pobyt\/#breadcrumb\",\"itemListElement\":[{\"@type\":\"ListItem\",\"position\":1,\"name\":\"Home\",\"item\":\"https:\/\/www.harveyspahotel.com\/cs\/\"},{\"@type\":\"ListItem\",\"position\":2,\"name\":\"V\u00e1\u0161 nezapomenuteln\u00fd pobyt\",\"item\":\"https:\/\/www.harveyspahotel.com\/cs\/vas-nezapomenutelny-pobyt-ve-frantiskovych-laznich\/\"},{\"@type\":\"ListItem\",\"position\":3,\"name\":\"iCOONE Beauty pobyt s polopenz\u00ed\"}]},{\"@type\":\"WebSite\",\"@id\":\"https:\/\/www.harveyspahotel.com\/cs\/#website\",\"url\":\"https:\/\/www.harveyspahotel.com\/cs\/\",\"name\":\"Harvey Spa Hotel\",\"description\":\"\",\"potentialAction\":[{\"@type\":\"SearchAction\",\"target\":{\"@type\":\"EntryPoint\",\"urlTemplate\":\"https:\/\/www.harveyspahotel.com\/cs\/?s={search_term_string}\"},\"query-input\":\"required name=search_term_string\"}],\"inLanguage\":\"cs\"}]}<\/script>\n<!-- \/ Yoast SEO plugin. -->","yoast_head_json":{"title":"Intenzivn\u00ed l\u00e1ze\u0148sk\u00fd pobytov\u00fd bal\u00ed\u010dek | Harvey Spa Hotel","description":"Dopl\u0148te tolik pot\u0159ebnou energii a nechte sv\u00e9 t\u011blo pln\u011b odpo\u010dinout! Dop\u0159ejte si t\u00fdden intenzivn\u00edho l\u00e9\u010debn\u00e9ho programu v r\u00e1mci pobytu v Harvey Spa Hotelu s plnou penz\u00ed a mno\u017estv\u00edm procedur, p\u0159ipraven\u00e9 p\u0159\u00edmo pro V\u00e1s. Vstup do hotelov\u00e9ho wellness v cen\u011b!","robots":{"index":"index","follow":"follow","max-snippet":"max-snippet:-1","max-image-preview":"max-image-preview:large","max-video-preview":"max-video-preview:-1"},"canonical":"https:\/\/www.harveyspahotel.com\/cs\/vas-nezapomenutelny-pobyt-ve-frantiskovych-laznich\/icoone-beauty-pobyt\/","og_locale":"cs_CZ","og_type":"article","og_title":"Intenzivn\u00ed l\u00e1ze\u0148sk\u00fd pobytov\u00fd bal\u00ed\u010dek | Harvey Spa Hotel","og_description":"Dopl\u0148te tolik pot\u0159ebnou energii a nechte sv\u00e9 t\u011blo pln\u011b odpo\u010dinout! Dop\u0159ejte si t\u00fdden intenzivn\u00edho l\u00e9\u010debn\u00e9ho programu v r\u00e1mci pobytu v Harvey Spa Hotelu s plnou penz\u00ed a mno\u017estv\u00edm procedur, p\u0159ipraven\u00e9 p\u0159\u00edmo pro V\u00e1s. Vstup do hotelov\u00e9ho wellness v cen\u011b!","og_url":"https:\/\/www.harveyspahotel.com\/cs\/vas-nezapomenutelny-pobyt-ve-frantiskovych-laznich\/icoone-beauty-pobyt\/","og_site_name":"Harvey Spa Hotel","article_modified_time":"2025-12-05T08:46:43+00:00","twitter_card":"summary_large_image","twitter_misc":{"Odhadovan\u00e1 doba \u010dten\u00ed":"1 minuta"},"schema":{"@context":"https:\/\/schema.org","@graph":[{"@type":"WebPage","@id":"https:\/\/www.harveyspahotel.com\/cs\/vas-nezapomenutelny-pobyt-ve-frantiskovych-laznich\/icoone-beauty-pobyt\/","url":"https:\/\/www.harveyspahotel.com\/cs\/vas-nezapomenutelny-pobyt-ve-frantiskovych-laznich\/icoone-beauty-pobyt\/","name":"Intenzivn\u00ed l\u00e1ze\u0148sk\u00fd pobytov\u00fd bal\u00ed\u010dek | Harvey Spa Hotel","isPartOf":{"@id":"https:\/\/www.harveyspahotel.com\/cs\/#website"},"datePublished":"2023-06-06T08:06:58+00:00","dateModified":"2025-12-05T08:46:43+00:00","description":"Dopl\u0148te tolik pot\u0159ebnou energii a nechte sv\u00e9 t\u011blo pln\u011b odpo\u010dinout! Dop\u0159ejte si t\u00fdden intenzivn\u00edho l\u00e9\u010debn\u00e9ho programu v r\u00e1mci pobytu v Harvey Spa Hotelu s plnou penz\u00ed a mno\u017estv\u00edm procedur, p\u0159ipraven\u00e9 p\u0159\u00edmo pro V\u00e1s. Vstup do hotelov\u00e9ho wellness v cen\u011b!","breadcrumb":{"@id":"https:\/\/www.harveyspahotel.com\/cs\/vas-nezapomenutelny-pobyt-ve-frantiskovych-laznich\/icoone-beauty-pobyt\/#breadcrumb"},"inLanguage":"cs","potentialAction":[{"@type":"ReadAction","target":["https:\/\/www.harveyspahotel.com\/cs\/vas-nezapomenutelny-pobyt-ve-frantiskovych-laznich\/icoone-beauty-pobyt\/"]}]},{"@type":"BreadcrumbList","@id":"https:\/\/www.harveyspahotel.com\/cs\/vas-nezapomenutelny-pobyt-ve-frantiskovych-laznich\/icoone-beauty-pobyt\/#breadcrumb","itemListElement":[{"@type":"ListItem","position":1,"name":"Home","item":"https:\/\/www.harveyspahotel.com\/cs\/"},{"@type":"ListItem","position":2,"name":"V\u00e1\u0161 nezapomenuteln\u00fd pobyt","item":"https:\/\/www.harveyspahotel.com\/cs\/vas-nezapomenutelny-pobyt-ve-frantiskovych-laznich\/"},{"@type":"ListItem","position":3,"name":"iCOONE Beauty pobyt s polopenz\u00ed"}]},{"@type":"WebSite","@id":"https:\/\/www.harveyspahotel.com\/cs\/#website","url":"https:\/\/www.harveyspahotel.com\/cs\/","name":"Harvey Spa Hotel","description":"","potentialAction":[{"@type":"SearchAction","target":{"@type":"EntryPoint","urlTemplate":"https:\/\/www.harveyspahotel.com\/cs\/?s={search_term_string}"},"query-input":"required name=search_term_string"}],"inLanguage":"cs"}]}},"acf":[],"_links":{"self":[{"href":"https:\/\/www.harveyspahotel.com\/cs\/wp-json\/wp\/v2\/pages\/111"}],"collection":[{"href":"https:\/\/www.harveyspahotel.com\/cs\/wp-json\/wp\/v2\/pages"}],"about":[{"href":"https:\/\/www.harveyspahotel.com\/cs\/wp-json\/wp\/v2\/types\/page"}],"author":[{"embeddable":true,"href":"https:\/\/www.harveyspahotel.com\/cs\/wp-json\/wp\/v2\/users\/11"}],"replies":[{"embeddable":true,"href":"https:\/\/www.harveyspahotel.com\/cs\/wp-json\/wp\/v2\/comments?post=111"}],"version-history":[{"count":0,"href":"https:\/\/www.harveyspahotel.com\/cs\/wp-json\/wp\/v2\/pages\/111\/revisions"}],"up":[{"embeddable":true,"href":"https:\/\/www.harveyspahotel.com\/cs\/wp-json\/wp\/v2\/pages\/27"}],"wp:attachment":[{"href":"https:\/\/www.harveyspahotel.com\/cs\/wp-json\/wp\/v2\/media?parent=111"}],"curies":[{"name":"wp","href":"https:\/\/api.w.org\/{rel}","templated":true}]}}