{"id":123,"date":"2023-06-06T08:44:54","date_gmt":"2023-06-06T08:44:54","guid":{"rendered":"https:\/\/harvey-spa-hotel.ms2.decms.eu\/specialni-nabidky\/wellness-stay\/"},"modified":"2025-08-29T08:32:48","modified_gmt":"2025-08-29T08:32:48","slug":"wellness-pobyt","status":"publish","type":"page","link":"https:\/\/www.harveyspahotel.com\/cs\/vas-nezapomenutelny-pobyt-ve-frantiskovych-laznich\/wellness-pobyt\/","title":{"rendered":"Wellness pobyt"},"content":{"rendered":"<p style=\"text-align: center\"><span data-sheets-value=\"{&quot;1&quot;:2,&quot;2&quot;:&quot;To prav\u00e9 pro milovn\u00edky wellness! Napl\u00e1nujte si cestu k n\u00e1m a denn\u011b si dop\u0159ejte n\u011bkterou z nab\u00edzen\u00fdch procedur v cen\u011b bal\u00ed\u010dku. Aroma mas\u00e1\u017e, fango z\u00e1bal, \u010di perli\u010dkov\u00e1 koupel, a tak\u00e9 polopenze, je z\u00e1rukou p\u0159\u00edjemn\u00e9ho pobytu v Harvey Spa Hotelu. Voln\u00fd vstup do hotelov\u00e9ho wellness je v cen\u011b. &quot;}\" data-sheets-userformat=\"{&quot;2&quot;:14655,&quot;3&quot;:{&quot;1&quot;:0,&quot;3&quot;:1},&quot;4&quot;:{&quot;1&quot;:2,&quot;2&quot;:15065068},&quot;5&quot;:{&quot;1&quot;:[{&quot;1&quot;:2,&quot;2&quot;:0,&quot;5&quot;:{&quot;1&quot;:2,&quot;2&quot;:0}},{&quot;1&quot;:0,&quot;2&quot;:0,&quot;3&quot;:3},{&quot;1&quot;:1,&quot;2&quot;:0,&quot;4&quot;:1}]},&quot;6&quot;:{&quot;1&quot;:[{&quot;1&quot;:2,&quot;2&quot;:0,&quot;5&quot;:{&quot;1&quot;:2,&quot;2&quot;:0}},{&quot;1&quot;:0,&quot;2&quot;:0,&quot;3&quot;:3},{&quot;1&quot;:1,&quot;2&quot;:0,&quot;4&quot;:1}]},&quot;7&quot;:{&quot;1&quot;:[{&quot;1&quot;:2,&quot;2&quot;:0,&quot;5&quot;:{&quot;1&quot;:2,&quot;2&quot;:0}},{&quot;1&quot;:0,&quot;2&quot;:0,&quot;3&quot;:3},{&quot;1&quot;:1,&quot;2&quot;:0,&quot;4&quot;:1}]},&quot;8&quot;:{&quot;1&quot;:[{&quot;1&quot;:2,&quot;2&quot;:0,&quot;5&quot;:{&quot;1&quot;:2,&quot;2&quot;:0}},{&quot;1&quot;:0,&quot;2&quot;:0,&quot;3&quot;:3},{&quot;1&quot;:1,&quot;2&quot;:0,&quot;4&quot;:1}]},&quot;11&quot;:4,&quot;14&quot;:{&quot;1&quot;:3,&quot;3&quot;:1},&quot;15&quot;:&quot;Twentieth Century&quot;,&quot;16&quot;:10}\">To prav\u00e9 pro milovn\u00edky wellness! <\/span><\/p>\n<p style=\"text-align: center\"><span data-sheets-value=\"{&quot;1&quot;:2,&quot;2&quot;:&quot;To prav\u00e9 pro milovn\u00edky wellness! Napl\u00e1nujte si cestu k n\u00e1m a denn\u011b si dop\u0159ejte n\u011bkterou z nab\u00edzen\u00fdch procedur v cen\u011b bal\u00ed\u010dku. Aroma mas\u00e1\u017e, fango z\u00e1bal, \u010di perli\u010dkov\u00e1 koupel, a tak\u00e9 polopenze, je z\u00e1rukou p\u0159\u00edjemn\u00e9ho pobytu v Harvey Spa Hotelu. Voln\u00fd vstup do hotelov\u00e9ho wellness je v cen\u011b. &quot;}\" data-sheets-userformat=\"{&quot;2&quot;:14655,&quot;3&quot;:{&quot;1&quot;:0,&quot;3&quot;:1},&quot;4&quot;:{&quot;1&quot;:2,&quot;2&quot;:15065068},&quot;5&quot;:{&quot;1&quot;:[{&quot;1&quot;:2,&quot;2&quot;:0,&quot;5&quot;:{&quot;1&quot;:2,&quot;2&quot;:0}},{&quot;1&quot;:0,&quot;2&quot;:0,&quot;3&quot;:3},{&quot;1&quot;:1,&quot;2&quot;:0,&quot;4&quot;:1}]},&quot;6&quot;:{&quot;1&quot;:[{&quot;1&quot;:2,&quot;2&quot;:0,&quot;5&quot;:{&quot;1&quot;:2,&quot;2&quot;:0}},{&quot;1&quot;:0,&quot;2&quot;:0,&quot;3&quot;:3},{&quot;1&quot;:1,&quot;2&quot;:0,&quot;4&quot;:1}]},&quot;7&quot;:{&quot;1&quot;:[{&quot;1&quot;:2,&quot;2&quot;:0,&quot;5&quot;:{&quot;1&quot;:2,&quot;2&quot;:0}},{&quot;1&quot;:0,&quot;2&quot;:0,&quot;3&quot;:3},{&quot;1&quot;:1,&quot;2&quot;:0,&quot;4&quot;:1}]},&quot;8&quot;:{&quot;1&quot;:[{&quot;1&quot;:2,&quot;2&quot;:0,&quot;5&quot;:{&quot;1&quot;:2,&quot;2&quot;:0}},{&quot;1&quot;:0,&quot;2&quot;:0,&quot;3&quot;:3},{&quot;1&quot;:1,&quot;2&quot;:0,&quot;4&quot;:1}]},&quot;11&quot;:4,&quot;14&quot;:{&quot;1&quot;:3,&quot;3&quot;:1},&quot;15&quot;:&quot;Twentieth Century&quot;,&quot;16&quot;:10}\">Napl\u00e1nujte si cestu k n\u00e1m a denn\u011b si dop\u0159ejte n\u011bkterou z nab\u00edzen\u00fdch procedur v cen\u011b bal\u00ed\u010dku.<br \/>\nAroma mas\u00e1\u017e \u010di perli\u010dkov\u00e1 koupel, a tak\u00e9 polopenze, je z\u00e1rukou p\u0159\u00edjemn\u00e9ho pobytu v hotelu Harvey Spa. Vstup do hotelov\u00e9ho baz\u00e9nu, fitness a sauny zdarma!<\/span><\/p>\n","protected":false},"excerpt":{"rendered":"<p>To prav\u00e9 pro milovn\u00edky wellness! Napl\u00e1nujte si cestu k n\u00e1m a denn\u011b si dop\u0159ejte n\u011bkterou z nab\u00edzen\u00fdch procedur v cen\u011b bal\u00ed\u010dku. Aroma mas\u00e1\u017e \u010di perli\u010dkov\u00e1 koupel, a tak\u00e9 polopenze, je z\u00e1rukou p\u0159\u00edjemn\u00e9ho pobytu v hotelu Harvey Spa. Vstup do hotelov\u00e9ho baz\u00e9nu, fitness a sauny zdarma!<\/p>\n","protected":false},"author":11,"featured_media":0,"parent":27,"menu_order":7,"comment_status":"closed","ping_status":"closed","template":"template-single-treatments.php","meta":{"footnotes":""},"yoast_head":"<!-- This site is optimized with the Yoast SEO plugin v22.3 - https:\/\/yoast.com\/wordpress\/plugins\/seo\/ -->\n<title>Wellness pobyt | Harvey Spa Hotel<\/title>\n<meta name=\"description\" content=\"To prav\u00e9 pro milovn\u00edky wellness! Napl\u00e1nujte si cestu k n\u00e1m a u\u017eijte si par\u00e1dn\u00ed pobyt u n\u00e1s. Voln\u00fd vstup do hotelov\u00e9 sauny a baz\u00e9nu je v cen\u011b.\" \/>\n<meta name=\"robots\" content=\"index, follow, max-snippet:-1, max-image-preview:large, max-video-preview:-1\" \/>\n<link rel=\"canonical\" href=\"https:\/\/www.harveyspahotel.com\/cs\/vas-nezapomenutelny-pobyt-ve-frantiskovych-laznich\/wellness-pobyt\/\" \/>\n<meta property=\"og:locale\" content=\"cs_CZ\" \/>\n<meta property=\"og:type\" content=\"article\" \/>\n<meta property=\"og:title\" content=\"Wellness pobyt | Harvey Spa Hotel\" \/>\n<meta property=\"og:description\" content=\"To prav\u00e9 pro milovn\u00edky wellness! Napl\u00e1nujte si cestu k n\u00e1m a u\u017eijte si par\u00e1dn\u00ed pobyt u n\u00e1s. Voln\u00fd vstup do hotelov\u00e9 sauny a baz\u00e9nu je v cen\u011b.\" \/>\n<meta property=\"og:url\" content=\"https:\/\/www.harveyspahotel.com\/cs\/vas-nezapomenutelny-pobyt-ve-frantiskovych-laznich\/wellness-pobyt\/\" \/>\n<meta property=\"og:site_name\" content=\"Harvey Spa Hotel\" \/>\n<meta property=\"article:modified_time\" content=\"2025-08-29T08:32:48+00:00\" \/>\n<meta name=\"twitter:card\" content=\"summary_large_image\" \/>\n<meta name=\"twitter:label1\" content=\"Odhadovan\u00e1 doba \u010dten\u00ed\" \/>\n\t<meta name=\"twitter:data1\" content=\"1 minuta\" \/>\n<script type=\"application\/ld+json\" class=\"yoast-schema-graph\">{\"@context\":\"https:\/\/schema.org\",\"@graph\":[{\"@type\":\"WebPage\",\"@id\":\"https:\/\/www.harveyspahotel.com\/cs\/vas-nezapomenutelny-pobyt-ve-frantiskovych-laznich\/wellness-pobyt\/\",\"url\":\"https:\/\/www.harveyspahotel.com\/cs\/vas-nezapomenutelny-pobyt-ve-frantiskovych-laznich\/wellness-pobyt\/\",\"name\":\"Wellness pobyt | Harvey Spa Hotel\",\"isPartOf\":{\"@id\":\"https:\/\/www.harveyspahotel.com\/cs\/#website\"},\"datePublished\":\"2023-06-06T08:44:54+00:00\",\"dateModified\":\"2025-08-29T08:32:48+00:00\",\"description\":\"To prav\u00e9 pro milovn\u00edky wellness! Napl\u00e1nujte si cestu k n\u00e1m a u\u017eijte si par\u00e1dn\u00ed pobyt u n\u00e1s. Voln\u00fd vstup do hotelov\u00e9 sauny a baz\u00e9nu je v cen\u011b.\",\"breadcrumb\":{\"@id\":\"https:\/\/www.harveyspahotel.com\/cs\/vas-nezapomenutelny-pobyt-ve-frantiskovych-laznich\/wellness-pobyt\/#breadcrumb\"},\"inLanguage\":\"cs\",\"potentialAction\":[{\"@type\":\"ReadAction\",\"target\":[\"https:\/\/www.harveyspahotel.com\/cs\/vas-nezapomenutelny-pobyt-ve-frantiskovych-laznich\/wellness-pobyt\/\"]}]},{\"@type\":\"BreadcrumbList\",\"@id\":\"https:\/\/www.harveyspahotel.com\/cs\/vas-nezapomenutelny-pobyt-ve-frantiskovych-laznich\/wellness-pobyt\/#breadcrumb\",\"itemListElement\":[{\"@type\":\"ListItem\",\"position\":1,\"name\":\"Home\",\"item\":\"https:\/\/www.harveyspahotel.com\/cs\/\"},{\"@type\":\"ListItem\",\"position\":2,\"name\":\"V\u00e1\u0161 nezapomenuteln\u00fd pobyt\",\"item\":\"https:\/\/www.harveyspahotel.com\/cs\/vas-nezapomenutelny-pobyt-ve-frantiskovych-laznich\/\"},{\"@type\":\"ListItem\",\"position\":3,\"name\":\"Wellness pobyt\"}]},{\"@type\":\"WebSite\",\"@id\":\"https:\/\/www.harveyspahotel.com\/cs\/#website\",\"url\":\"https:\/\/www.harveyspahotel.com\/cs\/\",\"name\":\"Harvey Spa Hotel\",\"description\":\"\",\"potentialAction\":[{\"@type\":\"SearchAction\",\"target\":{\"@type\":\"EntryPoint\",\"urlTemplate\":\"https:\/\/www.harveyspahotel.com\/cs\/?s={search_term_string}\"},\"query-input\":\"required name=search_term_string\"}],\"inLanguage\":\"cs\"}]}<\/script>\n<!-- \/ Yoast SEO plugin. -->","yoast_head_json":{"title":"Wellness pobyt | Harvey Spa Hotel","description":"To prav\u00e9 pro milovn\u00edky wellness! Napl\u00e1nujte si cestu k n\u00e1m a u\u017eijte si par\u00e1dn\u00ed pobyt u n\u00e1s. Voln\u00fd vstup do hotelov\u00e9 sauny a baz\u00e9nu je v cen\u011b.","robots":{"index":"index","follow":"follow","max-snippet":"max-snippet:-1","max-image-preview":"max-image-preview:large","max-video-preview":"max-video-preview:-1"},"canonical":"https:\/\/www.harveyspahotel.com\/cs\/vas-nezapomenutelny-pobyt-ve-frantiskovych-laznich\/wellness-pobyt\/","og_locale":"cs_CZ","og_type":"article","og_title":"Wellness pobyt | Harvey Spa Hotel","og_description":"To prav\u00e9 pro milovn\u00edky wellness! Napl\u00e1nujte si cestu k n\u00e1m a u\u017eijte si par\u00e1dn\u00ed pobyt u n\u00e1s. Voln\u00fd vstup do hotelov\u00e9 sauny a baz\u00e9nu je v cen\u011b.","og_url":"https:\/\/www.harveyspahotel.com\/cs\/vas-nezapomenutelny-pobyt-ve-frantiskovych-laznich\/wellness-pobyt\/","og_site_name":"Harvey Spa Hotel","article_modified_time":"2025-08-29T08:32:48+00:00","twitter_card":"summary_large_image","twitter_misc":{"Odhadovan\u00e1 doba \u010dten\u00ed":"1 minuta"},"schema":{"@context":"https:\/\/schema.org","@graph":[{"@type":"WebPage","@id":"https:\/\/www.harveyspahotel.com\/cs\/vas-nezapomenutelny-pobyt-ve-frantiskovych-laznich\/wellness-pobyt\/","url":"https:\/\/www.harveyspahotel.com\/cs\/vas-nezapomenutelny-pobyt-ve-frantiskovych-laznich\/wellness-pobyt\/","name":"Wellness pobyt | Harvey Spa Hotel","isPartOf":{"@id":"https:\/\/www.harveyspahotel.com\/cs\/#website"},"datePublished":"2023-06-06T08:44:54+00:00","dateModified":"2025-08-29T08:32:48+00:00","description":"To prav\u00e9 pro milovn\u00edky wellness! Napl\u00e1nujte si cestu k n\u00e1m a u\u017eijte si par\u00e1dn\u00ed pobyt u n\u00e1s. Voln\u00fd vstup do hotelov\u00e9 sauny a baz\u00e9nu je v cen\u011b.","breadcrumb":{"@id":"https:\/\/www.harveyspahotel.com\/cs\/vas-nezapomenutelny-pobyt-ve-frantiskovych-laznich\/wellness-pobyt\/#breadcrumb"},"inLanguage":"cs","potentialAction":[{"@type":"ReadAction","target":["https:\/\/www.harveyspahotel.com\/cs\/vas-nezapomenutelny-pobyt-ve-frantiskovych-laznich\/wellness-pobyt\/"]}]},{"@type":"BreadcrumbList","@id":"https:\/\/www.harveyspahotel.com\/cs\/vas-nezapomenutelny-pobyt-ve-frantiskovych-laznich\/wellness-pobyt\/#breadcrumb","itemListElement":[{"@type":"ListItem","position":1,"name":"Home","item":"https:\/\/www.harveyspahotel.com\/cs\/"},{"@type":"ListItem","position":2,"name":"V\u00e1\u0161 nezapomenuteln\u00fd pobyt","item":"https:\/\/www.harveyspahotel.com\/cs\/vas-nezapomenutelny-pobyt-ve-frantiskovych-laznich\/"},{"@type":"ListItem","position":3,"name":"Wellness pobyt"}]},{"@type":"WebSite","@id":"https:\/\/www.harveyspahotel.com\/cs\/#website","url":"https:\/\/www.harveyspahotel.com\/cs\/","name":"Harvey Spa Hotel","description":"","potentialAction":[{"@type":"SearchAction","target":{"@type":"EntryPoint","urlTemplate":"https:\/\/www.harveyspahotel.com\/cs\/?s={search_term_string}"},"query-input":"required name=search_term_string"}],"inLanguage":"cs"}]}},"acf":[],"_links":{"self":[{"href":"https:\/\/www.harveyspahotel.com\/cs\/wp-json\/wp\/v2\/pages\/123"}],"collection":[{"href":"https:\/\/www.harveyspahotel.com\/cs\/wp-json\/wp\/v2\/pages"}],"about":[{"href":"https:\/\/www.harveyspahotel.com\/cs\/wp-json\/wp\/v2\/types\/page"}],"author":[{"embeddable":true,"href":"https:\/\/www.harveyspahotel.com\/cs\/wp-json\/wp\/v2\/users\/11"}],"replies":[{"embeddable":true,"href":"https:\/\/www.harveyspahotel.com\/cs\/wp-json\/wp\/v2\/comments?post=123"}],"version-history":[{"count":0,"href":"https:\/\/www.harveyspahotel.com\/cs\/wp-json\/wp\/v2\/pages\/123\/revisions"}],"up":[{"embeddable":true,"href":"https:\/\/www.harveyspahotel.com\/cs\/wp-json\/wp\/v2\/pages\/27"}],"wp:attachment":[{"href":"https:\/\/www.harveyspahotel.com\/cs\/wp-json\/wp\/v2\/media?parent=123"}],"curies":[{"name":"wp","href":"https:\/\/api.w.org\/{rel}","templated":true}]}}