{"id":127,"date":"2023-06-21T15:27:59","date_gmt":"2023-06-21T15:27:59","guid":{"rendered":"https:\/\/harvey-spa-hotel.ms2.decms.eu\/?page_id=127"},"modified":"2024-08-20T09:02:48","modified_gmt":"2024-08-20T09:02:48","slug":"10-off-pri-rezervaci-na-nasich-strankach","status":"publish","type":"page","link":"https:\/\/www.harveyspahotel.com\/cs\/specialni-nabidky\/10-off-pri-rezervaci-na-nasich-strankach\/","title":{"rendered":"Sleva 10% p\u0159i rezervaci na na\u0161ich str\u00e1nk\u00e1ch"},"content":{"rendered":"<p style=\"text-align: center\">Ud\u011blat rezervaci nebylo nikdy v\u00fdhodn\u011bj\u0161\u00ed.<br \/>\nNev\u00e1hejte a vyu\u017eijte na\u0161i priv\u00e1tn\u00ed nab\u00eddku, kde z\u00edsk\u00e1te 10% slevu p\u0159i rezervaci na na\u0161\u00ed\u00a0 webov\u00e9 str\u00e1nce.<\/p>\n","protected":false},"excerpt":{"rendered":"<p>Ud\u011blat rezervaci nebylo nikdy v\u00fdhodn\u011bj\u0161\u00ed. Nev\u00e1hejte a vyu\u017eijte na\u0161i priv\u00e1tn\u00ed nab\u00eddku, kde z\u00edsk\u00e1te 10% slevu p\u0159i rezervaci na na\u0161\u00ed\u00a0 webov\u00e9 str\u00e1nce.<\/p>\n","protected":false},"author":11,"featured_media":0,"parent":36,"menu_order":8,"comment_status":"closed","ping_status":"closed","template":"template-single-offer.php","meta":{"footnotes":""},"yoast_head":"<!-- This site is optimized with the Yoast SEO plugin v22.3 - https:\/\/yoast.com\/wordpress\/plugins\/seo\/ -->\n<title>10% sleva na na\u0161ich str\u00e1nk\u00e1ch | Harvey Spa Hotel<\/title>\n<meta name=\"description\" content=\"Vyu\u017eijte 10% slevu z pultov\u00e9 ceny p\u0159i pou\u017eit\u00ed speci\u00e1ln\u00edho k\u00f3du Harvey na na\u0161em webu k p\u0159\u00edm\u00e9 rezervaci a u\u017eijte si v\u00fdhodn\u011b pobyt u n\u00e1s.\" \/>\n<meta name=\"robots\" content=\"index, follow, max-snippet:-1, max-image-preview:large, max-video-preview:-1\" \/>\n<link rel=\"canonical\" href=\"https:\/\/www.harveyspahotel.com\/cs\/specialni-nabidky\/10-off-pri-rezervaci-na-nasich-strankach\/\" \/>\n<meta property=\"og:locale\" content=\"cs_CZ\" \/>\n<meta property=\"og:type\" content=\"article\" \/>\n<meta property=\"og:title\" content=\"10% sleva na na\u0161ich str\u00e1nk\u00e1ch | Harvey Spa Hotel\" \/>\n<meta property=\"og:description\" content=\"Vyu\u017eijte 10% slevu z pultov\u00e9 ceny p\u0159i pou\u017eit\u00ed speci\u00e1ln\u00edho k\u00f3du Harvey na na\u0161em webu k p\u0159\u00edm\u00e9 rezervaci a u\u017eijte si v\u00fdhodn\u011b pobyt u n\u00e1s.\" \/>\n<meta property=\"og:url\" content=\"https:\/\/www.harveyspahotel.com\/cs\/specialni-nabidky\/10-off-pri-rezervaci-na-nasich-strankach\/\" \/>\n<meta property=\"og:site_name\" content=\"Harvey Spa Hotel\" \/>\n<meta property=\"article:modified_time\" content=\"2024-08-20T09:02:48+00:00\" \/>\n<meta name=\"twitter:card\" content=\"summary_large_image\" \/>\n<meta name=\"twitter:label1\" content=\"Odhadovan\u00e1 doba \u010dten\u00ed\" \/>\n\t<meta name=\"twitter:data1\" content=\"1 minuta\" \/>\n<script type=\"application\/ld+json\" class=\"yoast-schema-graph\">{\"@context\":\"https:\/\/schema.org\",\"@graph\":[{\"@type\":\"WebPage\",\"@id\":\"https:\/\/www.harveyspahotel.com\/cs\/specialni-nabidky\/10-off-pri-rezervaci-na-nasich-strankach\/\",\"url\":\"https:\/\/www.harveyspahotel.com\/cs\/specialni-nabidky\/10-off-pri-rezervaci-na-nasich-strankach\/\",\"name\":\"10% sleva na na\u0161ich str\u00e1nk\u00e1ch | Harvey Spa Hotel\",\"isPartOf\":{\"@id\":\"https:\/\/www.harveyspahotel.com\/cs\/#website\"},\"datePublished\":\"2023-06-21T15:27:59+00:00\",\"dateModified\":\"2024-08-20T09:02:48+00:00\",\"description\":\"Vyu\u017eijte 10% slevu z pultov\u00e9 ceny p\u0159i pou\u017eit\u00ed speci\u00e1ln\u00edho k\u00f3du Harvey na na\u0161em webu k p\u0159\u00edm\u00e9 rezervaci a u\u017eijte si v\u00fdhodn\u011b pobyt u n\u00e1s.\",\"breadcrumb\":{\"@id\":\"https:\/\/www.harveyspahotel.com\/cs\/specialni-nabidky\/10-off-pri-rezervaci-na-nasich-strankach\/#breadcrumb\"},\"inLanguage\":\"cs\",\"potentialAction\":[{\"@type\":\"ReadAction\",\"target\":[\"https:\/\/www.harveyspahotel.com\/cs\/specialni-nabidky\/10-off-pri-rezervaci-na-nasich-strankach\/\"]}]},{\"@type\":\"BreadcrumbList\",\"@id\":\"https:\/\/www.harveyspahotel.com\/cs\/specialni-nabidky\/10-off-pri-rezervaci-na-nasich-strankach\/#breadcrumb\",\"itemListElement\":[{\"@type\":\"ListItem\",\"position\":1,\"name\":\"Home\",\"item\":\"https:\/\/www.harveyspahotel.com\/cs\/\"},{\"@type\":\"ListItem\",\"position\":2,\"name\":\"Speci\u00e1ln\u00ed nab\u00eddky\",\"item\":\"https:\/\/www.harveyspahotel.com\/cs\/specialni-nabidky\/\"},{\"@type\":\"ListItem\",\"position\":3,\"name\":\"Sleva 10% p\u0159i rezervaci na na\u0161ich str\u00e1nk\u00e1ch\"}]},{\"@type\":\"WebSite\",\"@id\":\"https:\/\/www.harveyspahotel.com\/cs\/#website\",\"url\":\"https:\/\/www.harveyspahotel.com\/cs\/\",\"name\":\"Harvey Spa Hotel\",\"description\":\"\",\"potentialAction\":[{\"@type\":\"SearchAction\",\"target\":{\"@type\":\"EntryPoint\",\"urlTemplate\":\"https:\/\/www.harveyspahotel.com\/cs\/?s={search_term_string}\"},\"query-input\":\"required name=search_term_string\"}],\"inLanguage\":\"cs\"}]}<\/script>\n<!-- \/ Yoast SEO plugin. -->","yoast_head_json":{"title":"10% sleva na na\u0161ich str\u00e1nk\u00e1ch | Harvey Spa Hotel","description":"Vyu\u017eijte 10% slevu z pultov\u00e9 ceny p\u0159i pou\u017eit\u00ed speci\u00e1ln\u00edho k\u00f3du Harvey na na\u0161em webu k p\u0159\u00edm\u00e9 rezervaci a u\u017eijte si v\u00fdhodn\u011b pobyt u n\u00e1s.","robots":{"index":"index","follow":"follow","max-snippet":"max-snippet:-1","max-image-preview":"max-image-preview:large","max-video-preview":"max-video-preview:-1"},"canonical":"https:\/\/www.harveyspahotel.com\/cs\/specialni-nabidky\/10-off-pri-rezervaci-na-nasich-strankach\/","og_locale":"cs_CZ","og_type":"article","og_title":"10% sleva na na\u0161ich str\u00e1nk\u00e1ch | Harvey Spa Hotel","og_description":"Vyu\u017eijte 10% slevu z pultov\u00e9 ceny p\u0159i pou\u017eit\u00ed speci\u00e1ln\u00edho k\u00f3du Harvey na na\u0161em webu k p\u0159\u00edm\u00e9 rezervaci a u\u017eijte si v\u00fdhodn\u011b pobyt u n\u00e1s.","og_url":"https:\/\/www.harveyspahotel.com\/cs\/specialni-nabidky\/10-off-pri-rezervaci-na-nasich-strankach\/","og_site_name":"Harvey Spa Hotel","article_modified_time":"2024-08-20T09:02:48+00:00","twitter_card":"summary_large_image","twitter_misc":{"Odhadovan\u00e1 doba \u010dten\u00ed":"1 minuta"},"schema":{"@context":"https:\/\/schema.org","@graph":[{"@type":"WebPage","@id":"https:\/\/www.harveyspahotel.com\/cs\/specialni-nabidky\/10-off-pri-rezervaci-na-nasich-strankach\/","url":"https:\/\/www.harveyspahotel.com\/cs\/specialni-nabidky\/10-off-pri-rezervaci-na-nasich-strankach\/","name":"10% sleva na na\u0161ich str\u00e1nk\u00e1ch | Harvey Spa Hotel","isPartOf":{"@id":"https:\/\/www.harveyspahotel.com\/cs\/#website"},"datePublished":"2023-06-21T15:27:59+00:00","dateModified":"2024-08-20T09:02:48+00:00","description":"Vyu\u017eijte 10% slevu z pultov\u00e9 ceny p\u0159i pou\u017eit\u00ed speci\u00e1ln\u00edho k\u00f3du Harvey na na\u0161em webu k p\u0159\u00edm\u00e9 rezervaci a u\u017eijte si v\u00fdhodn\u011b pobyt u n\u00e1s.","breadcrumb":{"@id":"https:\/\/www.harveyspahotel.com\/cs\/specialni-nabidky\/10-off-pri-rezervaci-na-nasich-strankach\/#breadcrumb"},"inLanguage":"cs","potentialAction":[{"@type":"ReadAction","target":["https:\/\/www.harveyspahotel.com\/cs\/specialni-nabidky\/10-off-pri-rezervaci-na-nasich-strankach\/"]}]},{"@type":"BreadcrumbList","@id":"https:\/\/www.harveyspahotel.com\/cs\/specialni-nabidky\/10-off-pri-rezervaci-na-nasich-strankach\/#breadcrumb","itemListElement":[{"@type":"ListItem","position":1,"name":"Home","item":"https:\/\/www.harveyspahotel.com\/cs\/"},{"@type":"ListItem","position":2,"name":"Speci\u00e1ln\u00ed nab\u00eddky","item":"https:\/\/www.harveyspahotel.com\/cs\/specialni-nabidky\/"},{"@type":"ListItem","position":3,"name":"Sleva 10% p\u0159i rezervaci na na\u0161ich str\u00e1nk\u00e1ch"}]},{"@type":"WebSite","@id":"https:\/\/www.harveyspahotel.com\/cs\/#website","url":"https:\/\/www.harveyspahotel.com\/cs\/","name":"Harvey Spa Hotel","description":"","potentialAction":[{"@type":"SearchAction","target":{"@type":"EntryPoint","urlTemplate":"https:\/\/www.harveyspahotel.com\/cs\/?s={search_term_string}"},"query-input":"required name=search_term_string"}],"inLanguage":"cs"}]}},"acf":[],"_links":{"self":[{"href":"https:\/\/www.harveyspahotel.com\/cs\/wp-json\/wp\/v2\/pages\/127"}],"collection":[{"href":"https:\/\/www.harveyspahotel.com\/cs\/wp-json\/wp\/v2\/pages"}],"about":[{"href":"https:\/\/www.harveyspahotel.com\/cs\/wp-json\/wp\/v2\/types\/page"}],"author":[{"embeddable":true,"href":"https:\/\/www.harveyspahotel.com\/cs\/wp-json\/wp\/v2\/users\/11"}],"replies":[{"embeddable":true,"href":"https:\/\/www.harveyspahotel.com\/cs\/wp-json\/wp\/v2\/comments?post=127"}],"version-history":[{"count":0,"href":"https:\/\/www.harveyspahotel.com\/cs\/wp-json\/wp\/v2\/pages\/127\/revisions"}],"up":[{"embeddable":true,"href":"https:\/\/www.harveyspahotel.com\/cs\/wp-json\/wp\/v2\/pages\/36"}],"wp:attachment":[{"href":"https:\/\/www.harveyspahotel.com\/cs\/wp-json\/wp\/v2\/media?parent=127"}],"curies":[{"name":"wp","href":"https:\/\/api.w.org\/{rel}","templated":true}]}}