{"id":169,"date":"2023-06-06T09:45:03","date_gmt":"2023-06-06T09:45:03","guid":{"rendered":"https:\/\/harvey-spa-hotel.ms2.decms.eu\/sitemap\/"},"modified":"2023-08-08T11:57:36","modified_gmt":"2023-08-08T11:57:36","slug":"mapa-webu","status":"publish","type":"page","link":"https:\/\/www.harveyspahotel.com\/cs\/mapa-webu\/","title":{"rendered":"Mapa Webu"},"content":{"rendered":"","protected":false},"excerpt":{"rendered":"","protected":false},"author":11,"featured_media":0,"parent":0,"menu_order":170,"comment_status":"closed","ping_status":"closed","template":"template-sitemap.php","meta":{"footnotes":""},"yoast_head":"<!-- This site is optimized with the Yoast SEO plugin v22.3 - https:\/\/yoast.com\/wordpress\/plugins\/seo\/ -->\n<title>Mapa Webu - Harvey Spa Hotel -<\/title>\n<meta name=\"description\" content=\"Harvey Spa Hotel se nach\u00e1z\u00ed v bl\u00edzkosti centr\u00e1ln\u00edho lesoparku ve Franti\u0161kov\u00fdch L\u00e1zn\u00edch, 900 metr\u016f od vlakov\u00e9ho n\u00e1dra\u017e\u00ed\" \/>\n<meta name=\"robots\" content=\"index, follow, max-snippet:-1, max-image-preview:large, max-video-preview:-1\" \/>\n<link rel=\"canonical\" href=\"https:\/\/www.harveyspahotel.com\/cs\/mapa-webu\/\" \/>\n<meta property=\"og:locale\" content=\"cs_CZ\" \/>\n<meta property=\"og:type\" content=\"article\" \/>\n<meta property=\"og:title\" content=\"Mapa Webu - Harvey Spa Hotel -\" \/>\n<meta property=\"og:description\" content=\"Harvey Spa Hotel se nach\u00e1z\u00ed v bl\u00edzkosti centr\u00e1ln\u00edho lesoparku ve Franti\u0161kov\u00fdch L\u00e1zn\u00edch, 900 metr\u016f od vlakov\u00e9ho n\u00e1dra\u017e\u00ed\" \/>\n<meta property=\"og:url\" content=\"https:\/\/www.harveyspahotel.com\/cs\/mapa-webu\/\" \/>\n<meta property=\"og:site_name\" content=\"Harvey Spa Hotel\" \/>\n<meta property=\"article:modified_time\" content=\"2023-08-08T11:57:36+00:00\" \/>\n<meta name=\"twitter:card\" content=\"summary_large_image\" \/>\n<script type=\"application\/ld+json\" class=\"yoast-schema-graph\">{\"@context\":\"https:\/\/schema.org\",\"@graph\":[{\"@type\":\"WebPage\",\"@id\":\"https:\/\/www.harveyspahotel.com\/cs\/mapa-webu\/\",\"url\":\"https:\/\/www.harveyspahotel.com\/cs\/mapa-webu\/\",\"name\":\"Mapa Webu - Harvey Spa Hotel -\",\"isPartOf\":{\"@id\":\"https:\/\/www.harveyspahotel.com\/cs\/#website\"},\"datePublished\":\"2023-06-06T09:45:03+00:00\",\"dateModified\":\"2023-08-08T11:57:36+00:00\",\"description\":\"Harvey Spa Hotel se nach\u00e1z\u00ed v bl\u00edzkosti centr\u00e1ln\u00edho lesoparku ve Franti\u0161kov\u00fdch L\u00e1zn\u00edch, 900 metr\u016f od vlakov\u00e9ho n\u00e1dra\u017e\u00ed\",\"breadcrumb\":{\"@id\":\"https:\/\/www.harveyspahotel.com\/cs\/mapa-webu\/#breadcrumb\"},\"inLanguage\":\"cs\",\"potentialAction\":[{\"@type\":\"ReadAction\",\"target\":[\"https:\/\/www.harveyspahotel.com\/cs\/mapa-webu\/\"]}]},{\"@type\":\"BreadcrumbList\",\"@id\":\"https:\/\/www.harveyspahotel.com\/cs\/mapa-webu\/#breadcrumb\",\"itemListElement\":[{\"@type\":\"ListItem\",\"position\":1,\"name\":\"Home\",\"item\":\"https:\/\/www.harveyspahotel.com\/cs\/\"},{\"@type\":\"ListItem\",\"position\":2,\"name\":\"Mapa Webu\"}]},{\"@type\":\"WebSite\",\"@id\":\"https:\/\/www.harveyspahotel.com\/cs\/#website\",\"url\":\"https:\/\/www.harveyspahotel.com\/cs\/\",\"name\":\"Harvey Spa Hotel\",\"description\":\"\",\"potentialAction\":[{\"@type\":\"SearchAction\",\"target\":{\"@type\":\"EntryPoint\",\"urlTemplate\":\"https:\/\/www.harveyspahotel.com\/cs\/?s={search_term_string}\"},\"query-input\":\"required name=search_term_string\"}],\"inLanguage\":\"cs\"}]}<\/script>\n<!-- \/ Yoast SEO plugin. -->","yoast_head_json":{"title":"Mapa Webu - Harvey Spa Hotel -","description":"Harvey Spa Hotel se nach\u00e1z\u00ed v bl\u00edzkosti centr\u00e1ln\u00edho lesoparku ve Franti\u0161kov\u00fdch L\u00e1zn\u00edch, 900 metr\u016f od vlakov\u00e9ho n\u00e1dra\u017e\u00ed","robots":{"index":"index","follow":"follow","max-snippet":"max-snippet:-1","max-image-preview":"max-image-preview:large","max-video-preview":"max-video-preview:-1"},"canonical":"https:\/\/www.harveyspahotel.com\/cs\/mapa-webu\/","og_locale":"cs_CZ","og_type":"article","og_title":"Mapa Webu - Harvey Spa Hotel -","og_description":"Harvey Spa Hotel se nach\u00e1z\u00ed v bl\u00edzkosti centr\u00e1ln\u00edho lesoparku ve Franti\u0161kov\u00fdch L\u00e1zn\u00edch, 900 metr\u016f od vlakov\u00e9ho n\u00e1dra\u017e\u00ed","og_url":"https:\/\/www.harveyspahotel.com\/cs\/mapa-webu\/","og_site_name":"Harvey Spa Hotel","article_modified_time":"2023-08-08T11:57:36+00:00","twitter_card":"summary_large_image","schema":{"@context":"https:\/\/schema.org","@graph":[{"@type":"WebPage","@id":"https:\/\/www.harveyspahotel.com\/cs\/mapa-webu\/","url":"https:\/\/www.harveyspahotel.com\/cs\/mapa-webu\/","name":"Mapa Webu - Harvey Spa Hotel -","isPartOf":{"@id":"https:\/\/www.harveyspahotel.com\/cs\/#website"},"datePublished":"2023-06-06T09:45:03+00:00","dateModified":"2023-08-08T11:57:36+00:00","description":"Harvey Spa Hotel se nach\u00e1z\u00ed v bl\u00edzkosti centr\u00e1ln\u00edho lesoparku ve Franti\u0161kov\u00fdch L\u00e1zn\u00edch, 900 metr\u016f od vlakov\u00e9ho n\u00e1dra\u017e\u00ed","breadcrumb":{"@id":"https:\/\/www.harveyspahotel.com\/cs\/mapa-webu\/#breadcrumb"},"inLanguage":"cs","potentialAction":[{"@type":"ReadAction","target":["https:\/\/www.harveyspahotel.com\/cs\/mapa-webu\/"]}]},{"@type":"BreadcrumbList","@id":"https:\/\/www.harveyspahotel.com\/cs\/mapa-webu\/#breadcrumb","itemListElement":[{"@type":"ListItem","position":1,"name":"Home","item":"https:\/\/www.harveyspahotel.com\/cs\/"},{"@type":"ListItem","position":2,"name":"Mapa Webu"}]},{"@type":"WebSite","@id":"https:\/\/www.harveyspahotel.com\/cs\/#website","url":"https:\/\/www.harveyspahotel.com\/cs\/","name":"Harvey Spa Hotel","description":"","potentialAction":[{"@type":"SearchAction","target":{"@type":"EntryPoint","urlTemplate":"https:\/\/www.harveyspahotel.com\/cs\/?s={search_term_string}"},"query-input":"required name=search_term_string"}],"inLanguage":"cs"}]}},"acf":[],"_links":{"self":[{"href":"https:\/\/www.harveyspahotel.com\/cs\/wp-json\/wp\/v2\/pages\/169"}],"collection":[{"href":"https:\/\/www.harveyspahotel.com\/cs\/wp-json\/wp\/v2\/pages"}],"about":[{"href":"https:\/\/www.harveyspahotel.com\/cs\/wp-json\/wp\/v2\/types\/page"}],"author":[{"embeddable":true,"href":"https:\/\/www.harveyspahotel.com\/cs\/wp-json\/wp\/v2\/users\/11"}],"replies":[{"embeddable":true,"href":"https:\/\/www.harveyspahotel.com\/cs\/wp-json\/wp\/v2\/comments?post=169"}],"version-history":[{"count":0,"href":"https:\/\/www.harveyspahotel.com\/cs\/wp-json\/wp\/v2\/pages\/169\/revisions"}],"wp:attachment":[{"href":"https:\/\/www.harveyspahotel.com\/cs\/wp-json\/wp\/v2\/media?parent=169"}],"curies":[{"name":"wp","href":"https:\/\/api.w.org\/{rel}","templated":true}]}}