{"id":32,"date":"2023-06-05T14:28:40","date_gmt":"2023-06-05T14:28:40","guid":{"rendered":"https:\/\/harvey-spa-hotel.ms2.decms.eu\/restaurant-harvey\/"},"modified":"2025-06-10T10:22:23","modified_gmt":"2025-06-10T10:22:23","slug":"restaurace-williams","status":"publish","type":"page","link":"https:\/\/www.harveyspahotel.com\/cs\/restaurace-williams\/","title":{"rendered":"Restaurace William&#8217;s"},"content":{"rendered":"<p>Z\u00e1kladem modern\u00edho a zdrav\u00e9ho \u017eivotn\u00edho stylu je spr\u00e1vn\u00e9 stravov\u00e1n\u00ed. Cel\u00fdm pobytem V\u00e1s bude prov\u00e1zet kvalitn\u00ed dom\u00e1c\u00ed \u010desk\u00e1 kuchyn\u011b, zam\u011b\u0159en\u00e1 na V\u00e1\u0161 ozdravn\u00fd program.<\/p>\n<p>V restauraci William&#8217;s hotelu Harvey Spa pro V\u00e1s p\u0159ipravujeme pokrmy z \u010derstv\u00fdch a poctiv\u011b zpracovan\u00fdch surovin. T\u00fdm zku\u0161en\u00fdch kucha\u0159\u016f V\u00e1m nab\u00eddne nezapomenuteln\u00e9 gastronomick\u00e9 z\u00e1\u017eitky, bez p\u0159\u00edtomnosti jak\u00fdchkoli polotovar\u016f. Na\u0161e menu je obohacen\u00e9 tak\u00e9 o pokrmy pro vegetari\u00e1ny a hosty s intoleranc\u00ed na lepek \u010di lakt\u00f3zu.<\/p>\n<p>Prostorn\u00e1 restaurace s v\u00fdhledem do parku pojme a\u017e 118 host\u016f, v l\u00e9t\u011b je k dispozici tak\u00e9 letn\u00ed terasa. V hork\u00fdch letn\u00edch dnech se m\u016f\u017eete osv\u011b\u017eit na\u0161\u00ed dom\u00e1c\u00ed zmrzlinou.<\/p>\n<p>&nbsp;<\/p>\n<p style=\"text-align: center\"><strong>T\u011b\u0161\u00edme se na V\u00e1s ka\u017ed\u00fd den v dob\u011b 7.00 &#8211; 22.00 hod.\u00a0<\/strong><\/p>\n<p style=\"text-align: center\">Sn\u00eddan\u011b pod\u00e1v\u00e1me v dob\u011b 07.00 &#8211; 10.30 hod. Od 12.00 do 22.00 hod je pro hosty k dispozici a la carte menu. Posledn\u00ed objedn\u00e1vku p\u0159ij\u00edm\u00e1me do 21.30 hod.<\/p>\n<p style=\"text-align: center\">Ob\u011bd formou bufetu se pod\u00e1v\u00e1 mezi 12:00 a 14:00 hod.<br \/>\nVe\u010de\u0159e formou bufetu se pod\u00e1v\u00e1 od 18:00 a 21:00 hod.<\/p>\n<p>&nbsp;<\/p>\n","protected":false},"excerpt":{"rendered":"<p>Z\u00e1kladem modern\u00edho a zdrav\u00e9ho \u017eivotn\u00edho stylu je spr\u00e1vn\u00e9 stravov\u00e1n\u00ed. Cel\u00fdm pobytem V\u00e1s bude prov\u00e1zet kvalitn\u00ed dom\u00e1c\u00ed \u010desk\u00e1 kuchyn\u011b, zam\u011b\u0159en\u00e1 na V\u00e1\u0161 ozdravn\u00fd program. V restauraci William&#8217;s hotelu Harvey Spa pro V\u00e1s p\u0159ipravujeme pokrmy z \u010derstv\u00fdch a poctiv\u011b zpracovan\u00fdch surovin. T\u00fdm zku\u0161en\u00fdch kucha\u0159\u016f V\u00e1m nab\u00eddne nezapomenuteln\u00e9 gastronomick\u00e9 z\u00e1\u017eitky, bez p\u0159\u00edtomnosti jak\u00fdchkoli polotovar\u016f. Na\u0161e menu je obohacen\u00e9 [&hellip;]<\/p>\n","protected":false},"author":11,"featured_media":0,"parent":0,"menu_order":50,"comment_status":"closed","ping_status":"closed","template":"template-single-restaurant.php","meta":{"footnotes":""},"class_list":["post-32","page","type-page","status-publish","hentry"],"yoast_head":"<!-- This site is optimized with the Yoast SEO plugin v27.3 - https:\/\/yoast.com\/product\/yoast-seo-wordpress\/ -->\n<title>Restaurace William&#039;s | Harvey Spa Hotel Franti\u0161kovy L\u00e1zn\u011b<\/title>\n<meta name=\"description\" content=\"V restauraci William&#039;s pro 118 host\u016f hotelu Harvey Spa pro V\u00e1s p\u0159ipravujeme pokrmy z \u010derstv\u00fdch a poctiv\u011b zpracovan\u00fdch surovin. Letn\u00ed terasa.\" \/>\n<meta name=\"robots\" content=\"index, follow, max-snippet:-1, max-image-preview:large, max-video-preview:-1\" \/>\n<link rel=\"canonical\" href=\"https:\/\/www.harveyspahotel.com\/cs\/restaurace-williams\/\" \/>\n<meta property=\"og:locale\" content=\"cs_CZ\" \/>\n<meta property=\"og:type\" content=\"article\" \/>\n<meta property=\"og:title\" content=\"Restaurace William&#039;s | Harvey Spa Hotel Franti\u0161kovy L\u00e1zn\u011b\" \/>\n<meta property=\"og:description\" content=\"V restauraci William&#039;s pro 118 host\u016f hotelu Harvey Spa pro V\u00e1s p\u0159ipravujeme pokrmy z \u010derstv\u00fdch a poctiv\u011b zpracovan\u00fdch surovin. Letn\u00ed terasa.\" \/>\n<meta property=\"og:url\" content=\"https:\/\/www.harveyspahotel.com\/cs\/restaurace-williams\/\" \/>\n<meta property=\"og:site_name\" content=\"Harvey Spa Hotel\" \/>\n<meta property=\"article:modified_time\" content=\"2025-06-10T10:22:23+00:00\" \/>\n<meta name=\"twitter:card\" content=\"summary_large_image\" \/>\n<meta name=\"twitter:label1\" content=\"Odhadovan\u00e1 doba \u010dten\u00ed\" \/>\n\t<meta name=\"twitter:data1\" content=\"1 minuta\" \/>\n<script type=\"application\/ld+json\" class=\"yoast-schema-graph\">{\"@context\":\"https:\\\/\\\/schema.org\",\"@graph\":[{\"@type\":\"WebPage\",\"@id\":\"https:\\\/\\\/www.harveyspahotel.com\\\/cs\\\/restaurace-williams\\\/\",\"url\":\"https:\\\/\\\/www.harveyspahotel.com\\\/cs\\\/restaurace-williams\\\/\",\"name\":\"Restaurace William's | Harvey Spa Hotel Franti\u0161kovy L\u00e1zn\u011b\",\"isPartOf\":{\"@id\":\"https:\\\/\\\/www.harveyspahotel.com\\\/cs\\\/#website\"},\"datePublished\":\"2023-06-05T14:28:40+00:00\",\"dateModified\":\"2025-06-10T10:22:23+00:00\",\"description\":\"V restauraci William's pro 118 host\u016f hotelu Harvey Spa pro V\u00e1s p\u0159ipravujeme pokrmy z \u010derstv\u00fdch a poctiv\u011b zpracovan\u00fdch surovin. Letn\u00ed terasa.\",\"breadcrumb\":{\"@id\":\"https:\\\/\\\/www.harveyspahotel.com\\\/cs\\\/restaurace-williams\\\/#breadcrumb\"},\"inLanguage\":\"cs\",\"potentialAction\":[{\"@type\":\"ReadAction\",\"target\":[\"https:\\\/\\\/www.harveyspahotel.com\\\/cs\\\/restaurace-williams\\\/\"]}]},{\"@type\":\"BreadcrumbList\",\"@id\":\"https:\\\/\\\/www.harveyspahotel.com\\\/cs\\\/restaurace-williams\\\/#breadcrumb\",\"itemListElement\":[{\"@type\":\"ListItem\",\"position\":1,\"name\":\"Home\",\"item\":\"https:\\\/\\\/www.harveyspahotel.com\\\/cs\\\/\"},{\"@type\":\"ListItem\",\"position\":2,\"name\":\"Restaurace William&#8217;s\"}]},{\"@type\":\"WebSite\",\"@id\":\"https:\\\/\\\/www.harveyspahotel.com\\\/cs\\\/#website\",\"url\":\"https:\\\/\\\/www.harveyspahotel.com\\\/cs\\\/\",\"name\":\"Harvey Spa Hotel\",\"description\":\"\",\"potentialAction\":[{\"@type\":\"SearchAction\",\"target\":{\"@type\":\"EntryPoint\",\"urlTemplate\":\"https:\\\/\\\/www.harveyspahotel.com\\\/cs\\\/?s={search_term_string}\"},\"query-input\":{\"@type\":\"PropertyValueSpecification\",\"valueRequired\":true,\"valueName\":\"search_term_string\"}}],\"inLanguage\":\"cs\"}]}<\/script>\n<!-- \/ Yoast SEO plugin. -->","yoast_head_json":{"title":"Restaurace William's | Harvey Spa Hotel Franti\u0161kovy L\u00e1zn\u011b","description":"V restauraci William's pro 118 host\u016f hotelu Harvey Spa pro V\u00e1s p\u0159ipravujeme pokrmy z \u010derstv\u00fdch a poctiv\u011b zpracovan\u00fdch surovin. Letn\u00ed terasa.","robots":{"index":"index","follow":"follow","max-snippet":"max-snippet:-1","max-image-preview":"max-image-preview:large","max-video-preview":"max-video-preview:-1"},"canonical":"https:\/\/www.harveyspahotel.com\/cs\/restaurace-williams\/","og_locale":"cs_CZ","og_type":"article","og_title":"Restaurace William's | Harvey Spa Hotel Franti\u0161kovy L\u00e1zn\u011b","og_description":"V restauraci William's pro 118 host\u016f hotelu Harvey Spa pro V\u00e1s p\u0159ipravujeme pokrmy z \u010derstv\u00fdch a poctiv\u011b zpracovan\u00fdch surovin. Letn\u00ed terasa.","og_url":"https:\/\/www.harveyspahotel.com\/cs\/restaurace-williams\/","og_site_name":"Harvey Spa Hotel","article_modified_time":"2025-06-10T10:22:23+00:00","twitter_card":"summary_large_image","twitter_misc":{"Odhadovan\u00e1 doba \u010dten\u00ed":"1 minuta"},"schema":{"@context":"https:\/\/schema.org","@graph":[{"@type":"WebPage","@id":"https:\/\/www.harveyspahotel.com\/cs\/restaurace-williams\/","url":"https:\/\/www.harveyspahotel.com\/cs\/restaurace-williams\/","name":"Restaurace William's | Harvey Spa Hotel Franti\u0161kovy L\u00e1zn\u011b","isPartOf":{"@id":"https:\/\/www.harveyspahotel.com\/cs\/#website"},"datePublished":"2023-06-05T14:28:40+00:00","dateModified":"2025-06-10T10:22:23+00:00","description":"V restauraci William's pro 118 host\u016f hotelu Harvey Spa pro V\u00e1s p\u0159ipravujeme pokrmy z \u010derstv\u00fdch a poctiv\u011b zpracovan\u00fdch surovin. Letn\u00ed terasa.","breadcrumb":{"@id":"https:\/\/www.harveyspahotel.com\/cs\/restaurace-williams\/#breadcrumb"},"inLanguage":"cs","potentialAction":[{"@type":"ReadAction","target":["https:\/\/www.harveyspahotel.com\/cs\/restaurace-williams\/"]}]},{"@type":"BreadcrumbList","@id":"https:\/\/www.harveyspahotel.com\/cs\/restaurace-williams\/#breadcrumb","itemListElement":[{"@type":"ListItem","position":1,"name":"Home","item":"https:\/\/www.harveyspahotel.com\/cs\/"},{"@type":"ListItem","position":2,"name":"Restaurace William&#8217;s"}]},{"@type":"WebSite","@id":"https:\/\/www.harveyspahotel.com\/cs\/#website","url":"https:\/\/www.harveyspahotel.com\/cs\/","name":"Harvey Spa Hotel","description":"","potentialAction":[{"@type":"SearchAction","target":{"@type":"EntryPoint","urlTemplate":"https:\/\/www.harveyspahotel.com\/cs\/?s={search_term_string}"},"query-input":{"@type":"PropertyValueSpecification","valueRequired":true,"valueName":"search_term_string"}}],"inLanguage":"cs"}]}},"acf":[],"_links":{"self":[{"href":"https:\/\/www.harveyspahotel.com\/cs\/wp-json\/wp\/v2\/pages\/32","targetHints":{"allow":["GET"]}}],"collection":[{"href":"https:\/\/www.harveyspahotel.com\/cs\/wp-json\/wp\/v2\/pages"}],"about":[{"href":"https:\/\/www.harveyspahotel.com\/cs\/wp-json\/wp\/v2\/types\/page"}],"author":[{"embeddable":true,"href":"https:\/\/www.harveyspahotel.com\/cs\/wp-json\/wp\/v2\/users\/11"}],"replies":[{"embeddable":true,"href":"https:\/\/www.harveyspahotel.com\/cs\/wp-json\/wp\/v2\/comments?post=32"}],"version-history":[{"count":0,"href":"https:\/\/www.harveyspahotel.com\/cs\/wp-json\/wp\/v2\/pages\/32\/revisions"}],"wp:attachment":[{"href":"https:\/\/www.harveyspahotel.com\/cs\/wp-json\/wp\/v2\/media?parent=32"}],"curies":[{"name":"wp","href":"https:\/\/api.w.org\/{rel}","templated":true}]}}