{"id":34,"date":"2023-06-05T14:33:24","date_gmt":"2023-06-05T14:33:24","guid":{"rendered":"https:\/\/harvey-spa-hotel.ms2.decms.eu\/photogallery\/"},"modified":"2023-07-27T12:18:32","modified_gmt":"2023-07-27T12:18:32","slug":"fotogalerie","status":"publish","type":"page","link":"https:\/\/www.harveyspahotel.com\/cs\/fotogalerie\/","title":{"rendered":"Fotogalerie"},"content":{"rendered":"","protected":false},"excerpt":{"rendered":"","protected":false},"author":11,"featured_media":0,"parent":0,"menu_order":100,"comment_status":"closed","ping_status":"closed","template":"template-gallery.php","meta":{"footnotes":""},"yoast_head":"<!-- This site is optimized with the Yoast SEO plugin v22.3 - https:\/\/yoast.com\/wordpress\/plugins\/seo\/ -->\n<title>Fotogalerie | Harvey Spa Hotel Franti\u0161kovy L\u00e1zn\u011b<\/title>\n<meta name=\"description\" content=\"Nahl\u00e9dn\u011bte do na\u0161\u00ed fotogalerie a inspirujte se m\u00edstem, kde si u\u017eijete relaxaci Va\u0161eho t\u011bla i du\u0161e, v klidn\u00e9 \u010d\u00e1sti Franti\u0161kov\u00fdch L\u00e1zn\u00edch.\" \/>\n<meta name=\"robots\" content=\"index, follow, max-snippet:-1, max-image-preview:large, max-video-preview:-1\" \/>\n<link rel=\"canonical\" href=\"https:\/\/www.harveyspahotel.com\/cs\/fotogalerie\/\" \/>\n<meta property=\"og:locale\" content=\"cs_CZ\" \/>\n<meta property=\"og:type\" content=\"article\" \/>\n<meta property=\"og:title\" content=\"Fotogalerie | Harvey Spa Hotel Franti\u0161kovy L\u00e1zn\u011b\" \/>\n<meta property=\"og:description\" content=\"Nahl\u00e9dn\u011bte do na\u0161\u00ed fotogalerie a inspirujte se m\u00edstem, kde si u\u017eijete relaxaci Va\u0161eho t\u011bla i du\u0161e, v klidn\u00e9 \u010d\u00e1sti Franti\u0161kov\u00fdch L\u00e1zn\u00edch.\" \/>\n<meta property=\"og:url\" content=\"https:\/\/www.harveyspahotel.com\/cs\/fotogalerie\/\" \/>\n<meta property=\"og:site_name\" content=\"Harvey Spa Hotel\" \/>\n<meta property=\"article:modified_time\" content=\"2023-07-27T12:18:32+00:00\" \/>\n<meta name=\"twitter:card\" content=\"summary_large_image\" \/>\n<script type=\"application\/ld+json\" class=\"yoast-schema-graph\">{\"@context\":\"https:\/\/schema.org\",\"@graph\":[{\"@type\":\"WebPage\",\"@id\":\"https:\/\/www.harveyspahotel.com\/cs\/fotogalerie\/\",\"url\":\"https:\/\/www.harveyspahotel.com\/cs\/fotogalerie\/\",\"name\":\"Fotogalerie | Harvey Spa Hotel Franti\u0161kovy L\u00e1zn\u011b\",\"isPartOf\":{\"@id\":\"https:\/\/www.harveyspahotel.com\/cs\/#website\"},\"datePublished\":\"2023-06-05T14:33:24+00:00\",\"dateModified\":\"2023-07-27T12:18:32+00:00\",\"description\":\"Nahl\u00e9dn\u011bte do na\u0161\u00ed fotogalerie a inspirujte se m\u00edstem, kde si u\u017eijete relaxaci Va\u0161eho t\u011bla i du\u0161e, v klidn\u00e9 \u010d\u00e1sti Franti\u0161kov\u00fdch L\u00e1zn\u00edch.\",\"breadcrumb\":{\"@id\":\"https:\/\/www.harveyspahotel.com\/cs\/fotogalerie\/#breadcrumb\"},\"inLanguage\":\"cs\",\"potentialAction\":[{\"@type\":\"ReadAction\",\"target\":[\"https:\/\/www.harveyspahotel.com\/cs\/fotogalerie\/\"]}]},{\"@type\":\"BreadcrumbList\",\"@id\":\"https:\/\/www.harveyspahotel.com\/cs\/fotogalerie\/#breadcrumb\",\"itemListElement\":[{\"@type\":\"ListItem\",\"position\":1,\"name\":\"Home\",\"item\":\"https:\/\/www.harveyspahotel.com\/cs\/\"},{\"@type\":\"ListItem\",\"position\":2,\"name\":\"Fotogalerie\"}]},{\"@type\":\"WebSite\",\"@id\":\"https:\/\/www.harveyspahotel.com\/cs\/#website\",\"url\":\"https:\/\/www.harveyspahotel.com\/cs\/\",\"name\":\"Harvey Spa Hotel\",\"description\":\"\",\"potentialAction\":[{\"@type\":\"SearchAction\",\"target\":{\"@type\":\"EntryPoint\",\"urlTemplate\":\"https:\/\/www.harveyspahotel.com\/cs\/?s={search_term_string}\"},\"query-input\":\"required name=search_term_string\"}],\"inLanguage\":\"cs\"}]}<\/script>\n<!-- \/ Yoast SEO plugin. -->","yoast_head_json":{"title":"Fotogalerie | Harvey Spa Hotel Franti\u0161kovy L\u00e1zn\u011b","description":"Nahl\u00e9dn\u011bte do na\u0161\u00ed fotogalerie a inspirujte se m\u00edstem, kde si u\u017eijete relaxaci Va\u0161eho t\u011bla i du\u0161e, v klidn\u00e9 \u010d\u00e1sti Franti\u0161kov\u00fdch L\u00e1zn\u00edch.","robots":{"index":"index","follow":"follow","max-snippet":"max-snippet:-1","max-image-preview":"max-image-preview:large","max-video-preview":"max-video-preview:-1"},"canonical":"https:\/\/www.harveyspahotel.com\/cs\/fotogalerie\/","og_locale":"cs_CZ","og_type":"article","og_title":"Fotogalerie | Harvey Spa Hotel Franti\u0161kovy L\u00e1zn\u011b","og_description":"Nahl\u00e9dn\u011bte do na\u0161\u00ed fotogalerie a inspirujte se m\u00edstem, kde si u\u017eijete relaxaci Va\u0161eho t\u011bla i du\u0161e, v klidn\u00e9 \u010d\u00e1sti Franti\u0161kov\u00fdch L\u00e1zn\u00edch.","og_url":"https:\/\/www.harveyspahotel.com\/cs\/fotogalerie\/","og_site_name":"Harvey Spa Hotel","article_modified_time":"2023-07-27T12:18:32+00:00","twitter_card":"summary_large_image","schema":{"@context":"https:\/\/schema.org","@graph":[{"@type":"WebPage","@id":"https:\/\/www.harveyspahotel.com\/cs\/fotogalerie\/","url":"https:\/\/www.harveyspahotel.com\/cs\/fotogalerie\/","name":"Fotogalerie | Harvey Spa Hotel Franti\u0161kovy L\u00e1zn\u011b","isPartOf":{"@id":"https:\/\/www.harveyspahotel.com\/cs\/#website"},"datePublished":"2023-06-05T14:33:24+00:00","dateModified":"2023-07-27T12:18:32+00:00","description":"Nahl\u00e9dn\u011bte do na\u0161\u00ed fotogalerie a inspirujte se m\u00edstem, kde si u\u017eijete relaxaci Va\u0161eho t\u011bla i du\u0161e, v klidn\u00e9 \u010d\u00e1sti Franti\u0161kov\u00fdch L\u00e1zn\u00edch.","breadcrumb":{"@id":"https:\/\/www.harveyspahotel.com\/cs\/fotogalerie\/#breadcrumb"},"inLanguage":"cs","potentialAction":[{"@type":"ReadAction","target":["https:\/\/www.harveyspahotel.com\/cs\/fotogalerie\/"]}]},{"@type":"BreadcrumbList","@id":"https:\/\/www.harveyspahotel.com\/cs\/fotogalerie\/#breadcrumb","itemListElement":[{"@type":"ListItem","position":1,"name":"Home","item":"https:\/\/www.harveyspahotel.com\/cs\/"},{"@type":"ListItem","position":2,"name":"Fotogalerie"}]},{"@type":"WebSite","@id":"https:\/\/www.harveyspahotel.com\/cs\/#website","url":"https:\/\/www.harveyspahotel.com\/cs\/","name":"Harvey Spa Hotel","description":"","potentialAction":[{"@type":"SearchAction","target":{"@type":"EntryPoint","urlTemplate":"https:\/\/www.harveyspahotel.com\/cs\/?s={search_term_string}"},"query-input":"required name=search_term_string"}],"inLanguage":"cs"}]}},"acf":[],"_links":{"self":[{"href":"https:\/\/www.harveyspahotel.com\/cs\/wp-json\/wp\/v2\/pages\/34"}],"collection":[{"href":"https:\/\/www.harveyspahotel.com\/cs\/wp-json\/wp\/v2\/pages"}],"about":[{"href":"https:\/\/www.harveyspahotel.com\/cs\/wp-json\/wp\/v2\/types\/page"}],"author":[{"embeddable":true,"href":"https:\/\/www.harveyspahotel.com\/cs\/wp-json\/wp\/v2\/users\/11"}],"replies":[{"embeddable":true,"href":"https:\/\/www.harveyspahotel.com\/cs\/wp-json\/wp\/v2\/comments?post=34"}],"version-history":[{"count":0,"href":"https:\/\/www.harveyspahotel.com\/cs\/wp-json\/wp\/v2\/pages\/34\/revisions"}],"wp:attachment":[{"href":"https:\/\/www.harveyspahotel.com\/cs\/wp-json\/wp\/v2\/media?parent=34"}],"curies":[{"name":"wp","href":"https:\/\/api.w.org\/{rel}","templated":true}]}}