{"id":382,"date":"2023-06-21T13:25:23","date_gmt":"2023-06-21T13:25:23","guid":{"rendered":"https:\/\/harvey-spa-hotel.ms2.decms.eu\/?page_id=382"},"modified":"2023-10-09T09:40:50","modified_gmt":"2023-10-09T09:40:50","slug":"booking","status":"publish","type":"page","link":"https:\/\/www.harveyspahotel.com\/cs\/booking\/","title":{"rendered":"Booking"},"content":{"rendered":"<p>Hotel Harvey Spa se t\u011b\u0161\u00ed na va\u0161i n\u00e1v\u0161t\u011bvu. Nev\u00e1hejte a nav\u0161tivte na\u0161e webov\u00e9 str\u00e1nky a rezervujte si sv\u016fj po\u017eadovan\u00fd pokoj s 10% slevou. Vyu\u017eijte v\u00fdhod a rezervujte si sv\u016fj nadch\u00e1zej\u00edc\u00ed pobyt z pohodl\u00ed domova.<\/p>\n","protected":false},"excerpt":{"rendered":"<p>Hotel Harvey Spa se t\u011b\u0161\u00ed na va\u0161i n\u00e1v\u0161t\u011bvu. Nev\u00e1hejte a nav\u0161tivte na\u0161e webov\u00e9 str\u00e1nky a rezervujte si sv\u016fj po\u017eadovan\u00fd pokoj s 10% slevou. Vyu\u017eijte v\u00fdhod a rezervujte si sv\u016fj nadch\u00e1zej\u00edc\u00ed pobyt z pohodl\u00ed domova.<\/p>\n","protected":false},"author":33,"featured_media":0,"parent":0,"menu_order":997,"comment_status":"closed","ping_status":"closed","template":"template-bookolo-booking.php","meta":{"footnotes":""},"class_list":["post-382","page","type-page","status-publish","hentry"],"yoast_head":"<!-- This site is optimized with the Yoast SEO plugin v27.3 - https:\/\/yoast.com\/product\/yoast-seo-wordpress\/ -->\n<title>Booking - Harvey Spa Hotel -<\/title>\n<meta name=\"description\" content=\"Rezervujte si online pokoj a speci\u00e1ln\u00ed nab\u00eddky pro V\u00e1\u0161 nezapomenuteln\u00fd pobyt v Harvey Spa hotelu a prozkoumejte Franti\u0161kovy L\u00e1zn\u011b!\" \/>\n<meta name=\"robots\" content=\"index, follow, max-snippet:-1, max-image-preview:large, max-video-preview:-1\" \/>\n<link rel=\"canonical\" href=\"https:\/\/www.harveyspahotel.com\/cs\/booking\/\" \/>\n<meta property=\"og:locale\" content=\"cs_CZ\" \/>\n<meta property=\"og:type\" content=\"article\" \/>\n<meta property=\"og:title\" content=\"Booking - Harvey Spa Hotel -\" \/>\n<meta property=\"og:description\" content=\"Rezervujte si online pokoj a speci\u00e1ln\u00ed nab\u00eddky pro V\u00e1\u0161 nezapomenuteln\u00fd pobyt v Harvey Spa hotelu a prozkoumejte Franti\u0161kovy L\u00e1zn\u011b!\" \/>\n<meta property=\"og:url\" content=\"https:\/\/www.harveyspahotel.com\/cs\/booking\/\" \/>\n<meta property=\"og:site_name\" content=\"Harvey Spa Hotel\" \/>\n<meta property=\"article:modified_time\" content=\"2023-10-09T09:40:50+00:00\" \/>\n<meta name=\"twitter:card\" content=\"summary_large_image\" \/>\n<script type=\"application\/ld+json\" class=\"yoast-schema-graph\">{\"@context\":\"https:\\\/\\\/schema.org\",\"@graph\":[{\"@type\":\"WebPage\",\"@id\":\"https:\\\/\\\/www.harveyspahotel.com\\\/cs\\\/booking\\\/\",\"url\":\"https:\\\/\\\/www.harveyspahotel.com\\\/cs\\\/booking\\\/\",\"name\":\"Booking - Harvey Spa Hotel -\",\"isPartOf\":{\"@id\":\"https:\\\/\\\/www.harveyspahotel.com\\\/cs\\\/#website\"},\"datePublished\":\"2023-06-21T13:25:23+00:00\",\"dateModified\":\"2023-10-09T09:40:50+00:00\",\"description\":\"Rezervujte si online pokoj a speci\u00e1ln\u00ed nab\u00eddky pro V\u00e1\u0161 nezapomenuteln\u00fd pobyt v Harvey Spa hotelu a prozkoumejte Franti\u0161kovy L\u00e1zn\u011b!\",\"breadcrumb\":{\"@id\":\"https:\\\/\\\/www.harveyspahotel.com\\\/cs\\\/booking\\\/#breadcrumb\"},\"inLanguage\":\"cs\",\"potentialAction\":[{\"@type\":\"ReadAction\",\"target\":[\"https:\\\/\\\/www.harveyspahotel.com\\\/cs\\\/booking\\\/\"]}]},{\"@type\":\"BreadcrumbList\",\"@id\":\"https:\\\/\\\/www.harveyspahotel.com\\\/cs\\\/booking\\\/#breadcrumb\",\"itemListElement\":[{\"@type\":\"ListItem\",\"position\":1,\"name\":\"Home\",\"item\":\"https:\\\/\\\/www.harveyspahotel.com\\\/cs\\\/\"},{\"@type\":\"ListItem\",\"position\":2,\"name\":\"Booking\"}]},{\"@type\":\"WebSite\",\"@id\":\"https:\\\/\\\/www.harveyspahotel.com\\\/cs\\\/#website\",\"url\":\"https:\\\/\\\/www.harveyspahotel.com\\\/cs\\\/\",\"name\":\"Harvey Spa Hotel\",\"description\":\"\",\"potentialAction\":[{\"@type\":\"SearchAction\",\"target\":{\"@type\":\"EntryPoint\",\"urlTemplate\":\"https:\\\/\\\/www.harveyspahotel.com\\\/cs\\\/?s={search_term_string}\"},\"query-input\":{\"@type\":\"PropertyValueSpecification\",\"valueRequired\":true,\"valueName\":\"search_term_string\"}}],\"inLanguage\":\"cs\"}]}<\/script>\n<!-- \/ Yoast SEO plugin. -->","yoast_head_json":{"title":"Booking - Harvey Spa Hotel -","description":"Rezervujte si online pokoj a speci\u00e1ln\u00ed nab\u00eddky pro V\u00e1\u0161 nezapomenuteln\u00fd pobyt v Harvey Spa hotelu a prozkoumejte Franti\u0161kovy L\u00e1zn\u011b!","robots":{"index":"index","follow":"follow","max-snippet":"max-snippet:-1","max-image-preview":"max-image-preview:large","max-video-preview":"max-video-preview:-1"},"canonical":"https:\/\/www.harveyspahotel.com\/cs\/booking\/","og_locale":"cs_CZ","og_type":"article","og_title":"Booking - Harvey Spa Hotel -","og_description":"Rezervujte si online pokoj a speci\u00e1ln\u00ed nab\u00eddky pro V\u00e1\u0161 nezapomenuteln\u00fd pobyt v Harvey Spa hotelu a prozkoumejte Franti\u0161kovy L\u00e1zn\u011b!","og_url":"https:\/\/www.harveyspahotel.com\/cs\/booking\/","og_site_name":"Harvey Spa Hotel","article_modified_time":"2023-10-09T09:40:50+00:00","twitter_card":"summary_large_image","schema":{"@context":"https:\/\/schema.org","@graph":[{"@type":"WebPage","@id":"https:\/\/www.harveyspahotel.com\/cs\/booking\/","url":"https:\/\/www.harveyspahotel.com\/cs\/booking\/","name":"Booking - Harvey Spa Hotel -","isPartOf":{"@id":"https:\/\/www.harveyspahotel.com\/cs\/#website"},"datePublished":"2023-06-21T13:25:23+00:00","dateModified":"2023-10-09T09:40:50+00:00","description":"Rezervujte si online pokoj a speci\u00e1ln\u00ed nab\u00eddky pro V\u00e1\u0161 nezapomenuteln\u00fd pobyt v Harvey Spa hotelu a prozkoumejte Franti\u0161kovy L\u00e1zn\u011b!","breadcrumb":{"@id":"https:\/\/www.harveyspahotel.com\/cs\/booking\/#breadcrumb"},"inLanguage":"cs","potentialAction":[{"@type":"ReadAction","target":["https:\/\/www.harveyspahotel.com\/cs\/booking\/"]}]},{"@type":"BreadcrumbList","@id":"https:\/\/www.harveyspahotel.com\/cs\/booking\/#breadcrumb","itemListElement":[{"@type":"ListItem","position":1,"name":"Home","item":"https:\/\/www.harveyspahotel.com\/cs\/"},{"@type":"ListItem","position":2,"name":"Booking"}]},{"@type":"WebSite","@id":"https:\/\/www.harveyspahotel.com\/cs\/#website","url":"https:\/\/www.harveyspahotel.com\/cs\/","name":"Harvey Spa Hotel","description":"","potentialAction":[{"@type":"SearchAction","target":{"@type":"EntryPoint","urlTemplate":"https:\/\/www.harveyspahotel.com\/cs\/?s={search_term_string}"},"query-input":{"@type":"PropertyValueSpecification","valueRequired":true,"valueName":"search_term_string"}}],"inLanguage":"cs"}]}},"acf":[],"_links":{"self":[{"href":"https:\/\/www.harveyspahotel.com\/cs\/wp-json\/wp\/v2\/pages\/382","targetHints":{"allow":["GET"]}}],"collection":[{"href":"https:\/\/www.harveyspahotel.com\/cs\/wp-json\/wp\/v2\/pages"}],"about":[{"href":"https:\/\/www.harveyspahotel.com\/cs\/wp-json\/wp\/v2\/types\/page"}],"author":[{"embeddable":true,"href":"https:\/\/www.harveyspahotel.com\/cs\/wp-json\/wp\/v2\/users\/33"}],"replies":[{"embeddable":true,"href":"https:\/\/www.harveyspahotel.com\/cs\/wp-json\/wp\/v2\/comments?post=382"}],"version-history":[{"count":0,"href":"https:\/\/www.harveyspahotel.com\/cs\/wp-json\/wp\/v2\/pages\/382\/revisions"}],"wp:attachment":[{"href":"https:\/\/www.harveyspahotel.com\/cs\/wp-json\/wp\/v2\/media?parent=382"}],"curies":[{"name":"wp","href":"https:\/\/api.w.org\/{rel}","templated":true}]}}