{"id":393,"date":"2023-06-19T13:01:00","date_gmt":"2023-06-19T13:01:00","guid":{"rendered":"https:\/\/harvey-spa-hotel.ms2.decms.eu\/vyjimecny-wellness-zazitek\/massages\/"},"modified":"2026-02-04T14:46:45","modified_gmt":"2026-02-04T14:46:45","slug":"masaze","status":"publish","type":"page","link":"https:\/\/www.harveyspahotel.com\/cs\/vyjimecny-wellness-zazitek\/masaze\/","title":{"rendered":"Mas\u00e1\u017ee"},"content":{"rendered":"<p>Schopnost odpo\u010d\u00edvat a relaxovat je d\u016fle\u017eitou sou\u010d\u00e1st\u00ed na\u0161eho \u017eivota. Krom\u011b odpo\u010dinku a relaxace je \u017eivot prost\u011b lep\u0161\u00ed, kdy\u017e v\u00e1s t\u011blo nebol\u00ed a budete se c\u00edtit zdrav\u011b. S t\u00edm, co bylo \u0159e\u010deno, je na \u010dase dop\u0159\u00e1t t\u011blu pravideln\u00e9 mas\u00e1\u017ee.<\/p>\n<p>&nbsp;<\/p>\n","protected":false},"excerpt":{"rendered":"<p>Schopnost odpo\u010d\u00edvat a relaxovat je d\u016fle\u017eitou sou\u010d\u00e1st\u00ed na\u0161eho \u017eivota. Krom\u011b odpo\u010dinku a relaxace je \u017eivot prost\u011b lep\u0161\u00ed, kdy\u017e v\u00e1s t\u011blo nebol\u00ed a budete se c\u00edtit zdrav\u011b. S t\u00edm, co bylo \u0159e\u010deno, je na \u010dase dop\u0159\u00e1t t\u011blu pravideln\u00e9 mas\u00e1\u017ee. &nbsp;<\/p>\n","protected":false},"author":7,"featured_media":0,"parent":29,"menu_order":30,"comment_status":"closed","ping_status":"closed","template":"template-massage-treatments.php","meta":{"footnotes":""},"yoast_head":"<!-- This site is optimized with the Yoast SEO plugin v22.3 - https:\/\/yoast.com\/wordpress\/plugins\/seo\/ -->\n<title>Mas\u00e1\u017ee | Harvey Spa Hotel Franti\u0161kovy L\u00e1zn\u011b<\/title>\n<meta name=\"description\" content=\"Odpo\u010d\u00edvat je p\u0159irozenou a nezbytnou sou\u010d\u00e1st\u00ed na\u0161eho \u017eivota. Pro na\u010derp\u00e1n\u00ed ztracen\u00e9 energie dop\u0159ejte sob\u011b n\u011bkterou z nab\u00edzen\u00fdch mas\u00e1\u017e\u00ed u n\u00e1s.\" \/>\n<meta name=\"robots\" content=\"index, follow, max-snippet:-1, max-image-preview:large, max-video-preview:-1\" \/>\n<link rel=\"canonical\" href=\"https:\/\/www.harveyspahotel.com\/cs\/vyjimecny-wellness-zazitek\/masaze\/\" \/>\n<meta property=\"og:locale\" content=\"cs_CZ\" \/>\n<meta property=\"og:type\" content=\"article\" \/>\n<meta property=\"og:title\" content=\"Mas\u00e1\u017ee | Harvey Spa Hotel Franti\u0161kovy L\u00e1zn\u011b\" \/>\n<meta property=\"og:description\" content=\"Odpo\u010d\u00edvat je p\u0159irozenou a nezbytnou sou\u010d\u00e1st\u00ed na\u0161eho \u017eivota. Pro na\u010derp\u00e1n\u00ed ztracen\u00e9 energie dop\u0159ejte sob\u011b n\u011bkterou z nab\u00edzen\u00fdch mas\u00e1\u017e\u00ed u n\u00e1s.\" \/>\n<meta property=\"og:url\" content=\"https:\/\/www.harveyspahotel.com\/cs\/vyjimecny-wellness-zazitek\/masaze\/\" \/>\n<meta property=\"og:site_name\" content=\"Harvey Spa Hotel\" \/>\n<meta property=\"article:modified_time\" content=\"2026-02-04T14:46:45+00:00\" \/>\n<meta name=\"twitter:card\" content=\"summary_large_image\" \/>\n<meta name=\"twitter:label1\" content=\"Odhadovan\u00e1 doba \u010dten\u00ed\" \/>\n\t<meta name=\"twitter:data1\" content=\"1 minuta\" \/>\n<script type=\"application\/ld+json\" class=\"yoast-schema-graph\">{\"@context\":\"https:\/\/schema.org\",\"@graph\":[{\"@type\":\"WebPage\",\"@id\":\"https:\/\/www.harveyspahotel.com\/cs\/vyjimecny-wellness-zazitek\/masaze\/\",\"url\":\"https:\/\/www.harveyspahotel.com\/cs\/vyjimecny-wellness-zazitek\/masaze\/\",\"name\":\"Mas\u00e1\u017ee | Harvey Spa Hotel Franti\u0161kovy L\u00e1zn\u011b\",\"isPartOf\":{\"@id\":\"https:\/\/www.harveyspahotel.com\/cs\/#website\"},\"datePublished\":\"2023-06-19T13:01:00+00:00\",\"dateModified\":\"2026-02-04T14:46:45+00:00\",\"description\":\"Odpo\u010d\u00edvat je p\u0159irozenou a nezbytnou sou\u010d\u00e1st\u00ed na\u0161eho \u017eivota. Pro na\u010derp\u00e1n\u00ed ztracen\u00e9 energie dop\u0159ejte sob\u011b n\u011bkterou z nab\u00edzen\u00fdch mas\u00e1\u017e\u00ed u n\u00e1s.\",\"breadcrumb\":{\"@id\":\"https:\/\/www.harveyspahotel.com\/cs\/vyjimecny-wellness-zazitek\/masaze\/#breadcrumb\"},\"inLanguage\":\"cs\",\"potentialAction\":[{\"@type\":\"ReadAction\",\"target\":[\"https:\/\/www.harveyspahotel.com\/cs\/vyjimecny-wellness-zazitek\/masaze\/\"]}]},{\"@type\":\"BreadcrumbList\",\"@id\":\"https:\/\/www.harveyspahotel.com\/cs\/vyjimecny-wellness-zazitek\/masaze\/#breadcrumb\",\"itemListElement\":[{\"@type\":\"ListItem\",\"position\":1,\"name\":\"Home\",\"item\":\"https:\/\/www.harveyspahotel.com\/cs\/\"},{\"@type\":\"ListItem\",\"position\":2,\"name\":\"V\u00fdjime\u010dn\u00fd wellness z\u00e1\u017eitek\",\"item\":\"https:\/\/www.harveyspahotel.com\/cs\/vyjimecny-wellness-zazitek\/\"},{\"@type\":\"ListItem\",\"position\":3,\"name\":\"Mas\u00e1\u017ee\"}]},{\"@type\":\"WebSite\",\"@id\":\"https:\/\/www.harveyspahotel.com\/cs\/#website\",\"url\":\"https:\/\/www.harveyspahotel.com\/cs\/\",\"name\":\"Harvey Spa Hotel\",\"description\":\"\",\"potentialAction\":[{\"@type\":\"SearchAction\",\"target\":{\"@type\":\"EntryPoint\",\"urlTemplate\":\"https:\/\/www.harveyspahotel.com\/cs\/?s={search_term_string}\"},\"query-input\":\"required name=search_term_string\"}],\"inLanguage\":\"cs\"}]}<\/script>\n<!-- \/ Yoast SEO plugin. -->","yoast_head_json":{"title":"Mas\u00e1\u017ee | Harvey Spa Hotel Franti\u0161kovy L\u00e1zn\u011b","description":"Odpo\u010d\u00edvat je p\u0159irozenou a nezbytnou sou\u010d\u00e1st\u00ed na\u0161eho \u017eivota. Pro na\u010derp\u00e1n\u00ed ztracen\u00e9 energie dop\u0159ejte sob\u011b n\u011bkterou z nab\u00edzen\u00fdch mas\u00e1\u017e\u00ed u n\u00e1s.","robots":{"index":"index","follow":"follow","max-snippet":"max-snippet:-1","max-image-preview":"max-image-preview:large","max-video-preview":"max-video-preview:-1"},"canonical":"https:\/\/www.harveyspahotel.com\/cs\/vyjimecny-wellness-zazitek\/masaze\/","og_locale":"cs_CZ","og_type":"article","og_title":"Mas\u00e1\u017ee | Harvey Spa Hotel Franti\u0161kovy L\u00e1zn\u011b","og_description":"Odpo\u010d\u00edvat je p\u0159irozenou a nezbytnou sou\u010d\u00e1st\u00ed na\u0161eho \u017eivota. Pro na\u010derp\u00e1n\u00ed ztracen\u00e9 energie dop\u0159ejte sob\u011b n\u011bkterou z nab\u00edzen\u00fdch mas\u00e1\u017e\u00ed u n\u00e1s.","og_url":"https:\/\/www.harveyspahotel.com\/cs\/vyjimecny-wellness-zazitek\/masaze\/","og_site_name":"Harvey Spa Hotel","article_modified_time":"2026-02-04T14:46:45+00:00","twitter_card":"summary_large_image","twitter_misc":{"Odhadovan\u00e1 doba \u010dten\u00ed":"1 minuta"},"schema":{"@context":"https:\/\/schema.org","@graph":[{"@type":"WebPage","@id":"https:\/\/www.harveyspahotel.com\/cs\/vyjimecny-wellness-zazitek\/masaze\/","url":"https:\/\/www.harveyspahotel.com\/cs\/vyjimecny-wellness-zazitek\/masaze\/","name":"Mas\u00e1\u017ee | Harvey Spa Hotel Franti\u0161kovy L\u00e1zn\u011b","isPartOf":{"@id":"https:\/\/www.harveyspahotel.com\/cs\/#website"},"datePublished":"2023-06-19T13:01:00+00:00","dateModified":"2026-02-04T14:46:45+00:00","description":"Odpo\u010d\u00edvat je p\u0159irozenou a nezbytnou sou\u010d\u00e1st\u00ed na\u0161eho \u017eivota. Pro na\u010derp\u00e1n\u00ed ztracen\u00e9 energie dop\u0159ejte sob\u011b n\u011bkterou z nab\u00edzen\u00fdch mas\u00e1\u017e\u00ed u n\u00e1s.","breadcrumb":{"@id":"https:\/\/www.harveyspahotel.com\/cs\/vyjimecny-wellness-zazitek\/masaze\/#breadcrumb"},"inLanguage":"cs","potentialAction":[{"@type":"ReadAction","target":["https:\/\/www.harveyspahotel.com\/cs\/vyjimecny-wellness-zazitek\/masaze\/"]}]},{"@type":"BreadcrumbList","@id":"https:\/\/www.harveyspahotel.com\/cs\/vyjimecny-wellness-zazitek\/masaze\/#breadcrumb","itemListElement":[{"@type":"ListItem","position":1,"name":"Home","item":"https:\/\/www.harveyspahotel.com\/cs\/"},{"@type":"ListItem","position":2,"name":"V\u00fdjime\u010dn\u00fd wellness z\u00e1\u017eitek","item":"https:\/\/www.harveyspahotel.com\/cs\/vyjimecny-wellness-zazitek\/"},{"@type":"ListItem","position":3,"name":"Mas\u00e1\u017ee"}]},{"@type":"WebSite","@id":"https:\/\/www.harveyspahotel.com\/cs\/#website","url":"https:\/\/www.harveyspahotel.com\/cs\/","name":"Harvey Spa Hotel","description":"","potentialAction":[{"@type":"SearchAction","target":{"@type":"EntryPoint","urlTemplate":"https:\/\/www.harveyspahotel.com\/cs\/?s={search_term_string}"},"query-input":"required name=search_term_string"}],"inLanguage":"cs"}]}},"acf":[],"_links":{"self":[{"href":"https:\/\/www.harveyspahotel.com\/cs\/wp-json\/wp\/v2\/pages\/393"}],"collection":[{"href":"https:\/\/www.harveyspahotel.com\/cs\/wp-json\/wp\/v2\/pages"}],"about":[{"href":"https:\/\/www.harveyspahotel.com\/cs\/wp-json\/wp\/v2\/types\/page"}],"author":[{"embeddable":true,"href":"https:\/\/www.harveyspahotel.com\/cs\/wp-json\/wp\/v2\/users\/7"}],"replies":[{"embeddable":true,"href":"https:\/\/www.harveyspahotel.com\/cs\/wp-json\/wp\/v2\/comments?post=393"}],"version-history":[{"count":0,"href":"https:\/\/www.harveyspahotel.com\/cs\/wp-json\/wp\/v2\/pages\/393\/revisions"}],"up":[{"embeddable":true,"href":"https:\/\/www.harveyspahotel.com\/cs\/wp-json\/wp\/v2\/pages\/29"}],"wp:attachment":[{"href":"https:\/\/www.harveyspahotel.com\/cs\/wp-json\/wp\/v2\/media?parent=393"}],"curies":[{"name":"wp","href":"https:\/\/api.w.org\/{rel}","templated":true}]}}