{"id":396,"date":"2023-06-19T15:07:52","date_gmt":"2023-06-19T15:07:52","guid":{"rendered":"https:\/\/harvey-spa-hotel.ms2.decms.eu\/vyjimecny-wellness-zazitek\/fitness-center\/"},"modified":"2024-10-07T11:37:00","modified_gmt":"2024-10-07T11:37:00","slug":"fitness","status":"publish","type":"page","link":"https:\/\/www.harveyspahotel.com\/cs\/vyjimecny-wellness-zazitek\/fitness\/","title":{"rendered":"Fitness"},"content":{"rendered":"<p>\u010c\u00edm jsme fyzicky zdatn\u011bj\u0161\u00ed, t\u00edm m\u00e1me ze sebe lep\u0161\u00ed pocit. A co v\u00edc, v\u00fdhody fyzick\u00e9 aktivity sahaj\u00ed daleko za v\u00fdsledek m\u00edt fit t\u011blo. John F. Kennedy jednou \u0159ekl, \u017ee \u201efyzick\u00e1 zdatnost nen\u00ed jen jedn\u00edm z nejd\u016fle\u017eit\u011bj\u0161\u00edch kl\u00ed\u010d\u016f ke zdrav\u00e9mu t\u011blu, je z\u00e1kladem dynamick\u00e9 a kreativn\u00ed intelektu\u00e1ln\u00ed \u010dinnosti\u201c.<\/p>\n<p>Otev\u0159eno denn\u011b od 8 hod do 20 hod.<\/p>\n","protected":false},"excerpt":{"rendered":"<p>\u010c\u00edm jsme fyzicky zdatn\u011bj\u0161\u00ed, t\u00edm m\u00e1me ze sebe lep\u0161\u00ed pocit. A co v\u00edc, v\u00fdhody fyzick\u00e9 aktivity sahaj\u00ed daleko za v\u00fdsledek m\u00edt fit t\u011blo. John F. Kennedy jednou \u0159ekl, \u017ee \u201efyzick\u00e1 zdatnost nen\u00ed jen jedn\u00edm z nejd\u016fle\u017eit\u011bj\u0161\u00edch kl\u00ed\u010d\u016f ke zdrav\u00e9mu t\u011blu, je z\u00e1kladem dynamick\u00e9 a kreativn\u00ed intelektu\u00e1ln\u00ed \u010dinnosti\u201c. Otev\u0159eno denn\u011b od 8 hod do 20 hod.<\/p>\n","protected":false},"author":7,"featured_media":0,"parent":29,"menu_order":60,"comment_status":"closed","ping_status":"closed","template":"template-single-spa.php","meta":{"footnotes":""},"class_list":["post-396","page","type-page","status-publish","hentry"],"yoast_head":"<!-- This site is optimized with the Yoast SEO plugin v27.3 - https:\/\/yoast.com\/product\/yoast-seo-wordpress\/ -->\n<title>Fitness | Harvey Spa Hotel Franti\u0161kovy L\u00e1zn\u011b<\/title>\n<meta name=\"description\" content=\"Fitness centrum v hotelu Harvey Spa nab\u00edz\u00ed z\u00e1zem\u00ed pro hosty, kte\u0159\u00ed se udr\u017euj\u00ed v kondici i na cest\u00e1ch \u010di na dovolen\u00e9.\" \/>\n<meta name=\"robots\" content=\"index, follow, max-snippet:-1, max-image-preview:large, max-video-preview:-1\" \/>\n<link rel=\"canonical\" href=\"https:\/\/www.harveyspahotel.com\/cs\/vyjimecny-wellness-zazitek\/fitness\/\" \/>\n<meta property=\"og:locale\" content=\"cs_CZ\" \/>\n<meta property=\"og:type\" content=\"article\" \/>\n<meta property=\"og:title\" content=\"Fitness | Harvey Spa Hotel Franti\u0161kovy L\u00e1zn\u011b\" \/>\n<meta property=\"og:description\" content=\"Fitness centrum v hotelu Harvey Spa nab\u00edz\u00ed z\u00e1zem\u00ed pro hosty, kte\u0159\u00ed se udr\u017euj\u00ed v kondici i na cest\u00e1ch \u010di na dovolen\u00e9.\" \/>\n<meta property=\"og:url\" content=\"https:\/\/www.harveyspahotel.com\/cs\/vyjimecny-wellness-zazitek\/fitness\/\" \/>\n<meta property=\"og:site_name\" content=\"Harvey Spa Hotel\" \/>\n<meta property=\"article:modified_time\" content=\"2024-10-07T11:37:00+00:00\" \/>\n<meta name=\"twitter:card\" content=\"summary_large_image\" \/>\n<meta name=\"twitter:label1\" content=\"Odhadovan\u00e1 doba \u010dten\u00ed\" \/>\n\t<meta name=\"twitter:data1\" content=\"1 minuta\" \/>\n<script type=\"application\/ld+json\" class=\"yoast-schema-graph\">{\"@context\":\"https:\\\/\\\/schema.org\",\"@graph\":[{\"@type\":\"WebPage\",\"@id\":\"https:\\\/\\\/www.harveyspahotel.com\\\/cs\\\/vyjimecny-wellness-zazitek\\\/fitness\\\/\",\"url\":\"https:\\\/\\\/www.harveyspahotel.com\\\/cs\\\/vyjimecny-wellness-zazitek\\\/fitness\\\/\",\"name\":\"Fitness | Harvey Spa Hotel Franti\u0161kovy L\u00e1zn\u011b\",\"isPartOf\":{\"@id\":\"https:\\\/\\\/www.harveyspahotel.com\\\/cs\\\/#website\"},\"datePublished\":\"2023-06-19T15:07:52+00:00\",\"dateModified\":\"2024-10-07T11:37:00+00:00\",\"description\":\"Fitness centrum v hotelu Harvey Spa nab\u00edz\u00ed z\u00e1zem\u00ed pro hosty, kte\u0159\u00ed se udr\u017euj\u00ed v kondici i na cest\u00e1ch \u010di na dovolen\u00e9.\",\"breadcrumb\":{\"@id\":\"https:\\\/\\\/www.harveyspahotel.com\\\/cs\\\/vyjimecny-wellness-zazitek\\\/fitness\\\/#breadcrumb\"},\"inLanguage\":\"cs\",\"potentialAction\":[{\"@type\":\"ReadAction\",\"target\":[\"https:\\\/\\\/www.harveyspahotel.com\\\/cs\\\/vyjimecny-wellness-zazitek\\\/fitness\\\/\"]}]},{\"@type\":\"BreadcrumbList\",\"@id\":\"https:\\\/\\\/www.harveyspahotel.com\\\/cs\\\/vyjimecny-wellness-zazitek\\\/fitness\\\/#breadcrumb\",\"itemListElement\":[{\"@type\":\"ListItem\",\"position\":1,\"name\":\"Home\",\"item\":\"https:\\\/\\\/www.harveyspahotel.com\\\/cs\\\/\"},{\"@type\":\"ListItem\",\"position\":2,\"name\":\"V\u00fdjime\u010dn\u00fd wellness z\u00e1\u017eitek\",\"item\":\"https:\\\/\\\/www.harveyspahotel.com\\\/cs\\\/vyjimecny-wellness-zazitek\\\/\"},{\"@type\":\"ListItem\",\"position\":3,\"name\":\"Fitness\"}]},{\"@type\":\"WebSite\",\"@id\":\"https:\\\/\\\/www.harveyspahotel.com\\\/cs\\\/#website\",\"url\":\"https:\\\/\\\/www.harveyspahotel.com\\\/cs\\\/\",\"name\":\"Harvey Spa Hotel\",\"description\":\"\",\"potentialAction\":[{\"@type\":\"SearchAction\",\"target\":{\"@type\":\"EntryPoint\",\"urlTemplate\":\"https:\\\/\\\/www.harveyspahotel.com\\\/cs\\\/?s={search_term_string}\"},\"query-input\":{\"@type\":\"PropertyValueSpecification\",\"valueRequired\":true,\"valueName\":\"search_term_string\"}}],\"inLanguage\":\"cs\"}]}<\/script>\n<!-- \/ Yoast SEO plugin. -->","yoast_head_json":{"title":"Fitness | Harvey Spa Hotel Franti\u0161kovy L\u00e1zn\u011b","description":"Fitness centrum v hotelu Harvey Spa nab\u00edz\u00ed z\u00e1zem\u00ed pro hosty, kte\u0159\u00ed se udr\u017euj\u00ed v kondici i na cest\u00e1ch \u010di na dovolen\u00e9.","robots":{"index":"index","follow":"follow","max-snippet":"max-snippet:-1","max-image-preview":"max-image-preview:large","max-video-preview":"max-video-preview:-1"},"canonical":"https:\/\/www.harveyspahotel.com\/cs\/vyjimecny-wellness-zazitek\/fitness\/","og_locale":"cs_CZ","og_type":"article","og_title":"Fitness | Harvey Spa Hotel Franti\u0161kovy L\u00e1zn\u011b","og_description":"Fitness centrum v hotelu Harvey Spa nab\u00edz\u00ed z\u00e1zem\u00ed pro hosty, kte\u0159\u00ed se udr\u017euj\u00ed v kondici i na cest\u00e1ch \u010di na dovolen\u00e9.","og_url":"https:\/\/www.harveyspahotel.com\/cs\/vyjimecny-wellness-zazitek\/fitness\/","og_site_name":"Harvey Spa Hotel","article_modified_time":"2024-10-07T11:37:00+00:00","twitter_card":"summary_large_image","twitter_misc":{"Odhadovan\u00e1 doba \u010dten\u00ed":"1 minuta"},"schema":{"@context":"https:\/\/schema.org","@graph":[{"@type":"WebPage","@id":"https:\/\/www.harveyspahotel.com\/cs\/vyjimecny-wellness-zazitek\/fitness\/","url":"https:\/\/www.harveyspahotel.com\/cs\/vyjimecny-wellness-zazitek\/fitness\/","name":"Fitness | Harvey Spa Hotel Franti\u0161kovy L\u00e1zn\u011b","isPartOf":{"@id":"https:\/\/www.harveyspahotel.com\/cs\/#website"},"datePublished":"2023-06-19T15:07:52+00:00","dateModified":"2024-10-07T11:37:00+00:00","description":"Fitness centrum v hotelu Harvey Spa nab\u00edz\u00ed z\u00e1zem\u00ed pro hosty, kte\u0159\u00ed se udr\u017euj\u00ed v kondici i na cest\u00e1ch \u010di na dovolen\u00e9.","breadcrumb":{"@id":"https:\/\/www.harveyspahotel.com\/cs\/vyjimecny-wellness-zazitek\/fitness\/#breadcrumb"},"inLanguage":"cs","potentialAction":[{"@type":"ReadAction","target":["https:\/\/www.harveyspahotel.com\/cs\/vyjimecny-wellness-zazitek\/fitness\/"]}]},{"@type":"BreadcrumbList","@id":"https:\/\/www.harveyspahotel.com\/cs\/vyjimecny-wellness-zazitek\/fitness\/#breadcrumb","itemListElement":[{"@type":"ListItem","position":1,"name":"Home","item":"https:\/\/www.harveyspahotel.com\/cs\/"},{"@type":"ListItem","position":2,"name":"V\u00fdjime\u010dn\u00fd wellness z\u00e1\u017eitek","item":"https:\/\/www.harveyspahotel.com\/cs\/vyjimecny-wellness-zazitek\/"},{"@type":"ListItem","position":3,"name":"Fitness"}]},{"@type":"WebSite","@id":"https:\/\/www.harveyspahotel.com\/cs\/#website","url":"https:\/\/www.harveyspahotel.com\/cs\/","name":"Harvey Spa Hotel","description":"","potentialAction":[{"@type":"SearchAction","target":{"@type":"EntryPoint","urlTemplate":"https:\/\/www.harveyspahotel.com\/cs\/?s={search_term_string}"},"query-input":{"@type":"PropertyValueSpecification","valueRequired":true,"valueName":"search_term_string"}}],"inLanguage":"cs"}]}},"acf":[],"_links":{"self":[{"href":"https:\/\/www.harveyspahotel.com\/cs\/wp-json\/wp\/v2\/pages\/396","targetHints":{"allow":["GET"]}}],"collection":[{"href":"https:\/\/www.harveyspahotel.com\/cs\/wp-json\/wp\/v2\/pages"}],"about":[{"href":"https:\/\/www.harveyspahotel.com\/cs\/wp-json\/wp\/v2\/types\/page"}],"author":[{"embeddable":true,"href":"https:\/\/www.harveyspahotel.com\/cs\/wp-json\/wp\/v2\/users\/7"}],"replies":[{"embeddable":true,"href":"https:\/\/www.harveyspahotel.com\/cs\/wp-json\/wp\/v2\/comments?post=396"}],"version-history":[{"count":0,"href":"https:\/\/www.harveyspahotel.com\/cs\/wp-json\/wp\/v2\/pages\/396\/revisions"}],"up":[{"embeddable":true,"href":"https:\/\/www.harveyspahotel.com\/cs\/wp-json\/wp\/v2\/pages\/29"}],"wp:attachment":[{"href":"https:\/\/www.harveyspahotel.com\/cs\/wp-json\/wp\/v2\/media?parent=396"}],"curies":[{"name":"wp","href":"https:\/\/api.w.org\/{rel}","templated":true}]}}