{"id":48,"date":"2023-06-06T07:57:40","date_gmt":"2023-06-06T07:57:40","guid":{"rendered":"https:\/\/harvey-spa-hotel.ms2.decms.eu\/specialni-nabidky\/healthy-vacation\/"},"modified":"2025-08-29T08:34:18","modified_gmt":"2025-08-29T08:34:18","slug":"pro-zdravi-tela-i-duse","status":"publish","type":"page","link":"https:\/\/www.harveyspahotel.com\/cs\/vas-nezapomenutelny-pobyt-ve-frantiskovych-laznich\/pro-zdravi-tela-i-duse\/","title":{"rendered":"Pro zdrav\u00ed t\u011bla i du\u0161e"},"content":{"rendered":"<p style=\"text-align: center\">Pobyt v hotelu Harvey Spa s polopenz\u00ed a p\u00e9\u010d\u00ed o zdrav\u00ed t\u011bla i du\u0161e! U\u017eijte si l\u00e1ze\u0148sk\u00fd pobyt naplno. Nechte sv\u00e9 t\u011blo i du\u0161i h\u00fd\u010dkat blahod\u00e1rn\u00fdmi procedurami a zapome\u0148te na starosti v\u0161edn\u00edch dn\u016f. Vstup do hotelov\u00e9ho wellness v cen\u011b!<\/p>\n","protected":false},"excerpt":{"rendered":"<p>Pobyt v hotelu Harvey Spa s polopenz\u00ed a p\u00e9\u010d\u00ed o zdrav\u00ed t\u011bla i du\u0161e! U\u017eijte si l\u00e1ze\u0148sk\u00fd pobyt naplno. Nechte sv\u00e9 t\u011blo i du\u0161i h\u00fd\u010dkat blahod\u00e1rn\u00fdmi procedurami a zapome\u0148te na starosti v\u0161edn\u00edch dn\u016f. Vstup do hotelov\u00e9ho wellness v cen\u011b!<\/p>\n","protected":false},"author":11,"featured_media":0,"parent":27,"menu_order":1,"comment_status":"closed","ping_status":"closed","template":"template-single-treatments.php","meta":{"footnotes":""},"class_list":["post-48","page","type-page","status-publish","hentry"],"yoast_head":"<!-- This site is optimized with the Yoast SEO plugin v27.3 - https:\/\/yoast.com\/product\/yoast-seo-wordpress\/ -->\n<title>Pro zdrav\u00ed t\u011bla i du\u0161e | Harvey Spa Hotel<\/title>\n<meta name=\"description\" content=\"Sedm noc\u00ed v Harvey Spa Hotelu s polopenz\u00ed pro zdrav\u00ed! U\u017eijte si l\u00e1ze\u0148sk\u00fd pobyt naplno. Nechte sv\u00e9 t\u011blo i du\u0161i h\u00fd\u010dkat.\" \/>\n<meta name=\"robots\" content=\"index, follow, max-snippet:-1, max-image-preview:large, max-video-preview:-1\" \/>\n<link rel=\"canonical\" href=\"https:\/\/www.harveyspahotel.com\/cs\/vas-nezapomenutelny-pobyt-ve-frantiskovych-laznich\/pro-zdravi-tela-i-duse\/\" \/>\n<meta property=\"og:locale\" content=\"cs_CZ\" \/>\n<meta property=\"og:type\" content=\"article\" \/>\n<meta property=\"og:title\" content=\"Pro zdrav\u00ed t\u011bla i du\u0161e | Harvey Spa Hotel\" \/>\n<meta property=\"og:description\" content=\"Sedm noc\u00ed v Harvey Spa Hotelu s polopenz\u00ed pro zdrav\u00ed! U\u017eijte si l\u00e1ze\u0148sk\u00fd pobyt naplno. Nechte sv\u00e9 t\u011blo i du\u0161i h\u00fd\u010dkat.\" \/>\n<meta property=\"og:url\" content=\"https:\/\/www.harveyspahotel.com\/cs\/vas-nezapomenutelny-pobyt-ve-frantiskovych-laznich\/pro-zdravi-tela-i-duse\/\" \/>\n<meta property=\"og:site_name\" content=\"Harvey Spa Hotel\" \/>\n<meta property=\"article:modified_time\" content=\"2025-08-29T08:34:18+00:00\" \/>\n<meta name=\"twitter:card\" content=\"summary_large_image\" \/>\n<meta name=\"twitter:label1\" content=\"Odhadovan\u00e1 doba \u010dten\u00ed\" \/>\n\t<meta name=\"twitter:data1\" content=\"1 minuta\" \/>\n<script type=\"application\/ld+json\" class=\"yoast-schema-graph\">{\"@context\":\"https:\\\/\\\/schema.org\",\"@graph\":[{\"@type\":\"WebPage\",\"@id\":\"https:\\\/\\\/www.harveyspahotel.com\\\/cs\\\/vas-nezapomenutelny-pobyt-ve-frantiskovych-laznich\\\/pro-zdravi-tela-i-duse\\\/\",\"url\":\"https:\\\/\\\/www.harveyspahotel.com\\\/cs\\\/vas-nezapomenutelny-pobyt-ve-frantiskovych-laznich\\\/pro-zdravi-tela-i-duse\\\/\",\"name\":\"Pro zdrav\u00ed t\u011bla i du\u0161e | Harvey Spa Hotel\",\"isPartOf\":{\"@id\":\"https:\\\/\\\/www.harveyspahotel.com\\\/cs\\\/#website\"},\"datePublished\":\"2023-06-06T07:57:40+00:00\",\"dateModified\":\"2025-08-29T08:34:18+00:00\",\"description\":\"Sedm noc\u00ed v Harvey Spa Hotelu s polopenz\u00ed pro zdrav\u00ed! U\u017eijte si l\u00e1ze\u0148sk\u00fd pobyt naplno. Nechte sv\u00e9 t\u011blo i du\u0161i h\u00fd\u010dkat.\",\"breadcrumb\":{\"@id\":\"https:\\\/\\\/www.harveyspahotel.com\\\/cs\\\/vas-nezapomenutelny-pobyt-ve-frantiskovych-laznich\\\/pro-zdravi-tela-i-duse\\\/#breadcrumb\"},\"inLanguage\":\"cs\",\"potentialAction\":[{\"@type\":\"ReadAction\",\"target\":[\"https:\\\/\\\/www.harveyspahotel.com\\\/cs\\\/vas-nezapomenutelny-pobyt-ve-frantiskovych-laznich\\\/pro-zdravi-tela-i-duse\\\/\"]}]},{\"@type\":\"BreadcrumbList\",\"@id\":\"https:\\\/\\\/www.harveyspahotel.com\\\/cs\\\/vas-nezapomenutelny-pobyt-ve-frantiskovych-laznich\\\/pro-zdravi-tela-i-duse\\\/#breadcrumb\",\"itemListElement\":[{\"@type\":\"ListItem\",\"position\":1,\"name\":\"Home\",\"item\":\"https:\\\/\\\/www.harveyspahotel.com\\\/cs\\\/\"},{\"@type\":\"ListItem\",\"position\":2,\"name\":\"V\u00e1\u0161 nezapomenuteln\u00fd pobyt\",\"item\":\"https:\\\/\\\/www.harveyspahotel.com\\\/cs\\\/vas-nezapomenutelny-pobyt-ve-frantiskovych-laznich\\\/\"},{\"@type\":\"ListItem\",\"position\":3,\"name\":\"Pro zdrav\u00ed t\u011bla i du\u0161e\"}]},{\"@type\":\"WebSite\",\"@id\":\"https:\\\/\\\/www.harveyspahotel.com\\\/cs\\\/#website\",\"url\":\"https:\\\/\\\/www.harveyspahotel.com\\\/cs\\\/\",\"name\":\"Harvey Spa Hotel\",\"description\":\"\",\"potentialAction\":[{\"@type\":\"SearchAction\",\"target\":{\"@type\":\"EntryPoint\",\"urlTemplate\":\"https:\\\/\\\/www.harveyspahotel.com\\\/cs\\\/?s={search_term_string}\"},\"query-input\":{\"@type\":\"PropertyValueSpecification\",\"valueRequired\":true,\"valueName\":\"search_term_string\"}}],\"inLanguage\":\"cs\"}]}<\/script>\n<!-- \/ Yoast SEO plugin. -->","yoast_head_json":{"title":"Pro zdrav\u00ed t\u011bla i du\u0161e | Harvey Spa Hotel","description":"Sedm noc\u00ed v Harvey Spa Hotelu s polopenz\u00ed pro zdrav\u00ed! U\u017eijte si l\u00e1ze\u0148sk\u00fd pobyt naplno. Nechte sv\u00e9 t\u011blo i du\u0161i h\u00fd\u010dkat.","robots":{"index":"index","follow":"follow","max-snippet":"max-snippet:-1","max-image-preview":"max-image-preview:large","max-video-preview":"max-video-preview:-1"},"canonical":"https:\/\/www.harveyspahotel.com\/cs\/vas-nezapomenutelny-pobyt-ve-frantiskovych-laznich\/pro-zdravi-tela-i-duse\/","og_locale":"cs_CZ","og_type":"article","og_title":"Pro zdrav\u00ed t\u011bla i du\u0161e | Harvey Spa Hotel","og_description":"Sedm noc\u00ed v Harvey Spa Hotelu s polopenz\u00ed pro zdrav\u00ed! U\u017eijte si l\u00e1ze\u0148sk\u00fd pobyt naplno. Nechte sv\u00e9 t\u011blo i du\u0161i h\u00fd\u010dkat.","og_url":"https:\/\/www.harveyspahotel.com\/cs\/vas-nezapomenutelny-pobyt-ve-frantiskovych-laznich\/pro-zdravi-tela-i-duse\/","og_site_name":"Harvey Spa Hotel","article_modified_time":"2025-08-29T08:34:18+00:00","twitter_card":"summary_large_image","twitter_misc":{"Odhadovan\u00e1 doba \u010dten\u00ed":"1 minuta"},"schema":{"@context":"https:\/\/schema.org","@graph":[{"@type":"WebPage","@id":"https:\/\/www.harveyspahotel.com\/cs\/vas-nezapomenutelny-pobyt-ve-frantiskovych-laznich\/pro-zdravi-tela-i-duse\/","url":"https:\/\/www.harveyspahotel.com\/cs\/vas-nezapomenutelny-pobyt-ve-frantiskovych-laznich\/pro-zdravi-tela-i-duse\/","name":"Pro zdrav\u00ed t\u011bla i du\u0161e | Harvey Spa Hotel","isPartOf":{"@id":"https:\/\/www.harveyspahotel.com\/cs\/#website"},"datePublished":"2023-06-06T07:57:40+00:00","dateModified":"2025-08-29T08:34:18+00:00","description":"Sedm noc\u00ed v Harvey Spa Hotelu s polopenz\u00ed pro zdrav\u00ed! U\u017eijte si l\u00e1ze\u0148sk\u00fd pobyt naplno. Nechte sv\u00e9 t\u011blo i du\u0161i h\u00fd\u010dkat.","breadcrumb":{"@id":"https:\/\/www.harveyspahotel.com\/cs\/vas-nezapomenutelny-pobyt-ve-frantiskovych-laznich\/pro-zdravi-tela-i-duse\/#breadcrumb"},"inLanguage":"cs","potentialAction":[{"@type":"ReadAction","target":["https:\/\/www.harveyspahotel.com\/cs\/vas-nezapomenutelny-pobyt-ve-frantiskovych-laznich\/pro-zdravi-tela-i-duse\/"]}]},{"@type":"BreadcrumbList","@id":"https:\/\/www.harveyspahotel.com\/cs\/vas-nezapomenutelny-pobyt-ve-frantiskovych-laznich\/pro-zdravi-tela-i-duse\/#breadcrumb","itemListElement":[{"@type":"ListItem","position":1,"name":"Home","item":"https:\/\/www.harveyspahotel.com\/cs\/"},{"@type":"ListItem","position":2,"name":"V\u00e1\u0161 nezapomenuteln\u00fd pobyt","item":"https:\/\/www.harveyspahotel.com\/cs\/vas-nezapomenutelny-pobyt-ve-frantiskovych-laznich\/"},{"@type":"ListItem","position":3,"name":"Pro zdrav\u00ed t\u011bla i du\u0161e"}]},{"@type":"WebSite","@id":"https:\/\/www.harveyspahotel.com\/cs\/#website","url":"https:\/\/www.harveyspahotel.com\/cs\/","name":"Harvey Spa Hotel","description":"","potentialAction":[{"@type":"SearchAction","target":{"@type":"EntryPoint","urlTemplate":"https:\/\/www.harveyspahotel.com\/cs\/?s={search_term_string}"},"query-input":{"@type":"PropertyValueSpecification","valueRequired":true,"valueName":"search_term_string"}}],"inLanguage":"cs"}]}},"acf":[],"_links":{"self":[{"href":"https:\/\/www.harveyspahotel.com\/cs\/wp-json\/wp\/v2\/pages\/48","targetHints":{"allow":["GET"]}}],"collection":[{"href":"https:\/\/www.harveyspahotel.com\/cs\/wp-json\/wp\/v2\/pages"}],"about":[{"href":"https:\/\/www.harveyspahotel.com\/cs\/wp-json\/wp\/v2\/types\/page"}],"author":[{"embeddable":true,"href":"https:\/\/www.harveyspahotel.com\/cs\/wp-json\/wp\/v2\/users\/11"}],"replies":[{"embeddable":true,"href":"https:\/\/www.harveyspahotel.com\/cs\/wp-json\/wp\/v2\/comments?post=48"}],"version-history":[{"count":0,"href":"https:\/\/www.harveyspahotel.com\/cs\/wp-json\/wp\/v2\/pages\/48\/revisions"}],"up":[{"embeddable":true,"href":"https:\/\/www.harveyspahotel.com\/cs\/wp-json\/wp\/v2\/pages\/27"}],"wp:attachment":[{"href":"https:\/\/www.harveyspahotel.com\/cs\/wp-json\/wp\/v2\/media?parent=48"}],"curies":[{"name":"wp","href":"https:\/\/api.w.org\/{rel}","templated":true}]}}