{"id":508,"date":"2023-06-23T13:47:39","date_gmt":"2023-06-23T13:47:39","guid":{"rendered":"https:\/\/www.harveyspahotel.com\/vyjimecny-wellness-zazitek\/masaze\/classic-massage\/"},"modified":"2025-08-07T12:45:11","modified_gmt":"2025-08-07T12:45:11","slug":"klasicka-masaz","status":"publish","type":"page","link":"https:\/\/www.harveyspahotel.com\/cs\/vyjimecny-wellness-zazitek\/masaze\/klasicka-masaz\/","title":{"rendered":"Klasick\u00e1 mas\u00e1\u017e"},"content":{"rendered":"<p>Tato mas\u00e1\u017e p\u0159edstavuje syst\u00e9m mas\u00e1\u017en\u00edch hmat\u016f a pohyb\u016f, kter\u00fd m\u00e1 za c\u00edl navodit celkov\u00e9 uvoln\u011bn\u00ed. Mas\u00e1\u017e podporuje cirkulaci v povrchov\u00fdch \u017e\u00edl\u00e1ch, lymfatick\u00fdch c\u00e9v\u00e1ch, zlep\u0161uje v\u00fd\u017eivu tk\u00e1n\u00ed a zm\u00edr\u0148uje bolest. Re\u00e1ln\u011b doch\u00e1z\u00ed k uvoln\u011bn\u00ed mas\u00edrovan\u00e9ho svalstva, povzbuzen\u00ed krevn\u00edho ob\u011bhu, m\u016f\u017eeme v\u0161ak dos\u00e1hnout i zm\u00edrn\u011bn\u00ed bolest\u00ed hlavy \u010di vst\u0159eb\u00e1v\u00e1n\u00ed otok\u016f. Obecn\u011b je navozen pocit uvoln\u011bn\u00ed a pozitivn\u00edho nalad\u011bn\u00ed. Klasick\u00e1 mas\u00e1\u017e m\u016f\u017ee b\u00fdt \u010d\u00e1ste\u010dn\u00e1 \u010di celkov\u00e1.<\/p>\n","protected":false},"excerpt":{"rendered":"<p>Tato mas\u00e1\u017e p\u0159edstavuje syst\u00e9m mas\u00e1\u017en\u00edch hmat\u016f a pohyb\u016f, kter\u00fd m\u00e1 za c\u00edl navodit celkov\u00e9 uvoln\u011bn\u00ed. Mas\u00e1\u017e podporuje cirkulaci v povrchov\u00fdch \u017e\u00edl\u00e1ch, lymfatick\u00fdch c\u00e9v\u00e1ch, zlep\u0161uje v\u00fd\u017eivu tk\u00e1n\u00ed a zm\u00edr\u0148uje bolest. Re\u00e1ln\u011b doch\u00e1z\u00ed k uvoln\u011bn\u00ed mas\u00edrovan\u00e9ho svalstva, povzbuzen\u00ed krevn\u00edho ob\u011bhu, m\u016f\u017eeme v\u0161ak dos\u00e1hnout i zm\u00edrn\u011bn\u00ed bolest\u00ed hlavy \u010di vst\u0159eb\u00e1v\u00e1n\u00ed otok\u016f. Obecn\u011b je navozen pocit uvoln\u011bn\u00ed a pozitivn\u00edho [&hellip;]<\/p>\n","protected":false},"author":7,"featured_media":0,"parent":393,"menu_order":6,"comment_status":"closed","ping_status":"closed","template":"template-single-massage.php","meta":{"footnotes":""},"yoast_head":"<!-- This site is optimized with the Yoast SEO plugin v22.3 - https:\/\/yoast.com\/wordpress\/plugins\/seo\/ -->\n<title>Klasick\u00e1 mas\u00e1\u017e | Harvey Spa Hotel<\/title>\n<meta name=\"description\" content=\"Jednou z nejobl\u00edben\u011bj\u0161\u00edch l\u00e1ze\u0148sk\u00fdch procedur je bezesporu mas\u00e1\u017e, a to v jak\u00e9koli podob\u011b. Klasick\u00e1 mas\u00e1\u017e m\u016f\u017ee b\u00fdt \u010d\u00e1ste\u010dn\u00e1 \u010di celkov\u00e1.\" \/>\n<meta name=\"robots\" content=\"index, follow, max-snippet:-1, max-image-preview:large, max-video-preview:-1\" \/>\n<link rel=\"canonical\" href=\"https:\/\/www.harveyspahotel.com\/cs\/vyjimecny-wellness-zazitek\/masaze\/klasicka-masaz\/\" \/>\n<meta property=\"og:locale\" content=\"cs_CZ\" \/>\n<meta property=\"og:type\" content=\"article\" \/>\n<meta property=\"og:title\" content=\"Klasick\u00e1 mas\u00e1\u017e | Harvey Spa Hotel\" \/>\n<meta property=\"og:description\" content=\"Jednou z nejobl\u00edben\u011bj\u0161\u00edch l\u00e1ze\u0148sk\u00fdch procedur je bezesporu mas\u00e1\u017e, a to v jak\u00e9koli podob\u011b. Klasick\u00e1 mas\u00e1\u017e m\u016f\u017ee b\u00fdt \u010d\u00e1ste\u010dn\u00e1 \u010di celkov\u00e1.\" \/>\n<meta property=\"og:url\" content=\"https:\/\/www.harveyspahotel.com\/cs\/vyjimecny-wellness-zazitek\/masaze\/klasicka-masaz\/\" \/>\n<meta property=\"og:site_name\" content=\"Harvey Spa Hotel\" \/>\n<meta property=\"article:modified_time\" content=\"2025-08-07T12:45:11+00:00\" \/>\n<meta name=\"twitter:card\" content=\"summary_large_image\" \/>\n<meta name=\"twitter:label1\" content=\"Odhadovan\u00e1 doba \u010dten\u00ed\" \/>\n\t<meta name=\"twitter:data1\" content=\"1 minuta\" \/>\n<script type=\"application\/ld+json\" class=\"yoast-schema-graph\">{\"@context\":\"https:\/\/schema.org\",\"@graph\":[{\"@type\":\"WebPage\",\"@id\":\"https:\/\/www.harveyspahotel.com\/cs\/vyjimecny-wellness-zazitek\/masaze\/klasicka-masaz\/\",\"url\":\"https:\/\/www.harveyspahotel.com\/cs\/vyjimecny-wellness-zazitek\/masaze\/klasicka-masaz\/\",\"name\":\"Klasick\u00e1 mas\u00e1\u017e | Harvey Spa Hotel\",\"isPartOf\":{\"@id\":\"https:\/\/www.harveyspahotel.com\/cs\/#website\"},\"datePublished\":\"2023-06-23T13:47:39+00:00\",\"dateModified\":\"2025-08-07T12:45:11+00:00\",\"description\":\"Jednou z nejobl\u00edben\u011bj\u0161\u00edch l\u00e1ze\u0148sk\u00fdch procedur je bezesporu mas\u00e1\u017e, a to v jak\u00e9koli podob\u011b. Klasick\u00e1 mas\u00e1\u017e m\u016f\u017ee b\u00fdt \u010d\u00e1ste\u010dn\u00e1 \u010di celkov\u00e1.\",\"breadcrumb\":{\"@id\":\"https:\/\/www.harveyspahotel.com\/cs\/vyjimecny-wellness-zazitek\/masaze\/klasicka-masaz\/#breadcrumb\"},\"inLanguage\":\"cs\",\"potentialAction\":[{\"@type\":\"ReadAction\",\"target\":[\"https:\/\/www.harveyspahotel.com\/cs\/vyjimecny-wellness-zazitek\/masaze\/klasicka-masaz\/\"]}]},{\"@type\":\"BreadcrumbList\",\"@id\":\"https:\/\/www.harveyspahotel.com\/cs\/vyjimecny-wellness-zazitek\/masaze\/klasicka-masaz\/#breadcrumb\",\"itemListElement\":[{\"@type\":\"ListItem\",\"position\":1,\"name\":\"Home\",\"item\":\"https:\/\/www.harveyspahotel.com\/cs\/\"},{\"@type\":\"ListItem\",\"position\":2,\"name\":\"V\u00fdjime\u010dn\u00fd wellness z\u00e1\u017eitek\",\"item\":\"https:\/\/www.harveyspahotel.com\/cs\/vyjimecny-wellness-zazitek\/\"},{\"@type\":\"ListItem\",\"position\":3,\"name\":\"Mas\u00e1\u017ee\",\"item\":\"https:\/\/www.harveyspahotel.com\/cs\/vyjimecny-wellness-zazitek\/masaze\/\"},{\"@type\":\"ListItem\",\"position\":4,\"name\":\"Klasick\u00e1 mas\u00e1\u017e\"}]},{\"@type\":\"WebSite\",\"@id\":\"https:\/\/www.harveyspahotel.com\/cs\/#website\",\"url\":\"https:\/\/www.harveyspahotel.com\/cs\/\",\"name\":\"Harvey Spa Hotel\",\"description\":\"\",\"potentialAction\":[{\"@type\":\"SearchAction\",\"target\":{\"@type\":\"EntryPoint\",\"urlTemplate\":\"https:\/\/www.harveyspahotel.com\/cs\/?s={search_term_string}\"},\"query-input\":\"required name=search_term_string\"}],\"inLanguage\":\"cs\"}]}<\/script>\n<!-- \/ Yoast SEO plugin. -->","yoast_head_json":{"title":"Klasick\u00e1 mas\u00e1\u017e | Harvey Spa Hotel","description":"Jednou z nejobl\u00edben\u011bj\u0161\u00edch l\u00e1ze\u0148sk\u00fdch procedur je bezesporu mas\u00e1\u017e, a to v jak\u00e9koli podob\u011b. Klasick\u00e1 mas\u00e1\u017e m\u016f\u017ee b\u00fdt \u010d\u00e1ste\u010dn\u00e1 \u010di celkov\u00e1.","robots":{"index":"index","follow":"follow","max-snippet":"max-snippet:-1","max-image-preview":"max-image-preview:large","max-video-preview":"max-video-preview:-1"},"canonical":"https:\/\/www.harveyspahotel.com\/cs\/vyjimecny-wellness-zazitek\/masaze\/klasicka-masaz\/","og_locale":"cs_CZ","og_type":"article","og_title":"Klasick\u00e1 mas\u00e1\u017e | Harvey Spa Hotel","og_description":"Jednou z nejobl\u00edben\u011bj\u0161\u00edch l\u00e1ze\u0148sk\u00fdch procedur je bezesporu mas\u00e1\u017e, a to v jak\u00e9koli podob\u011b. Klasick\u00e1 mas\u00e1\u017e m\u016f\u017ee b\u00fdt \u010d\u00e1ste\u010dn\u00e1 \u010di celkov\u00e1.","og_url":"https:\/\/www.harveyspahotel.com\/cs\/vyjimecny-wellness-zazitek\/masaze\/klasicka-masaz\/","og_site_name":"Harvey Spa Hotel","article_modified_time":"2025-08-07T12:45:11+00:00","twitter_card":"summary_large_image","twitter_misc":{"Odhadovan\u00e1 doba \u010dten\u00ed":"1 minuta"},"schema":{"@context":"https:\/\/schema.org","@graph":[{"@type":"WebPage","@id":"https:\/\/www.harveyspahotel.com\/cs\/vyjimecny-wellness-zazitek\/masaze\/klasicka-masaz\/","url":"https:\/\/www.harveyspahotel.com\/cs\/vyjimecny-wellness-zazitek\/masaze\/klasicka-masaz\/","name":"Klasick\u00e1 mas\u00e1\u017e | Harvey Spa Hotel","isPartOf":{"@id":"https:\/\/www.harveyspahotel.com\/cs\/#website"},"datePublished":"2023-06-23T13:47:39+00:00","dateModified":"2025-08-07T12:45:11+00:00","description":"Jednou z nejobl\u00edben\u011bj\u0161\u00edch l\u00e1ze\u0148sk\u00fdch procedur je bezesporu mas\u00e1\u017e, a to v jak\u00e9koli podob\u011b. Klasick\u00e1 mas\u00e1\u017e m\u016f\u017ee b\u00fdt \u010d\u00e1ste\u010dn\u00e1 \u010di celkov\u00e1.","breadcrumb":{"@id":"https:\/\/www.harveyspahotel.com\/cs\/vyjimecny-wellness-zazitek\/masaze\/klasicka-masaz\/#breadcrumb"},"inLanguage":"cs","potentialAction":[{"@type":"ReadAction","target":["https:\/\/www.harveyspahotel.com\/cs\/vyjimecny-wellness-zazitek\/masaze\/klasicka-masaz\/"]}]},{"@type":"BreadcrumbList","@id":"https:\/\/www.harveyspahotel.com\/cs\/vyjimecny-wellness-zazitek\/masaze\/klasicka-masaz\/#breadcrumb","itemListElement":[{"@type":"ListItem","position":1,"name":"Home","item":"https:\/\/www.harveyspahotel.com\/cs\/"},{"@type":"ListItem","position":2,"name":"V\u00fdjime\u010dn\u00fd wellness z\u00e1\u017eitek","item":"https:\/\/www.harveyspahotel.com\/cs\/vyjimecny-wellness-zazitek\/"},{"@type":"ListItem","position":3,"name":"Mas\u00e1\u017ee","item":"https:\/\/www.harveyspahotel.com\/cs\/vyjimecny-wellness-zazitek\/masaze\/"},{"@type":"ListItem","position":4,"name":"Klasick\u00e1 mas\u00e1\u017e"}]},{"@type":"WebSite","@id":"https:\/\/www.harveyspahotel.com\/cs\/#website","url":"https:\/\/www.harveyspahotel.com\/cs\/","name":"Harvey Spa Hotel","description":"","potentialAction":[{"@type":"SearchAction","target":{"@type":"EntryPoint","urlTemplate":"https:\/\/www.harveyspahotel.com\/cs\/?s={search_term_string}"},"query-input":"required name=search_term_string"}],"inLanguage":"cs"}]}},"acf":[],"_links":{"self":[{"href":"https:\/\/www.harveyspahotel.com\/cs\/wp-json\/wp\/v2\/pages\/508"}],"collection":[{"href":"https:\/\/www.harveyspahotel.com\/cs\/wp-json\/wp\/v2\/pages"}],"about":[{"href":"https:\/\/www.harveyspahotel.com\/cs\/wp-json\/wp\/v2\/types\/page"}],"author":[{"embeddable":true,"href":"https:\/\/www.harveyspahotel.com\/cs\/wp-json\/wp\/v2\/users\/7"}],"replies":[{"embeddable":true,"href":"https:\/\/www.harveyspahotel.com\/cs\/wp-json\/wp\/v2\/comments?post=508"}],"version-history":[{"count":0,"href":"https:\/\/www.harveyspahotel.com\/cs\/wp-json\/wp\/v2\/pages\/508\/revisions"}],"up":[{"embeddable":true,"href":"https:\/\/www.harveyspahotel.com\/cs\/wp-json\/wp\/v2\/pages\/393"}],"wp:attachment":[{"href":"https:\/\/www.harveyspahotel.com\/cs\/wp-json\/wp\/v2\/media?parent=508"}],"curies":[{"name":"wp","href":"https:\/\/api.w.org\/{rel}","templated":true}]}}