{"id":542,"date":"2023-07-03T13:48:26","date_gmt":"2023-07-03T13:48:26","guid":{"rendered":"https:\/\/www.harveyspahotel.com\/?page_id=542"},"modified":"2025-08-07T12:41:24","modified_gmt":"2025-08-07T12:41:24","slug":"amerika-a-jadran","status":"publish","type":"page","link":"https:\/\/www.harveyspahotel.com\/cs\/kde-nas-najdete\/tipy-na-vylety-v-okoli\/amerika-a-jadran\/","title":{"rendered":"Amerika a Jadran"},"content":{"rendered":"<p>Oba rybn\u00edky pat\u0159\u00ed do rozlehl\u00e9 rybni\u010dn\u00ed soustavy rozprost\u0159en\u00e9 v\u00a0lesoparku Amerika na okraji m\u011bsta Franti\u0161kovy L\u00e1zn\u011b. Cel\u00e1 oblast s\u00a0udr\u017eovanou s\u00edt\u00ed lesn\u00edch cest a odpo\u010d\u00edvadel slou\u017e\u00ed p\u0159edev\u0161\u00edm jako relaxa\u010dn\u00ed m\u00edsto pro n\u00e1v\u0161t\u011bvn\u00edky l\u00e1ze\u0148sk\u00e9ho m\u011bsta. U rybn\u00edka je pl\u00e1\u017e, v\u00fdletn\u00ed atmosf\u00e9ru zpest\u0159uje mal\u00e1 zoologick\u00e1 zahrada. Cel\u00e1 oblast je z\u00e1rove\u0148 p\u0159irozen\u00fdm biotopem, kde hn\u00edzd\u00ed velk\u00e9 mno\u017estv\u00ed vz\u00e1cn\u00fdch vodn\u00edch pt\u00e1k\u016f.<\/p>\n","protected":false},"excerpt":{"rendered":"<p>Oba rybn\u00edky pat\u0159\u00ed do rozlehl\u00e9 rybni\u010dn\u00ed soustavy rozprost\u0159en\u00e9 v\u00a0lesoparku Amerika na okraji m\u011bsta Franti\u0161kovy L\u00e1zn\u011b. Cel\u00e1 oblast s\u00a0udr\u017eovanou s\u00edt\u00ed lesn\u00edch cest a odpo\u010d\u00edvadel slou\u017e\u00ed p\u0159edev\u0161\u00edm jako relaxa\u010dn\u00ed m\u00edsto pro n\u00e1v\u0161t\u011bvn\u00edky l\u00e1ze\u0148sk\u00e9ho m\u011bsta. U rybn\u00edka je pl\u00e1\u017e, v\u00fdletn\u00ed atmosf\u00e9ru zpest\u0159uje mal\u00e1 zoologick\u00e1 zahrada. Cel\u00e1 oblast je z\u00e1rove\u0148 p\u0159irozen\u00fdm biotopem, kde hn\u00edzd\u00ed velk\u00e9 mno\u017estv\u00ed vz\u00e1cn\u00fdch vodn\u00edch pt\u00e1k\u016f.<\/p>\n","protected":false},"author":7,"featured_media":0,"parent":541,"menu_order":10,"comment_status":"closed","ping_status":"closed","template":"","meta":{"footnotes":""},"yoast_head":"<!-- This site is optimized with the Yoast SEO plugin v22.3 - https:\/\/yoast.com\/wordpress\/plugins\/seo\/ -->\n<title>Amerika a Jadran | Harvey Spa Hotel Franti\u0161kovy L\u00e1zn\u011b<\/title>\n<meta name=\"description\" content=\"Oba rybn\u00edky se nach\u00e1z\u00ed v\u00a0lesoparku Amerika na okraji m\u011bsta Franti\u0161kovy L\u00e1zn\u011b. U rybn\u00edka je pl\u00e1\u017e, \u010di mal\u00e1 zoologick\u00e1 zahrada.\" \/>\n<meta name=\"robots\" content=\"noindex, nofollow\" \/>\n<meta property=\"og:locale\" content=\"cs_CZ\" \/>\n<meta property=\"og:type\" content=\"article\" \/>\n<meta property=\"og:title\" content=\"Amerika a Jadran | Harvey Spa Hotel Franti\u0161kovy L\u00e1zn\u011b\" \/>\n<meta property=\"og:description\" content=\"Oba rybn\u00edky se nach\u00e1z\u00ed v\u00a0lesoparku Amerika na okraji m\u011bsta Franti\u0161kovy L\u00e1zn\u011b. U rybn\u00edka je pl\u00e1\u017e, \u010di mal\u00e1 zoologick\u00e1 zahrada.\" \/>\n<meta property=\"og:url\" content=\"https:\/\/www.harveyspahotel.com\/cs\/kde-nas-najdete\/tipy-na-vylety-v-okoli\/amerika-a-jadran\/\" \/>\n<meta property=\"og:site_name\" content=\"Harvey Spa Hotel\" \/>\n<meta property=\"article:modified_time\" content=\"2025-08-07T12:41:24+00:00\" \/>\n<meta name=\"twitter:card\" content=\"summary_large_image\" \/>\n<meta name=\"twitter:label1\" content=\"Odhadovan\u00e1 doba \u010dten\u00ed\" \/>\n\t<meta name=\"twitter:data1\" content=\"1 minuta\" \/>\n<script type=\"application\/ld+json\" class=\"yoast-schema-graph\">{\"@context\":\"https:\/\/schema.org\",\"@graph\":[{\"@type\":\"WebPage\",\"@id\":\"https:\/\/www.harveyspahotel.com\/cs\/kde-nas-najdete\/tipy-na-vylety-v-okoli\/amerika-a-jadran\/\",\"url\":\"https:\/\/www.harveyspahotel.com\/cs\/kde-nas-najdete\/tipy-na-vylety-v-okoli\/amerika-a-jadran\/\",\"name\":\"Amerika a Jadran | Harvey Spa Hotel Franti\u0161kovy L\u00e1zn\u011b\",\"isPartOf\":{\"@id\":\"https:\/\/www.harveyspahotel.com\/cs\/#website\"},\"datePublished\":\"2023-07-03T13:48:26+00:00\",\"dateModified\":\"2025-08-07T12:41:24+00:00\",\"description\":\"Oba rybn\u00edky se nach\u00e1z\u00ed v\u00a0lesoparku Amerika na okraji m\u011bsta Franti\u0161kovy L\u00e1zn\u011b. U rybn\u00edka je pl\u00e1\u017e, \u010di mal\u00e1 zoologick\u00e1 zahrada.\",\"breadcrumb\":{\"@id\":\"https:\/\/www.harveyspahotel.com\/cs\/kde-nas-najdete\/tipy-na-vylety-v-okoli\/amerika-a-jadran\/#breadcrumb\"},\"inLanguage\":\"cs\",\"potentialAction\":[{\"@type\":\"ReadAction\",\"target\":[\"https:\/\/www.harveyspahotel.com\/cs\/kde-nas-najdete\/tipy-na-vylety-v-okoli\/amerika-a-jadran\/\"]}]},{\"@type\":\"BreadcrumbList\",\"@id\":\"https:\/\/www.harveyspahotel.com\/cs\/kde-nas-najdete\/tipy-na-vylety-v-okoli\/amerika-a-jadran\/#breadcrumb\",\"itemListElement\":[{\"@type\":\"ListItem\",\"position\":1,\"name\":\"Home\",\"item\":\"https:\/\/www.harveyspahotel.com\/cs\/\"},{\"@type\":\"ListItem\",\"position\":2,\"name\":\"Kde n\u00e1s najdete\",\"item\":\"https:\/\/www.harveyspahotel.com\/cs\/kde-nas-najdete\/\"},{\"@type\":\"ListItem\",\"position\":3,\"name\":\"Tipy na v\u00fdlety v okol\u00ed\",\"item\":\"https:\/\/www.harveyspahotel.com\/cs\/kde-nas-najdete\/tipy-na-vylety-v-okoli\/\"},{\"@type\":\"ListItem\",\"position\":4,\"name\":\"Amerika a Jadran\"}]},{\"@type\":\"WebSite\",\"@id\":\"https:\/\/www.harveyspahotel.com\/cs\/#website\",\"url\":\"https:\/\/www.harveyspahotel.com\/cs\/\",\"name\":\"Harvey Spa Hotel\",\"description\":\"\",\"potentialAction\":[{\"@type\":\"SearchAction\",\"target\":{\"@type\":\"EntryPoint\",\"urlTemplate\":\"https:\/\/www.harveyspahotel.com\/cs\/?s={search_term_string}\"},\"query-input\":\"required name=search_term_string\"}],\"inLanguage\":\"cs\"}]}<\/script>\n<!-- \/ Yoast SEO plugin. -->","yoast_head_json":{"title":"Amerika a Jadran | Harvey Spa Hotel Franti\u0161kovy L\u00e1zn\u011b","description":"Oba rybn\u00edky se nach\u00e1z\u00ed v\u00a0lesoparku Amerika na okraji m\u011bsta Franti\u0161kovy L\u00e1zn\u011b. U rybn\u00edka je pl\u00e1\u017e, \u010di mal\u00e1 zoologick\u00e1 zahrada.","robots":{"index":"noindex","follow":"nofollow"},"og_locale":"cs_CZ","og_type":"article","og_title":"Amerika a Jadran | Harvey Spa Hotel Franti\u0161kovy L\u00e1zn\u011b","og_description":"Oba rybn\u00edky se nach\u00e1z\u00ed v\u00a0lesoparku Amerika na okraji m\u011bsta Franti\u0161kovy L\u00e1zn\u011b. U rybn\u00edka je pl\u00e1\u017e, \u010di mal\u00e1 zoologick\u00e1 zahrada.","og_url":"https:\/\/www.harveyspahotel.com\/cs\/kde-nas-najdete\/tipy-na-vylety-v-okoli\/amerika-a-jadran\/","og_site_name":"Harvey Spa Hotel","article_modified_time":"2025-08-07T12:41:24+00:00","twitter_card":"summary_large_image","twitter_misc":{"Odhadovan\u00e1 doba \u010dten\u00ed":"1 minuta"},"schema":{"@context":"https:\/\/schema.org","@graph":[{"@type":"WebPage","@id":"https:\/\/www.harveyspahotel.com\/cs\/kde-nas-najdete\/tipy-na-vylety-v-okoli\/amerika-a-jadran\/","url":"https:\/\/www.harveyspahotel.com\/cs\/kde-nas-najdete\/tipy-na-vylety-v-okoli\/amerika-a-jadran\/","name":"Amerika a Jadran | Harvey Spa Hotel Franti\u0161kovy L\u00e1zn\u011b","isPartOf":{"@id":"https:\/\/www.harveyspahotel.com\/cs\/#website"},"datePublished":"2023-07-03T13:48:26+00:00","dateModified":"2025-08-07T12:41:24+00:00","description":"Oba rybn\u00edky se nach\u00e1z\u00ed v\u00a0lesoparku Amerika na okraji m\u011bsta Franti\u0161kovy L\u00e1zn\u011b. U rybn\u00edka je pl\u00e1\u017e, \u010di mal\u00e1 zoologick\u00e1 zahrada.","breadcrumb":{"@id":"https:\/\/www.harveyspahotel.com\/cs\/kde-nas-najdete\/tipy-na-vylety-v-okoli\/amerika-a-jadran\/#breadcrumb"},"inLanguage":"cs","potentialAction":[{"@type":"ReadAction","target":["https:\/\/www.harveyspahotel.com\/cs\/kde-nas-najdete\/tipy-na-vylety-v-okoli\/amerika-a-jadran\/"]}]},{"@type":"BreadcrumbList","@id":"https:\/\/www.harveyspahotel.com\/cs\/kde-nas-najdete\/tipy-na-vylety-v-okoli\/amerika-a-jadran\/#breadcrumb","itemListElement":[{"@type":"ListItem","position":1,"name":"Home","item":"https:\/\/www.harveyspahotel.com\/cs\/"},{"@type":"ListItem","position":2,"name":"Kde n\u00e1s najdete","item":"https:\/\/www.harveyspahotel.com\/cs\/kde-nas-najdete\/"},{"@type":"ListItem","position":3,"name":"Tipy na v\u00fdlety v okol\u00ed","item":"https:\/\/www.harveyspahotel.com\/cs\/kde-nas-najdete\/tipy-na-vylety-v-okoli\/"},{"@type":"ListItem","position":4,"name":"Amerika a Jadran"}]},{"@type":"WebSite","@id":"https:\/\/www.harveyspahotel.com\/cs\/#website","url":"https:\/\/www.harveyspahotel.com\/cs\/","name":"Harvey Spa Hotel","description":"","potentialAction":[{"@type":"SearchAction","target":{"@type":"EntryPoint","urlTemplate":"https:\/\/www.harveyspahotel.com\/cs\/?s={search_term_string}"},"query-input":"required name=search_term_string"}],"inLanguage":"cs"}]}},"acf":[],"_links":{"self":[{"href":"https:\/\/www.harveyspahotel.com\/cs\/wp-json\/wp\/v2\/pages\/542"}],"collection":[{"href":"https:\/\/www.harveyspahotel.com\/cs\/wp-json\/wp\/v2\/pages"}],"about":[{"href":"https:\/\/www.harveyspahotel.com\/cs\/wp-json\/wp\/v2\/types\/page"}],"author":[{"embeddable":true,"href":"https:\/\/www.harveyspahotel.com\/cs\/wp-json\/wp\/v2\/users\/7"}],"replies":[{"embeddable":true,"href":"https:\/\/www.harveyspahotel.com\/cs\/wp-json\/wp\/v2\/comments?post=542"}],"version-history":[{"count":0,"href":"https:\/\/www.harveyspahotel.com\/cs\/wp-json\/wp\/v2\/pages\/542\/revisions"}],"up":[{"embeddable":true,"href":"https:\/\/www.harveyspahotel.com\/cs\/wp-json\/wp\/v2\/pages\/541"}],"wp:attachment":[{"href":"https:\/\/www.harveyspahotel.com\/cs\/wp-json\/wp\/v2\/media?parent=542"}],"curies":[{"name":"wp","href":"https:\/\/api.w.org\/{rel}","templated":true}]}}