{"id":547,"date":"2023-07-03T13:52:41","date_gmt":"2023-07-03T13:52:41","guid":{"rendered":"https:\/\/www.harveyspahotel.com\/?page_id=547"},"modified":"2025-08-07T12:42:30","modified_gmt":"2025-08-07T12:42:30","slug":"seeberg","status":"publish","type":"page","link":"https:\/\/www.harveyspahotel.com\/cs\/kde-nas-najdete\/tipy-na-vylety-v-okoli\/seeberg\/","title":{"rendered":"Seeberg"},"content":{"rendered":"<p>Rom\u00e1nsk\u00fd a gotick\u00fd hrad vzd\u00e1len\u00fd pouh\u00fdch 5 km od Franti\u0161kov\u00fdch L\u00e1zn\u00ed sm\u011brem na A\u0161. Uvnit\u0159 v\u00e1s \u010dek\u00e1 expozice o d\u011bjin\u00e1ch hradu a z\u00e1pado\u010desk\u00e9m porcel\u00e1nu, v okoln\u00edch hospod\u00e1\u0159sk\u00fdch budov\u00e1ch se zase m\u016f\u017eete dozv\u011bd\u011bt n\u011bco v\u00edc o lidov\u00fdch \u0159emeslech a zem\u011bd\u011blstv\u00ed.<\/p>\n","protected":false},"excerpt":{"rendered":"<p>Rom\u00e1nsk\u00fd a gotick\u00fd hrad vzd\u00e1len\u00fd pouh\u00fdch 5 km od Franti\u0161kov\u00fdch L\u00e1zn\u00ed sm\u011brem na A\u0161. Uvnit\u0159 v\u00e1s \u010dek\u00e1 expozice o d\u011bjin\u00e1ch hradu a z\u00e1pado\u010desk\u00e9m porcel\u00e1nu, v okoln\u00edch hospod\u00e1\u0159sk\u00fdch budov\u00e1ch se zase m\u016f\u017eete dozv\u011bd\u011bt n\u011bco v\u00edc o lidov\u00fdch \u0159emeslech a zem\u011bd\u011blstv\u00ed.<\/p>\n","protected":false},"author":7,"featured_media":0,"parent":541,"menu_order":60,"comment_status":"closed","ping_status":"closed","template":"","meta":{"footnotes":""},"class_list":["post-547","page","type-page","status-publish","hentry"],"yoast_head":"<!-- This site is optimized with the Yoast SEO plugin v27.3 - https:\/\/yoast.com\/product\/yoast-seo-wordpress\/ -->\n<title>Seeberg | Harvey Spa Hotel Franti\u0161kovy L\u00e1zn\u011b<\/title>\n<meta name=\"description\" content=\"Rom\u00e1nsk\u00fd a gotick\u00fd hrad vzd\u00e1len\u00fd pouh\u00fdch 5 km od Franti\u0161kov\u00fdch L\u00e1zn\u00ed sm\u011brem na A\u0161. Uvnit\u0159 v\u00e1s \u010dek\u00e1 expozice o d\u011bjin\u00e1ch hradu.\" \/>\n<meta name=\"robots\" content=\"noindex, nofollow\" \/>\n<meta property=\"og:locale\" content=\"cs_CZ\" \/>\n<meta property=\"og:type\" content=\"article\" \/>\n<meta property=\"og:title\" content=\"Seeberg | Harvey Spa Hotel Franti\u0161kovy L\u00e1zn\u011b\" \/>\n<meta property=\"og:description\" content=\"Rom\u00e1nsk\u00fd a gotick\u00fd hrad vzd\u00e1len\u00fd pouh\u00fdch 5 km od Franti\u0161kov\u00fdch L\u00e1zn\u00ed sm\u011brem na A\u0161. Uvnit\u0159 v\u00e1s \u010dek\u00e1 expozice o d\u011bjin\u00e1ch hradu.\" \/>\n<meta property=\"og:url\" content=\"https:\/\/www.harveyspahotel.com\/cs\/kde-nas-najdete\/tipy-na-vylety-v-okoli\/seeberg\/\" \/>\n<meta property=\"og:site_name\" content=\"Harvey Spa Hotel\" \/>\n<meta property=\"article:modified_time\" content=\"2025-08-07T12:42:30+00:00\" \/>\n<meta name=\"twitter:card\" content=\"summary_large_image\" \/>\n<meta name=\"twitter:label1\" content=\"Odhadovan\u00e1 doba \u010dten\u00ed\" \/>\n\t<meta name=\"twitter:data1\" content=\"1 minuta\" \/>\n<script type=\"application\/ld+json\" class=\"yoast-schema-graph\">{\"@context\":\"https:\\\/\\\/schema.org\",\"@graph\":[{\"@type\":\"WebPage\",\"@id\":\"https:\\\/\\\/www.harveyspahotel.com\\\/cs\\\/kde-nas-najdete\\\/tipy-na-vylety-v-okoli\\\/seeberg\\\/\",\"url\":\"https:\\\/\\\/www.harveyspahotel.com\\\/cs\\\/kde-nas-najdete\\\/tipy-na-vylety-v-okoli\\\/seeberg\\\/\",\"name\":\"Seeberg | Harvey Spa Hotel Franti\u0161kovy L\u00e1zn\u011b\",\"isPartOf\":{\"@id\":\"https:\\\/\\\/www.harveyspahotel.com\\\/cs\\\/#website\"},\"datePublished\":\"2023-07-03T13:52:41+00:00\",\"dateModified\":\"2025-08-07T12:42:30+00:00\",\"description\":\"Rom\u00e1nsk\u00fd a gotick\u00fd hrad vzd\u00e1len\u00fd pouh\u00fdch 5 km od Franti\u0161kov\u00fdch L\u00e1zn\u00ed sm\u011brem na A\u0161. Uvnit\u0159 v\u00e1s \u010dek\u00e1 expozice o d\u011bjin\u00e1ch hradu.\",\"breadcrumb\":{\"@id\":\"https:\\\/\\\/www.harveyspahotel.com\\\/cs\\\/kde-nas-najdete\\\/tipy-na-vylety-v-okoli\\\/seeberg\\\/#breadcrumb\"},\"inLanguage\":\"cs\",\"potentialAction\":[{\"@type\":\"ReadAction\",\"target\":[\"https:\\\/\\\/www.harveyspahotel.com\\\/cs\\\/kde-nas-najdete\\\/tipy-na-vylety-v-okoli\\\/seeberg\\\/\"]}]},{\"@type\":\"BreadcrumbList\",\"@id\":\"https:\\\/\\\/www.harveyspahotel.com\\\/cs\\\/kde-nas-najdete\\\/tipy-na-vylety-v-okoli\\\/seeberg\\\/#breadcrumb\",\"itemListElement\":[{\"@type\":\"ListItem\",\"position\":1,\"name\":\"Home\",\"item\":\"https:\\\/\\\/www.harveyspahotel.com\\\/cs\\\/\"},{\"@type\":\"ListItem\",\"position\":2,\"name\":\"Kde n\u00e1s najdete\",\"item\":\"https:\\\/\\\/www.harveyspahotel.com\\\/cs\\\/kde-nas-najdete\\\/\"},{\"@type\":\"ListItem\",\"position\":3,\"name\":\"Tipy na v\u00fdlety v okol\u00ed\",\"item\":\"https:\\\/\\\/www.harveyspahotel.com\\\/cs\\\/kde-nas-najdete\\\/tipy-na-vylety-v-okoli\\\/\"},{\"@type\":\"ListItem\",\"position\":4,\"name\":\"Seeberg\"}]},{\"@type\":\"WebSite\",\"@id\":\"https:\\\/\\\/www.harveyspahotel.com\\\/cs\\\/#website\",\"url\":\"https:\\\/\\\/www.harveyspahotel.com\\\/cs\\\/\",\"name\":\"Harvey Spa Hotel\",\"description\":\"\",\"potentialAction\":[{\"@type\":\"SearchAction\",\"target\":{\"@type\":\"EntryPoint\",\"urlTemplate\":\"https:\\\/\\\/www.harveyspahotel.com\\\/cs\\\/?s={search_term_string}\"},\"query-input\":{\"@type\":\"PropertyValueSpecification\",\"valueRequired\":true,\"valueName\":\"search_term_string\"}}],\"inLanguage\":\"cs\"}]}<\/script>\n<!-- \/ Yoast SEO plugin. -->","yoast_head_json":{"title":"Seeberg | Harvey Spa Hotel Franti\u0161kovy L\u00e1zn\u011b","description":"Rom\u00e1nsk\u00fd a gotick\u00fd hrad vzd\u00e1len\u00fd pouh\u00fdch 5 km od Franti\u0161kov\u00fdch L\u00e1zn\u00ed sm\u011brem na A\u0161. Uvnit\u0159 v\u00e1s \u010dek\u00e1 expozice o d\u011bjin\u00e1ch hradu.","robots":{"index":"noindex","follow":"nofollow"},"og_locale":"cs_CZ","og_type":"article","og_title":"Seeberg | Harvey Spa Hotel Franti\u0161kovy L\u00e1zn\u011b","og_description":"Rom\u00e1nsk\u00fd a gotick\u00fd hrad vzd\u00e1len\u00fd pouh\u00fdch 5 km od Franti\u0161kov\u00fdch L\u00e1zn\u00ed sm\u011brem na A\u0161. Uvnit\u0159 v\u00e1s \u010dek\u00e1 expozice o d\u011bjin\u00e1ch hradu.","og_url":"https:\/\/www.harveyspahotel.com\/cs\/kde-nas-najdete\/tipy-na-vylety-v-okoli\/seeberg\/","og_site_name":"Harvey Spa Hotel","article_modified_time":"2025-08-07T12:42:30+00:00","twitter_card":"summary_large_image","twitter_misc":{"Odhadovan\u00e1 doba \u010dten\u00ed":"1 minuta"},"schema":{"@context":"https:\/\/schema.org","@graph":[{"@type":"WebPage","@id":"https:\/\/www.harveyspahotel.com\/cs\/kde-nas-najdete\/tipy-na-vylety-v-okoli\/seeberg\/","url":"https:\/\/www.harveyspahotel.com\/cs\/kde-nas-najdete\/tipy-na-vylety-v-okoli\/seeberg\/","name":"Seeberg | Harvey Spa Hotel Franti\u0161kovy L\u00e1zn\u011b","isPartOf":{"@id":"https:\/\/www.harveyspahotel.com\/cs\/#website"},"datePublished":"2023-07-03T13:52:41+00:00","dateModified":"2025-08-07T12:42:30+00:00","description":"Rom\u00e1nsk\u00fd a gotick\u00fd hrad vzd\u00e1len\u00fd pouh\u00fdch 5 km od Franti\u0161kov\u00fdch L\u00e1zn\u00ed sm\u011brem na A\u0161. Uvnit\u0159 v\u00e1s \u010dek\u00e1 expozice o d\u011bjin\u00e1ch hradu.","breadcrumb":{"@id":"https:\/\/www.harveyspahotel.com\/cs\/kde-nas-najdete\/tipy-na-vylety-v-okoli\/seeberg\/#breadcrumb"},"inLanguage":"cs","potentialAction":[{"@type":"ReadAction","target":["https:\/\/www.harveyspahotel.com\/cs\/kde-nas-najdete\/tipy-na-vylety-v-okoli\/seeberg\/"]}]},{"@type":"BreadcrumbList","@id":"https:\/\/www.harveyspahotel.com\/cs\/kde-nas-najdete\/tipy-na-vylety-v-okoli\/seeberg\/#breadcrumb","itemListElement":[{"@type":"ListItem","position":1,"name":"Home","item":"https:\/\/www.harveyspahotel.com\/cs\/"},{"@type":"ListItem","position":2,"name":"Kde n\u00e1s najdete","item":"https:\/\/www.harveyspahotel.com\/cs\/kde-nas-najdete\/"},{"@type":"ListItem","position":3,"name":"Tipy na v\u00fdlety v okol\u00ed","item":"https:\/\/www.harveyspahotel.com\/cs\/kde-nas-najdete\/tipy-na-vylety-v-okoli\/"},{"@type":"ListItem","position":4,"name":"Seeberg"}]},{"@type":"WebSite","@id":"https:\/\/www.harveyspahotel.com\/cs\/#website","url":"https:\/\/www.harveyspahotel.com\/cs\/","name":"Harvey Spa Hotel","description":"","potentialAction":[{"@type":"SearchAction","target":{"@type":"EntryPoint","urlTemplate":"https:\/\/www.harveyspahotel.com\/cs\/?s={search_term_string}"},"query-input":{"@type":"PropertyValueSpecification","valueRequired":true,"valueName":"search_term_string"}}],"inLanguage":"cs"}]}},"acf":[],"_links":{"self":[{"href":"https:\/\/www.harveyspahotel.com\/cs\/wp-json\/wp\/v2\/pages\/547","targetHints":{"allow":["GET"]}}],"collection":[{"href":"https:\/\/www.harveyspahotel.com\/cs\/wp-json\/wp\/v2\/pages"}],"about":[{"href":"https:\/\/www.harveyspahotel.com\/cs\/wp-json\/wp\/v2\/types\/page"}],"author":[{"embeddable":true,"href":"https:\/\/www.harveyspahotel.com\/cs\/wp-json\/wp\/v2\/users\/7"}],"replies":[{"embeddable":true,"href":"https:\/\/www.harveyspahotel.com\/cs\/wp-json\/wp\/v2\/comments?post=547"}],"version-history":[{"count":0,"href":"https:\/\/www.harveyspahotel.com\/cs\/wp-json\/wp\/v2\/pages\/547\/revisions"}],"up":[{"embeddable":true,"href":"https:\/\/www.harveyspahotel.com\/cs\/wp-json\/wp\/v2\/pages\/541"}],"wp:attachment":[{"href":"https:\/\/www.harveyspahotel.com\/cs\/wp-json\/wp\/v2\/media?parent=547"}],"curies":[{"name":"wp","href":"https:\/\/api.w.org\/{rel}","templated":true}]}}