{"id":550,"date":"2023-07-03T13:54:12","date_gmt":"2023-07-03T13:54:12","guid":{"rendered":"https:\/\/www.harveyspahotel.com\/?page_id=550"},"modified":"2025-08-07T12:41:43","modified_gmt":"2025-08-07T12:41:43","slug":"cheb","status":"publish","type":"page","link":"https:\/\/www.harveyspahotel.com\/cs\/kde-nas-najdete\/tipy-na-vylety-v-okoli\/cheb\/","title":{"rendered":"Cheb"},"content":{"rendered":"<p>Jedno z\u00a0nejstar\u0161\u00edch m\u011bst s historick\u00fdm centrem a m\u011bstskou pam\u00e1tkovou rezervac\u00ed. Prvn\u00ed p\u00edsemn\u00e1 zm\u00ednka poch\u00e1z\u00ed ji\u017e z\u00a0roku 1061. Najdete zde \u0159adu v\u00fdznamn\u00fdch pam\u00e1tek \u2013 po\u010d\u00ednaje chebsk\u00fdm hradem, n\u00e1m\u011bst\u00edm Kr\u00e1le Ji\u0159\u00edho z\u00a0Pod\u011bbrad, kde je slavn\u00fd \u0160pal\u00ed\u010dek rozd\u011blen\u00fd uzou\u010dkou Kram\u00e1\u0159skou uli\u010dkou nebo kostelem sv. Mikul\u00e1\u0161e a z\u00a0n\u011bho v\u00fdhledem na cel\u00e9 m\u011bsto. Doporu\u010dujeme proch\u00e1zku pod\u00e9l Oh\u0159e p\u0159es krajinou v\u00fdstavu sm\u011brem ke Skalce.<\/p>\n","protected":false},"excerpt":{"rendered":"<p>Jedno z\u00a0nejstar\u0161\u00edch m\u011bst s historick\u00fdm centrem a m\u011bstskou pam\u00e1tkovou rezervac\u00ed. Prvn\u00ed p\u00edsemn\u00e1 zm\u00ednka poch\u00e1z\u00ed ji\u017e z\u00a0roku 1061. Najdete zde \u0159adu v\u00fdznamn\u00fdch pam\u00e1tek \u2013 po\u010d\u00ednaje chebsk\u00fdm hradem, n\u00e1m\u011bst\u00edm Kr\u00e1le Ji\u0159\u00edho z\u00a0Pod\u011bbrad, kde je slavn\u00fd \u0160pal\u00ed\u010dek rozd\u011blen\u00fd uzou\u010dkou Kram\u00e1\u0159skou uli\u010dkou nebo kostelem sv. Mikul\u00e1\u0161e a z\u00a0n\u011bho v\u00fdhledem na cel\u00e9 m\u011bsto. Doporu\u010dujeme proch\u00e1zku pod\u00e9l Oh\u0159e p\u0159es krajinou v\u00fdstavu [&hellip;]<\/p>\n","protected":false},"author":7,"featured_media":0,"parent":541,"menu_order":80,"comment_status":"closed","ping_status":"closed","template":"","meta":{"footnotes":""},"yoast_head":"<!-- This site is optimized with the Yoast SEO plugin v22.3 - https:\/\/yoast.com\/wordpress\/plugins\/seo\/ -->\n<title>Cheb | Harvey Spa Hotel<\/title>\n<meta name=\"description\" content=\"M\u011bsto s historick\u00fdm centrem a m\u011bstskou pam\u00e1tkovou rezervac\u00ed. Slavn\u00fd \u0160pal\u00ed\u010dek rozd\u011blen\u00fd uzou\u010dkou Kram\u00e1\u0159skou uli\u010dkou nebo kostelem sv. Mikul\u00e1\u0161e\" \/>\n<meta name=\"robots\" content=\"noindex, nofollow\" \/>\n<meta property=\"og:locale\" content=\"cs_CZ\" \/>\n<meta property=\"og:type\" content=\"article\" \/>\n<meta property=\"og:title\" content=\"Cheb | Harvey Spa Hotel\" \/>\n<meta property=\"og:description\" content=\"M\u011bsto s historick\u00fdm centrem a m\u011bstskou pam\u00e1tkovou rezervac\u00ed. Slavn\u00fd \u0160pal\u00ed\u010dek rozd\u011blen\u00fd uzou\u010dkou Kram\u00e1\u0159skou uli\u010dkou nebo kostelem sv. Mikul\u00e1\u0161e\" \/>\n<meta property=\"og:url\" content=\"https:\/\/www.harveyspahotel.com\/cs\/kde-nas-najdete\/tipy-na-vylety-v-okoli\/cheb\/\" \/>\n<meta property=\"og:site_name\" content=\"Harvey Spa Hotel\" \/>\n<meta property=\"article:modified_time\" content=\"2025-08-07T12:41:43+00:00\" \/>\n<meta name=\"twitter:card\" content=\"summary_large_image\" \/>\n<meta name=\"twitter:label1\" content=\"Odhadovan\u00e1 doba \u010dten\u00ed\" \/>\n\t<meta name=\"twitter:data1\" content=\"1 minuta\" \/>\n<script type=\"application\/ld+json\" class=\"yoast-schema-graph\">{\"@context\":\"https:\/\/schema.org\",\"@graph\":[{\"@type\":\"WebPage\",\"@id\":\"https:\/\/www.harveyspahotel.com\/cs\/kde-nas-najdete\/tipy-na-vylety-v-okoli\/cheb\/\",\"url\":\"https:\/\/www.harveyspahotel.com\/cs\/kde-nas-najdete\/tipy-na-vylety-v-okoli\/cheb\/\",\"name\":\"Cheb | Harvey Spa Hotel\",\"isPartOf\":{\"@id\":\"https:\/\/www.harveyspahotel.com\/cs\/#website\"},\"datePublished\":\"2023-07-03T13:54:12+00:00\",\"dateModified\":\"2025-08-07T12:41:43+00:00\",\"description\":\"M\u011bsto s historick\u00fdm centrem a m\u011bstskou pam\u00e1tkovou rezervac\u00ed. Slavn\u00fd \u0160pal\u00ed\u010dek rozd\u011blen\u00fd uzou\u010dkou Kram\u00e1\u0159skou uli\u010dkou nebo kostelem sv. Mikul\u00e1\u0161e\",\"breadcrumb\":{\"@id\":\"https:\/\/www.harveyspahotel.com\/cs\/kde-nas-najdete\/tipy-na-vylety-v-okoli\/cheb\/#breadcrumb\"},\"inLanguage\":\"cs\",\"potentialAction\":[{\"@type\":\"ReadAction\",\"target\":[\"https:\/\/www.harveyspahotel.com\/cs\/kde-nas-najdete\/tipy-na-vylety-v-okoli\/cheb\/\"]}]},{\"@type\":\"BreadcrumbList\",\"@id\":\"https:\/\/www.harveyspahotel.com\/cs\/kde-nas-najdete\/tipy-na-vylety-v-okoli\/cheb\/#breadcrumb\",\"itemListElement\":[{\"@type\":\"ListItem\",\"position\":1,\"name\":\"Home\",\"item\":\"https:\/\/www.harveyspahotel.com\/cs\/\"},{\"@type\":\"ListItem\",\"position\":2,\"name\":\"Kde n\u00e1s najdete\",\"item\":\"https:\/\/www.harveyspahotel.com\/cs\/kde-nas-najdete\/\"},{\"@type\":\"ListItem\",\"position\":3,\"name\":\"Tipy na v\u00fdlety v okol\u00ed\",\"item\":\"https:\/\/www.harveyspahotel.com\/cs\/kde-nas-najdete\/tipy-na-vylety-v-okoli\/\"},{\"@type\":\"ListItem\",\"position\":4,\"name\":\"Cheb\"}]},{\"@type\":\"WebSite\",\"@id\":\"https:\/\/www.harveyspahotel.com\/cs\/#website\",\"url\":\"https:\/\/www.harveyspahotel.com\/cs\/\",\"name\":\"Harvey Spa Hotel\",\"description\":\"\",\"potentialAction\":[{\"@type\":\"SearchAction\",\"target\":{\"@type\":\"EntryPoint\",\"urlTemplate\":\"https:\/\/www.harveyspahotel.com\/cs\/?s={search_term_string}\"},\"query-input\":\"required name=search_term_string\"}],\"inLanguage\":\"cs\"}]}<\/script>\n<!-- \/ Yoast SEO plugin. -->","yoast_head_json":{"title":"Cheb | Harvey Spa Hotel","description":"M\u011bsto s historick\u00fdm centrem a m\u011bstskou pam\u00e1tkovou rezervac\u00ed. Slavn\u00fd \u0160pal\u00ed\u010dek rozd\u011blen\u00fd uzou\u010dkou Kram\u00e1\u0159skou uli\u010dkou nebo kostelem sv. Mikul\u00e1\u0161e","robots":{"index":"noindex","follow":"nofollow"},"og_locale":"cs_CZ","og_type":"article","og_title":"Cheb | Harvey Spa Hotel","og_description":"M\u011bsto s historick\u00fdm centrem a m\u011bstskou pam\u00e1tkovou rezervac\u00ed. Slavn\u00fd \u0160pal\u00ed\u010dek rozd\u011blen\u00fd uzou\u010dkou Kram\u00e1\u0159skou uli\u010dkou nebo kostelem sv. Mikul\u00e1\u0161e","og_url":"https:\/\/www.harveyspahotel.com\/cs\/kde-nas-najdete\/tipy-na-vylety-v-okoli\/cheb\/","og_site_name":"Harvey Spa Hotel","article_modified_time":"2025-08-07T12:41:43+00:00","twitter_card":"summary_large_image","twitter_misc":{"Odhadovan\u00e1 doba \u010dten\u00ed":"1 minuta"},"schema":{"@context":"https:\/\/schema.org","@graph":[{"@type":"WebPage","@id":"https:\/\/www.harveyspahotel.com\/cs\/kde-nas-najdete\/tipy-na-vylety-v-okoli\/cheb\/","url":"https:\/\/www.harveyspahotel.com\/cs\/kde-nas-najdete\/tipy-na-vylety-v-okoli\/cheb\/","name":"Cheb | Harvey Spa Hotel","isPartOf":{"@id":"https:\/\/www.harveyspahotel.com\/cs\/#website"},"datePublished":"2023-07-03T13:54:12+00:00","dateModified":"2025-08-07T12:41:43+00:00","description":"M\u011bsto s historick\u00fdm centrem a m\u011bstskou pam\u00e1tkovou rezervac\u00ed. Slavn\u00fd \u0160pal\u00ed\u010dek rozd\u011blen\u00fd uzou\u010dkou Kram\u00e1\u0159skou uli\u010dkou nebo kostelem sv. Mikul\u00e1\u0161e","breadcrumb":{"@id":"https:\/\/www.harveyspahotel.com\/cs\/kde-nas-najdete\/tipy-na-vylety-v-okoli\/cheb\/#breadcrumb"},"inLanguage":"cs","potentialAction":[{"@type":"ReadAction","target":["https:\/\/www.harveyspahotel.com\/cs\/kde-nas-najdete\/tipy-na-vylety-v-okoli\/cheb\/"]}]},{"@type":"BreadcrumbList","@id":"https:\/\/www.harveyspahotel.com\/cs\/kde-nas-najdete\/tipy-na-vylety-v-okoli\/cheb\/#breadcrumb","itemListElement":[{"@type":"ListItem","position":1,"name":"Home","item":"https:\/\/www.harveyspahotel.com\/cs\/"},{"@type":"ListItem","position":2,"name":"Kde n\u00e1s najdete","item":"https:\/\/www.harveyspahotel.com\/cs\/kde-nas-najdete\/"},{"@type":"ListItem","position":3,"name":"Tipy na v\u00fdlety v okol\u00ed","item":"https:\/\/www.harveyspahotel.com\/cs\/kde-nas-najdete\/tipy-na-vylety-v-okoli\/"},{"@type":"ListItem","position":4,"name":"Cheb"}]},{"@type":"WebSite","@id":"https:\/\/www.harveyspahotel.com\/cs\/#website","url":"https:\/\/www.harveyspahotel.com\/cs\/","name":"Harvey Spa Hotel","description":"","potentialAction":[{"@type":"SearchAction","target":{"@type":"EntryPoint","urlTemplate":"https:\/\/www.harveyspahotel.com\/cs\/?s={search_term_string}"},"query-input":"required name=search_term_string"}],"inLanguage":"cs"}]}},"acf":[],"_links":{"self":[{"href":"https:\/\/www.harveyspahotel.com\/cs\/wp-json\/wp\/v2\/pages\/550"}],"collection":[{"href":"https:\/\/www.harveyspahotel.com\/cs\/wp-json\/wp\/v2\/pages"}],"about":[{"href":"https:\/\/www.harveyspahotel.com\/cs\/wp-json\/wp\/v2\/types\/page"}],"author":[{"embeddable":true,"href":"https:\/\/www.harveyspahotel.com\/cs\/wp-json\/wp\/v2\/users\/7"}],"replies":[{"embeddable":true,"href":"https:\/\/www.harveyspahotel.com\/cs\/wp-json\/wp\/v2\/comments?post=550"}],"version-history":[{"count":0,"href":"https:\/\/www.harveyspahotel.com\/cs\/wp-json\/wp\/v2\/pages\/550\/revisions"}],"up":[{"embeddable":true,"href":"https:\/\/www.harveyspahotel.com\/cs\/wp-json\/wp\/v2\/pages\/541"}],"wp:attachment":[{"href":"https:\/\/www.harveyspahotel.com\/cs\/wp-json\/wp\/v2\/media?parent=550"}],"curies":[{"name":"wp","href":"https:\/\/api.w.org\/{rel}","templated":true}]}}