{"id":580,"date":"2023-07-05T08:52:44","date_gmt":"2023-07-05T08:52:44","guid":{"rendered":"https:\/\/www.harveyspahotel.com\/?page_id=580"},"modified":"2023-07-27T13:48:52","modified_gmt":"2023-07-27T13:48:52","slug":"kultura-volny-cas-ve-frantiskovych-laznich","status":"publish","type":"page","link":"https:\/\/www.harveyspahotel.com\/cs\/kde-nas-najdete\/kultura-volny-cas-ve-frantiskovych-laznich\/","title":{"rendered":"Kultura, voln\u00fd \u010das ve Franti\u0161kov\u00fdch L\u00e1zn\u00edch"},"content":{"rendered":"<p style=\"text-align: center\">Pobyt v l\u00e1zn\u00edch nejsou jen procedury a l\u00e9\u010debn\u00e9 programy. L\u00e1zn\u011b pat\u0159ily v\u017edy tak\u00e9 k m\u00edstu nov\u00fdch setk\u00e1v\u00e1n\u00ed, bohat\u00e9 na kulturn\u00ed d\u011bn\u00ed. \u017div\u00fd koncert na kolon\u00e1d\u011b, tane\u010dn\u00ed ve\u010dery, p\u0159edn\u00e1\u0161ky, proch\u00e1zky v parku, k\u00e1va ve stylov\u00e9 kav\u00e1rni\u010dce a setk\u00e1n\u00ed s p\u0159\u00e1teli, to v\u0161e nab\u00edz\u00ed pobyt v l\u00e1zn\u00edch.<br \/>\nTo nejzaj\u00edmav\u011bj\u0161\u00ed najdete na t\u011bchto str\u00e1nk\u00e1ch a je jen na V\u00e1s, jak sv\u016fj voln\u00fd \u010das ve Franti\u0161kov\u00fdch L\u00e1zn\u00edch napln\u00edte.<\/p>\n<p style=\"text-align: center\">Pozn\u00e1mka: \u201ePou\u017eit\u00e9 fotografie poch\u00e1zej\u00ed z webu\u00a0<a href=\"http:\/\/www.frantiskovy-lazne.info\/\">www.frantiskovy-lazne.info<\/a>\u00a0a\u00a0<a href=\"https:\/\/www.kvpoint.cz\/\">www.kvpoint.cz<\/a>. D\u011bkujeme.<\/p>\n","protected":false},"excerpt":{"rendered":"<p>Pobyt v l\u00e1zn\u00edch nejsou jen procedury a l\u00e9\u010debn\u00e9 programy. L\u00e1zn\u011b pat\u0159ily v\u017edy tak\u00e9 k m\u00edstu nov\u00fdch setk\u00e1v\u00e1n\u00ed, bohat\u00e9 na kulturn\u00ed d\u011bn\u00ed. \u017div\u00fd koncert na kolon\u00e1d\u011b, tane\u010dn\u00ed ve\u010dery, p\u0159edn\u00e1\u0161ky, proch\u00e1zky v parku, k\u00e1va ve stylov\u00e9 kav\u00e1rni\u010dce a setk\u00e1n\u00ed s p\u0159\u00e1teli, to v\u0161e nab\u00edz\u00ed pobyt v l\u00e1zn\u00edch. To nejzaj\u00edmav\u011bj\u0161\u00ed najdete na t\u011bchto str\u00e1nk\u00e1ch a je jen na [&hellip;]<\/p>\n","protected":false},"author":7,"featured_media":0,"parent":44,"menu_order":20,"comment_status":"closed","ping_status":"closed","template":"template-surroundings.php","meta":{"footnotes":""},"yoast_head":"<!-- This site is optimized with the Yoast SEO plugin v22.3 - https:\/\/yoast.com\/wordpress\/plugins\/seo\/ -->\n<title>Kultura a voln\u00fd \u010das ve Franti\u0161kov\u00fdch L\u00e1zn\u00edch<\/title>\n<meta name=\"description\" content=\"To nejzaj\u00edmav\u011bj\u0161\u00ed z kulturn\u00edch program\u016f \u010di vyu\u017eit\u00ed voln\u00e9ho \u010dasu ve Franti\u0161kov\u00fdch L\u00e1zn\u00edch se dozv\u00edte na t\u011bchto str\u00e1nk\u00e1ch.\" \/>\n<meta name=\"robots\" content=\"index, follow, max-snippet:-1, max-image-preview:large, max-video-preview:-1\" \/>\n<link rel=\"canonical\" href=\"https:\/\/www.harveyspahotel.com\/cs\/kde-nas-najdete\/kultura-volny-cas-ve-frantiskovych-laznich\/\" \/>\n<meta property=\"og:locale\" content=\"cs_CZ\" \/>\n<meta property=\"og:type\" content=\"article\" \/>\n<meta property=\"og:title\" content=\"Kultura a voln\u00fd \u010das ve Franti\u0161kov\u00fdch L\u00e1zn\u00edch\" \/>\n<meta property=\"og:description\" content=\"To nejzaj\u00edmav\u011bj\u0161\u00ed z kulturn\u00edch program\u016f \u010di vyu\u017eit\u00ed voln\u00e9ho \u010dasu ve Franti\u0161kov\u00fdch L\u00e1zn\u00edch se dozv\u00edte na t\u011bchto str\u00e1nk\u00e1ch.\" \/>\n<meta property=\"og:url\" content=\"https:\/\/www.harveyspahotel.com\/cs\/kde-nas-najdete\/kultura-volny-cas-ve-frantiskovych-laznich\/\" \/>\n<meta property=\"og:site_name\" content=\"Harvey Spa Hotel\" \/>\n<meta property=\"article:modified_time\" content=\"2023-07-27T13:48:52+00:00\" \/>\n<meta name=\"twitter:card\" content=\"summary_large_image\" \/>\n<meta name=\"twitter:label1\" content=\"Odhadovan\u00e1 doba \u010dten\u00ed\" \/>\n\t<meta name=\"twitter:data1\" content=\"1 minuta\" \/>\n<script type=\"application\/ld+json\" class=\"yoast-schema-graph\">{\"@context\":\"https:\/\/schema.org\",\"@graph\":[{\"@type\":\"WebPage\",\"@id\":\"https:\/\/www.harveyspahotel.com\/cs\/kde-nas-najdete\/kultura-volny-cas-ve-frantiskovych-laznich\/\",\"url\":\"https:\/\/www.harveyspahotel.com\/cs\/kde-nas-najdete\/kultura-volny-cas-ve-frantiskovych-laznich\/\",\"name\":\"Kultura a voln\u00fd \u010das ve Franti\u0161kov\u00fdch L\u00e1zn\u00edch\",\"isPartOf\":{\"@id\":\"https:\/\/www.harveyspahotel.com\/cs\/#website\"},\"datePublished\":\"2023-07-05T08:52:44+00:00\",\"dateModified\":\"2023-07-27T13:48:52+00:00\",\"description\":\"To nejzaj\u00edmav\u011bj\u0161\u00ed z kulturn\u00edch program\u016f \u010di vyu\u017eit\u00ed voln\u00e9ho \u010dasu ve Franti\u0161kov\u00fdch L\u00e1zn\u00edch se dozv\u00edte na t\u011bchto str\u00e1nk\u00e1ch.\",\"breadcrumb\":{\"@id\":\"https:\/\/www.harveyspahotel.com\/cs\/kde-nas-najdete\/kultura-volny-cas-ve-frantiskovych-laznich\/#breadcrumb\"},\"inLanguage\":\"cs\",\"potentialAction\":[{\"@type\":\"ReadAction\",\"target\":[\"https:\/\/www.harveyspahotel.com\/cs\/kde-nas-najdete\/kultura-volny-cas-ve-frantiskovych-laznich\/\"]}]},{\"@type\":\"BreadcrumbList\",\"@id\":\"https:\/\/www.harveyspahotel.com\/cs\/kde-nas-najdete\/kultura-volny-cas-ve-frantiskovych-laznich\/#breadcrumb\",\"itemListElement\":[{\"@type\":\"ListItem\",\"position\":1,\"name\":\"Home\",\"item\":\"https:\/\/www.harveyspahotel.com\/cs\/\"},{\"@type\":\"ListItem\",\"position\":2,\"name\":\"Kde n\u00e1s najdete\",\"item\":\"https:\/\/www.harveyspahotel.com\/cs\/kde-nas-najdete\/\"},{\"@type\":\"ListItem\",\"position\":3,\"name\":\"Kultura, voln\u00fd \u010das ve Franti\u0161kov\u00fdch L\u00e1zn\u00edch\"}]},{\"@type\":\"WebSite\",\"@id\":\"https:\/\/www.harveyspahotel.com\/cs\/#website\",\"url\":\"https:\/\/www.harveyspahotel.com\/cs\/\",\"name\":\"Harvey Spa Hotel\",\"description\":\"\",\"potentialAction\":[{\"@type\":\"SearchAction\",\"target\":{\"@type\":\"EntryPoint\",\"urlTemplate\":\"https:\/\/www.harveyspahotel.com\/cs\/?s={search_term_string}\"},\"query-input\":\"required name=search_term_string\"}],\"inLanguage\":\"cs\"}]}<\/script>\n<!-- \/ Yoast SEO plugin. -->","yoast_head_json":{"title":"Kultura a voln\u00fd \u010das ve Franti\u0161kov\u00fdch L\u00e1zn\u00edch","description":"To nejzaj\u00edmav\u011bj\u0161\u00ed z kulturn\u00edch program\u016f \u010di vyu\u017eit\u00ed voln\u00e9ho \u010dasu ve Franti\u0161kov\u00fdch L\u00e1zn\u00edch se dozv\u00edte na t\u011bchto str\u00e1nk\u00e1ch.","robots":{"index":"index","follow":"follow","max-snippet":"max-snippet:-1","max-image-preview":"max-image-preview:large","max-video-preview":"max-video-preview:-1"},"canonical":"https:\/\/www.harveyspahotel.com\/cs\/kde-nas-najdete\/kultura-volny-cas-ve-frantiskovych-laznich\/","og_locale":"cs_CZ","og_type":"article","og_title":"Kultura a voln\u00fd \u010das ve Franti\u0161kov\u00fdch L\u00e1zn\u00edch","og_description":"To nejzaj\u00edmav\u011bj\u0161\u00ed z kulturn\u00edch program\u016f \u010di vyu\u017eit\u00ed voln\u00e9ho \u010dasu ve Franti\u0161kov\u00fdch L\u00e1zn\u00edch se dozv\u00edte na t\u011bchto str\u00e1nk\u00e1ch.","og_url":"https:\/\/www.harveyspahotel.com\/cs\/kde-nas-najdete\/kultura-volny-cas-ve-frantiskovych-laznich\/","og_site_name":"Harvey Spa Hotel","article_modified_time":"2023-07-27T13:48:52+00:00","twitter_card":"summary_large_image","twitter_misc":{"Odhadovan\u00e1 doba \u010dten\u00ed":"1 minuta"},"schema":{"@context":"https:\/\/schema.org","@graph":[{"@type":"WebPage","@id":"https:\/\/www.harveyspahotel.com\/cs\/kde-nas-najdete\/kultura-volny-cas-ve-frantiskovych-laznich\/","url":"https:\/\/www.harveyspahotel.com\/cs\/kde-nas-najdete\/kultura-volny-cas-ve-frantiskovych-laznich\/","name":"Kultura a voln\u00fd \u010das ve Franti\u0161kov\u00fdch L\u00e1zn\u00edch","isPartOf":{"@id":"https:\/\/www.harveyspahotel.com\/cs\/#website"},"datePublished":"2023-07-05T08:52:44+00:00","dateModified":"2023-07-27T13:48:52+00:00","description":"To nejzaj\u00edmav\u011bj\u0161\u00ed z kulturn\u00edch program\u016f \u010di vyu\u017eit\u00ed voln\u00e9ho \u010dasu ve Franti\u0161kov\u00fdch L\u00e1zn\u00edch se dozv\u00edte na t\u011bchto str\u00e1nk\u00e1ch.","breadcrumb":{"@id":"https:\/\/www.harveyspahotel.com\/cs\/kde-nas-najdete\/kultura-volny-cas-ve-frantiskovych-laznich\/#breadcrumb"},"inLanguage":"cs","potentialAction":[{"@type":"ReadAction","target":["https:\/\/www.harveyspahotel.com\/cs\/kde-nas-najdete\/kultura-volny-cas-ve-frantiskovych-laznich\/"]}]},{"@type":"BreadcrumbList","@id":"https:\/\/www.harveyspahotel.com\/cs\/kde-nas-najdete\/kultura-volny-cas-ve-frantiskovych-laznich\/#breadcrumb","itemListElement":[{"@type":"ListItem","position":1,"name":"Home","item":"https:\/\/www.harveyspahotel.com\/cs\/"},{"@type":"ListItem","position":2,"name":"Kde n\u00e1s najdete","item":"https:\/\/www.harveyspahotel.com\/cs\/kde-nas-najdete\/"},{"@type":"ListItem","position":3,"name":"Kultura, voln\u00fd \u010das ve Franti\u0161kov\u00fdch L\u00e1zn\u00edch"}]},{"@type":"WebSite","@id":"https:\/\/www.harveyspahotel.com\/cs\/#website","url":"https:\/\/www.harveyspahotel.com\/cs\/","name":"Harvey Spa Hotel","description":"","potentialAction":[{"@type":"SearchAction","target":{"@type":"EntryPoint","urlTemplate":"https:\/\/www.harveyspahotel.com\/cs\/?s={search_term_string}"},"query-input":"required name=search_term_string"}],"inLanguage":"cs"}]}},"acf":[],"_links":{"self":[{"href":"https:\/\/www.harveyspahotel.com\/cs\/wp-json\/wp\/v2\/pages\/580"}],"collection":[{"href":"https:\/\/www.harveyspahotel.com\/cs\/wp-json\/wp\/v2\/pages"}],"about":[{"href":"https:\/\/www.harveyspahotel.com\/cs\/wp-json\/wp\/v2\/types\/page"}],"author":[{"embeddable":true,"href":"https:\/\/www.harveyspahotel.com\/cs\/wp-json\/wp\/v2\/users\/7"}],"replies":[{"embeddable":true,"href":"https:\/\/www.harveyspahotel.com\/cs\/wp-json\/wp\/v2\/comments?post=580"}],"version-history":[{"count":0,"href":"https:\/\/www.harveyspahotel.com\/cs\/wp-json\/wp\/v2\/pages\/580\/revisions"}],"up":[{"embeddable":true,"href":"https:\/\/www.harveyspahotel.com\/cs\/wp-json\/wp\/v2\/pages\/44"}],"wp:attachment":[{"href":"https:\/\/www.harveyspahotel.com\/cs\/wp-json\/wp\/v2\/media?parent=580"}],"curies":[{"name":"wp","href":"https:\/\/api.w.org\/{rel}","templated":true}]}}