{"id":585,"date":"2023-07-05T10:24:23","date_gmt":"2023-07-05T10:24:23","guid":{"rendered":"https:\/\/www.harveyspahotel.com\/?page_id=585"},"modified":"2025-08-07T12:38:07","modified_gmt":"2025-08-07T12:38:07","slug":"zrcadlovy-labyrint","status":"publish","type":"page","link":"https:\/\/www.harveyspahotel.com\/cs\/kde-nas-najdete\/kultura-volny-cas-ve-frantiskovych-laznich\/zrcadlovy-labyrint\/","title":{"rendered":"Zrcadlov\u00fd Labyrint"},"content":{"rendered":"<p>Nejnav\u0161t\u011bvovan\u011bj\u0161\u00ed atrakce tohoto druhu na z\u00e1pad\u011b \u010cech. V expozici bludi\u0161t\u011b nen\u00ed nouze o optick\u00e9 klamy \u2013 80 d\u016fmysln\u011b um\u00edst\u011bn\u00fdch zrcadel vytv\u00e1\u0159\u00ed slep\u00e9 uli\u010dky a ne\u010dekan\u00e1 z\u00e1kout\u00ed. Zrcadla odr\u00e1\u017e\u00ed i nekone\u010dn\u00e9 obrazy ka\u017ed\u00e9ho z n\u00e1v\u0161t\u011bvn\u00edk\u016f a naj\u00edt cestu ven chv\u00edli zabere. Sou\u010d\u00e1st\u00ed zrcadlov\u00e9ho bludi\u0161t\u011b je Magick\u00fd v\u00e1lec, kter\u00fd dok\u00e1\u017ee zamotat hlavu je\u0161t\u011b o n\u011bco v\u00edc.<\/p>\n","protected":false},"excerpt":{"rendered":"<p>Nejnav\u0161t\u011bvovan\u011bj\u0161\u00ed atrakce tohoto druhu na z\u00e1pad\u011b \u010cech. V expozici bludi\u0161t\u011b nen\u00ed nouze o optick\u00e9 klamy \u2013 80 d\u016fmysln\u011b um\u00edst\u011bn\u00fdch zrcadel vytv\u00e1\u0159\u00ed slep\u00e9 uli\u010dky a ne\u010dekan\u00e1 z\u00e1kout\u00ed. Zrcadla odr\u00e1\u017e\u00ed i nekone\u010dn\u00e9 obrazy ka\u017ed\u00e9ho z n\u00e1v\u0161t\u011bvn\u00edk\u016f a naj\u00edt cestu ven chv\u00edli zabere. Sou\u010d\u00e1st\u00ed zrcadlov\u00e9ho bludi\u0161t\u011b je Magick\u00fd v\u00e1lec, kter\u00fd dok\u00e1\u017ee zamotat hlavu je\u0161t\u011b o n\u011bco v\u00edc.<\/p>\n","protected":false},"author":7,"featured_media":0,"parent":580,"menu_order":50,"comment_status":"closed","ping_status":"closed","template":"","meta":{"footnotes":""},"class_list":["post-585","page","type-page","status-publish","hentry"],"yoast_head":"<!-- This site is optimized with the Yoast SEO plugin v27.3 - https:\/\/yoast.com\/product\/yoast-seo-wordpress\/ -->\n<title>Zrcadlov\u00fd Labyrint - Harvey Spa Hotel -<\/title>\n<meta name=\"description\" content=\"Nejnav\u0161t\u011bvovan\u011bj\u0161\u00ed atrakce tohoto druhu na z\u00e1pad\u011b \u010cech. V expozici bludi\u0161t\u011b nen\u00ed nouze o optick\u00e9 klamy \u2013 80 d\u016fmysln\u011b um\u00edst\u011bn\u00fdch zrcadel vytv\u00e1\u0159\u00ed slep\u00e9 uli\u010dky a ne\u010dekan\u00e1 z\u00e1kout\u00ed\" \/>\n<meta name=\"robots\" content=\"noindex, nofollow\" \/>\n<meta property=\"og:locale\" content=\"cs_CZ\" \/>\n<meta property=\"og:type\" content=\"article\" \/>\n<meta property=\"og:title\" content=\"Zrcadlov\u00fd Labyrint - Harvey Spa Hotel -\" \/>\n<meta property=\"og:description\" content=\"Nejnav\u0161t\u011bvovan\u011bj\u0161\u00ed atrakce tohoto druhu na z\u00e1pad\u011b \u010cech. V expozici bludi\u0161t\u011b nen\u00ed nouze o optick\u00e9 klamy \u2013 80 d\u016fmysln\u011b um\u00edst\u011bn\u00fdch zrcadel vytv\u00e1\u0159\u00ed slep\u00e9 uli\u010dky a ne\u010dekan\u00e1 z\u00e1kout\u00ed\" \/>\n<meta property=\"og:url\" content=\"https:\/\/www.harveyspahotel.com\/cs\/kde-nas-najdete\/kultura-volny-cas-ve-frantiskovych-laznich\/zrcadlovy-labyrint\/\" \/>\n<meta property=\"og:site_name\" content=\"Harvey Spa Hotel\" \/>\n<meta property=\"article:modified_time\" content=\"2025-08-07T12:38:07+00:00\" \/>\n<meta name=\"twitter:card\" content=\"summary_large_image\" \/>\n<meta name=\"twitter:label1\" content=\"Odhadovan\u00e1 doba \u010dten\u00ed\" \/>\n\t<meta name=\"twitter:data1\" content=\"1 minuta\" \/>\n<script type=\"application\/ld+json\" class=\"yoast-schema-graph\">{\"@context\":\"https:\\\/\\\/schema.org\",\"@graph\":[{\"@type\":\"WebPage\",\"@id\":\"https:\\\/\\\/www.harveyspahotel.com\\\/cs\\\/kde-nas-najdete\\\/kultura-volny-cas-ve-frantiskovych-laznich\\\/zrcadlovy-labyrint\\\/\",\"url\":\"https:\\\/\\\/www.harveyspahotel.com\\\/cs\\\/kde-nas-najdete\\\/kultura-volny-cas-ve-frantiskovych-laznich\\\/zrcadlovy-labyrint\\\/\",\"name\":\"Zrcadlov\u00fd Labyrint - Harvey Spa Hotel -\",\"isPartOf\":{\"@id\":\"https:\\\/\\\/www.harveyspahotel.com\\\/cs\\\/#website\"},\"datePublished\":\"2023-07-05T10:24:23+00:00\",\"dateModified\":\"2025-08-07T12:38:07+00:00\",\"description\":\"Nejnav\u0161t\u011bvovan\u011bj\u0161\u00ed atrakce tohoto druhu na z\u00e1pad\u011b \u010cech. V expozici bludi\u0161t\u011b nen\u00ed nouze o optick\u00e9 klamy \u2013 80 d\u016fmysln\u011b um\u00edst\u011bn\u00fdch zrcadel vytv\u00e1\u0159\u00ed slep\u00e9 uli\u010dky a ne\u010dekan\u00e1 z\u00e1kout\u00ed\",\"breadcrumb\":{\"@id\":\"https:\\\/\\\/www.harveyspahotel.com\\\/cs\\\/kde-nas-najdete\\\/kultura-volny-cas-ve-frantiskovych-laznich\\\/zrcadlovy-labyrint\\\/#breadcrumb\"},\"inLanguage\":\"cs\",\"potentialAction\":[{\"@type\":\"ReadAction\",\"target\":[\"https:\\\/\\\/www.harveyspahotel.com\\\/cs\\\/kde-nas-najdete\\\/kultura-volny-cas-ve-frantiskovych-laznich\\\/zrcadlovy-labyrint\\\/\"]}]},{\"@type\":\"BreadcrumbList\",\"@id\":\"https:\\\/\\\/www.harveyspahotel.com\\\/cs\\\/kde-nas-najdete\\\/kultura-volny-cas-ve-frantiskovych-laznich\\\/zrcadlovy-labyrint\\\/#breadcrumb\",\"itemListElement\":[{\"@type\":\"ListItem\",\"position\":1,\"name\":\"Home\",\"item\":\"https:\\\/\\\/www.harveyspahotel.com\\\/cs\\\/\"},{\"@type\":\"ListItem\",\"position\":2,\"name\":\"Kde n\u00e1s najdete\",\"item\":\"https:\\\/\\\/www.harveyspahotel.com\\\/cs\\\/kde-nas-najdete\\\/\"},{\"@type\":\"ListItem\",\"position\":3,\"name\":\"Kultura, voln\u00fd \u010das ve Franti\u0161kov\u00fdch L\u00e1zn\u00edch\",\"item\":\"https:\\\/\\\/www.harveyspahotel.com\\\/cs\\\/kde-nas-najdete\\\/kultura-volny-cas-ve-frantiskovych-laznich\\\/\"},{\"@type\":\"ListItem\",\"position\":4,\"name\":\"Zrcadlov\u00fd Labyrint\"}]},{\"@type\":\"WebSite\",\"@id\":\"https:\\\/\\\/www.harveyspahotel.com\\\/cs\\\/#website\",\"url\":\"https:\\\/\\\/www.harveyspahotel.com\\\/cs\\\/\",\"name\":\"Harvey Spa Hotel\",\"description\":\"\",\"potentialAction\":[{\"@type\":\"SearchAction\",\"target\":{\"@type\":\"EntryPoint\",\"urlTemplate\":\"https:\\\/\\\/www.harveyspahotel.com\\\/cs\\\/?s={search_term_string}\"},\"query-input\":{\"@type\":\"PropertyValueSpecification\",\"valueRequired\":true,\"valueName\":\"search_term_string\"}}],\"inLanguage\":\"cs\"}]}<\/script>\n<!-- \/ Yoast SEO plugin. -->","yoast_head_json":{"title":"Zrcadlov\u00fd Labyrint - Harvey Spa Hotel -","description":"Nejnav\u0161t\u011bvovan\u011bj\u0161\u00ed atrakce tohoto druhu na z\u00e1pad\u011b \u010cech. V expozici bludi\u0161t\u011b nen\u00ed nouze o optick\u00e9 klamy \u2013 80 d\u016fmysln\u011b um\u00edst\u011bn\u00fdch zrcadel vytv\u00e1\u0159\u00ed slep\u00e9 uli\u010dky a ne\u010dekan\u00e1 z\u00e1kout\u00ed","robots":{"index":"noindex","follow":"nofollow"},"og_locale":"cs_CZ","og_type":"article","og_title":"Zrcadlov\u00fd Labyrint - Harvey Spa Hotel -","og_description":"Nejnav\u0161t\u011bvovan\u011bj\u0161\u00ed atrakce tohoto druhu na z\u00e1pad\u011b \u010cech. V expozici bludi\u0161t\u011b nen\u00ed nouze o optick\u00e9 klamy \u2013 80 d\u016fmysln\u011b um\u00edst\u011bn\u00fdch zrcadel vytv\u00e1\u0159\u00ed slep\u00e9 uli\u010dky a ne\u010dekan\u00e1 z\u00e1kout\u00ed","og_url":"https:\/\/www.harveyspahotel.com\/cs\/kde-nas-najdete\/kultura-volny-cas-ve-frantiskovych-laznich\/zrcadlovy-labyrint\/","og_site_name":"Harvey Spa Hotel","article_modified_time":"2025-08-07T12:38:07+00:00","twitter_card":"summary_large_image","twitter_misc":{"Odhadovan\u00e1 doba \u010dten\u00ed":"1 minuta"},"schema":{"@context":"https:\/\/schema.org","@graph":[{"@type":"WebPage","@id":"https:\/\/www.harveyspahotel.com\/cs\/kde-nas-najdete\/kultura-volny-cas-ve-frantiskovych-laznich\/zrcadlovy-labyrint\/","url":"https:\/\/www.harveyspahotel.com\/cs\/kde-nas-najdete\/kultura-volny-cas-ve-frantiskovych-laznich\/zrcadlovy-labyrint\/","name":"Zrcadlov\u00fd Labyrint - Harvey Spa Hotel -","isPartOf":{"@id":"https:\/\/www.harveyspahotel.com\/cs\/#website"},"datePublished":"2023-07-05T10:24:23+00:00","dateModified":"2025-08-07T12:38:07+00:00","description":"Nejnav\u0161t\u011bvovan\u011bj\u0161\u00ed atrakce tohoto druhu na z\u00e1pad\u011b \u010cech. V expozici bludi\u0161t\u011b nen\u00ed nouze o optick\u00e9 klamy \u2013 80 d\u016fmysln\u011b um\u00edst\u011bn\u00fdch zrcadel vytv\u00e1\u0159\u00ed slep\u00e9 uli\u010dky a ne\u010dekan\u00e1 z\u00e1kout\u00ed","breadcrumb":{"@id":"https:\/\/www.harveyspahotel.com\/cs\/kde-nas-najdete\/kultura-volny-cas-ve-frantiskovych-laznich\/zrcadlovy-labyrint\/#breadcrumb"},"inLanguage":"cs","potentialAction":[{"@type":"ReadAction","target":["https:\/\/www.harveyspahotel.com\/cs\/kde-nas-najdete\/kultura-volny-cas-ve-frantiskovych-laznich\/zrcadlovy-labyrint\/"]}]},{"@type":"BreadcrumbList","@id":"https:\/\/www.harveyspahotel.com\/cs\/kde-nas-najdete\/kultura-volny-cas-ve-frantiskovych-laznich\/zrcadlovy-labyrint\/#breadcrumb","itemListElement":[{"@type":"ListItem","position":1,"name":"Home","item":"https:\/\/www.harveyspahotel.com\/cs\/"},{"@type":"ListItem","position":2,"name":"Kde n\u00e1s najdete","item":"https:\/\/www.harveyspahotel.com\/cs\/kde-nas-najdete\/"},{"@type":"ListItem","position":3,"name":"Kultura, voln\u00fd \u010das ve Franti\u0161kov\u00fdch L\u00e1zn\u00edch","item":"https:\/\/www.harveyspahotel.com\/cs\/kde-nas-najdete\/kultura-volny-cas-ve-frantiskovych-laznich\/"},{"@type":"ListItem","position":4,"name":"Zrcadlov\u00fd Labyrint"}]},{"@type":"WebSite","@id":"https:\/\/www.harveyspahotel.com\/cs\/#website","url":"https:\/\/www.harveyspahotel.com\/cs\/","name":"Harvey Spa Hotel","description":"","potentialAction":[{"@type":"SearchAction","target":{"@type":"EntryPoint","urlTemplate":"https:\/\/www.harveyspahotel.com\/cs\/?s={search_term_string}"},"query-input":{"@type":"PropertyValueSpecification","valueRequired":true,"valueName":"search_term_string"}}],"inLanguage":"cs"}]}},"acf":[],"_links":{"self":[{"href":"https:\/\/www.harveyspahotel.com\/cs\/wp-json\/wp\/v2\/pages\/585","targetHints":{"allow":["GET"]}}],"collection":[{"href":"https:\/\/www.harveyspahotel.com\/cs\/wp-json\/wp\/v2\/pages"}],"about":[{"href":"https:\/\/www.harveyspahotel.com\/cs\/wp-json\/wp\/v2\/types\/page"}],"author":[{"embeddable":true,"href":"https:\/\/www.harveyspahotel.com\/cs\/wp-json\/wp\/v2\/users\/7"}],"replies":[{"embeddable":true,"href":"https:\/\/www.harveyspahotel.com\/cs\/wp-json\/wp\/v2\/comments?post=585"}],"version-history":[{"count":0,"href":"https:\/\/www.harveyspahotel.com\/cs\/wp-json\/wp\/v2\/pages\/585\/revisions"}],"up":[{"embeddable":true,"href":"https:\/\/www.harveyspahotel.com\/cs\/wp-json\/wp\/v2\/pages\/580"}],"wp:attachment":[{"href":"https:\/\/www.harveyspahotel.com\/cs\/wp-json\/wp\/v2\/media?parent=585"}],"curies":[{"name":"wp","href":"https:\/\/api.w.org\/{rel}","templated":true}]}}