{"id":587,"date":"2023-07-05T10:26:31","date_gmt":"2023-07-05T10:26:31","guid":{"rendered":"https:\/\/www.harveyspahotel.com\/?page_id=587"},"modified":"2025-08-07T12:32:57","modified_gmt":"2025-08-07T12:32:57","slug":"hudba-na-kolonade-cisarske-lazne","status":"publish","type":"page","link":"https:\/\/www.harveyspahotel.com\/cs\/kde-nas-najdete\/kultura-volny-cas-ve-frantiskovych-laznich\/hudba-na-kolonade-cisarske-lazne\/","title":{"rendered":"Hudba na kolon\u00e1d\u011b, C\u00edsa\u0159sk\u00e9 L\u00e1zn\u011b"},"content":{"rendered":"<p>Koncerty v hudebn\u00ed pavilonu u Sadov\u00e9 kav\u00e1rny \u010di na promen\u00e1d\u011b se konaj\u00ed v\u00a0hlavn\u00ed l\u00e1ze\u0148sk\u00e9 sez\u00f3n\u011b od kv\u011btna do z\u00e1\u0159\u00ed. D\u00e1le c\u00edsa\u0159sk\u00e9 l\u00e1zn\u011b jsou stvo\u0159en\u00e9 pro koncerty star\u00e9 hudby, klasiky \u010di jazzu. S\u00e1l slou\u017e\u00ed z\u00e1rove\u0148 t\u00e9\u017e pro komorn\u00ed divadeln\u00ed p\u0159edstaven\u00ed a besedy se vz\u00e1cn\u00fdmi hosty l\u00e1zn\u00ed.<\/p>\n","protected":false},"excerpt":{"rendered":"<p>Koncerty v hudebn\u00ed pavilonu u Sadov\u00e9 kav\u00e1rny \u010di na promen\u00e1d\u011b se konaj\u00ed v\u00a0hlavn\u00ed l\u00e1ze\u0148sk\u00e9 sez\u00f3n\u011b od kv\u011btna do z\u00e1\u0159\u00ed. D\u00e1le c\u00edsa\u0159sk\u00e9 l\u00e1zn\u011b jsou stvo\u0159en\u00e9 pro koncerty star\u00e9 hudby, klasiky \u010di jazzu. S\u00e1l slou\u017e\u00ed z\u00e1rove\u0148 t\u00e9\u017e pro komorn\u00ed divadeln\u00ed p\u0159edstaven\u00ed a besedy se vz\u00e1cn\u00fdmi hosty l\u00e1zn\u00ed.<\/p>\n","protected":false},"author":7,"featured_media":0,"parent":580,"menu_order":70,"comment_status":"closed","ping_status":"closed","template":"","meta":{"footnotes":""},"yoast_head":"<!-- This site is optimized with the Yoast SEO plugin v22.3 - https:\/\/yoast.com\/wordpress\/plugins\/seo\/ -->\n<title>Hudba na kolon\u00e1d\u011b, C\u00edsa\u0159sk\u00e9 L\u00e1zn\u011b - Harvey Spa Hotel -<\/title>\n<meta name=\"description\" content=\"Koncerty v hudebn\u00ed pavilonu u Sadov\u00e9 kav\u00e1rny \u010di na promen\u00e1d\u011b se konaj\u00ed v\u00a0hlavn\u00ed l\u00e1ze\u0148sk\u00e9 sez\u00f3n\u011b od kv\u011btna do z\u00e1\u0159\u00ed. D\u00e1le c\u00edsa\u0159sk\u00e9 l\u00e1zn\u011b jsou stvo\u0159en\u00e9 pro koncerty star\u00e9 hudby, klasiky \u010di jazzu\" \/>\n<meta name=\"robots\" content=\"noindex, nofollow\" \/>\n<meta property=\"og:locale\" content=\"cs_CZ\" \/>\n<meta property=\"og:type\" content=\"article\" \/>\n<meta property=\"og:title\" content=\"Hudba na kolon\u00e1d\u011b, C\u00edsa\u0159sk\u00e9 L\u00e1zn\u011b - Harvey Spa Hotel -\" \/>\n<meta property=\"og:description\" content=\"Koncerty v hudebn\u00ed pavilonu u Sadov\u00e9 kav\u00e1rny \u010di na promen\u00e1d\u011b se konaj\u00ed v\u00a0hlavn\u00ed l\u00e1ze\u0148sk\u00e9 sez\u00f3n\u011b od kv\u011btna do z\u00e1\u0159\u00ed. D\u00e1le c\u00edsa\u0159sk\u00e9 l\u00e1zn\u011b jsou stvo\u0159en\u00e9 pro koncerty star\u00e9 hudby, klasiky \u010di jazzu\" \/>\n<meta property=\"og:url\" content=\"https:\/\/www.harveyspahotel.com\/cs\/kde-nas-najdete\/kultura-volny-cas-ve-frantiskovych-laznich\/hudba-na-kolonade-cisarske-lazne\/\" \/>\n<meta property=\"og:site_name\" content=\"Harvey Spa Hotel\" \/>\n<meta property=\"article:modified_time\" content=\"2025-08-07T12:32:57+00:00\" \/>\n<meta name=\"twitter:card\" content=\"summary_large_image\" \/>\n<meta name=\"twitter:label1\" content=\"Odhadovan\u00e1 doba \u010dten\u00ed\" \/>\n\t<meta name=\"twitter:data1\" content=\"1 minuta\" \/>\n<script type=\"application\/ld+json\" class=\"yoast-schema-graph\">{\"@context\":\"https:\/\/schema.org\",\"@graph\":[{\"@type\":\"WebPage\",\"@id\":\"https:\/\/www.harveyspahotel.com\/cs\/kde-nas-najdete\/kultura-volny-cas-ve-frantiskovych-laznich\/hudba-na-kolonade-cisarske-lazne\/\",\"url\":\"https:\/\/www.harveyspahotel.com\/cs\/kde-nas-najdete\/kultura-volny-cas-ve-frantiskovych-laznich\/hudba-na-kolonade-cisarske-lazne\/\",\"name\":\"Hudba na kolon\u00e1d\u011b, C\u00edsa\u0159sk\u00e9 L\u00e1zn\u011b - Harvey Spa Hotel -\",\"isPartOf\":{\"@id\":\"https:\/\/www.harveyspahotel.com\/cs\/#website\"},\"datePublished\":\"2023-07-05T10:26:31+00:00\",\"dateModified\":\"2025-08-07T12:32:57+00:00\",\"description\":\"Koncerty v hudebn\u00ed pavilonu u Sadov\u00e9 kav\u00e1rny \u010di na promen\u00e1d\u011b se konaj\u00ed v\u00a0hlavn\u00ed l\u00e1ze\u0148sk\u00e9 sez\u00f3n\u011b od kv\u011btna do z\u00e1\u0159\u00ed. D\u00e1le c\u00edsa\u0159sk\u00e9 l\u00e1zn\u011b jsou stvo\u0159en\u00e9 pro koncerty star\u00e9 hudby, klasiky \u010di jazzu\",\"breadcrumb\":{\"@id\":\"https:\/\/www.harveyspahotel.com\/cs\/kde-nas-najdete\/kultura-volny-cas-ve-frantiskovych-laznich\/hudba-na-kolonade-cisarske-lazne\/#breadcrumb\"},\"inLanguage\":\"cs\",\"potentialAction\":[{\"@type\":\"ReadAction\",\"target\":[\"https:\/\/www.harveyspahotel.com\/cs\/kde-nas-najdete\/kultura-volny-cas-ve-frantiskovych-laznich\/hudba-na-kolonade-cisarske-lazne\/\"]}]},{\"@type\":\"BreadcrumbList\",\"@id\":\"https:\/\/www.harveyspahotel.com\/cs\/kde-nas-najdete\/kultura-volny-cas-ve-frantiskovych-laznich\/hudba-na-kolonade-cisarske-lazne\/#breadcrumb\",\"itemListElement\":[{\"@type\":\"ListItem\",\"position\":1,\"name\":\"Home\",\"item\":\"https:\/\/www.harveyspahotel.com\/cs\/\"},{\"@type\":\"ListItem\",\"position\":2,\"name\":\"Kde n\u00e1s najdete\",\"item\":\"https:\/\/www.harveyspahotel.com\/cs\/kde-nas-najdete\/\"},{\"@type\":\"ListItem\",\"position\":3,\"name\":\"Kultura, voln\u00fd \u010das ve Franti\u0161kov\u00fdch L\u00e1zn\u00edch\",\"item\":\"https:\/\/www.harveyspahotel.com\/cs\/kde-nas-najdete\/kultura-volny-cas-ve-frantiskovych-laznich\/\"},{\"@type\":\"ListItem\",\"position\":4,\"name\":\"Hudba na kolon\u00e1d\u011b, C\u00edsa\u0159sk\u00e9 L\u00e1zn\u011b\"}]},{\"@type\":\"WebSite\",\"@id\":\"https:\/\/www.harveyspahotel.com\/cs\/#website\",\"url\":\"https:\/\/www.harveyspahotel.com\/cs\/\",\"name\":\"Harvey Spa Hotel\",\"description\":\"\",\"potentialAction\":[{\"@type\":\"SearchAction\",\"target\":{\"@type\":\"EntryPoint\",\"urlTemplate\":\"https:\/\/www.harveyspahotel.com\/cs\/?s={search_term_string}\"},\"query-input\":\"required name=search_term_string\"}],\"inLanguage\":\"cs\"}]}<\/script>\n<!-- \/ Yoast SEO plugin. -->","yoast_head_json":{"title":"Hudba na kolon\u00e1d\u011b, C\u00edsa\u0159sk\u00e9 L\u00e1zn\u011b - Harvey Spa Hotel -","description":"Koncerty v hudebn\u00ed pavilonu u Sadov\u00e9 kav\u00e1rny \u010di na promen\u00e1d\u011b se konaj\u00ed v\u00a0hlavn\u00ed l\u00e1ze\u0148sk\u00e9 sez\u00f3n\u011b od kv\u011btna do z\u00e1\u0159\u00ed. D\u00e1le c\u00edsa\u0159sk\u00e9 l\u00e1zn\u011b jsou stvo\u0159en\u00e9 pro koncerty star\u00e9 hudby, klasiky \u010di jazzu","robots":{"index":"noindex","follow":"nofollow"},"og_locale":"cs_CZ","og_type":"article","og_title":"Hudba na kolon\u00e1d\u011b, C\u00edsa\u0159sk\u00e9 L\u00e1zn\u011b - Harvey Spa Hotel -","og_description":"Koncerty v hudebn\u00ed pavilonu u Sadov\u00e9 kav\u00e1rny \u010di na promen\u00e1d\u011b se konaj\u00ed v\u00a0hlavn\u00ed l\u00e1ze\u0148sk\u00e9 sez\u00f3n\u011b od kv\u011btna do z\u00e1\u0159\u00ed. D\u00e1le c\u00edsa\u0159sk\u00e9 l\u00e1zn\u011b jsou stvo\u0159en\u00e9 pro koncerty star\u00e9 hudby, klasiky \u010di jazzu","og_url":"https:\/\/www.harveyspahotel.com\/cs\/kde-nas-najdete\/kultura-volny-cas-ve-frantiskovych-laznich\/hudba-na-kolonade-cisarske-lazne\/","og_site_name":"Harvey Spa Hotel","article_modified_time":"2025-08-07T12:32:57+00:00","twitter_card":"summary_large_image","twitter_misc":{"Odhadovan\u00e1 doba \u010dten\u00ed":"1 minuta"},"schema":{"@context":"https:\/\/schema.org","@graph":[{"@type":"WebPage","@id":"https:\/\/www.harveyspahotel.com\/cs\/kde-nas-najdete\/kultura-volny-cas-ve-frantiskovych-laznich\/hudba-na-kolonade-cisarske-lazne\/","url":"https:\/\/www.harveyspahotel.com\/cs\/kde-nas-najdete\/kultura-volny-cas-ve-frantiskovych-laznich\/hudba-na-kolonade-cisarske-lazne\/","name":"Hudba na kolon\u00e1d\u011b, C\u00edsa\u0159sk\u00e9 L\u00e1zn\u011b - Harvey Spa Hotel -","isPartOf":{"@id":"https:\/\/www.harveyspahotel.com\/cs\/#website"},"datePublished":"2023-07-05T10:26:31+00:00","dateModified":"2025-08-07T12:32:57+00:00","description":"Koncerty v hudebn\u00ed pavilonu u Sadov\u00e9 kav\u00e1rny \u010di na promen\u00e1d\u011b se konaj\u00ed v\u00a0hlavn\u00ed l\u00e1ze\u0148sk\u00e9 sez\u00f3n\u011b od kv\u011btna do z\u00e1\u0159\u00ed. D\u00e1le c\u00edsa\u0159sk\u00e9 l\u00e1zn\u011b jsou stvo\u0159en\u00e9 pro koncerty star\u00e9 hudby, klasiky \u010di jazzu","breadcrumb":{"@id":"https:\/\/www.harveyspahotel.com\/cs\/kde-nas-najdete\/kultura-volny-cas-ve-frantiskovych-laznich\/hudba-na-kolonade-cisarske-lazne\/#breadcrumb"},"inLanguage":"cs","potentialAction":[{"@type":"ReadAction","target":["https:\/\/www.harveyspahotel.com\/cs\/kde-nas-najdete\/kultura-volny-cas-ve-frantiskovych-laznich\/hudba-na-kolonade-cisarske-lazne\/"]}]},{"@type":"BreadcrumbList","@id":"https:\/\/www.harveyspahotel.com\/cs\/kde-nas-najdete\/kultura-volny-cas-ve-frantiskovych-laznich\/hudba-na-kolonade-cisarske-lazne\/#breadcrumb","itemListElement":[{"@type":"ListItem","position":1,"name":"Home","item":"https:\/\/www.harveyspahotel.com\/cs\/"},{"@type":"ListItem","position":2,"name":"Kde n\u00e1s najdete","item":"https:\/\/www.harveyspahotel.com\/cs\/kde-nas-najdete\/"},{"@type":"ListItem","position":3,"name":"Kultura, voln\u00fd \u010das ve Franti\u0161kov\u00fdch L\u00e1zn\u00edch","item":"https:\/\/www.harveyspahotel.com\/cs\/kde-nas-najdete\/kultura-volny-cas-ve-frantiskovych-laznich\/"},{"@type":"ListItem","position":4,"name":"Hudba na kolon\u00e1d\u011b, C\u00edsa\u0159sk\u00e9 L\u00e1zn\u011b"}]},{"@type":"WebSite","@id":"https:\/\/www.harveyspahotel.com\/cs\/#website","url":"https:\/\/www.harveyspahotel.com\/cs\/","name":"Harvey Spa Hotel","description":"","potentialAction":[{"@type":"SearchAction","target":{"@type":"EntryPoint","urlTemplate":"https:\/\/www.harveyspahotel.com\/cs\/?s={search_term_string}"},"query-input":"required name=search_term_string"}],"inLanguage":"cs"}]}},"acf":[],"_links":{"self":[{"href":"https:\/\/www.harveyspahotel.com\/cs\/wp-json\/wp\/v2\/pages\/587"}],"collection":[{"href":"https:\/\/www.harveyspahotel.com\/cs\/wp-json\/wp\/v2\/pages"}],"about":[{"href":"https:\/\/www.harveyspahotel.com\/cs\/wp-json\/wp\/v2\/types\/page"}],"author":[{"embeddable":true,"href":"https:\/\/www.harveyspahotel.com\/cs\/wp-json\/wp\/v2\/users\/7"}],"replies":[{"embeddable":true,"href":"https:\/\/www.harveyspahotel.com\/cs\/wp-json\/wp\/v2\/comments?post=587"}],"version-history":[{"count":0,"href":"https:\/\/www.harveyspahotel.com\/cs\/wp-json\/wp\/v2\/pages\/587\/revisions"}],"up":[{"embeddable":true,"href":"https:\/\/www.harveyspahotel.com\/cs\/wp-json\/wp\/v2\/pages\/580"}],"wp:attachment":[{"href":"https:\/\/www.harveyspahotel.com\/cs\/wp-json\/wp\/v2\/media?parent=587"}],"curies":[{"name":"wp","href":"https:\/\/api.w.org\/{rel}","templated":true}]}}