{"id":591,"date":"2023-07-05T10:30:52","date_gmt":"2023-07-05T10:30:52","guid":{"rendered":"https:\/\/www.harveyspahotel.com\/?page_id=591"},"modified":"2025-08-07T12:37:07","modified_gmt":"2025-08-07T12:37:07","slug":"mikrovlackem-na-ameriku","status":"publish","type":"page","link":"https:\/\/www.harveyspahotel.com\/cs\/kde-nas-najdete\/kultura-volny-cas-ve-frantiskovych-laznich\/mikrovlackem-na-ameriku\/","title":{"rendered":"Mikrovl\u00e1\u010dkem na Ameriku"},"content":{"rendered":"<p>V p\u0159\u00edpad\u011b, \u017ee obl\u00edben\u00e9 v\u00fdletn\u00ed m\u00edsto chcete nav\u0161t\u00edvit i jinak, m\u016f\u017eete se vydat na cestu mikrovl\u00e1\u010dkem. Do vl\u00e1\u010dku lze nastoupit u franti\u0161kol\u00e1ze\u0148sk\u00e9ho infocentra Milano (M\u00e1chova 8) a jen se nechat kochat p\u0159ilehl\u00fdm lesoparkem, a\u017e doraz\u00edte k\u00a0vyhled\u00e1van\u00e9mu d\u011btsk\u00e9mu h\u0159i\u0161ti s\u00a0mini zoo a pokra\u010dovat a\u017e na rybn\u00edk Amerika. U vstupu do zookoutku tak\u00e9 za\u010d\u00edn\u00e1 i \u010derven\u00e1 srd\u00ed\u010dkov\u00e1 trasa, kter\u00e1 n\u00e1v\u0161t\u011bvn\u00edky zavede proch\u00e1zkou zp\u011bt do l\u00e1zn\u00ed.<\/p>\n","protected":false},"excerpt":{"rendered":"<p>V p\u0159\u00edpad\u011b, \u017ee obl\u00edben\u00e9 v\u00fdletn\u00ed m\u00edsto chcete nav\u0161t\u00edvit i jinak, m\u016f\u017eete se vydat na cestu mikrovl\u00e1\u010dkem. Do vl\u00e1\u010dku lze nastoupit u franti\u0161kol\u00e1ze\u0148sk\u00e9ho infocentra Milano (M\u00e1chova 8) a jen se nechat kochat p\u0159ilehl\u00fdm lesoparkem, a\u017e doraz\u00edte k\u00a0vyhled\u00e1van\u00e9mu d\u011btsk\u00e9mu h\u0159i\u0161ti s\u00a0mini zoo a pokra\u010dovat a\u017e na rybn\u00edk Amerika. U vstupu do zookoutku tak\u00e9 za\u010d\u00edn\u00e1 i \u010derven\u00e1 srd\u00ed\u010dkov\u00e1 [&hellip;]<\/p>\n","protected":false},"author":7,"featured_media":0,"parent":580,"menu_order":110,"comment_status":"closed","ping_status":"closed","template":"","meta":{"footnotes":""},"class_list":["post-591","page","type-page","status-publish","hentry"],"yoast_head":"<!-- This site is optimized with the Yoast SEO plugin v27.3 - https:\/\/yoast.com\/product\/yoast-seo-wordpress\/ -->\n<title>Mikrovl\u00e1\u010dkem na Ameriku - Harvey Spa Hotel -<\/title>\n<meta name=\"description\" content=\"V p\u0159\u00edpad\u011b, \u017ee obl\u00edben\u00e9 v\u00fdletn\u00ed m\u00edsto chcete nav\u0161t\u00edvit i jinak, m\u016f\u017eete se vydat na cestu mikrovl\u00e1\u010dkem. Do vl\u00e1\u010dku lze nastoupit u franti\u0161kol\u00e1ze\u0148sk\u00e9ho infocentra Milano (M\u00e1chova 8) a jen se nechat kochat p\u0159ilehl\u00fdm lesoparkem, a\u017e doraz\u00edte k\u00a0vyhled\u00e1van\u00e9mu d\u011btsk\u00e9mu h\u0159i\u0161ti s\u00a0mini zoo a pokra\u010dovat a\u017e na rybn\u00edk Amerika\" \/>\n<meta name=\"robots\" content=\"noindex, nofollow\" \/>\n<meta property=\"og:locale\" content=\"cs_CZ\" \/>\n<meta property=\"og:type\" content=\"article\" \/>\n<meta property=\"og:title\" content=\"Mikrovl\u00e1\u010dkem na Ameriku - Harvey Spa Hotel -\" \/>\n<meta property=\"og:description\" content=\"V p\u0159\u00edpad\u011b, \u017ee obl\u00edben\u00e9 v\u00fdletn\u00ed m\u00edsto chcete nav\u0161t\u00edvit i jinak, m\u016f\u017eete se vydat na cestu mikrovl\u00e1\u010dkem. Do vl\u00e1\u010dku lze nastoupit u franti\u0161kol\u00e1ze\u0148sk\u00e9ho infocentra Milano (M\u00e1chova 8) a jen se nechat kochat p\u0159ilehl\u00fdm lesoparkem, a\u017e doraz\u00edte k\u00a0vyhled\u00e1van\u00e9mu d\u011btsk\u00e9mu h\u0159i\u0161ti s\u00a0mini zoo a pokra\u010dovat a\u017e na rybn\u00edk Amerika\" \/>\n<meta property=\"og:url\" content=\"https:\/\/www.harveyspahotel.com\/cs\/kde-nas-najdete\/kultura-volny-cas-ve-frantiskovych-laznich\/mikrovlackem-na-ameriku\/\" \/>\n<meta property=\"og:site_name\" content=\"Harvey Spa Hotel\" \/>\n<meta property=\"article:modified_time\" content=\"2025-08-07T12:37:07+00:00\" \/>\n<meta name=\"twitter:card\" content=\"summary_large_image\" \/>\n<meta name=\"twitter:label1\" content=\"Odhadovan\u00e1 doba \u010dten\u00ed\" \/>\n\t<meta name=\"twitter:data1\" content=\"1 minuta\" \/>\n<script type=\"application\/ld+json\" class=\"yoast-schema-graph\">{\"@context\":\"https:\\\/\\\/schema.org\",\"@graph\":[{\"@type\":\"WebPage\",\"@id\":\"https:\\\/\\\/www.harveyspahotel.com\\\/cs\\\/kde-nas-najdete\\\/kultura-volny-cas-ve-frantiskovych-laznich\\\/mikrovlackem-na-ameriku\\\/\",\"url\":\"https:\\\/\\\/www.harveyspahotel.com\\\/cs\\\/kde-nas-najdete\\\/kultura-volny-cas-ve-frantiskovych-laznich\\\/mikrovlackem-na-ameriku\\\/\",\"name\":\"Mikrovl\u00e1\u010dkem na Ameriku - Harvey Spa Hotel -\",\"isPartOf\":{\"@id\":\"https:\\\/\\\/www.harveyspahotel.com\\\/cs\\\/#website\"},\"datePublished\":\"2023-07-05T10:30:52+00:00\",\"dateModified\":\"2025-08-07T12:37:07+00:00\",\"description\":\"V p\u0159\u00edpad\u011b, \u017ee obl\u00edben\u00e9 v\u00fdletn\u00ed m\u00edsto chcete nav\u0161t\u00edvit i jinak, m\u016f\u017eete se vydat na cestu mikrovl\u00e1\u010dkem. Do vl\u00e1\u010dku lze nastoupit u franti\u0161kol\u00e1ze\u0148sk\u00e9ho infocentra Milano (M\u00e1chova 8) a jen se nechat kochat p\u0159ilehl\u00fdm lesoparkem, a\u017e doraz\u00edte k\u00a0vyhled\u00e1van\u00e9mu d\u011btsk\u00e9mu h\u0159i\u0161ti s\u00a0mini zoo a pokra\u010dovat a\u017e na rybn\u00edk Amerika\",\"breadcrumb\":{\"@id\":\"https:\\\/\\\/www.harveyspahotel.com\\\/cs\\\/kde-nas-najdete\\\/kultura-volny-cas-ve-frantiskovych-laznich\\\/mikrovlackem-na-ameriku\\\/#breadcrumb\"},\"inLanguage\":\"cs\",\"potentialAction\":[{\"@type\":\"ReadAction\",\"target\":[\"https:\\\/\\\/www.harveyspahotel.com\\\/cs\\\/kde-nas-najdete\\\/kultura-volny-cas-ve-frantiskovych-laznich\\\/mikrovlackem-na-ameriku\\\/\"]}]},{\"@type\":\"BreadcrumbList\",\"@id\":\"https:\\\/\\\/www.harveyspahotel.com\\\/cs\\\/kde-nas-najdete\\\/kultura-volny-cas-ve-frantiskovych-laznich\\\/mikrovlackem-na-ameriku\\\/#breadcrumb\",\"itemListElement\":[{\"@type\":\"ListItem\",\"position\":1,\"name\":\"Home\",\"item\":\"https:\\\/\\\/www.harveyspahotel.com\\\/cs\\\/\"},{\"@type\":\"ListItem\",\"position\":2,\"name\":\"Kde n\u00e1s najdete\",\"item\":\"https:\\\/\\\/www.harveyspahotel.com\\\/cs\\\/kde-nas-najdete\\\/\"},{\"@type\":\"ListItem\",\"position\":3,\"name\":\"Kultura, voln\u00fd \u010das ve Franti\u0161kov\u00fdch L\u00e1zn\u00edch\",\"item\":\"https:\\\/\\\/www.harveyspahotel.com\\\/cs\\\/kde-nas-najdete\\\/kultura-volny-cas-ve-frantiskovych-laznich\\\/\"},{\"@type\":\"ListItem\",\"position\":4,\"name\":\"Mikrovl\u00e1\u010dkem na Ameriku\"}]},{\"@type\":\"WebSite\",\"@id\":\"https:\\\/\\\/www.harveyspahotel.com\\\/cs\\\/#website\",\"url\":\"https:\\\/\\\/www.harveyspahotel.com\\\/cs\\\/\",\"name\":\"Harvey Spa Hotel\",\"description\":\"\",\"potentialAction\":[{\"@type\":\"SearchAction\",\"target\":{\"@type\":\"EntryPoint\",\"urlTemplate\":\"https:\\\/\\\/www.harveyspahotel.com\\\/cs\\\/?s={search_term_string}\"},\"query-input\":{\"@type\":\"PropertyValueSpecification\",\"valueRequired\":true,\"valueName\":\"search_term_string\"}}],\"inLanguage\":\"cs\"}]}<\/script>\n<!-- \/ Yoast SEO plugin. -->","yoast_head_json":{"title":"Mikrovl\u00e1\u010dkem na Ameriku - Harvey Spa Hotel -","description":"V p\u0159\u00edpad\u011b, \u017ee obl\u00edben\u00e9 v\u00fdletn\u00ed m\u00edsto chcete nav\u0161t\u00edvit i jinak, m\u016f\u017eete se vydat na cestu mikrovl\u00e1\u010dkem. Do vl\u00e1\u010dku lze nastoupit u franti\u0161kol\u00e1ze\u0148sk\u00e9ho infocentra Milano (M\u00e1chova 8) a jen se nechat kochat p\u0159ilehl\u00fdm lesoparkem, a\u017e doraz\u00edte k\u00a0vyhled\u00e1van\u00e9mu d\u011btsk\u00e9mu h\u0159i\u0161ti s\u00a0mini zoo a pokra\u010dovat a\u017e na rybn\u00edk Amerika","robots":{"index":"noindex","follow":"nofollow"},"og_locale":"cs_CZ","og_type":"article","og_title":"Mikrovl\u00e1\u010dkem na Ameriku - Harvey Spa Hotel -","og_description":"V p\u0159\u00edpad\u011b, \u017ee obl\u00edben\u00e9 v\u00fdletn\u00ed m\u00edsto chcete nav\u0161t\u00edvit i jinak, m\u016f\u017eete se vydat na cestu mikrovl\u00e1\u010dkem. Do vl\u00e1\u010dku lze nastoupit u franti\u0161kol\u00e1ze\u0148sk\u00e9ho infocentra Milano (M\u00e1chova 8) a jen se nechat kochat p\u0159ilehl\u00fdm lesoparkem, a\u017e doraz\u00edte k\u00a0vyhled\u00e1van\u00e9mu d\u011btsk\u00e9mu h\u0159i\u0161ti s\u00a0mini zoo a pokra\u010dovat a\u017e na rybn\u00edk Amerika","og_url":"https:\/\/www.harveyspahotel.com\/cs\/kde-nas-najdete\/kultura-volny-cas-ve-frantiskovych-laznich\/mikrovlackem-na-ameriku\/","og_site_name":"Harvey Spa Hotel","article_modified_time":"2025-08-07T12:37:07+00:00","twitter_card":"summary_large_image","twitter_misc":{"Odhadovan\u00e1 doba \u010dten\u00ed":"1 minuta"},"schema":{"@context":"https:\/\/schema.org","@graph":[{"@type":"WebPage","@id":"https:\/\/www.harveyspahotel.com\/cs\/kde-nas-najdete\/kultura-volny-cas-ve-frantiskovych-laznich\/mikrovlackem-na-ameriku\/","url":"https:\/\/www.harveyspahotel.com\/cs\/kde-nas-najdete\/kultura-volny-cas-ve-frantiskovych-laznich\/mikrovlackem-na-ameriku\/","name":"Mikrovl\u00e1\u010dkem na Ameriku - Harvey Spa Hotel -","isPartOf":{"@id":"https:\/\/www.harveyspahotel.com\/cs\/#website"},"datePublished":"2023-07-05T10:30:52+00:00","dateModified":"2025-08-07T12:37:07+00:00","description":"V p\u0159\u00edpad\u011b, \u017ee obl\u00edben\u00e9 v\u00fdletn\u00ed m\u00edsto chcete nav\u0161t\u00edvit i jinak, m\u016f\u017eete se vydat na cestu mikrovl\u00e1\u010dkem. Do vl\u00e1\u010dku lze nastoupit u franti\u0161kol\u00e1ze\u0148sk\u00e9ho infocentra Milano (M\u00e1chova 8) a jen se nechat kochat p\u0159ilehl\u00fdm lesoparkem, a\u017e doraz\u00edte k\u00a0vyhled\u00e1van\u00e9mu d\u011btsk\u00e9mu h\u0159i\u0161ti s\u00a0mini zoo a pokra\u010dovat a\u017e na rybn\u00edk Amerika","breadcrumb":{"@id":"https:\/\/www.harveyspahotel.com\/cs\/kde-nas-najdete\/kultura-volny-cas-ve-frantiskovych-laznich\/mikrovlackem-na-ameriku\/#breadcrumb"},"inLanguage":"cs","potentialAction":[{"@type":"ReadAction","target":["https:\/\/www.harveyspahotel.com\/cs\/kde-nas-najdete\/kultura-volny-cas-ve-frantiskovych-laznich\/mikrovlackem-na-ameriku\/"]}]},{"@type":"BreadcrumbList","@id":"https:\/\/www.harveyspahotel.com\/cs\/kde-nas-najdete\/kultura-volny-cas-ve-frantiskovych-laznich\/mikrovlackem-na-ameriku\/#breadcrumb","itemListElement":[{"@type":"ListItem","position":1,"name":"Home","item":"https:\/\/www.harveyspahotel.com\/cs\/"},{"@type":"ListItem","position":2,"name":"Kde n\u00e1s najdete","item":"https:\/\/www.harveyspahotel.com\/cs\/kde-nas-najdete\/"},{"@type":"ListItem","position":3,"name":"Kultura, voln\u00fd \u010das ve Franti\u0161kov\u00fdch L\u00e1zn\u00edch","item":"https:\/\/www.harveyspahotel.com\/cs\/kde-nas-najdete\/kultura-volny-cas-ve-frantiskovych-laznich\/"},{"@type":"ListItem","position":4,"name":"Mikrovl\u00e1\u010dkem na Ameriku"}]},{"@type":"WebSite","@id":"https:\/\/www.harveyspahotel.com\/cs\/#website","url":"https:\/\/www.harveyspahotel.com\/cs\/","name":"Harvey Spa Hotel","description":"","potentialAction":[{"@type":"SearchAction","target":{"@type":"EntryPoint","urlTemplate":"https:\/\/www.harveyspahotel.com\/cs\/?s={search_term_string}"},"query-input":{"@type":"PropertyValueSpecification","valueRequired":true,"valueName":"search_term_string"}}],"inLanguage":"cs"}]}},"acf":[],"_links":{"self":[{"href":"https:\/\/www.harveyspahotel.com\/cs\/wp-json\/wp\/v2\/pages\/591","targetHints":{"allow":["GET"]}}],"collection":[{"href":"https:\/\/www.harveyspahotel.com\/cs\/wp-json\/wp\/v2\/pages"}],"about":[{"href":"https:\/\/www.harveyspahotel.com\/cs\/wp-json\/wp\/v2\/types\/page"}],"author":[{"embeddable":true,"href":"https:\/\/www.harveyspahotel.com\/cs\/wp-json\/wp\/v2\/users\/7"}],"replies":[{"embeddable":true,"href":"https:\/\/www.harveyspahotel.com\/cs\/wp-json\/wp\/v2\/comments?post=591"}],"version-history":[{"count":0,"href":"https:\/\/www.harveyspahotel.com\/cs\/wp-json\/wp\/v2\/pages\/591\/revisions"}],"up":[{"embeddable":true,"href":"https:\/\/www.harveyspahotel.com\/cs\/wp-json\/wp\/v2\/pages\/580"}],"wp:attachment":[{"href":"https:\/\/www.harveyspahotel.com\/cs\/wp-json\/wp\/v2\/media?parent=591"}],"curies":[{"name":"wp","href":"https:\/\/api.w.org\/{rel}","templated":true}]}}