{"id":786,"date":"2023-10-09T14:55:02","date_gmt":"2023-10-09T14:55:02","guid":{"rendered":"https:\/\/www.harveyspahotel.com\/?page_id=786"},"modified":"2025-08-07T12:45:56","modified_gmt":"2025-08-07T12:45:56","slug":"regeneracni-prisadova-koupel","status":"publish","type":"page","link":"https:\/\/www.harveyspahotel.com\/cs\/vyjimecny-wellness-zazitek\/masaze\/regeneracni-prisadova-koupel\/","title":{"rendered":"Regenera\u010dn\u00ed p\u0159\u00edsadov\u00e1 koupel"},"content":{"rendered":"<p>Koupel s p\u0159\u00edsadou \u00fa\u010dinn\u00e9 l\u00e1tky, kter\u00e1 se, d\u00edky ide\u00e1ln\u00edmu prokrven\u00ed k\u016f\u017ee a podko\u017e\u00ed v koupeli tepl\u00e9 37 \u00b0C, dob\u0159e vst\u0159eb\u00e1v\u00e1 do organismu. P\u0159\u00edsady jsou bylinn\u00e9 nep\u011bniv\u00e9 substance, kter\u00e9 podporuj\u00ed krevn\u00ed ob\u011bh, odstra\u0148uj\u00ed stres a \u00fanavu, uvol\u0148uj\u00ed a povzbuzuj\u00ed. P\u0159i aplikaci tepl\u00e9 koupele doch\u00e1z\u00ed z\u00e1rove\u0148 k relaxaci svalstva, zvy\u0161uje se ohebnost kloub\u016f, proh\u0159\u00e1t\u00ed a prokrven\u00ed, zlep\u0161uje v\u00fd\u017eivu sval\u016f i kloub\u016f.<\/p>\n","protected":false},"excerpt":{"rendered":"<p>Koupel s p\u0159\u00edsadou \u00fa\u010dinn\u00e9 l\u00e1tky, kter\u00e1 se, d\u00edky ide\u00e1ln\u00edmu prokrven\u00ed k\u016f\u017ee a podko\u017e\u00ed v koupeli tepl\u00e9 37 \u00b0C, dob\u0159e vst\u0159eb\u00e1v\u00e1 do organismu. P\u0159\u00edsady jsou bylinn\u00e9 nep\u011bniv\u00e9 substance, kter\u00e9 podporuj\u00ed krevn\u00ed ob\u011bh, odstra\u0148uj\u00ed stres a \u00fanavu, uvol\u0148uj\u00ed a povzbuzuj\u00ed. P\u0159i aplikaci tepl\u00e9 koupele doch\u00e1z\u00ed z\u00e1rove\u0148 k relaxaci svalstva, zvy\u0161uje se ohebnost kloub\u016f, proh\u0159\u00e1t\u00ed a prokrven\u00ed, zlep\u0161uje [&hellip;]<\/p>\n","protected":false},"author":7,"featured_media":0,"parent":393,"menu_order":2,"comment_status":"closed","ping_status":"closed","template":"template-single-massage.php","meta":{"footnotes":""},"class_list":["post-786","page","type-page","status-publish","hentry"],"yoast_head":"<!-- This site is optimized with the Yoast SEO plugin v22.3 - https:\/\/yoast.com\/wordpress\/plugins\/seo\/ -->\n<title>Regenera\u010dn\u00ed p\u0159\u00edsadov\u00e1 koupel - Harvey Spa Hotel -<\/title>\n<meta name=\"description\" content=\"Aplikac\u00ed tepl\u00e9 bylinn\u00e9 koupele doch\u00e1z\u00ed k relaxaci svalstva, odstra\u0148uje se stres, zvy\u0161uje se ohebnost kloub\u016f, zlep\u0161uje v\u00fd\u017eivu sval\u016f i kloub\u016f.\" \/>\n<meta name=\"robots\" content=\"noindex, nofollow\" \/>\n<meta property=\"og:locale\" content=\"cs_CZ\" \/>\n<meta property=\"og:type\" content=\"article\" \/>\n<meta property=\"og:title\" content=\"Regenera\u010dn\u00ed p\u0159\u00edsadov\u00e1 koupel - Harvey Spa Hotel -\" \/>\n<meta property=\"og:description\" content=\"Aplikac\u00ed tepl\u00e9 bylinn\u00e9 koupele doch\u00e1z\u00ed k relaxaci svalstva, odstra\u0148uje se stres, zvy\u0161uje se ohebnost kloub\u016f, zlep\u0161uje v\u00fd\u017eivu sval\u016f i kloub\u016f.\" \/>\n<meta property=\"og:url\" content=\"https:\/\/www.harveyspahotel.com\/cs\/vyjimecny-wellness-zazitek\/masaze\/regeneracni-prisadova-koupel\/\" \/>\n<meta property=\"og:site_name\" content=\"Harvey Spa Hotel\" \/>\n<meta property=\"article:modified_time\" content=\"2025-08-07T12:45:56+00:00\" \/>\n<meta name=\"twitter:card\" content=\"summary_large_image\" \/>\n<meta name=\"twitter:label1\" content=\"Odhadovan\u00e1 doba \u010dten\u00ed\" \/>\n\t<meta name=\"twitter:data1\" content=\"1 minuta\" \/>\n<script type=\"application\/ld+json\" class=\"yoast-schema-graph\">{\"@context\":\"https:\/\/schema.org\",\"@graph\":[{\"@type\":\"WebPage\",\"@id\":\"https:\/\/www.harveyspahotel.com\/cs\/vyjimecny-wellness-zazitek\/masaze\/regeneracni-prisadova-koupel\/\",\"url\":\"https:\/\/www.harveyspahotel.com\/cs\/vyjimecny-wellness-zazitek\/masaze\/regeneracni-prisadova-koupel\/\",\"name\":\"Regenera\u010dn\u00ed p\u0159\u00edsadov\u00e1 koupel - Harvey Spa Hotel -\",\"isPartOf\":{\"@id\":\"https:\/\/www.harveyspahotel.com\/cs\/#website\"},\"datePublished\":\"2023-10-09T14:55:02+00:00\",\"dateModified\":\"2025-08-07T12:45:56+00:00\",\"description\":\"Aplikac\u00ed tepl\u00e9 bylinn\u00e9 koupele doch\u00e1z\u00ed k relaxaci svalstva, odstra\u0148uje se stres, zvy\u0161uje se ohebnost kloub\u016f, zlep\u0161uje v\u00fd\u017eivu sval\u016f i kloub\u016f.\",\"breadcrumb\":{\"@id\":\"https:\/\/www.harveyspahotel.com\/cs\/vyjimecny-wellness-zazitek\/masaze\/regeneracni-prisadova-koupel\/#breadcrumb\"},\"inLanguage\":\"cs\",\"potentialAction\":[{\"@type\":\"ReadAction\",\"target\":[\"https:\/\/www.harveyspahotel.com\/cs\/vyjimecny-wellness-zazitek\/masaze\/regeneracni-prisadova-koupel\/\"]}]},{\"@type\":\"BreadcrumbList\",\"@id\":\"https:\/\/www.harveyspahotel.com\/cs\/vyjimecny-wellness-zazitek\/masaze\/regeneracni-prisadova-koupel\/#breadcrumb\",\"itemListElement\":[{\"@type\":\"ListItem\",\"position\":1,\"name\":\"Home\",\"item\":\"https:\/\/www.harveyspahotel.com\/cs\/\"},{\"@type\":\"ListItem\",\"position\":2,\"name\":\"V\u00fdjime\u010dn\u00fd wellness z\u00e1\u017eitek\",\"item\":\"https:\/\/www.harveyspahotel.com\/cs\/vyjimecny-wellness-zazitek\/\"},{\"@type\":\"ListItem\",\"position\":3,\"name\":\"Mas\u00e1\u017ee\",\"item\":\"https:\/\/www.harveyspahotel.com\/cs\/vyjimecny-wellness-zazitek\/masaze\/\"},{\"@type\":\"ListItem\",\"position\":4,\"name\":\"Regenera\u010dn\u00ed p\u0159\u00edsadov\u00e1 koupel\"}]},{\"@type\":\"WebSite\",\"@id\":\"https:\/\/www.harveyspahotel.com\/cs\/#website\",\"url\":\"https:\/\/www.harveyspahotel.com\/cs\/\",\"name\":\"Harvey Spa Hotel\",\"description\":\"\",\"potentialAction\":[{\"@type\":\"SearchAction\",\"target\":{\"@type\":\"EntryPoint\",\"urlTemplate\":\"https:\/\/www.harveyspahotel.com\/cs\/?s={search_term_string}\"},\"query-input\":\"required name=search_term_string\"}],\"inLanguage\":\"cs\"}]}<\/script>\n<!-- \/ Yoast SEO plugin. -->","yoast_head_json":{"title":"Regenera\u010dn\u00ed p\u0159\u00edsadov\u00e1 koupel - Harvey Spa Hotel -","description":"Aplikac\u00ed tepl\u00e9 bylinn\u00e9 koupele doch\u00e1z\u00ed k relaxaci svalstva, odstra\u0148uje se stres, zvy\u0161uje se ohebnost kloub\u016f, zlep\u0161uje v\u00fd\u017eivu sval\u016f i kloub\u016f.","robots":{"index":"noindex","follow":"nofollow"},"og_locale":"cs_CZ","og_type":"article","og_title":"Regenera\u010dn\u00ed p\u0159\u00edsadov\u00e1 koupel - Harvey Spa Hotel -","og_description":"Aplikac\u00ed tepl\u00e9 bylinn\u00e9 koupele doch\u00e1z\u00ed k relaxaci svalstva, odstra\u0148uje se stres, zvy\u0161uje se ohebnost kloub\u016f, zlep\u0161uje v\u00fd\u017eivu sval\u016f i kloub\u016f.","og_url":"https:\/\/www.harveyspahotel.com\/cs\/vyjimecny-wellness-zazitek\/masaze\/regeneracni-prisadova-koupel\/","og_site_name":"Harvey Spa Hotel","article_modified_time":"2025-08-07T12:45:56+00:00","twitter_card":"summary_large_image","twitter_misc":{"Odhadovan\u00e1 doba \u010dten\u00ed":"1 minuta"},"schema":{"@context":"https:\/\/schema.org","@graph":[{"@type":"WebPage","@id":"https:\/\/www.harveyspahotel.com\/cs\/vyjimecny-wellness-zazitek\/masaze\/regeneracni-prisadova-koupel\/","url":"https:\/\/www.harveyspahotel.com\/cs\/vyjimecny-wellness-zazitek\/masaze\/regeneracni-prisadova-koupel\/","name":"Regenera\u010dn\u00ed p\u0159\u00edsadov\u00e1 koupel - Harvey Spa Hotel -","isPartOf":{"@id":"https:\/\/www.harveyspahotel.com\/cs\/#website"},"datePublished":"2023-10-09T14:55:02+00:00","dateModified":"2025-08-07T12:45:56+00:00","description":"Aplikac\u00ed tepl\u00e9 bylinn\u00e9 koupele doch\u00e1z\u00ed k relaxaci svalstva, odstra\u0148uje se stres, zvy\u0161uje se ohebnost kloub\u016f, zlep\u0161uje v\u00fd\u017eivu sval\u016f i kloub\u016f.","breadcrumb":{"@id":"https:\/\/www.harveyspahotel.com\/cs\/vyjimecny-wellness-zazitek\/masaze\/regeneracni-prisadova-koupel\/#breadcrumb"},"inLanguage":"cs","potentialAction":[{"@type":"ReadAction","target":["https:\/\/www.harveyspahotel.com\/cs\/vyjimecny-wellness-zazitek\/masaze\/regeneracni-prisadova-koupel\/"]}]},{"@type":"BreadcrumbList","@id":"https:\/\/www.harveyspahotel.com\/cs\/vyjimecny-wellness-zazitek\/masaze\/regeneracni-prisadova-koupel\/#breadcrumb","itemListElement":[{"@type":"ListItem","position":1,"name":"Home","item":"https:\/\/www.harveyspahotel.com\/cs\/"},{"@type":"ListItem","position":2,"name":"V\u00fdjime\u010dn\u00fd wellness z\u00e1\u017eitek","item":"https:\/\/www.harveyspahotel.com\/cs\/vyjimecny-wellness-zazitek\/"},{"@type":"ListItem","position":3,"name":"Mas\u00e1\u017ee","item":"https:\/\/www.harveyspahotel.com\/cs\/vyjimecny-wellness-zazitek\/masaze\/"},{"@type":"ListItem","position":4,"name":"Regenera\u010dn\u00ed p\u0159\u00edsadov\u00e1 koupel"}]},{"@type":"WebSite","@id":"https:\/\/www.harveyspahotel.com\/cs\/#website","url":"https:\/\/www.harveyspahotel.com\/cs\/","name":"Harvey Spa Hotel","description":"","potentialAction":[{"@type":"SearchAction","target":{"@type":"EntryPoint","urlTemplate":"https:\/\/www.harveyspahotel.com\/cs\/?s={search_term_string}"},"query-input":"required name=search_term_string"}],"inLanguage":"cs"}]}},"acf":[],"_links":{"self":[{"href":"https:\/\/www.harveyspahotel.com\/cs\/wp-json\/wp\/v2\/pages\/786","targetHints":{"allow":["GET"]}}],"collection":[{"href":"https:\/\/www.harveyspahotel.com\/cs\/wp-json\/wp\/v2\/pages"}],"about":[{"href":"https:\/\/www.harveyspahotel.com\/cs\/wp-json\/wp\/v2\/types\/page"}],"author":[{"embeddable":true,"href":"https:\/\/www.harveyspahotel.com\/cs\/wp-json\/wp\/v2\/users\/7"}],"replies":[{"embeddable":true,"href":"https:\/\/www.harveyspahotel.com\/cs\/wp-json\/wp\/v2\/comments?post=786"}],"version-history":[{"count":0,"href":"https:\/\/www.harveyspahotel.com\/cs\/wp-json\/wp\/v2\/pages\/786\/revisions"}],"up":[{"embeddable":true,"href":"https:\/\/www.harveyspahotel.com\/cs\/wp-json\/wp\/v2\/pages\/393"}],"wp:attachment":[{"href":"https:\/\/www.harveyspahotel.com\/cs\/wp-json\/wp\/v2\/media?parent=786"}],"curies":[{"name":"wp","href":"https:\/\/api.w.org\/{rel}","templated":true}]}}