{"id":789,"date":"2023-10-09T14:58:55","date_gmt":"2023-10-09T14:58:55","guid":{"rendered":"https:\/\/www.harveyspahotel.com\/?page_id=789"},"modified":"2025-08-07T12:45:48","modified_gmt":"2025-08-07T12:45:48","slug":"perlickova-koupel","status":"publish","type":"page","link":"https:\/\/www.harveyspahotel.com\/cs\/vyjimecny-wellness-zazitek\/masaze\/perlickova-koupel\/","title":{"rendered":"Perli\u010dkov\u00e1 koupel"},"content":{"rendered":"<p>P\u0159i procedu\u0159e je pacient pono\u0159en v pitn\u00e9 vod\u011b o t\u011blesn\u00e9 teplot\u011b ve van\u011b, na jej\u00edm\u017e dn\u011b se nach\u00e1z\u00ed \u0159ada drobn\u00fdch otvor\u016f, do kter\u00fdch je p\u0159iv\u00e1d\u011bn stla\u010den\u00fd vzduch, kter\u00fd vytv\u00e1\u0159\u00ed hojn\u00e9 drobn\u00e9 bublinky. Stoupaj\u00edc\u00ed bublinky jemn\u011b dr\u00e1\u017ed\u00ed dotykov\u00e1 \u010didla v k\u016f\u017ei pono\u0159en\u00e9ho povrchu t\u011bla. Procedura m\u00e1 v\u00fdrazn\u00fd psychicky, vegetativn\u011b a t\u011blesn\u011b zklid\u0148uj\u00edc\u00ed efekt a u\u017e\u00edv\u00e1 se p\u0159edev\u0161\u00edm u stav\u016f spojen\u00fdch s vegetativn\u00ed nerovnov\u00e1hou, p\u0159i rekonvalescenci po t\u011b\u017ek\u00fdch onemocn\u011bn\u00edch, \u00farazech a operac\u00edch a u psychogenn\u011b \u010di stresov\u011b podm\u00edn\u011bn\u00e9ho zv\u00fd\u0161en\u00e9ho svalov\u00e9ho nap\u011bt\u00ed.<\/p>\n","protected":false},"excerpt":{"rendered":"<p>P\u0159i procedu\u0159e je pacient pono\u0159en v pitn\u00e9 vod\u011b o t\u011blesn\u00e9 teplot\u011b ve van\u011b, na jej\u00edm\u017e dn\u011b se nach\u00e1z\u00ed \u0159ada drobn\u00fdch otvor\u016f, do kter\u00fdch je p\u0159iv\u00e1d\u011bn stla\u010den\u00fd vzduch, kter\u00fd vytv\u00e1\u0159\u00ed hojn\u00e9 drobn\u00e9 bublinky. Stoupaj\u00edc\u00ed bublinky jemn\u011b dr\u00e1\u017ed\u00ed dotykov\u00e1 \u010didla v k\u016f\u017ei pono\u0159en\u00e9ho povrchu t\u011bla. Procedura m\u00e1 v\u00fdrazn\u00fd psychicky, vegetativn\u011b a t\u011blesn\u011b zklid\u0148uj\u00edc\u00ed efekt a u\u017e\u00edv\u00e1 se [&hellip;]<\/p>\n","protected":false},"author":7,"featured_media":0,"parent":393,"menu_order":3,"comment_status":"closed","ping_status":"closed","template":"template-single-massage.php","meta":{"footnotes":""},"class_list":["post-789","page","type-page","status-publish","hentry"],"yoast_head":"<!-- This site is optimized with the Yoast SEO plugin v27.3 - https:\/\/yoast.com\/product\/yoast-seo-wordpress\/ -->\n<title>Perli\u010dkov\u00e1 koupel - Harvey Spa Hotel -<\/title>\n<meta name=\"description\" content=\"Bublinkov\u00e1 koupel m\u00e1 psychicky i t\u011blesn\u011b zklid\u0148uj\u00edc\u00ed efekt vhodn\u00e1 p\u0159i rekonvalescenci po t\u011b\u017ek\u00fdch \u00farazech a u l\u00e9\u010den\u00ed svalov\u00e9ho nap\u011bt\u00ed.\" \/>\n<meta name=\"robots\" content=\"noindex, nofollow\" \/>\n<meta property=\"og:locale\" content=\"cs_CZ\" \/>\n<meta property=\"og:type\" content=\"article\" \/>\n<meta property=\"og:title\" content=\"Perli\u010dkov\u00e1 koupel - Harvey Spa Hotel -\" \/>\n<meta property=\"og:description\" content=\"Bublinkov\u00e1 koupel m\u00e1 psychicky i t\u011blesn\u011b zklid\u0148uj\u00edc\u00ed efekt vhodn\u00e1 p\u0159i rekonvalescenci po t\u011b\u017ek\u00fdch \u00farazech a u l\u00e9\u010den\u00ed svalov\u00e9ho nap\u011bt\u00ed.\" \/>\n<meta property=\"og:url\" content=\"https:\/\/www.harveyspahotel.com\/cs\/vyjimecny-wellness-zazitek\/masaze\/perlickova-koupel\/\" \/>\n<meta property=\"og:site_name\" content=\"Harvey Spa Hotel\" \/>\n<meta property=\"article:modified_time\" content=\"2025-08-07T12:45:48+00:00\" \/>\n<meta name=\"twitter:card\" content=\"summary_large_image\" \/>\n<meta name=\"twitter:label1\" content=\"Odhadovan\u00e1 doba \u010dten\u00ed\" \/>\n\t<meta name=\"twitter:data1\" content=\"1 minuta\" \/>\n<script type=\"application\/ld+json\" class=\"yoast-schema-graph\">{\"@context\":\"https:\\\/\\\/schema.org\",\"@graph\":[{\"@type\":\"WebPage\",\"@id\":\"https:\\\/\\\/www.harveyspahotel.com\\\/cs\\\/vyjimecny-wellness-zazitek\\\/masaze\\\/perlickova-koupel\\\/\",\"url\":\"https:\\\/\\\/www.harveyspahotel.com\\\/cs\\\/vyjimecny-wellness-zazitek\\\/masaze\\\/perlickova-koupel\\\/\",\"name\":\"Perli\u010dkov\u00e1 koupel - Harvey Spa Hotel -\",\"isPartOf\":{\"@id\":\"https:\\\/\\\/www.harveyspahotel.com\\\/cs\\\/#website\"},\"datePublished\":\"2023-10-09T14:58:55+00:00\",\"dateModified\":\"2025-08-07T12:45:48+00:00\",\"description\":\"Bublinkov\u00e1 koupel m\u00e1 psychicky i t\u011blesn\u011b zklid\u0148uj\u00edc\u00ed efekt vhodn\u00e1 p\u0159i rekonvalescenci po t\u011b\u017ek\u00fdch \u00farazech a u l\u00e9\u010den\u00ed svalov\u00e9ho nap\u011bt\u00ed.\",\"breadcrumb\":{\"@id\":\"https:\\\/\\\/www.harveyspahotel.com\\\/cs\\\/vyjimecny-wellness-zazitek\\\/masaze\\\/perlickova-koupel\\\/#breadcrumb\"},\"inLanguage\":\"cs\",\"potentialAction\":[{\"@type\":\"ReadAction\",\"target\":[\"https:\\\/\\\/www.harveyspahotel.com\\\/cs\\\/vyjimecny-wellness-zazitek\\\/masaze\\\/perlickova-koupel\\\/\"]}]},{\"@type\":\"BreadcrumbList\",\"@id\":\"https:\\\/\\\/www.harveyspahotel.com\\\/cs\\\/vyjimecny-wellness-zazitek\\\/masaze\\\/perlickova-koupel\\\/#breadcrumb\",\"itemListElement\":[{\"@type\":\"ListItem\",\"position\":1,\"name\":\"Home\",\"item\":\"https:\\\/\\\/www.harveyspahotel.com\\\/cs\\\/\"},{\"@type\":\"ListItem\",\"position\":2,\"name\":\"V\u00fdjime\u010dn\u00fd wellness z\u00e1\u017eitek\",\"item\":\"https:\\\/\\\/www.harveyspahotel.com\\\/cs\\\/vyjimecny-wellness-zazitek\\\/\"},{\"@type\":\"ListItem\",\"position\":3,\"name\":\"Mas\u00e1\u017ee\",\"item\":\"https:\\\/\\\/www.harveyspahotel.com\\\/cs\\\/vyjimecny-wellness-zazitek\\\/masaze\\\/\"},{\"@type\":\"ListItem\",\"position\":4,\"name\":\"Perli\u010dkov\u00e1 koupel\"}]},{\"@type\":\"WebSite\",\"@id\":\"https:\\\/\\\/www.harveyspahotel.com\\\/cs\\\/#website\",\"url\":\"https:\\\/\\\/www.harveyspahotel.com\\\/cs\\\/\",\"name\":\"Harvey Spa Hotel\",\"description\":\"\",\"potentialAction\":[{\"@type\":\"SearchAction\",\"target\":{\"@type\":\"EntryPoint\",\"urlTemplate\":\"https:\\\/\\\/www.harveyspahotel.com\\\/cs\\\/?s={search_term_string}\"},\"query-input\":{\"@type\":\"PropertyValueSpecification\",\"valueRequired\":true,\"valueName\":\"search_term_string\"}}],\"inLanguage\":\"cs\"}]}<\/script>\n<!-- \/ Yoast SEO plugin. -->","yoast_head_json":{"title":"Perli\u010dkov\u00e1 koupel - Harvey Spa Hotel -","description":"Bublinkov\u00e1 koupel m\u00e1 psychicky i t\u011blesn\u011b zklid\u0148uj\u00edc\u00ed efekt vhodn\u00e1 p\u0159i rekonvalescenci po t\u011b\u017ek\u00fdch \u00farazech a u l\u00e9\u010den\u00ed svalov\u00e9ho nap\u011bt\u00ed.","robots":{"index":"noindex","follow":"nofollow"},"og_locale":"cs_CZ","og_type":"article","og_title":"Perli\u010dkov\u00e1 koupel - Harvey Spa Hotel -","og_description":"Bublinkov\u00e1 koupel m\u00e1 psychicky i t\u011blesn\u011b zklid\u0148uj\u00edc\u00ed efekt vhodn\u00e1 p\u0159i rekonvalescenci po t\u011b\u017ek\u00fdch \u00farazech a u l\u00e9\u010den\u00ed svalov\u00e9ho nap\u011bt\u00ed.","og_url":"https:\/\/www.harveyspahotel.com\/cs\/vyjimecny-wellness-zazitek\/masaze\/perlickova-koupel\/","og_site_name":"Harvey Spa Hotel","article_modified_time":"2025-08-07T12:45:48+00:00","twitter_card":"summary_large_image","twitter_misc":{"Odhadovan\u00e1 doba \u010dten\u00ed":"1 minuta"},"schema":{"@context":"https:\/\/schema.org","@graph":[{"@type":"WebPage","@id":"https:\/\/www.harveyspahotel.com\/cs\/vyjimecny-wellness-zazitek\/masaze\/perlickova-koupel\/","url":"https:\/\/www.harveyspahotel.com\/cs\/vyjimecny-wellness-zazitek\/masaze\/perlickova-koupel\/","name":"Perli\u010dkov\u00e1 koupel - Harvey Spa Hotel -","isPartOf":{"@id":"https:\/\/www.harveyspahotel.com\/cs\/#website"},"datePublished":"2023-10-09T14:58:55+00:00","dateModified":"2025-08-07T12:45:48+00:00","description":"Bublinkov\u00e1 koupel m\u00e1 psychicky i t\u011blesn\u011b zklid\u0148uj\u00edc\u00ed efekt vhodn\u00e1 p\u0159i rekonvalescenci po t\u011b\u017ek\u00fdch \u00farazech a u l\u00e9\u010den\u00ed svalov\u00e9ho nap\u011bt\u00ed.","breadcrumb":{"@id":"https:\/\/www.harveyspahotel.com\/cs\/vyjimecny-wellness-zazitek\/masaze\/perlickova-koupel\/#breadcrumb"},"inLanguage":"cs","potentialAction":[{"@type":"ReadAction","target":["https:\/\/www.harveyspahotel.com\/cs\/vyjimecny-wellness-zazitek\/masaze\/perlickova-koupel\/"]}]},{"@type":"BreadcrumbList","@id":"https:\/\/www.harveyspahotel.com\/cs\/vyjimecny-wellness-zazitek\/masaze\/perlickova-koupel\/#breadcrumb","itemListElement":[{"@type":"ListItem","position":1,"name":"Home","item":"https:\/\/www.harveyspahotel.com\/cs\/"},{"@type":"ListItem","position":2,"name":"V\u00fdjime\u010dn\u00fd wellness z\u00e1\u017eitek","item":"https:\/\/www.harveyspahotel.com\/cs\/vyjimecny-wellness-zazitek\/"},{"@type":"ListItem","position":3,"name":"Mas\u00e1\u017ee","item":"https:\/\/www.harveyspahotel.com\/cs\/vyjimecny-wellness-zazitek\/masaze\/"},{"@type":"ListItem","position":4,"name":"Perli\u010dkov\u00e1 koupel"}]},{"@type":"WebSite","@id":"https:\/\/www.harveyspahotel.com\/cs\/#website","url":"https:\/\/www.harveyspahotel.com\/cs\/","name":"Harvey Spa Hotel","description":"","potentialAction":[{"@type":"SearchAction","target":{"@type":"EntryPoint","urlTemplate":"https:\/\/www.harveyspahotel.com\/cs\/?s={search_term_string}"},"query-input":{"@type":"PropertyValueSpecification","valueRequired":true,"valueName":"search_term_string"}}],"inLanguage":"cs"}]}},"acf":[],"_links":{"self":[{"href":"https:\/\/www.harveyspahotel.com\/cs\/wp-json\/wp\/v2\/pages\/789","targetHints":{"allow":["GET"]}}],"collection":[{"href":"https:\/\/www.harveyspahotel.com\/cs\/wp-json\/wp\/v2\/pages"}],"about":[{"href":"https:\/\/www.harveyspahotel.com\/cs\/wp-json\/wp\/v2\/types\/page"}],"author":[{"embeddable":true,"href":"https:\/\/www.harveyspahotel.com\/cs\/wp-json\/wp\/v2\/users\/7"}],"replies":[{"embeddable":true,"href":"https:\/\/www.harveyspahotel.com\/cs\/wp-json\/wp\/v2\/comments?post=789"}],"version-history":[{"count":0,"href":"https:\/\/www.harveyspahotel.com\/cs\/wp-json\/wp\/v2\/pages\/789\/revisions"}],"up":[{"embeddable":true,"href":"https:\/\/www.harveyspahotel.com\/cs\/wp-json\/wp\/v2\/pages\/393"}],"wp:attachment":[{"href":"https:\/\/www.harveyspahotel.com\/cs\/wp-json\/wp\/v2\/media?parent=789"}],"curies":[{"name":"wp","href":"https:\/\/api.w.org\/{rel}","templated":true}]}}