{"id":798,"date":"2023-10-10T10:15:49","date_gmt":"2023-10-10T10:15:49","guid":{"rendered":"https:\/\/www.harveyspahotel.com\/?page_id=798"},"modified":"2025-08-07T12:46:03","modified_gmt":"2025-08-07T12:46:03","slug":"slatinna-izotermni-koupel","status":"publish","type":"page","link":"https:\/\/www.harveyspahotel.com\/cs\/vyjimecny-wellness-zazitek\/masaze\/slatinna-izotermni-koupel\/","title":{"rendered":"Slatinn\u00e1 izotermn\u00ed koupel"},"content":{"rendered":"<p>Tato koupel je jednou z velice p\u0159\u00edjemn\u00fdch vodol\u00e9\u010debn\u00fdch procedur vyu\u017e\u00edvan\u00fdch p\u0159edev\u0161\u00edm p\u0159i l\u00e9\u010db\u011b poruch pohybov\u00e9ho apar\u00e1tu. Teplota koupelov\u00e9 sm\u011bsi je ni\u017e\u0161\u00ed, rovn\u00e1 se teplot\u011b t\u011blesn\u00e9. Tepeln\u00e9 \u00fa\u010dinky jsou m\u00edrn\u011bj\u0161\u00ed, proto m\u00e9n\u011b zat\u011b\u017euj\u00ed krevn\u00ed ob\u011bh a jeho regulaci. L\u00e9\u010divou l\u00e1tkou je extrakt slatiny, kter\u00e1 je bohat\u00e1 na organick\u00e9 i miner\u00e1ln\u00ed l\u00e1tky, a je tedy pro lidsk\u00e9 t\u011blo opravdov\u00fdm p\u0159\u00ednosem.<\/p>\n","protected":false},"excerpt":{"rendered":"<p>Tato koupel je jednou z velice p\u0159\u00edjemn\u00fdch vodol\u00e9\u010debn\u00fdch procedur vyu\u017e\u00edvan\u00fdch p\u0159edev\u0161\u00edm p\u0159i l\u00e9\u010db\u011b poruch pohybov\u00e9ho apar\u00e1tu. Teplota koupelov\u00e9 sm\u011bsi je ni\u017e\u0161\u00ed, rovn\u00e1 se teplot\u011b t\u011blesn\u00e9. Tepeln\u00e9 \u00fa\u010dinky jsou m\u00edrn\u011bj\u0161\u00ed, proto m\u00e9n\u011b zat\u011b\u017euj\u00ed krevn\u00ed ob\u011bh a jeho regulaci. L\u00e9\u010divou l\u00e1tkou je extrakt slatiny, kter\u00e1 je bohat\u00e1 na organick\u00e9 i miner\u00e1ln\u00ed l\u00e1tky, a je tedy pro lidsk\u00e9 [&hellip;]<\/p>\n","protected":false},"author":7,"featured_media":0,"parent":393,"menu_order":10,"comment_status":"closed","ping_status":"closed","template":"template-single-massage.php","meta":{"footnotes":""},"class_list":["post-798","page","type-page","status-publish","hentry"],"yoast_head":"<!-- This site is optimized with the Yoast SEO plugin v27.3 - https:\/\/yoast.com\/product\/yoast-seo-wordpress\/ -->\n<title>Slatinn\u00e1 izotermn\u00ed koupel - Harvey Spa Hotel -<\/title>\n<meta name=\"description\" content=\"Tato koupel je jednou z velice p\u0159\u00edjemn\u00fdch vodol\u00e9\u010debn\u00fdch procedur vyu\u017e\u00edvan\u00fdch p\u0159edev\u0161\u00edm p\u0159i l\u00e9\u010db\u011b poruch pohybov\u00e9ho apar\u00e1tu. Teplota koupelov\u00e9 sm\u011bsi je ni\u017e\u0161\u00ed, rovn\u00e1 se teplot\u011b t\u011blesn\u00e9\" \/>\n<meta name=\"robots\" content=\"noindex, nofollow\" \/>\n<meta property=\"og:locale\" content=\"cs_CZ\" \/>\n<meta property=\"og:type\" content=\"article\" \/>\n<meta property=\"og:title\" content=\"Slatinn\u00e1 izotermn\u00ed koupel - Harvey Spa Hotel -\" \/>\n<meta property=\"og:description\" content=\"Tato koupel je jednou z velice p\u0159\u00edjemn\u00fdch vodol\u00e9\u010debn\u00fdch procedur vyu\u017e\u00edvan\u00fdch p\u0159edev\u0161\u00edm p\u0159i l\u00e9\u010db\u011b poruch pohybov\u00e9ho apar\u00e1tu. Teplota koupelov\u00e9 sm\u011bsi je ni\u017e\u0161\u00ed, rovn\u00e1 se teplot\u011b t\u011blesn\u00e9\" \/>\n<meta property=\"og:url\" content=\"https:\/\/www.harveyspahotel.com\/cs\/vyjimecny-wellness-zazitek\/masaze\/slatinna-izotermni-koupel\/\" \/>\n<meta property=\"og:site_name\" content=\"Harvey Spa Hotel\" \/>\n<meta property=\"article:modified_time\" content=\"2025-08-07T12:46:03+00:00\" \/>\n<meta name=\"twitter:card\" content=\"summary_large_image\" \/>\n<meta name=\"twitter:label1\" content=\"Odhadovan\u00e1 doba \u010dten\u00ed\" \/>\n\t<meta name=\"twitter:data1\" content=\"1 minuta\" \/>\n<script type=\"application\/ld+json\" class=\"yoast-schema-graph\">{\"@context\":\"https:\\\/\\\/schema.org\",\"@graph\":[{\"@type\":\"WebPage\",\"@id\":\"https:\\\/\\\/www.harveyspahotel.com\\\/cs\\\/vyjimecny-wellness-zazitek\\\/masaze\\\/slatinna-izotermni-koupel\\\/\",\"url\":\"https:\\\/\\\/www.harveyspahotel.com\\\/cs\\\/vyjimecny-wellness-zazitek\\\/masaze\\\/slatinna-izotermni-koupel\\\/\",\"name\":\"Slatinn\u00e1 izotermn\u00ed koupel - Harvey Spa Hotel -\",\"isPartOf\":{\"@id\":\"https:\\\/\\\/www.harveyspahotel.com\\\/cs\\\/#website\"},\"datePublished\":\"2023-10-10T10:15:49+00:00\",\"dateModified\":\"2025-08-07T12:46:03+00:00\",\"description\":\"Tato koupel je jednou z velice p\u0159\u00edjemn\u00fdch vodol\u00e9\u010debn\u00fdch procedur vyu\u017e\u00edvan\u00fdch p\u0159edev\u0161\u00edm p\u0159i l\u00e9\u010db\u011b poruch pohybov\u00e9ho apar\u00e1tu. Teplota koupelov\u00e9 sm\u011bsi je ni\u017e\u0161\u00ed, rovn\u00e1 se teplot\u011b t\u011blesn\u00e9\",\"breadcrumb\":{\"@id\":\"https:\\\/\\\/www.harveyspahotel.com\\\/cs\\\/vyjimecny-wellness-zazitek\\\/masaze\\\/slatinna-izotermni-koupel\\\/#breadcrumb\"},\"inLanguage\":\"cs\",\"potentialAction\":[{\"@type\":\"ReadAction\",\"target\":[\"https:\\\/\\\/www.harveyspahotel.com\\\/cs\\\/vyjimecny-wellness-zazitek\\\/masaze\\\/slatinna-izotermni-koupel\\\/\"]}]},{\"@type\":\"BreadcrumbList\",\"@id\":\"https:\\\/\\\/www.harveyspahotel.com\\\/cs\\\/vyjimecny-wellness-zazitek\\\/masaze\\\/slatinna-izotermni-koupel\\\/#breadcrumb\",\"itemListElement\":[{\"@type\":\"ListItem\",\"position\":1,\"name\":\"Home\",\"item\":\"https:\\\/\\\/www.harveyspahotel.com\\\/cs\\\/\"},{\"@type\":\"ListItem\",\"position\":2,\"name\":\"V\u00fdjime\u010dn\u00fd wellness z\u00e1\u017eitek\",\"item\":\"https:\\\/\\\/www.harveyspahotel.com\\\/cs\\\/vyjimecny-wellness-zazitek\\\/\"},{\"@type\":\"ListItem\",\"position\":3,\"name\":\"Mas\u00e1\u017ee\",\"item\":\"https:\\\/\\\/www.harveyspahotel.com\\\/cs\\\/vyjimecny-wellness-zazitek\\\/masaze\\\/\"},{\"@type\":\"ListItem\",\"position\":4,\"name\":\"Slatinn\u00e1 izotermn\u00ed koupel\"}]},{\"@type\":\"WebSite\",\"@id\":\"https:\\\/\\\/www.harveyspahotel.com\\\/cs\\\/#website\",\"url\":\"https:\\\/\\\/www.harveyspahotel.com\\\/cs\\\/\",\"name\":\"Harvey Spa Hotel\",\"description\":\"\",\"potentialAction\":[{\"@type\":\"SearchAction\",\"target\":{\"@type\":\"EntryPoint\",\"urlTemplate\":\"https:\\\/\\\/www.harveyspahotel.com\\\/cs\\\/?s={search_term_string}\"},\"query-input\":{\"@type\":\"PropertyValueSpecification\",\"valueRequired\":true,\"valueName\":\"search_term_string\"}}],\"inLanguage\":\"cs\"}]}<\/script>\n<!-- \/ Yoast SEO plugin. -->","yoast_head_json":{"title":"Slatinn\u00e1 izotermn\u00ed koupel - Harvey Spa Hotel -","description":"Tato koupel je jednou z velice p\u0159\u00edjemn\u00fdch vodol\u00e9\u010debn\u00fdch procedur vyu\u017e\u00edvan\u00fdch p\u0159edev\u0161\u00edm p\u0159i l\u00e9\u010db\u011b poruch pohybov\u00e9ho apar\u00e1tu. Teplota koupelov\u00e9 sm\u011bsi je ni\u017e\u0161\u00ed, rovn\u00e1 se teplot\u011b t\u011blesn\u00e9","robots":{"index":"noindex","follow":"nofollow"},"og_locale":"cs_CZ","og_type":"article","og_title":"Slatinn\u00e1 izotermn\u00ed koupel - Harvey Spa Hotel -","og_description":"Tato koupel je jednou z velice p\u0159\u00edjemn\u00fdch vodol\u00e9\u010debn\u00fdch procedur vyu\u017e\u00edvan\u00fdch p\u0159edev\u0161\u00edm p\u0159i l\u00e9\u010db\u011b poruch pohybov\u00e9ho apar\u00e1tu. Teplota koupelov\u00e9 sm\u011bsi je ni\u017e\u0161\u00ed, rovn\u00e1 se teplot\u011b t\u011blesn\u00e9","og_url":"https:\/\/www.harveyspahotel.com\/cs\/vyjimecny-wellness-zazitek\/masaze\/slatinna-izotermni-koupel\/","og_site_name":"Harvey Spa Hotel","article_modified_time":"2025-08-07T12:46:03+00:00","twitter_card":"summary_large_image","twitter_misc":{"Odhadovan\u00e1 doba \u010dten\u00ed":"1 minuta"},"schema":{"@context":"https:\/\/schema.org","@graph":[{"@type":"WebPage","@id":"https:\/\/www.harveyspahotel.com\/cs\/vyjimecny-wellness-zazitek\/masaze\/slatinna-izotermni-koupel\/","url":"https:\/\/www.harveyspahotel.com\/cs\/vyjimecny-wellness-zazitek\/masaze\/slatinna-izotermni-koupel\/","name":"Slatinn\u00e1 izotermn\u00ed koupel - Harvey Spa Hotel -","isPartOf":{"@id":"https:\/\/www.harveyspahotel.com\/cs\/#website"},"datePublished":"2023-10-10T10:15:49+00:00","dateModified":"2025-08-07T12:46:03+00:00","description":"Tato koupel je jednou z velice p\u0159\u00edjemn\u00fdch vodol\u00e9\u010debn\u00fdch procedur vyu\u017e\u00edvan\u00fdch p\u0159edev\u0161\u00edm p\u0159i l\u00e9\u010db\u011b poruch pohybov\u00e9ho apar\u00e1tu. Teplota koupelov\u00e9 sm\u011bsi je ni\u017e\u0161\u00ed, rovn\u00e1 se teplot\u011b t\u011blesn\u00e9","breadcrumb":{"@id":"https:\/\/www.harveyspahotel.com\/cs\/vyjimecny-wellness-zazitek\/masaze\/slatinna-izotermni-koupel\/#breadcrumb"},"inLanguage":"cs","potentialAction":[{"@type":"ReadAction","target":["https:\/\/www.harveyspahotel.com\/cs\/vyjimecny-wellness-zazitek\/masaze\/slatinna-izotermni-koupel\/"]}]},{"@type":"BreadcrumbList","@id":"https:\/\/www.harveyspahotel.com\/cs\/vyjimecny-wellness-zazitek\/masaze\/slatinna-izotermni-koupel\/#breadcrumb","itemListElement":[{"@type":"ListItem","position":1,"name":"Home","item":"https:\/\/www.harveyspahotel.com\/cs\/"},{"@type":"ListItem","position":2,"name":"V\u00fdjime\u010dn\u00fd wellness z\u00e1\u017eitek","item":"https:\/\/www.harveyspahotel.com\/cs\/vyjimecny-wellness-zazitek\/"},{"@type":"ListItem","position":3,"name":"Mas\u00e1\u017ee","item":"https:\/\/www.harveyspahotel.com\/cs\/vyjimecny-wellness-zazitek\/masaze\/"},{"@type":"ListItem","position":4,"name":"Slatinn\u00e1 izotermn\u00ed koupel"}]},{"@type":"WebSite","@id":"https:\/\/www.harveyspahotel.com\/cs\/#website","url":"https:\/\/www.harveyspahotel.com\/cs\/","name":"Harvey Spa Hotel","description":"","potentialAction":[{"@type":"SearchAction","target":{"@type":"EntryPoint","urlTemplate":"https:\/\/www.harveyspahotel.com\/cs\/?s={search_term_string}"},"query-input":{"@type":"PropertyValueSpecification","valueRequired":true,"valueName":"search_term_string"}}],"inLanguage":"cs"}]}},"acf":[],"_links":{"self":[{"href":"https:\/\/www.harveyspahotel.com\/cs\/wp-json\/wp\/v2\/pages\/798","targetHints":{"allow":["GET"]}}],"collection":[{"href":"https:\/\/www.harveyspahotel.com\/cs\/wp-json\/wp\/v2\/pages"}],"about":[{"href":"https:\/\/www.harveyspahotel.com\/cs\/wp-json\/wp\/v2\/types\/page"}],"author":[{"embeddable":true,"href":"https:\/\/www.harveyspahotel.com\/cs\/wp-json\/wp\/v2\/users\/7"}],"replies":[{"embeddable":true,"href":"https:\/\/www.harveyspahotel.com\/cs\/wp-json\/wp\/v2\/comments?post=798"}],"version-history":[{"count":0,"href":"https:\/\/www.harveyspahotel.com\/cs\/wp-json\/wp\/v2\/pages\/798\/revisions"}],"up":[{"embeddable":true,"href":"https:\/\/www.harveyspahotel.com\/cs\/wp-json\/wp\/v2\/pages\/393"}],"wp:attachment":[{"href":"https:\/\/www.harveyspahotel.com\/cs\/wp-json\/wp\/v2\/media?parent=798"}],"curies":[{"name":"wp","href":"https:\/\/api.w.org\/{rel}","templated":true}]}}