{"id":8,"date":"2023-06-05T12:51:18","date_gmt":"2023-06-05T12:51:18","guid":{"rendered":"https:\/\/harvey-spa-hotel.ms2.decms.eu\/once-upon-a-time\/"},"modified":"2024-04-12T09:15:30","modified_gmt":"2024-04-12T09:15:30","slug":"o-nas","status":"publish","type":"page","link":"https:\/\/www.harveyspahotel.com\/cs\/o-nas\/","title":{"rendered":"O n\u00e1s"},"content":{"rendered":"<p>V\u00fdstavba l\u00e1ze\u0148sk\u00e9ho hotelu Harvey byla zah\u00e1jena v\u00a0roce 1916 a ukon\u010dena v\u00a0roce 1918. Hotel byl pojmenov\u00e1n po Williamu Harveym, kter\u00fd v 17. stolet\u00ed poprv\u00e9 popsal krevn\u00ed ob\u011bh. Postupem \u010dasu za\u010dala budova ch\u00e1trat a p\u0159estala slou\u017eit sv\u00e9mu p\u016fvodn\u00edmu \u00fa\u010delu a v roce 2012 se Harvey spole\u010dn\u011b s\u00a0Metrostavem pustil do rozs\u00e1hl\u00e9 rekonstrukce, kter\u00e1 celou budovu zachr\u00e1nila p\u0159ed pl\u00e1novanou demolic\u00ed.<\/p>\n<p>Franti\u0161kovy L\u00e1zn\u011b jsou mal\u00e9 l\u00e1ze\u0148sk\u00e9 m\u011bsto v okrese Cheb v Karlovarsk\u00e9m kraji, v nadmo\u0159sk\u00e9 v\u00fd\u0161ce 442 metr\u016f. Je jedn\u00edm z pil\u00ed\u0159\u016f tzv. z\u00e1pado\u010desk\u00e9ho l\u00e1ze\u0148sk\u00e9ho troj\u00faheln\u00edku a dodnes nese znaky l\u00e1ze\u0148sk\u00fdch m\u011bst z konce 19. a po\u010d\u00e1tku 20. stolet\u00ed. Cesty se tu vinou p\u0159es udr\u017eovan\u00e9 parky a v\u0161ude vl\u00e1dne klid a pohoda. Franti\u0161kovy L\u00e1zn\u011b jsou d\u00edky sv\u00e9 v\u00fdhodn\u00e9 poloze v bl\u00edzkosti hranic velmi atraktivn\u00ed nejen z l\u00e9\u010debn\u00e9ho, ale i turistick\u00e9ho hlediska.<\/p>\n<p>Ve Franti\u0161kov\u00fdch L\u00e1zn\u00edch se l\u00e9\u010d\u00ed nemoci srdce a krevn\u00edho ob\u011bhu a onemocn\u011bn\u00ed pohybov\u00e9ho \u00fastroj\u00ed. L\u00e9\u010dba p\u0159\u00edrodn\u00edmi zdroji zahrnuje slatinn\u00e9 koupele, slatinn\u00e9 z\u00e1baly, plynov\u00e9 uhli\u010dit\u00e9 koupele, plynov\u00e9 injekce a uhli\u010dit\u00e9 koupele.<\/p>\n<p>L\u00e9\u010div\u00e9 \u00fa\u010dinky m\u00edstn\u00edch pramen\u016f jsou zn\u00e1my od 15. stolet\u00ed. M\u011bsto bylo zalo\u017eeno v roce 1793 c\u00edsa\u0159em Franti\u0161kem I. jako prvn\u00ed slatinn\u00e9 l\u00e1zn\u011b na sv\u011bt\u011b. Vodu z pramen\u016f pou\u017e\u00edvali nejen m\u00edstn\u00ed obyvatel\u00e9 &#8211; byla prod\u00e1v\u00e1na i po cel\u00e9m N\u011bmecku. Je dolo\u017eeno, \u017ee v roce 1700 v N\u011bmecku prodej vody z Franti\u0161kov\u00fdch L\u00e1zn\u00ed p\u0159ev\u00fd\u0161il objem vody poch\u00e1zej\u00edc\u00ed ze v\u0161ech n\u011bmeck\u00fdch l\u00e1zn\u00ed.<\/p>\n<p>&nbsp;<\/p>\n<p>&nbsp;<\/p>\n<p>&nbsp;<\/p>\n<p>&nbsp;<\/p>\n","protected":false},"excerpt":{"rendered":"<p>V\u00fdstavba l\u00e1ze\u0148sk\u00e9ho hotelu Harvey byla zah\u00e1jena v\u00a0roce 1916 a ukon\u010dena v\u00a0roce 1918. Hotel byl pojmenov\u00e1n po Williamu Harveym, kter\u00fd v 17. stolet\u00ed poprv\u00e9 popsal krevn\u00ed ob\u011bh. Postupem \u010dasu za\u010dala budova ch\u00e1trat a p\u0159estala slou\u017eit sv\u00e9mu p\u016fvodn\u00edmu \u00fa\u010delu a v roce 2012 se Harvey spole\u010dn\u011b s\u00a0Metrostavem pustil do rozs\u00e1hl\u00e9 rekonstrukce, kter\u00e1 celou budovu zachr\u00e1nila p\u0159ed pl\u00e1novanou [&hellip;]<\/p>\n","protected":false},"author":11,"featured_media":468,"parent":0,"menu_order":10,"comment_status":"closed","ping_status":"closed","template":"template-default-2.php","meta":{"footnotes":""},"class_list":["post-8","page","type-page","status-publish","has-post-thumbnail","hentry"],"yoast_head":"<!-- This site is optimized with the Yoast SEO plugin v27.3 - https:\/\/yoast.com\/product\/yoast-seo-wordpress\/ -->\n<title>Historie | Harvey Spa Hotel<\/title>\n<meta name=\"description\" content=\"Pono\u0159te se do historie nejen t\u00e9to p\u0159ekr\u00e1sn\u00e9 budovy, ale p\u0159e\u010dt\u011bte si v\u00edce tak\u00e9 o m\u011bst\u011b a okol\u00ed Franti\u0161kov\u00fdch L\u00e1zn\u00ed.\" \/>\n<meta name=\"robots\" content=\"index, follow, max-snippet:-1, max-image-preview:large, max-video-preview:-1\" \/>\n<link rel=\"canonical\" href=\"https:\/\/www.harveyspahotel.com\/cs\/o-nas\/\" \/>\n<meta property=\"og:locale\" content=\"cs_CZ\" \/>\n<meta property=\"og:type\" content=\"article\" \/>\n<meta property=\"og:title\" content=\"Historie | Harvey Spa Hotel\" \/>\n<meta property=\"og:description\" content=\"Pono\u0159te se do historie nejen t\u00e9to p\u0159ekr\u00e1sn\u00e9 budovy, ale p\u0159e\u010dt\u011bte si v\u00edce tak\u00e9 o m\u011bst\u011b a okol\u00ed Franti\u0161kov\u00fdch L\u00e1zn\u00ed.\" \/>\n<meta property=\"og:url\" content=\"https:\/\/www.harveyspahotel.com\/cs\/o-nas\/\" \/>\n<meta property=\"og:site_name\" content=\"Harvey Spa Hotel\" \/>\n<meta property=\"article:modified_time\" content=\"2024-04-12T09:15:30+00:00\" \/>\n<meta property=\"og:image\" content=\"https:\/\/www.harveyspahotel.com\/wp-content\/uploads\/sites\/35\/2023\/06\/Reception-Harvey.jpg\" \/>\n\t<meta property=\"og:image:width\" content=\"1500\" \/>\n\t<meta property=\"og:image:height\" content=\"1000\" \/>\n\t<meta property=\"og:image:type\" content=\"image\/jpeg\" \/>\n<meta name=\"twitter:card\" content=\"summary_large_image\" \/>\n<meta name=\"twitter:label1\" content=\"Odhadovan\u00e1 doba \u010dten\u00ed\" \/>\n\t<meta name=\"twitter:data1\" content=\"2 minuty\" \/>\n<script type=\"application\/ld+json\" class=\"yoast-schema-graph\">{\"@context\":\"https:\\\/\\\/schema.org\",\"@graph\":[{\"@type\":\"WebPage\",\"@id\":\"https:\\\/\\\/www.harveyspahotel.com\\\/cs\\\/o-nas\\\/\",\"url\":\"https:\\\/\\\/www.harveyspahotel.com\\\/cs\\\/o-nas\\\/\",\"name\":\"Historie | Harvey Spa Hotel\",\"isPartOf\":{\"@id\":\"https:\\\/\\\/www.harveyspahotel.com\\\/cs\\\/#website\"},\"primaryImageOfPage\":{\"@id\":\"https:\\\/\\\/www.harveyspahotel.com\\\/cs\\\/o-nas\\\/#primaryimage\"},\"image\":{\"@id\":\"https:\\\/\\\/www.harveyspahotel.com\\\/cs\\\/o-nas\\\/#primaryimage\"},\"thumbnailUrl\":\"https:\\\/\\\/www.harveyspahotel.com\\\/wp-content\\\/uploads\\\/sites\\\/35\\\/2023\\\/06\\\/Reception-Harvey.jpg\",\"datePublished\":\"2023-06-05T12:51:18+00:00\",\"dateModified\":\"2024-04-12T09:15:30+00:00\",\"description\":\"Pono\u0159te se do historie nejen t\u00e9to p\u0159ekr\u00e1sn\u00e9 budovy, ale p\u0159e\u010dt\u011bte si v\u00edce tak\u00e9 o m\u011bst\u011b a okol\u00ed Franti\u0161kov\u00fdch L\u00e1zn\u00ed.\",\"breadcrumb\":{\"@id\":\"https:\\\/\\\/www.harveyspahotel.com\\\/cs\\\/o-nas\\\/#breadcrumb\"},\"inLanguage\":\"cs\",\"potentialAction\":[{\"@type\":\"ReadAction\",\"target\":[\"https:\\\/\\\/www.harveyspahotel.com\\\/cs\\\/o-nas\\\/\"]}]},{\"@type\":\"ImageObject\",\"inLanguage\":\"cs\",\"@id\":\"https:\\\/\\\/www.harveyspahotel.com\\\/cs\\\/o-nas\\\/#primaryimage\",\"url\":\"https:\\\/\\\/www.harveyspahotel.com\\\/wp-content\\\/uploads\\\/sites\\\/35\\\/2023\\\/06\\\/Reception-Harvey.jpg\",\"contentUrl\":\"https:\\\/\\\/www.harveyspahotel.com\\\/wp-content\\\/uploads\\\/sites\\\/35\\\/2023\\\/06\\\/Reception-Harvey.jpg\",\"width\":1500,\"height\":1000,\"caption\":\"Reception desk | Harvey Spa Hotel Franti\u0161kovy l\u00e1zn\u011b\"},{\"@type\":\"BreadcrumbList\",\"@id\":\"https:\\\/\\\/www.harveyspahotel.com\\\/cs\\\/o-nas\\\/#breadcrumb\",\"itemListElement\":[{\"@type\":\"ListItem\",\"position\":1,\"name\":\"Home\",\"item\":\"https:\\\/\\\/www.harveyspahotel.com\\\/cs\\\/\"},{\"@type\":\"ListItem\",\"position\":2,\"name\":\"O n\u00e1s\"}]},{\"@type\":\"WebSite\",\"@id\":\"https:\\\/\\\/www.harveyspahotel.com\\\/cs\\\/#website\",\"url\":\"https:\\\/\\\/www.harveyspahotel.com\\\/cs\\\/\",\"name\":\"Harvey Spa Hotel\",\"description\":\"\",\"potentialAction\":[{\"@type\":\"SearchAction\",\"target\":{\"@type\":\"EntryPoint\",\"urlTemplate\":\"https:\\\/\\\/www.harveyspahotel.com\\\/cs\\\/?s={search_term_string}\"},\"query-input\":{\"@type\":\"PropertyValueSpecification\",\"valueRequired\":true,\"valueName\":\"search_term_string\"}}],\"inLanguage\":\"cs\"}]}<\/script>\n<!-- \/ Yoast SEO plugin. -->","yoast_head_json":{"title":"Historie | Harvey Spa Hotel","description":"Pono\u0159te se do historie nejen t\u00e9to p\u0159ekr\u00e1sn\u00e9 budovy, ale p\u0159e\u010dt\u011bte si v\u00edce tak\u00e9 o m\u011bst\u011b a okol\u00ed Franti\u0161kov\u00fdch L\u00e1zn\u00ed.","robots":{"index":"index","follow":"follow","max-snippet":"max-snippet:-1","max-image-preview":"max-image-preview:large","max-video-preview":"max-video-preview:-1"},"canonical":"https:\/\/www.harveyspahotel.com\/cs\/o-nas\/","og_locale":"cs_CZ","og_type":"article","og_title":"Historie | Harvey Spa Hotel","og_description":"Pono\u0159te se do historie nejen t\u00e9to p\u0159ekr\u00e1sn\u00e9 budovy, ale p\u0159e\u010dt\u011bte si v\u00edce tak\u00e9 o m\u011bst\u011b a okol\u00ed Franti\u0161kov\u00fdch L\u00e1zn\u00ed.","og_url":"https:\/\/www.harveyspahotel.com\/cs\/o-nas\/","og_site_name":"Harvey Spa Hotel","article_modified_time":"2024-04-12T09:15:30+00:00","og_image":[{"width":1500,"height":1000,"url":"https:\/\/www.harveyspahotel.com\/wp-content\/uploads\/sites\/35\/2023\/06\/Reception-Harvey.jpg","type":"image\/jpeg"}],"twitter_card":"summary_large_image","twitter_misc":{"Odhadovan\u00e1 doba \u010dten\u00ed":"2 minuty"},"schema":{"@context":"https:\/\/schema.org","@graph":[{"@type":"WebPage","@id":"https:\/\/www.harveyspahotel.com\/cs\/o-nas\/","url":"https:\/\/www.harveyspahotel.com\/cs\/o-nas\/","name":"Historie | Harvey Spa Hotel","isPartOf":{"@id":"https:\/\/www.harveyspahotel.com\/cs\/#website"},"primaryImageOfPage":{"@id":"https:\/\/www.harveyspahotel.com\/cs\/o-nas\/#primaryimage"},"image":{"@id":"https:\/\/www.harveyspahotel.com\/cs\/o-nas\/#primaryimage"},"thumbnailUrl":"https:\/\/www.harveyspahotel.com\/wp-content\/uploads\/sites\/35\/2023\/06\/Reception-Harvey.jpg","datePublished":"2023-06-05T12:51:18+00:00","dateModified":"2024-04-12T09:15:30+00:00","description":"Pono\u0159te se do historie nejen t\u00e9to p\u0159ekr\u00e1sn\u00e9 budovy, ale p\u0159e\u010dt\u011bte si v\u00edce tak\u00e9 o m\u011bst\u011b a okol\u00ed Franti\u0161kov\u00fdch L\u00e1zn\u00ed.","breadcrumb":{"@id":"https:\/\/www.harveyspahotel.com\/cs\/o-nas\/#breadcrumb"},"inLanguage":"cs","potentialAction":[{"@type":"ReadAction","target":["https:\/\/www.harveyspahotel.com\/cs\/o-nas\/"]}]},{"@type":"ImageObject","inLanguage":"cs","@id":"https:\/\/www.harveyspahotel.com\/cs\/o-nas\/#primaryimage","url":"https:\/\/www.harveyspahotel.com\/wp-content\/uploads\/sites\/35\/2023\/06\/Reception-Harvey.jpg","contentUrl":"https:\/\/www.harveyspahotel.com\/wp-content\/uploads\/sites\/35\/2023\/06\/Reception-Harvey.jpg","width":1500,"height":1000,"caption":"Reception desk | Harvey Spa Hotel Franti\u0161kovy l\u00e1zn\u011b"},{"@type":"BreadcrumbList","@id":"https:\/\/www.harveyspahotel.com\/cs\/o-nas\/#breadcrumb","itemListElement":[{"@type":"ListItem","position":1,"name":"Home","item":"https:\/\/www.harveyspahotel.com\/cs\/"},{"@type":"ListItem","position":2,"name":"O n\u00e1s"}]},{"@type":"WebSite","@id":"https:\/\/www.harveyspahotel.com\/cs\/#website","url":"https:\/\/www.harveyspahotel.com\/cs\/","name":"Harvey Spa Hotel","description":"","potentialAction":[{"@type":"SearchAction","target":{"@type":"EntryPoint","urlTemplate":"https:\/\/www.harveyspahotel.com\/cs\/?s={search_term_string}"},"query-input":{"@type":"PropertyValueSpecification","valueRequired":true,"valueName":"search_term_string"}}],"inLanguage":"cs"}]}},"acf":[],"_links":{"self":[{"href":"https:\/\/www.harveyspahotel.com\/cs\/wp-json\/wp\/v2\/pages\/8","targetHints":{"allow":["GET"]}}],"collection":[{"href":"https:\/\/www.harveyspahotel.com\/cs\/wp-json\/wp\/v2\/pages"}],"about":[{"href":"https:\/\/www.harveyspahotel.com\/cs\/wp-json\/wp\/v2\/types\/page"}],"author":[{"embeddable":true,"href":"https:\/\/www.harveyspahotel.com\/cs\/wp-json\/wp\/v2\/users\/11"}],"replies":[{"embeddable":true,"href":"https:\/\/www.harveyspahotel.com\/cs\/wp-json\/wp\/v2\/comments?post=8"}],"version-history":[{"count":0,"href":"https:\/\/www.harveyspahotel.com\/cs\/wp-json\/wp\/v2\/pages\/8\/revisions"}],"wp:featuredmedia":[{"embeddable":true,"href":"https:\/\/www.harveyspahotel.com\/cs\/wp-json\/wp\/v2\/media\/468"}],"wp:attachment":[{"href":"https:\/\/www.harveyspahotel.com\/cs\/wp-json\/wp\/v2\/media?parent=8"}],"curies":[{"name":"wp","href":"https:\/\/api.w.org\/{rel}","templated":true}]}}