{"id":808,"date":"2023-10-10T13:08:27","date_gmt":"2023-10-10T13:08:27","guid":{"rendered":"https:\/\/www.harveyspahotel.com\/?page_id=808"},"modified":"2025-08-07T12:45:34","modified_gmt":"2025-08-07T12:45:34","slug":"oxygenoterapie","status":"publish","type":"page","link":"https:\/\/www.harveyspahotel.com\/cs\/vyjimecny-wellness-zazitek\/masaze\/oxygenoterapie\/","title":{"rendered":"Oxygenoterapie"},"content":{"rendered":"<p>Ozna\u010den\u00ed oxygenoterapie, nese jedna z modern\u00edch l\u00e9\u010debn\u00fdch procedur, kter\u00e1 vyu\u017e\u00edv\u00e1 p\u0159\u00edzniv\u00e9ho p\u016fsoben\u00ed kysl\u00edku na lidsk\u00fd organismus. Pro v\u011bt\u0161inu lid\u00ed p\u0159edstavuje vdechov\u00e1n\u00ed kysl\u00edku naprosto p\u0159irozenou a b\u011b\u017enou z\u00e1le\u017eitost, kter\u00e1 je sice pro \u017eivot nezbytn\u00e1, ale m\u00e1lokdo za n\u00ed hled\u00e1 hlub\u0161\u00ed v\u00fdznam. Oxygenoterapie je v\u0161ak velmi \u00fa\u010dinn\u00e1 l\u00e9\u010debn\u00e1 metoda, kter\u00e1 s sebou nav\u00edc nep\u0159in\u00e1\u0161\u00ed \u017e\u00e1dn\u00e9 \u0161kodliv\u00e9 vedlej\u0161\u00ed \u00fa\u010dinky. V p\u0159\u00edpad\u011b, \u017ee t\u011blu p\u0159\u00edsun kysl\u00edku zv\u00fd\u0161\u00edme, bu\u0148ky mohou produkovat v\u00edce energie, doch\u00e1z\u00ed k urychlen\u00ed r\u016fstu a regeneraci, zlep\u0161uje se hojen\u00ed ran a celkov\u011b se zpomaluje proces st\u00e1rnut\u00ed. Pokud se rozhodnete oxygenoterapii podstoupit, m\u016f\u017eete tak\u00e9 o\u010dek\u00e1vat, \u017ee b\u011bhem procedury dojde k uvoln\u011bn\u00ed a zklidn\u011bn\u00ed organismu, odplaven\u00ed \u00fanavy a zlep\u0161en\u00ed psychick\u00e9ho stavu.<\/p>\n","protected":false},"excerpt":{"rendered":"<p>Ozna\u010den\u00ed oxygenoterapie, nese jedna z modern\u00edch l\u00e9\u010debn\u00fdch procedur, kter\u00e1 vyu\u017e\u00edv\u00e1 p\u0159\u00edzniv\u00e9ho p\u016fsoben\u00ed kysl\u00edku na lidsk\u00fd organismus. Pro v\u011bt\u0161inu lid\u00ed p\u0159edstavuje vdechov\u00e1n\u00ed kysl\u00edku naprosto p\u0159irozenou a b\u011b\u017enou z\u00e1le\u017eitost, kter\u00e1 je sice pro \u017eivot nezbytn\u00e1, ale m\u00e1lokdo za n\u00ed hled\u00e1 hlub\u0161\u00ed v\u00fdznam. Oxygenoterapie je v\u0161ak velmi \u00fa\u010dinn\u00e1 l\u00e9\u010debn\u00e1 metoda, kter\u00e1 s sebou nav\u00edc nep\u0159in\u00e1\u0161\u00ed \u017e\u00e1dn\u00e9 \u0161kodliv\u00e9 vedlej\u0161\u00ed [&hellip;]<\/p>\n","protected":false},"author":7,"featured_media":0,"parent":393,"menu_order":11,"comment_status":"closed","ping_status":"closed","template":"template-single-massage.php","meta":{"footnotes":""},"class_list":["post-808","page","type-page","status-publish","hentry"],"yoast_head":"<!-- This site is optimized with the Yoast SEO plugin v27.3 - https:\/\/yoast.com\/product\/yoast-seo-wordpress\/ -->\n<title>Oxygenoterapie - Harvey Spa Hotel -<\/title>\n<meta name=\"description\" content=\"Ozna\u010den\u00ed oxygenoterapie, nese jedna z modern\u00edch l\u00e9\u010debn\u00fdch procedur, kter\u00e1 vyu\u017e\u00edv\u00e1 p\u0159\u00edzniv\u00e9ho p\u016fsoben\u00ed kysl\u00edku na lidsk\u00fd organismus. Pro v\u011bt\u0161inu lid\u00ed p\u0159edstavuje vdechov\u00e1n\u00ed kysl\u00edku naprosto p\u0159irozenou a b\u011b\u017enou z\u00e1le\u017eitost, kter\u00e1 je sice pro \u017eivot nezbytn\u00e1, ale m\u00e1lokdo za n\u00ed hled\u00e1 hlub\u0161\u00ed v\u00fdznam\" \/>\n<meta name=\"robots\" content=\"noindex, nofollow\" \/>\n<meta property=\"og:locale\" content=\"cs_CZ\" \/>\n<meta property=\"og:type\" content=\"article\" \/>\n<meta property=\"og:title\" content=\"Oxygenoterapie - Harvey Spa Hotel -\" \/>\n<meta property=\"og:description\" content=\"Ozna\u010den\u00ed oxygenoterapie, nese jedna z modern\u00edch l\u00e9\u010debn\u00fdch procedur, kter\u00e1 vyu\u017e\u00edv\u00e1 p\u0159\u00edzniv\u00e9ho p\u016fsoben\u00ed kysl\u00edku na lidsk\u00fd organismus. Pro v\u011bt\u0161inu lid\u00ed p\u0159edstavuje vdechov\u00e1n\u00ed kysl\u00edku naprosto p\u0159irozenou a b\u011b\u017enou z\u00e1le\u017eitost, kter\u00e1 je sice pro \u017eivot nezbytn\u00e1, ale m\u00e1lokdo za n\u00ed hled\u00e1 hlub\u0161\u00ed v\u00fdznam\" \/>\n<meta property=\"og:url\" content=\"https:\/\/www.harveyspahotel.com\/cs\/vyjimecny-wellness-zazitek\/masaze\/oxygenoterapie\/\" \/>\n<meta property=\"og:site_name\" content=\"Harvey Spa Hotel\" \/>\n<meta property=\"article:modified_time\" content=\"2025-08-07T12:45:34+00:00\" \/>\n<meta name=\"twitter:card\" content=\"summary_large_image\" \/>\n<meta name=\"twitter:label1\" content=\"Odhadovan\u00e1 doba \u010dten\u00ed\" \/>\n\t<meta name=\"twitter:data1\" content=\"1 minuta\" \/>\n<script type=\"application\/ld+json\" class=\"yoast-schema-graph\">{\"@context\":\"https:\\\/\\\/schema.org\",\"@graph\":[{\"@type\":\"WebPage\",\"@id\":\"https:\\\/\\\/www.harveyspahotel.com\\\/cs\\\/vyjimecny-wellness-zazitek\\\/masaze\\\/oxygenoterapie\\\/\",\"url\":\"https:\\\/\\\/www.harveyspahotel.com\\\/cs\\\/vyjimecny-wellness-zazitek\\\/masaze\\\/oxygenoterapie\\\/\",\"name\":\"Oxygenoterapie - Harvey Spa Hotel -\",\"isPartOf\":{\"@id\":\"https:\\\/\\\/www.harveyspahotel.com\\\/cs\\\/#website\"},\"datePublished\":\"2023-10-10T13:08:27+00:00\",\"dateModified\":\"2025-08-07T12:45:34+00:00\",\"description\":\"Ozna\u010den\u00ed oxygenoterapie, nese jedna z modern\u00edch l\u00e9\u010debn\u00fdch procedur, kter\u00e1 vyu\u017e\u00edv\u00e1 p\u0159\u00edzniv\u00e9ho p\u016fsoben\u00ed kysl\u00edku na lidsk\u00fd organismus. Pro v\u011bt\u0161inu lid\u00ed p\u0159edstavuje vdechov\u00e1n\u00ed kysl\u00edku naprosto p\u0159irozenou a b\u011b\u017enou z\u00e1le\u017eitost, kter\u00e1 je sice pro \u017eivot nezbytn\u00e1, ale m\u00e1lokdo za n\u00ed hled\u00e1 hlub\u0161\u00ed v\u00fdznam\",\"breadcrumb\":{\"@id\":\"https:\\\/\\\/www.harveyspahotel.com\\\/cs\\\/vyjimecny-wellness-zazitek\\\/masaze\\\/oxygenoterapie\\\/#breadcrumb\"},\"inLanguage\":\"cs\",\"potentialAction\":[{\"@type\":\"ReadAction\",\"target\":[\"https:\\\/\\\/www.harveyspahotel.com\\\/cs\\\/vyjimecny-wellness-zazitek\\\/masaze\\\/oxygenoterapie\\\/\"]}]},{\"@type\":\"BreadcrumbList\",\"@id\":\"https:\\\/\\\/www.harveyspahotel.com\\\/cs\\\/vyjimecny-wellness-zazitek\\\/masaze\\\/oxygenoterapie\\\/#breadcrumb\",\"itemListElement\":[{\"@type\":\"ListItem\",\"position\":1,\"name\":\"Home\",\"item\":\"https:\\\/\\\/www.harveyspahotel.com\\\/cs\\\/\"},{\"@type\":\"ListItem\",\"position\":2,\"name\":\"V\u00fdjime\u010dn\u00fd wellness z\u00e1\u017eitek\",\"item\":\"https:\\\/\\\/www.harveyspahotel.com\\\/cs\\\/vyjimecny-wellness-zazitek\\\/\"},{\"@type\":\"ListItem\",\"position\":3,\"name\":\"Mas\u00e1\u017ee\",\"item\":\"https:\\\/\\\/www.harveyspahotel.com\\\/cs\\\/vyjimecny-wellness-zazitek\\\/masaze\\\/\"},{\"@type\":\"ListItem\",\"position\":4,\"name\":\"Oxygenoterapie\"}]},{\"@type\":\"WebSite\",\"@id\":\"https:\\\/\\\/www.harveyspahotel.com\\\/cs\\\/#website\",\"url\":\"https:\\\/\\\/www.harveyspahotel.com\\\/cs\\\/\",\"name\":\"Harvey Spa Hotel\",\"description\":\"\",\"potentialAction\":[{\"@type\":\"SearchAction\",\"target\":{\"@type\":\"EntryPoint\",\"urlTemplate\":\"https:\\\/\\\/www.harveyspahotel.com\\\/cs\\\/?s={search_term_string}\"},\"query-input\":{\"@type\":\"PropertyValueSpecification\",\"valueRequired\":true,\"valueName\":\"search_term_string\"}}],\"inLanguage\":\"cs\"}]}<\/script>\n<!-- \/ Yoast SEO plugin. -->","yoast_head_json":{"title":"Oxygenoterapie - Harvey Spa Hotel -","description":"Ozna\u010den\u00ed oxygenoterapie, nese jedna z modern\u00edch l\u00e9\u010debn\u00fdch procedur, kter\u00e1 vyu\u017e\u00edv\u00e1 p\u0159\u00edzniv\u00e9ho p\u016fsoben\u00ed kysl\u00edku na lidsk\u00fd organismus. Pro v\u011bt\u0161inu lid\u00ed p\u0159edstavuje vdechov\u00e1n\u00ed kysl\u00edku naprosto p\u0159irozenou a b\u011b\u017enou z\u00e1le\u017eitost, kter\u00e1 je sice pro \u017eivot nezbytn\u00e1, ale m\u00e1lokdo za n\u00ed hled\u00e1 hlub\u0161\u00ed v\u00fdznam","robots":{"index":"noindex","follow":"nofollow"},"og_locale":"cs_CZ","og_type":"article","og_title":"Oxygenoterapie - Harvey Spa Hotel -","og_description":"Ozna\u010den\u00ed oxygenoterapie, nese jedna z modern\u00edch l\u00e9\u010debn\u00fdch procedur, kter\u00e1 vyu\u017e\u00edv\u00e1 p\u0159\u00edzniv\u00e9ho p\u016fsoben\u00ed kysl\u00edku na lidsk\u00fd organismus. Pro v\u011bt\u0161inu lid\u00ed p\u0159edstavuje vdechov\u00e1n\u00ed kysl\u00edku naprosto p\u0159irozenou a b\u011b\u017enou z\u00e1le\u017eitost, kter\u00e1 je sice pro \u017eivot nezbytn\u00e1, ale m\u00e1lokdo za n\u00ed hled\u00e1 hlub\u0161\u00ed v\u00fdznam","og_url":"https:\/\/www.harveyspahotel.com\/cs\/vyjimecny-wellness-zazitek\/masaze\/oxygenoterapie\/","og_site_name":"Harvey Spa Hotel","article_modified_time":"2025-08-07T12:45:34+00:00","twitter_card":"summary_large_image","twitter_misc":{"Odhadovan\u00e1 doba \u010dten\u00ed":"1 minuta"},"schema":{"@context":"https:\/\/schema.org","@graph":[{"@type":"WebPage","@id":"https:\/\/www.harveyspahotel.com\/cs\/vyjimecny-wellness-zazitek\/masaze\/oxygenoterapie\/","url":"https:\/\/www.harveyspahotel.com\/cs\/vyjimecny-wellness-zazitek\/masaze\/oxygenoterapie\/","name":"Oxygenoterapie - Harvey Spa Hotel -","isPartOf":{"@id":"https:\/\/www.harveyspahotel.com\/cs\/#website"},"datePublished":"2023-10-10T13:08:27+00:00","dateModified":"2025-08-07T12:45:34+00:00","description":"Ozna\u010den\u00ed oxygenoterapie, nese jedna z modern\u00edch l\u00e9\u010debn\u00fdch procedur, kter\u00e1 vyu\u017e\u00edv\u00e1 p\u0159\u00edzniv\u00e9ho p\u016fsoben\u00ed kysl\u00edku na lidsk\u00fd organismus. Pro v\u011bt\u0161inu lid\u00ed p\u0159edstavuje vdechov\u00e1n\u00ed kysl\u00edku naprosto p\u0159irozenou a b\u011b\u017enou z\u00e1le\u017eitost, kter\u00e1 je sice pro \u017eivot nezbytn\u00e1, ale m\u00e1lokdo za n\u00ed hled\u00e1 hlub\u0161\u00ed v\u00fdznam","breadcrumb":{"@id":"https:\/\/www.harveyspahotel.com\/cs\/vyjimecny-wellness-zazitek\/masaze\/oxygenoterapie\/#breadcrumb"},"inLanguage":"cs","potentialAction":[{"@type":"ReadAction","target":["https:\/\/www.harveyspahotel.com\/cs\/vyjimecny-wellness-zazitek\/masaze\/oxygenoterapie\/"]}]},{"@type":"BreadcrumbList","@id":"https:\/\/www.harveyspahotel.com\/cs\/vyjimecny-wellness-zazitek\/masaze\/oxygenoterapie\/#breadcrumb","itemListElement":[{"@type":"ListItem","position":1,"name":"Home","item":"https:\/\/www.harveyspahotel.com\/cs\/"},{"@type":"ListItem","position":2,"name":"V\u00fdjime\u010dn\u00fd wellness z\u00e1\u017eitek","item":"https:\/\/www.harveyspahotel.com\/cs\/vyjimecny-wellness-zazitek\/"},{"@type":"ListItem","position":3,"name":"Mas\u00e1\u017ee","item":"https:\/\/www.harveyspahotel.com\/cs\/vyjimecny-wellness-zazitek\/masaze\/"},{"@type":"ListItem","position":4,"name":"Oxygenoterapie"}]},{"@type":"WebSite","@id":"https:\/\/www.harveyspahotel.com\/cs\/#website","url":"https:\/\/www.harveyspahotel.com\/cs\/","name":"Harvey Spa Hotel","description":"","potentialAction":[{"@type":"SearchAction","target":{"@type":"EntryPoint","urlTemplate":"https:\/\/www.harveyspahotel.com\/cs\/?s={search_term_string}"},"query-input":{"@type":"PropertyValueSpecification","valueRequired":true,"valueName":"search_term_string"}}],"inLanguage":"cs"}]}},"acf":[],"_links":{"self":[{"href":"https:\/\/www.harveyspahotel.com\/cs\/wp-json\/wp\/v2\/pages\/808","targetHints":{"allow":["GET"]}}],"collection":[{"href":"https:\/\/www.harveyspahotel.com\/cs\/wp-json\/wp\/v2\/pages"}],"about":[{"href":"https:\/\/www.harveyspahotel.com\/cs\/wp-json\/wp\/v2\/types\/page"}],"author":[{"embeddable":true,"href":"https:\/\/www.harveyspahotel.com\/cs\/wp-json\/wp\/v2\/users\/7"}],"replies":[{"embeddable":true,"href":"https:\/\/www.harveyspahotel.com\/cs\/wp-json\/wp\/v2\/comments?post=808"}],"version-history":[{"count":0,"href":"https:\/\/www.harveyspahotel.com\/cs\/wp-json\/wp\/v2\/pages\/808\/revisions"}],"up":[{"embeddable":true,"href":"https:\/\/www.harveyspahotel.com\/cs\/wp-json\/wp\/v2\/pages\/393"}],"wp:attachment":[{"href":"https:\/\/www.harveyspahotel.com\/cs\/wp-json\/wp\/v2\/media?parent=808"}],"curies":[{"name":"wp","href":"https:\/\/api.w.org\/{rel}","templated":true}]}}