{"id":986,"date":"2024-05-30T11:13:14","date_gmt":"2024-05-30T11:13:14","guid":{"rendered":"https:\/\/www.harveyspahotel.com\/?page_id=986"},"modified":"2024-08-06T10:32:58","modified_gmt":"2024-08-06T10:32:58","slug":"klaster-valdsasy","status":"publish","type":"page","link":"https:\/\/www.harveyspahotel.com\/cs\/kde-nas-najdete\/tipy-na-vylety-v-okoli\/klaster-valdsasy\/","title":{"rendered":"Kl\u00e1\u0161ter Valdsasy"},"content":{"rendered":"<p>Kl\u00e1\u0161ter Valdsasy, je cisterci\u00e1ck\u00fd kl\u00e1\u0161ter v bavorsk\u00e9m m\u011bst\u011b Waldsassen, v okrese zemsk\u00e9m okrese Tirschenreuth a v \u0158ezensk\u00e9 diec\u00e9zi. Ve st\u0159edov\u011bku geograficky pat\u0159il k tzv. Chebsku a tato poloha p\u0159edznamenala jeho dal\u0161\u00ed osudy. B\u011bhem sv\u00e9ho p\u016fsoben\u00ed m\u00edstn\u00ed konvent zalo\u017eil t\u0159i filiace, z nich\u017e dv\u011b le\u017eely v sousedn\u00edm \u010cesk\u00e9m kr\u00e1lovstv\u00ed a a\u017e do n\u00e1stupu husitsk\u00e9ho obdob\u00ed s nimi udr\u017eoval konfraternitu a \u010detn\u00e9 styky.<\/p>\n","protected":false},"excerpt":{"rendered":"<p>Kl\u00e1\u0161ter Valdsasy, je cisterci\u00e1ck\u00fd kl\u00e1\u0161ter v bavorsk\u00e9m m\u011bst\u011b Waldsassen, v okrese zemsk\u00e9m okrese Tirschenreuth a v \u0158ezensk\u00e9 diec\u00e9zi. Ve st\u0159edov\u011bku geograficky pat\u0159il k tzv. Chebsku a tato poloha p\u0159edznamenala jeho dal\u0161\u00ed osudy. B\u011bhem sv\u00e9ho p\u016fsoben\u00ed m\u00edstn\u00ed konvent zalo\u017eil t\u0159i filiace, z nich\u017e dv\u011b le\u017eely v sousedn\u00edm \u010cesk\u00e9m kr\u00e1lovstv\u00ed a a\u017e do n\u00e1stupu husitsk\u00e9ho obdob\u00ed s [&hellip;]<\/p>\n","protected":false},"author":46,"featured_media":0,"parent":541,"menu_order":110,"comment_status":"closed","ping_status":"closed","template":"","meta":{"footnotes":""},"yoast_head":"<!-- This site is optimized with the Yoast SEO plugin v22.3 - https:\/\/yoast.com\/wordpress\/plugins\/seo\/ -->\n<title>Kl\u00e1\u0161ter Valdsasy - Harvey Spa Hotel -<\/title>\n<meta name=\"description\" content=\"Cisterci\u00e1ck\u00fd kl\u00e1\u0161ter le\u017e\u00ed v bavorsk\u00e9m m\u011bst\u011b Waldsassen. Je zn\u00e1m\u00fd svou barokn\u00ed architekturou, kostelem s freskami a jedine\u010dnou knihovnou.\" \/>\n<meta name=\"robots\" content=\"index, follow, max-snippet:-1, max-image-preview:large, max-video-preview:-1\" \/>\n<link rel=\"canonical\" href=\"https:\/\/www.harveyspahotel.com\/cs\/kde-nas-najdete\/tipy-na-vylety-v-okoli\/klaster-valdsasy\/\" \/>\n<meta property=\"og:locale\" content=\"cs_CZ\" \/>\n<meta property=\"og:type\" content=\"article\" \/>\n<meta property=\"og:title\" content=\"Kl\u00e1\u0161ter Valdsasy - Harvey Spa Hotel -\" \/>\n<meta property=\"og:description\" content=\"Cisterci\u00e1ck\u00fd kl\u00e1\u0161ter le\u017e\u00ed v bavorsk\u00e9m m\u011bst\u011b Waldsassen. Je zn\u00e1m\u00fd svou barokn\u00ed architekturou, kostelem s freskami a jedine\u010dnou knihovnou.\" \/>\n<meta property=\"og:url\" content=\"https:\/\/www.harveyspahotel.com\/cs\/kde-nas-najdete\/tipy-na-vylety-v-okoli\/klaster-valdsasy\/\" \/>\n<meta property=\"og:site_name\" content=\"Harvey Spa Hotel\" \/>\n<meta property=\"article:modified_time\" content=\"2024-08-06T10:32:58+00:00\" \/>\n<meta name=\"twitter:card\" content=\"summary_large_image\" \/>\n<meta name=\"twitter:label1\" content=\"Odhadovan\u00e1 doba \u010dten\u00ed\" \/>\n\t<meta name=\"twitter:data1\" content=\"1 minuta\" \/>\n<script type=\"application\/ld+json\" class=\"yoast-schema-graph\">{\"@context\":\"https:\/\/schema.org\",\"@graph\":[{\"@type\":\"WebPage\",\"@id\":\"https:\/\/www.harveyspahotel.com\/cs\/kde-nas-najdete\/tipy-na-vylety-v-okoli\/klaster-valdsasy\/\",\"url\":\"https:\/\/www.harveyspahotel.com\/cs\/kde-nas-najdete\/tipy-na-vylety-v-okoli\/klaster-valdsasy\/\",\"name\":\"Kl\u00e1\u0161ter Valdsasy - Harvey Spa Hotel -\",\"isPartOf\":{\"@id\":\"https:\/\/www.harveyspahotel.com\/cs\/#website\"},\"datePublished\":\"2024-05-30T11:13:14+00:00\",\"dateModified\":\"2024-08-06T10:32:58+00:00\",\"description\":\"Cisterci\u00e1ck\u00fd kl\u00e1\u0161ter le\u017e\u00ed v bavorsk\u00e9m m\u011bst\u011b Waldsassen. Je zn\u00e1m\u00fd svou barokn\u00ed architekturou, kostelem s freskami a jedine\u010dnou knihovnou.\",\"breadcrumb\":{\"@id\":\"https:\/\/www.harveyspahotel.com\/cs\/kde-nas-najdete\/tipy-na-vylety-v-okoli\/klaster-valdsasy\/#breadcrumb\"},\"inLanguage\":\"cs\",\"potentialAction\":[{\"@type\":\"ReadAction\",\"target\":[\"https:\/\/www.harveyspahotel.com\/cs\/kde-nas-najdete\/tipy-na-vylety-v-okoli\/klaster-valdsasy\/\"]}]},{\"@type\":\"BreadcrumbList\",\"@id\":\"https:\/\/www.harveyspahotel.com\/cs\/kde-nas-najdete\/tipy-na-vylety-v-okoli\/klaster-valdsasy\/#breadcrumb\",\"itemListElement\":[{\"@type\":\"ListItem\",\"position\":1,\"name\":\"Home\",\"item\":\"https:\/\/www.harveyspahotel.com\/cs\/\"},{\"@type\":\"ListItem\",\"position\":2,\"name\":\"Kde n\u00e1s najdete\",\"item\":\"https:\/\/www.harveyspahotel.com\/cs\/kde-nas-najdete\/\"},{\"@type\":\"ListItem\",\"position\":3,\"name\":\"Tipy na v\u00fdlety v okol\u00ed\",\"item\":\"https:\/\/www.harveyspahotel.com\/cs\/kde-nas-najdete\/tipy-na-vylety-v-okoli\/\"},{\"@type\":\"ListItem\",\"position\":4,\"name\":\"Kl\u00e1\u0161ter Valdsasy\"}]},{\"@type\":\"WebSite\",\"@id\":\"https:\/\/www.harveyspahotel.com\/cs\/#website\",\"url\":\"https:\/\/www.harveyspahotel.com\/cs\/\",\"name\":\"Harvey Spa Hotel\",\"description\":\"\",\"potentialAction\":[{\"@type\":\"SearchAction\",\"target\":{\"@type\":\"EntryPoint\",\"urlTemplate\":\"https:\/\/www.harveyspahotel.com\/cs\/?s={search_term_string}\"},\"query-input\":\"required name=search_term_string\"}],\"inLanguage\":\"cs\"}]}<\/script>\n<!-- \/ Yoast SEO plugin. -->","yoast_head_json":{"title":"Kl\u00e1\u0161ter Valdsasy - Harvey Spa Hotel -","description":"Cisterci\u00e1ck\u00fd kl\u00e1\u0161ter le\u017e\u00ed v bavorsk\u00e9m m\u011bst\u011b Waldsassen. Je zn\u00e1m\u00fd svou barokn\u00ed architekturou, kostelem s freskami a jedine\u010dnou knihovnou.","robots":{"index":"index","follow":"follow","max-snippet":"max-snippet:-1","max-image-preview":"max-image-preview:large","max-video-preview":"max-video-preview:-1"},"canonical":"https:\/\/www.harveyspahotel.com\/cs\/kde-nas-najdete\/tipy-na-vylety-v-okoli\/klaster-valdsasy\/","og_locale":"cs_CZ","og_type":"article","og_title":"Kl\u00e1\u0161ter Valdsasy - Harvey Spa Hotel -","og_description":"Cisterci\u00e1ck\u00fd kl\u00e1\u0161ter le\u017e\u00ed v bavorsk\u00e9m m\u011bst\u011b Waldsassen. Je zn\u00e1m\u00fd svou barokn\u00ed architekturou, kostelem s freskami a jedine\u010dnou knihovnou.","og_url":"https:\/\/www.harveyspahotel.com\/cs\/kde-nas-najdete\/tipy-na-vylety-v-okoli\/klaster-valdsasy\/","og_site_name":"Harvey Spa Hotel","article_modified_time":"2024-08-06T10:32:58+00:00","twitter_card":"summary_large_image","twitter_misc":{"Odhadovan\u00e1 doba \u010dten\u00ed":"1 minuta"},"schema":{"@context":"https:\/\/schema.org","@graph":[{"@type":"WebPage","@id":"https:\/\/www.harveyspahotel.com\/cs\/kde-nas-najdete\/tipy-na-vylety-v-okoli\/klaster-valdsasy\/","url":"https:\/\/www.harveyspahotel.com\/cs\/kde-nas-najdete\/tipy-na-vylety-v-okoli\/klaster-valdsasy\/","name":"Kl\u00e1\u0161ter Valdsasy - Harvey Spa Hotel -","isPartOf":{"@id":"https:\/\/www.harveyspahotel.com\/cs\/#website"},"datePublished":"2024-05-30T11:13:14+00:00","dateModified":"2024-08-06T10:32:58+00:00","description":"Cisterci\u00e1ck\u00fd kl\u00e1\u0161ter le\u017e\u00ed v bavorsk\u00e9m m\u011bst\u011b Waldsassen. Je zn\u00e1m\u00fd svou barokn\u00ed architekturou, kostelem s freskami a jedine\u010dnou knihovnou.","breadcrumb":{"@id":"https:\/\/www.harveyspahotel.com\/cs\/kde-nas-najdete\/tipy-na-vylety-v-okoli\/klaster-valdsasy\/#breadcrumb"},"inLanguage":"cs","potentialAction":[{"@type":"ReadAction","target":["https:\/\/www.harveyspahotel.com\/cs\/kde-nas-najdete\/tipy-na-vylety-v-okoli\/klaster-valdsasy\/"]}]},{"@type":"BreadcrumbList","@id":"https:\/\/www.harveyspahotel.com\/cs\/kde-nas-najdete\/tipy-na-vylety-v-okoli\/klaster-valdsasy\/#breadcrumb","itemListElement":[{"@type":"ListItem","position":1,"name":"Home","item":"https:\/\/www.harveyspahotel.com\/cs\/"},{"@type":"ListItem","position":2,"name":"Kde n\u00e1s najdete","item":"https:\/\/www.harveyspahotel.com\/cs\/kde-nas-najdete\/"},{"@type":"ListItem","position":3,"name":"Tipy na v\u00fdlety v okol\u00ed","item":"https:\/\/www.harveyspahotel.com\/cs\/kde-nas-najdete\/tipy-na-vylety-v-okoli\/"},{"@type":"ListItem","position":4,"name":"Kl\u00e1\u0161ter Valdsasy"}]},{"@type":"WebSite","@id":"https:\/\/www.harveyspahotel.com\/cs\/#website","url":"https:\/\/www.harveyspahotel.com\/cs\/","name":"Harvey Spa Hotel","description":"","potentialAction":[{"@type":"SearchAction","target":{"@type":"EntryPoint","urlTemplate":"https:\/\/www.harveyspahotel.com\/cs\/?s={search_term_string}"},"query-input":"required name=search_term_string"}],"inLanguage":"cs"}]}},"acf":[],"_links":{"self":[{"href":"https:\/\/www.harveyspahotel.com\/cs\/wp-json\/wp\/v2\/pages\/986"}],"collection":[{"href":"https:\/\/www.harveyspahotel.com\/cs\/wp-json\/wp\/v2\/pages"}],"about":[{"href":"https:\/\/www.harveyspahotel.com\/cs\/wp-json\/wp\/v2\/types\/page"}],"author":[{"embeddable":true,"href":"https:\/\/www.harveyspahotel.com\/cs\/wp-json\/wp\/v2\/users\/46"}],"replies":[{"embeddable":true,"href":"https:\/\/www.harveyspahotel.com\/cs\/wp-json\/wp\/v2\/comments?post=986"}],"version-history":[{"count":0,"href":"https:\/\/www.harveyspahotel.com\/cs\/wp-json\/wp\/v2\/pages\/986\/revisions"}],"up":[{"embeddable":true,"href":"https:\/\/www.harveyspahotel.com\/cs\/wp-json\/wp\/v2\/pages\/541"}],"wp:attachment":[{"href":"https:\/\/www.harveyspahotel.com\/cs\/wp-json\/wp\/v2\/media?parent=986"}],"curies":[{"name":"wp","href":"https:\/\/api.w.org\/{rel}","templated":true}]}}