{"id":996,"date":"2024-05-30T11:30:27","date_gmt":"2024-05-30T11:30:27","guid":{"rendered":"https:\/\/www.harveyspahotel.com\/?page_id=996"},"modified":"2024-08-06T13:53:16","modified_gmt":"2024-08-06T13:53:16","slug":"letni-sankarska-draha-v-muhlleithen","status":"publish","type":"page","link":"https:\/\/www.harveyspahotel.com\/cs\/kde-nas-najdete\/tipy-na-vylety-v-okoli\/letni-sankarska-draha-v-muhlleithen\/","title":{"rendered":"Letn\u00ed s\u00e1\u0148ka\u0159sk\u00e1 dr\u00e1ha v M\u00fchlleithen"},"content":{"rendered":"<p>Klingenthal se nach\u00e1z\u00ed p\u0159\u00edmo na hranic\u00edch s \u010ceskou republikou, nedaleko Kraslic (Graslitz) a na \u00fapat\u00ed Aschbergu (936 m n. m.). M\u011bsto, kter\u00e9 je dlouh\u00e9 10,5 km, je obklopeno jehli\u010dnat\u00fdmi lesy (p\u0159ev\u00e1\u017en\u011b smrkov\u00e9). Klingenthal se nach\u00e1z\u00ed na jihov\u00fdchod\u011b sask\u00e9 \u010d\u00e1sti historick\u00e9ho Vogtlandu, ale z hlediska p\u0159\u00edrodn\u00edho prostoru pat\u0159\u00ed do z\u00e1padn\u00edho Kru\u0161noho\u0159\u00ed. M\u011bsto le\u017e\u00ed v p\u0159\u00edrodn\u00edm parku Erzgebirge\/Vogtland. Bobov\u00e1 dr\u00e1ha &#8211; jej\u00ed d\u00e9lka je dohromady 800m. V\u00fd\u0161kov\u00fd rozd\u00edl je 45 m a 24 m. Trasa vede mnoha zat\u00e1\u010dkami, kde po neuposlechnut\u00ed zna\u010dek o br\u017ed\u011bn\u00ed m\u016f\u017ee v pln\u00e9 rychlosti doj\u00edt i k nehod\u011b. Va\u0161i rychlost si bez probl\u00e9m\u016f m\u016f\u017eete jednodu\u0161e ovlivnit brzd\u00edc\u00ed p\u00e1kou a pot\u00e9 v\u00e1m \u017e\u00e1dn\u00e9 nebezpe\u010d\u00ed nehroz\u00ed.<\/p>\n","protected":false},"excerpt":{"rendered":"<p>Klingenthal se nach\u00e1z\u00ed p\u0159\u00edmo na hranic\u00edch s \u010ceskou republikou, nedaleko Kraslic (Graslitz) a na \u00fapat\u00ed Aschbergu (936 m n. m.). M\u011bsto, kter\u00e9 je dlouh\u00e9 10,5 km, je obklopeno jehli\u010dnat\u00fdmi lesy (p\u0159ev\u00e1\u017en\u011b smrkov\u00e9). Klingenthal se nach\u00e1z\u00ed na jihov\u00fdchod\u011b sask\u00e9 \u010d\u00e1sti historick\u00e9ho Vogtlandu, ale z hlediska p\u0159\u00edrodn\u00edho prostoru pat\u0159\u00ed do z\u00e1padn\u00edho Kru\u0161noho\u0159\u00ed. M\u011bsto le\u017e\u00ed v p\u0159\u00edrodn\u00edm parku [&hellip;]<\/p>\n","protected":false},"author":46,"featured_media":0,"parent":541,"menu_order":113,"comment_status":"closed","ping_status":"closed","template":"","meta":{"footnotes":""},"class_list":["post-996","page","type-page","status-publish","hentry"],"yoast_head":"<!-- This site is optimized with the Yoast SEO plugin v22.3 - https:\/\/yoast.com\/wordpress\/plugins\/seo\/ -->\n<title>Letn\u00ed s\u00e1\u0148ka\u0159sk\u00e1 dr\u00e1ha v M\u00fchlleithen - Harvey Spa Hotel -<\/title>\n<meta name=\"description\" content=\"M\u011bsto le\u017e\u00ed v p\u0159\u00edrodn\u00edm parku Vogtland, kde se nach\u00e1z\u00ed bobov\u00e1 dr\u00e1ha dlouh\u00e1 800 m. V\u00fd\u0161kov\u00fd rozd\u00edl je 45 m a 24 m. Trasa vede mnoha zat\u00e1\u010dkami.\" \/>\n<meta name=\"robots\" content=\"index, follow, max-snippet:-1, max-image-preview:large, max-video-preview:-1\" \/>\n<link rel=\"canonical\" href=\"https:\/\/www.harveyspahotel.com\/cs\/kde-nas-najdete\/tipy-na-vylety-v-okoli\/letni-sankarska-draha-v-muhlleithen\/\" \/>\n<meta property=\"og:locale\" content=\"cs_CZ\" \/>\n<meta property=\"og:type\" content=\"article\" \/>\n<meta property=\"og:title\" content=\"Letn\u00ed s\u00e1\u0148ka\u0159sk\u00e1 dr\u00e1ha v M\u00fchlleithen - Harvey Spa Hotel -\" \/>\n<meta property=\"og:description\" content=\"M\u011bsto le\u017e\u00ed v p\u0159\u00edrodn\u00edm parku Vogtland, kde se nach\u00e1z\u00ed bobov\u00e1 dr\u00e1ha dlouh\u00e1 800 m. V\u00fd\u0161kov\u00fd rozd\u00edl je 45 m a 24 m. Trasa vede mnoha zat\u00e1\u010dkami.\" \/>\n<meta property=\"og:url\" content=\"https:\/\/www.harveyspahotel.com\/cs\/kde-nas-najdete\/tipy-na-vylety-v-okoli\/letni-sankarska-draha-v-muhlleithen\/\" \/>\n<meta property=\"og:site_name\" content=\"Harvey Spa Hotel\" \/>\n<meta property=\"article:modified_time\" content=\"2024-08-06T13:53:16+00:00\" \/>\n<meta name=\"twitter:card\" content=\"summary_large_image\" \/>\n<meta name=\"twitter:label1\" content=\"Odhadovan\u00e1 doba \u010dten\u00ed\" \/>\n\t<meta name=\"twitter:data1\" content=\"1 minuta\" \/>\n<script type=\"application\/ld+json\" class=\"yoast-schema-graph\">{\"@context\":\"https:\/\/schema.org\",\"@graph\":[{\"@type\":\"WebPage\",\"@id\":\"https:\/\/www.harveyspahotel.com\/cs\/kde-nas-najdete\/tipy-na-vylety-v-okoli\/letni-sankarska-draha-v-muhlleithen\/\",\"url\":\"https:\/\/www.harveyspahotel.com\/cs\/kde-nas-najdete\/tipy-na-vylety-v-okoli\/letni-sankarska-draha-v-muhlleithen\/\",\"name\":\"Letn\u00ed s\u00e1\u0148ka\u0159sk\u00e1 dr\u00e1ha v M\u00fchlleithen - Harvey Spa Hotel -\",\"isPartOf\":{\"@id\":\"https:\/\/www.harveyspahotel.com\/cs\/#website\"},\"datePublished\":\"2024-05-30T11:30:27+00:00\",\"dateModified\":\"2024-08-06T13:53:16+00:00\",\"description\":\"M\u011bsto le\u017e\u00ed v p\u0159\u00edrodn\u00edm parku Vogtland, kde se nach\u00e1z\u00ed bobov\u00e1 dr\u00e1ha dlouh\u00e1 800 m. V\u00fd\u0161kov\u00fd rozd\u00edl je 45 m a 24 m. Trasa vede mnoha zat\u00e1\u010dkami.\",\"breadcrumb\":{\"@id\":\"https:\/\/www.harveyspahotel.com\/cs\/kde-nas-najdete\/tipy-na-vylety-v-okoli\/letni-sankarska-draha-v-muhlleithen\/#breadcrumb\"},\"inLanguage\":\"cs\",\"potentialAction\":[{\"@type\":\"ReadAction\",\"target\":[\"https:\/\/www.harveyspahotel.com\/cs\/kde-nas-najdete\/tipy-na-vylety-v-okoli\/letni-sankarska-draha-v-muhlleithen\/\"]}]},{\"@type\":\"BreadcrumbList\",\"@id\":\"https:\/\/www.harveyspahotel.com\/cs\/kde-nas-najdete\/tipy-na-vylety-v-okoli\/letni-sankarska-draha-v-muhlleithen\/#breadcrumb\",\"itemListElement\":[{\"@type\":\"ListItem\",\"position\":1,\"name\":\"Home\",\"item\":\"https:\/\/www.harveyspahotel.com\/cs\/\"},{\"@type\":\"ListItem\",\"position\":2,\"name\":\"Kde n\u00e1s najdete\",\"item\":\"https:\/\/www.harveyspahotel.com\/cs\/kde-nas-najdete\/\"},{\"@type\":\"ListItem\",\"position\":3,\"name\":\"Tipy na v\u00fdlety v okol\u00ed\",\"item\":\"https:\/\/www.harveyspahotel.com\/cs\/kde-nas-najdete\/tipy-na-vylety-v-okoli\/\"},{\"@type\":\"ListItem\",\"position\":4,\"name\":\"Letn\u00ed s\u00e1\u0148ka\u0159sk\u00e1 dr\u00e1ha v M\u00fchlleithen\"}]},{\"@type\":\"WebSite\",\"@id\":\"https:\/\/www.harveyspahotel.com\/cs\/#website\",\"url\":\"https:\/\/www.harveyspahotel.com\/cs\/\",\"name\":\"Harvey Spa Hotel\",\"description\":\"\",\"potentialAction\":[{\"@type\":\"SearchAction\",\"target\":{\"@type\":\"EntryPoint\",\"urlTemplate\":\"https:\/\/www.harveyspahotel.com\/cs\/?s={search_term_string}\"},\"query-input\":\"required name=search_term_string\"}],\"inLanguage\":\"cs\"}]}<\/script>\n<!-- \/ Yoast SEO plugin. -->","yoast_head_json":{"title":"Letn\u00ed s\u00e1\u0148ka\u0159sk\u00e1 dr\u00e1ha v M\u00fchlleithen - Harvey Spa Hotel -","description":"M\u011bsto le\u017e\u00ed v p\u0159\u00edrodn\u00edm parku Vogtland, kde se nach\u00e1z\u00ed bobov\u00e1 dr\u00e1ha dlouh\u00e1 800 m. V\u00fd\u0161kov\u00fd rozd\u00edl je 45 m a 24 m. Trasa vede mnoha zat\u00e1\u010dkami.","robots":{"index":"index","follow":"follow","max-snippet":"max-snippet:-1","max-image-preview":"max-image-preview:large","max-video-preview":"max-video-preview:-1"},"canonical":"https:\/\/www.harveyspahotel.com\/cs\/kde-nas-najdete\/tipy-na-vylety-v-okoli\/letni-sankarska-draha-v-muhlleithen\/","og_locale":"cs_CZ","og_type":"article","og_title":"Letn\u00ed s\u00e1\u0148ka\u0159sk\u00e1 dr\u00e1ha v M\u00fchlleithen - Harvey Spa Hotel -","og_description":"M\u011bsto le\u017e\u00ed v p\u0159\u00edrodn\u00edm parku Vogtland, kde se nach\u00e1z\u00ed bobov\u00e1 dr\u00e1ha dlouh\u00e1 800 m. V\u00fd\u0161kov\u00fd rozd\u00edl je 45 m a 24 m. Trasa vede mnoha zat\u00e1\u010dkami.","og_url":"https:\/\/www.harveyspahotel.com\/cs\/kde-nas-najdete\/tipy-na-vylety-v-okoli\/letni-sankarska-draha-v-muhlleithen\/","og_site_name":"Harvey Spa Hotel","article_modified_time":"2024-08-06T13:53:16+00:00","twitter_card":"summary_large_image","twitter_misc":{"Odhadovan\u00e1 doba \u010dten\u00ed":"1 minuta"},"schema":{"@context":"https:\/\/schema.org","@graph":[{"@type":"WebPage","@id":"https:\/\/www.harveyspahotel.com\/cs\/kde-nas-najdete\/tipy-na-vylety-v-okoli\/letni-sankarska-draha-v-muhlleithen\/","url":"https:\/\/www.harveyspahotel.com\/cs\/kde-nas-najdete\/tipy-na-vylety-v-okoli\/letni-sankarska-draha-v-muhlleithen\/","name":"Letn\u00ed s\u00e1\u0148ka\u0159sk\u00e1 dr\u00e1ha v M\u00fchlleithen - Harvey Spa Hotel -","isPartOf":{"@id":"https:\/\/www.harveyspahotel.com\/cs\/#website"},"datePublished":"2024-05-30T11:30:27+00:00","dateModified":"2024-08-06T13:53:16+00:00","description":"M\u011bsto le\u017e\u00ed v p\u0159\u00edrodn\u00edm parku Vogtland, kde se nach\u00e1z\u00ed bobov\u00e1 dr\u00e1ha dlouh\u00e1 800 m. V\u00fd\u0161kov\u00fd rozd\u00edl je 45 m a 24 m. Trasa vede mnoha zat\u00e1\u010dkami.","breadcrumb":{"@id":"https:\/\/www.harveyspahotel.com\/cs\/kde-nas-najdete\/tipy-na-vylety-v-okoli\/letni-sankarska-draha-v-muhlleithen\/#breadcrumb"},"inLanguage":"cs","potentialAction":[{"@type":"ReadAction","target":["https:\/\/www.harveyspahotel.com\/cs\/kde-nas-najdete\/tipy-na-vylety-v-okoli\/letni-sankarska-draha-v-muhlleithen\/"]}]},{"@type":"BreadcrumbList","@id":"https:\/\/www.harveyspahotel.com\/cs\/kde-nas-najdete\/tipy-na-vylety-v-okoli\/letni-sankarska-draha-v-muhlleithen\/#breadcrumb","itemListElement":[{"@type":"ListItem","position":1,"name":"Home","item":"https:\/\/www.harveyspahotel.com\/cs\/"},{"@type":"ListItem","position":2,"name":"Kde n\u00e1s najdete","item":"https:\/\/www.harveyspahotel.com\/cs\/kde-nas-najdete\/"},{"@type":"ListItem","position":3,"name":"Tipy na v\u00fdlety v okol\u00ed","item":"https:\/\/www.harveyspahotel.com\/cs\/kde-nas-najdete\/tipy-na-vylety-v-okoli\/"},{"@type":"ListItem","position":4,"name":"Letn\u00ed s\u00e1\u0148ka\u0159sk\u00e1 dr\u00e1ha v M\u00fchlleithen"}]},{"@type":"WebSite","@id":"https:\/\/www.harveyspahotel.com\/cs\/#website","url":"https:\/\/www.harveyspahotel.com\/cs\/","name":"Harvey Spa Hotel","description":"","potentialAction":[{"@type":"SearchAction","target":{"@type":"EntryPoint","urlTemplate":"https:\/\/www.harveyspahotel.com\/cs\/?s={search_term_string}"},"query-input":"required name=search_term_string"}],"inLanguage":"cs"}]}},"acf":[],"_links":{"self":[{"href":"https:\/\/www.harveyspahotel.com\/cs\/wp-json\/wp\/v2\/pages\/996","targetHints":{"allow":["GET"]}}],"collection":[{"href":"https:\/\/www.harveyspahotel.com\/cs\/wp-json\/wp\/v2\/pages"}],"about":[{"href":"https:\/\/www.harveyspahotel.com\/cs\/wp-json\/wp\/v2\/types\/page"}],"author":[{"embeddable":true,"href":"https:\/\/www.harveyspahotel.com\/cs\/wp-json\/wp\/v2\/users\/46"}],"replies":[{"embeddable":true,"href":"https:\/\/www.harveyspahotel.com\/cs\/wp-json\/wp\/v2\/comments?post=996"}],"version-history":[{"count":0,"href":"https:\/\/www.harveyspahotel.com\/cs\/wp-json\/wp\/v2\/pages\/996\/revisions"}],"up":[{"embeddable":true,"href":"https:\/\/www.harveyspahotel.com\/cs\/wp-json\/wp\/v2\/pages\/541"}],"wp:attachment":[{"href":"https:\/\/www.harveyspahotel.com\/cs\/wp-json\/wp\/v2\/media?parent=996"}],"curies":[{"name":"wp","href":"https:\/\/api.w.org\/{rel}","templated":true}]}}