{"id":1047,"date":"2025-04-03T13:30:48","date_gmt":"2025-04-03T13:30:48","guid":{"rendered":"https:\/\/www.harveyspahotel.com\/?page_id=1047"},"modified":"2025-05-22T15:02:22","modified_gmt":"2025-05-22T15:02:22","slug":"healy-frequenztherapie","status":"publish","type":"page","link":"https:\/\/www.harveyspahotel.com\/de\/wellness\/massagen\/healy-frequenztherapie\/","title":{"rendered":"Healy Frequenztherapie"},"content":{"rendered":"<p>Wir pr\u00e4sentieren Ihnen die innovative Healy Frequenztherapie, die mit sanften elektrischen Impulsen das bioenergetische Feld des K\u00f6rpers harmonisiert, das Zellgleichgewicht wiederherstellt und die nat\u00fcrliche Regeneration unterst\u00fctzt. Diese Methode f\u00f6rdert die tiefe Entspannung, reduziert Stress, verbessert die Vitalit\u00e4t und Ausdauer und tr\u00e4gt so zum k\u00f6rperlichen und geistigen Wohlbefinden bei. Healy konzentriert sich auch auf Sch\u00f6nheit \u2013 es harmonisiert das energetische Feld der Haut, Haare und N\u00e4gel, unterst\u00fctzt die Hautelastizit\u00e4t und hilft, die Zeichen der Hautalterung zu verlangsamen. Durch die Stimulierung des K\u00f6rpers mit den richtigen Frequenzen werden Zellprozesse optimiert, was zu einer allgemeinen Harmonie von K\u00f6rper und Geist f\u00fchrt. G\u00f6nnen Sie sich ein einzigartiges Wellness-Erlebnis, das moderne Wissenschaft mit der nat\u00fcrlichen Regeneration des K\u00f6rpers verbindet. Buchen Sie noch heute Ihre Therapie und erleben Sie die Kraft des bioenergetischen Gleichgewichts!<\/p>\n<p style=\"text-align: center\"><strong>Healy wird in drei Varianten angeboten: Entspannung, Regeneration und Sch\u00f6nheit.<\/strong><br \/>\n<strong>Weitere Informationen an der Rezeption.<\/strong><\/p>\n<p>&nbsp;<\/p>\n<p>&nbsp;<\/p>\n<p>&nbsp;<\/p>\n<p>&nbsp;<\/p>\n","protected":false},"excerpt":{"rendered":"<p>Wir pr\u00e4sentieren Ihnen die innovative Healy Frequenztherapie, die mit sanften elektrischen Impulsen das bioenergetische Feld des K\u00f6rpers harmonisiert, das Zellgleichgewicht wiederherstellt und die nat\u00fcrliche Regeneration unterst\u00fctzt. Diese Methode f\u00f6rdert die tiefe Entspannung, reduziert Stress, verbessert die Vitalit\u00e4t und Ausdauer und tr\u00e4gt so zum k\u00f6rperlichen und geistigen Wohlbefinden bei. Healy konzentriert sich auch auf Sch\u00f6nheit \u2013 [&hellip;]<\/p>\n","protected":false},"author":46,"featured_media":1045,"parent":653,"menu_order":0,"comment_status":"closed","ping_status":"closed","template":"template-single-massage.php","meta":{"footnotes":""},"yoast_head":"<!-- This site is optimized with the Yoast SEO plugin v22.3 - https:\/\/yoast.com\/wordpress\/plugins\/seo\/ -->\n<title>Healy Frequenztherapie - Harvey Spa Hotel -<\/title>\n<meta name=\"description\" content=\"Wir pr\u00e4sentieren Ihnen die innovative Healy Frequenztherapie, die mit sanften elektrischen Impulsen das bioenergetische Feld des K\u00f6rpers harmonisiert, das Zellgleichgewicht wiederherstellt und die nat\u00fcrliche Regeneration unterst\u00fctzt. Diese Methode f\u00f6rdert die tiefe Entspannung, reduziert Stress, verbessert die Vitalit\u00e4t und Ausdauer und tr\u00e4gt so zum k\u00f6rperlichen und geistigen Wohlbefinden bei\" \/>\n<meta name=\"robots\" content=\"index, follow, max-snippet:-1, max-image-preview:large, max-video-preview:-1\" \/>\n<link rel=\"canonical\" href=\"https:\/\/www.harveyspahotel.com\/de\/wellness\/massagen\/healy-frequenztherapie\/\" \/>\n<meta property=\"og:locale\" content=\"de_DE\" \/>\n<meta property=\"og:type\" content=\"article\" \/>\n<meta property=\"og:title\" content=\"Healy Frequenztherapie - Harvey Spa Hotel -\" \/>\n<meta property=\"og:description\" content=\"Wir pr\u00e4sentieren Ihnen die innovative Healy Frequenztherapie, die mit sanften elektrischen Impulsen das bioenergetische Feld des K\u00f6rpers harmonisiert, das Zellgleichgewicht wiederherstellt und die nat\u00fcrliche Regeneration unterst\u00fctzt. Diese Methode f\u00f6rdert die tiefe Entspannung, reduziert Stress, verbessert die Vitalit\u00e4t und Ausdauer und tr\u00e4gt so zum k\u00f6rperlichen und geistigen Wohlbefinden bei\" \/>\n<meta property=\"og:url\" content=\"https:\/\/www.harveyspahotel.com\/de\/wellness\/massagen\/healy-frequenztherapie\/\" \/>\n<meta property=\"og:site_name\" content=\"Harvey Spa Hotel\" \/>\n<meta property=\"article:modified_time\" content=\"2025-05-22T15:02:22+00:00\" \/>\n<meta property=\"og:image\" content=\"https:\/\/www.harveyspahotel.com\/wp-content\/uploads\/sites\/35\/2025\/04\/Healy-foto.png\" \/>\n\t<meta property=\"og:image:width\" content=\"1920\" \/>\n\t<meta property=\"og:image:height\" content=\"1076\" \/>\n\t<meta property=\"og:image:type\" content=\"image\/png\" \/>\n<meta name=\"twitter:card\" content=\"summary_large_image\" \/>\n<meta name=\"twitter:label1\" content=\"Gesch\u00e4tzte Lesezeit\" \/>\n\t<meta name=\"twitter:data1\" content=\"1 Minute\" \/>\n<script type=\"application\/ld+json\" class=\"yoast-schema-graph\">{\"@context\":\"https:\/\/schema.org\",\"@graph\":[{\"@type\":\"WebPage\",\"@id\":\"https:\/\/www.harveyspahotel.com\/de\/wellness\/massagen\/healy-frequenztherapie\/\",\"url\":\"https:\/\/www.harveyspahotel.com\/de\/wellness\/massagen\/healy-frequenztherapie\/\",\"name\":\"Healy Frequenztherapie - Harvey Spa Hotel -\",\"isPartOf\":{\"@id\":\"https:\/\/www.harveyspahotel.com\/de\/#website\"},\"primaryImageOfPage\":{\"@id\":\"https:\/\/www.harveyspahotel.com\/de\/wellness\/massagen\/healy-frequenztherapie\/#primaryimage\"},\"image\":{\"@id\":\"https:\/\/www.harveyspahotel.com\/de\/wellness\/massagen\/healy-frequenztherapie\/#primaryimage\"},\"thumbnailUrl\":\"https:\/\/www.harveyspahotel.com\/wp-content\/uploads\/sites\/35\/2025\/04\/Healy-foto.png\",\"datePublished\":\"2025-04-03T13:30:48+00:00\",\"dateModified\":\"2025-05-22T15:02:22+00:00\",\"description\":\"Wir pr\u00e4sentieren Ihnen die innovative Healy Frequenztherapie, die mit sanften elektrischen Impulsen das bioenergetische Feld des K\u00f6rpers harmonisiert, das Zellgleichgewicht wiederherstellt und die nat\u00fcrliche Regeneration unterst\u00fctzt. Diese Methode f\u00f6rdert die tiefe Entspannung, reduziert Stress, verbessert die Vitalit\u00e4t und Ausdauer und tr\u00e4gt so zum k\u00f6rperlichen und geistigen Wohlbefinden bei\",\"breadcrumb\":{\"@id\":\"https:\/\/www.harveyspahotel.com\/de\/wellness\/massagen\/healy-frequenztherapie\/#breadcrumb\"},\"inLanguage\":\"de-DE\",\"potentialAction\":[{\"@type\":\"ReadAction\",\"target\":[\"https:\/\/www.harveyspahotel.com\/de\/wellness\/massagen\/healy-frequenztherapie\/\"]}]},{\"@type\":\"ImageObject\",\"inLanguage\":\"de-DE\",\"@id\":\"https:\/\/www.harveyspahotel.com\/de\/wellness\/massagen\/healy-frequenztherapie\/#primaryimage\",\"url\":\"https:\/\/www.harveyspahotel.com\/wp-content\/uploads\/sites\/35\/2025\/04\/Healy-foto.png\",\"contentUrl\":\"https:\/\/www.harveyspahotel.com\/wp-content\/uploads\/sites\/35\/2025\/04\/Healy-foto.png\",\"width\":1920,\"height\":1076},{\"@type\":\"BreadcrumbList\",\"@id\":\"https:\/\/www.harveyspahotel.com\/de\/wellness\/massagen\/healy-frequenztherapie\/#breadcrumb\",\"itemListElement\":[{\"@type\":\"ListItem\",\"position\":1,\"name\":\"Home\",\"item\":\"https:\/\/www.harveyspahotel.com\/de\/\"},{\"@type\":\"ListItem\",\"position\":2,\"name\":\"Wellness\",\"item\":\"https:\/\/www.harveyspahotel.com\/de\/wellness\/\"},{\"@type\":\"ListItem\",\"position\":3,\"name\":\"Massagen\",\"item\":\"https:\/\/www.harveyspahotel.com\/de\/wellness\/massagen\/\"},{\"@type\":\"ListItem\",\"position\":4,\"name\":\"Healy Frequenztherapie\"}]},{\"@type\":\"WebSite\",\"@id\":\"https:\/\/www.harveyspahotel.com\/de\/#website\",\"url\":\"https:\/\/www.harveyspahotel.com\/de\/\",\"name\":\"Harvey Spa Hotel\",\"description\":\"\",\"potentialAction\":[{\"@type\":\"SearchAction\",\"target\":{\"@type\":\"EntryPoint\",\"urlTemplate\":\"https:\/\/www.harveyspahotel.com\/de\/?s={search_term_string}\"},\"query-input\":\"required name=search_term_string\"}],\"inLanguage\":\"de-DE\"}]}<\/script>\n<!-- \/ Yoast SEO plugin. -->","yoast_head_json":{"title":"Healy Frequenztherapie - Harvey Spa Hotel -","description":"Wir pr\u00e4sentieren Ihnen die innovative Healy Frequenztherapie, die mit sanften elektrischen Impulsen das bioenergetische Feld des K\u00f6rpers harmonisiert, das Zellgleichgewicht wiederherstellt und die nat\u00fcrliche Regeneration unterst\u00fctzt. Diese Methode f\u00f6rdert die tiefe Entspannung, reduziert Stress, verbessert die Vitalit\u00e4t und Ausdauer und tr\u00e4gt so zum k\u00f6rperlichen und geistigen Wohlbefinden bei","robots":{"index":"index","follow":"follow","max-snippet":"max-snippet:-1","max-image-preview":"max-image-preview:large","max-video-preview":"max-video-preview:-1"},"canonical":"https:\/\/www.harveyspahotel.com\/de\/wellness\/massagen\/healy-frequenztherapie\/","og_locale":"de_DE","og_type":"article","og_title":"Healy Frequenztherapie - Harvey Spa Hotel -","og_description":"Wir pr\u00e4sentieren Ihnen die innovative Healy Frequenztherapie, die mit sanften elektrischen Impulsen das bioenergetische Feld des K\u00f6rpers harmonisiert, das Zellgleichgewicht wiederherstellt und die nat\u00fcrliche Regeneration unterst\u00fctzt. Diese Methode f\u00f6rdert die tiefe Entspannung, reduziert Stress, verbessert die Vitalit\u00e4t und Ausdauer und tr\u00e4gt so zum k\u00f6rperlichen und geistigen Wohlbefinden bei","og_url":"https:\/\/www.harveyspahotel.com\/de\/wellness\/massagen\/healy-frequenztherapie\/","og_site_name":"Harvey Spa Hotel","article_modified_time":"2025-05-22T15:02:22+00:00","og_image":[{"width":1920,"height":1076,"url":"https:\/\/www.harveyspahotel.com\/wp-content\/uploads\/sites\/35\/2025\/04\/Healy-foto.png","type":"image\/png"}],"twitter_card":"summary_large_image","twitter_misc":{"Gesch\u00e4tzte Lesezeit":"1 Minute"},"schema":{"@context":"https:\/\/schema.org","@graph":[{"@type":"WebPage","@id":"https:\/\/www.harveyspahotel.com\/de\/wellness\/massagen\/healy-frequenztherapie\/","url":"https:\/\/www.harveyspahotel.com\/de\/wellness\/massagen\/healy-frequenztherapie\/","name":"Healy Frequenztherapie - Harvey Spa Hotel -","isPartOf":{"@id":"https:\/\/www.harveyspahotel.com\/de\/#website"},"primaryImageOfPage":{"@id":"https:\/\/www.harveyspahotel.com\/de\/wellness\/massagen\/healy-frequenztherapie\/#primaryimage"},"image":{"@id":"https:\/\/www.harveyspahotel.com\/de\/wellness\/massagen\/healy-frequenztherapie\/#primaryimage"},"thumbnailUrl":"https:\/\/www.harveyspahotel.com\/wp-content\/uploads\/sites\/35\/2025\/04\/Healy-foto.png","datePublished":"2025-04-03T13:30:48+00:00","dateModified":"2025-05-22T15:02:22+00:00","description":"Wir pr\u00e4sentieren Ihnen die innovative Healy Frequenztherapie, die mit sanften elektrischen Impulsen das bioenergetische Feld des K\u00f6rpers harmonisiert, das Zellgleichgewicht wiederherstellt und die nat\u00fcrliche Regeneration unterst\u00fctzt. Diese Methode f\u00f6rdert die tiefe Entspannung, reduziert Stress, verbessert die Vitalit\u00e4t und Ausdauer und tr\u00e4gt so zum k\u00f6rperlichen und geistigen Wohlbefinden bei","breadcrumb":{"@id":"https:\/\/www.harveyspahotel.com\/de\/wellness\/massagen\/healy-frequenztherapie\/#breadcrumb"},"inLanguage":"de-DE","potentialAction":[{"@type":"ReadAction","target":["https:\/\/www.harveyspahotel.com\/de\/wellness\/massagen\/healy-frequenztherapie\/"]}]},{"@type":"ImageObject","inLanguage":"de-DE","@id":"https:\/\/www.harveyspahotel.com\/de\/wellness\/massagen\/healy-frequenztherapie\/#primaryimage","url":"https:\/\/www.harveyspahotel.com\/wp-content\/uploads\/sites\/35\/2025\/04\/Healy-foto.png","contentUrl":"https:\/\/www.harveyspahotel.com\/wp-content\/uploads\/sites\/35\/2025\/04\/Healy-foto.png","width":1920,"height":1076},{"@type":"BreadcrumbList","@id":"https:\/\/www.harveyspahotel.com\/de\/wellness\/massagen\/healy-frequenztherapie\/#breadcrumb","itemListElement":[{"@type":"ListItem","position":1,"name":"Home","item":"https:\/\/www.harveyspahotel.com\/de\/"},{"@type":"ListItem","position":2,"name":"Wellness","item":"https:\/\/www.harveyspahotel.com\/de\/wellness\/"},{"@type":"ListItem","position":3,"name":"Massagen","item":"https:\/\/www.harveyspahotel.com\/de\/wellness\/massagen\/"},{"@type":"ListItem","position":4,"name":"Healy Frequenztherapie"}]},{"@type":"WebSite","@id":"https:\/\/www.harveyspahotel.com\/de\/#website","url":"https:\/\/www.harveyspahotel.com\/de\/","name":"Harvey Spa Hotel","description":"","potentialAction":[{"@type":"SearchAction","target":{"@type":"EntryPoint","urlTemplate":"https:\/\/www.harveyspahotel.com\/de\/?s={search_term_string}"},"query-input":"required name=search_term_string"}],"inLanguage":"de-DE"}]}},"acf":[],"_links":{"self":[{"href":"https:\/\/www.harveyspahotel.com\/de\/wp-json\/wp\/v2\/pages\/1047"}],"collection":[{"href":"https:\/\/www.harveyspahotel.com\/de\/wp-json\/wp\/v2\/pages"}],"about":[{"href":"https:\/\/www.harveyspahotel.com\/de\/wp-json\/wp\/v2\/types\/page"}],"author":[{"embeddable":true,"href":"https:\/\/www.harveyspahotel.com\/de\/wp-json\/wp\/v2\/users\/46"}],"replies":[{"embeddable":true,"href":"https:\/\/www.harveyspahotel.com\/de\/wp-json\/wp\/v2\/comments?post=1047"}],"version-history":[{"count":0,"href":"https:\/\/www.harveyspahotel.com\/de\/wp-json\/wp\/v2\/pages\/1047\/revisions"}],"up":[{"embeddable":true,"href":"https:\/\/www.harveyspahotel.com\/de\/wp-json\/wp\/v2\/pages\/653"}],"wp:featuredmedia":[{"embeddable":true,"href":"https:\/\/www.harveyspahotel.com\/de\/wp-json\/wp\/v2\/media\/1045"}],"wp:attachment":[{"href":"https:\/\/www.harveyspahotel.com\/de\/wp-json\/wp\/v2\/media?parent=1047"}],"curies":[{"name":"wp","href":"https:\/\/api.w.org\/{rel}","templated":true}]}}