{"id":635,"date":"2023-08-02T08:39:16","date_gmt":"2023-08-02T08:39:16","guid":{"rendered":"https:\/\/www.harveyspahotel.com\/?page_id=635"},"modified":"2024-08-01T13:37:39","modified_gmt":"2024-08-01T13:37:39","slug":"doppelzimmer-mit-balkon-oder-parkblick","status":"publish","type":"page","link":"https:\/\/www.harveyspahotel.com\/de\/zimmer-und-appartements\/doppelzimmer-mit-balkon-oder-parkblick\/","title":{"rendered":"Doppelzimmer mit Balkon oder Parkblick"},"content":{"rendered":"<p>Die Ger\u00e4umigkeit und der Komfort des Hotelzimmers mit der M\u00f6glichkeit, auf dem Balkon zu sitzen oder den Blick auf den angrenzenden Park zu genie\u00dfen, sind eine Garantie f\u00fcr einen angenehmen Aufenthalt in unserem Hotel. Nicht nur der frische Kaffee in Ihrem Zimmer wird Sie w\u00e4hrend Ihres Aufenthalts erfreuen, sondern auch der gro\u00dfartige Service unseres Personals.<\/p>\n","protected":false},"excerpt":{"rendered":"<p>Die Ger\u00e4umigkeit und der Komfort des Hotelzimmers mit der M\u00f6glichkeit, auf dem Balkon zu sitzen oder den Blick auf den angrenzenden Park zu genie\u00dfen, sind eine Garantie f\u00fcr einen angenehmen Aufenthalt in unserem Hotel. Nicht nur der frische Kaffee in Ihrem Zimmer wird Sie w\u00e4hrend Ihres Aufenthalts erfreuen, sondern auch der gro\u00dfartige Service unseres Personals.<\/p>\n","protected":false},"author":7,"featured_media":0,"parent":630,"menu_order":20,"comment_status":"closed","ping_status":"closed","template":"template-single-room.php","meta":{"footnotes":""},"class_list":["post-635","page","type-page","status-publish","hentry"],"yoast_head":"<!-- This site is optimized with the Yoast SEO plugin v27.3 - https:\/\/yoast.com\/product\/yoast-seo-wordpress\/ -->\n<title>Doppelzimmer mit Balkon oder Parkblick - Harvey Spa Hotel<\/title>\n<meta name=\"description\" content=\"Die Ger\u00e4umigkeit und der Komfort des Hotelzimmers mit der M\u00f6glichkeit, auf dem Balkon zu sitzen oder den Blick auf den Park zu genie\u00dfen.\" \/>\n<meta name=\"robots\" content=\"index, follow, max-snippet:-1, max-image-preview:large, max-video-preview:-1\" \/>\n<link rel=\"canonical\" href=\"https:\/\/www.harveyspahotel.com\/de\/zimmer-und-appartements\/doppelzimmer-mit-balkon-oder-parkblick\/\" \/>\n<meta property=\"og:locale\" content=\"de_DE\" \/>\n<meta property=\"og:type\" content=\"article\" \/>\n<meta property=\"og:title\" content=\"Doppelzimmer mit Balkon oder Parkblick - Harvey Spa Hotel\" \/>\n<meta property=\"og:description\" content=\"Die Ger\u00e4umigkeit und der Komfort des Hotelzimmers mit der M\u00f6glichkeit, auf dem Balkon zu sitzen oder den Blick auf den Park zu genie\u00dfen.\" \/>\n<meta property=\"og:url\" content=\"https:\/\/www.harveyspahotel.com\/de\/zimmer-und-appartements\/doppelzimmer-mit-balkon-oder-parkblick\/\" \/>\n<meta property=\"og:site_name\" content=\"Harvey Spa Hotel\" \/>\n<meta property=\"article:modified_time\" content=\"2024-08-01T13:37:39+00:00\" \/>\n<meta name=\"twitter:card\" content=\"summary_large_image\" \/>\n<meta name=\"twitter:label1\" content=\"Gesch\u00e4tzte Lesezeit\" \/>\n\t<meta name=\"twitter:data1\" content=\"1 Minute\" \/>\n<script type=\"application\/ld+json\" class=\"yoast-schema-graph\">{\"@context\":\"https:\\\/\\\/schema.org\",\"@graph\":[{\"@type\":\"WebPage\",\"@id\":\"https:\\\/\\\/www.harveyspahotel.com\\\/de\\\/zimmer-und-appartements\\\/doppelzimmer-mit-balkon-oder-parkblick\\\/\",\"url\":\"https:\\\/\\\/www.harveyspahotel.com\\\/de\\\/zimmer-und-appartements\\\/doppelzimmer-mit-balkon-oder-parkblick\\\/\",\"name\":\"Doppelzimmer mit Balkon oder Parkblick - Harvey Spa Hotel\",\"isPartOf\":{\"@id\":\"https:\\\/\\\/www.harveyspahotel.com\\\/de\\\/#website\"},\"datePublished\":\"2023-08-02T08:39:16+00:00\",\"dateModified\":\"2024-08-01T13:37:39+00:00\",\"description\":\"Die Ger\u00e4umigkeit und der Komfort des Hotelzimmers mit der M\u00f6glichkeit, auf dem Balkon zu sitzen oder den Blick auf den Park zu genie\u00dfen.\",\"breadcrumb\":{\"@id\":\"https:\\\/\\\/www.harveyspahotel.com\\\/de\\\/zimmer-und-appartements\\\/doppelzimmer-mit-balkon-oder-parkblick\\\/#breadcrumb\"},\"inLanguage\":\"de-DE\",\"potentialAction\":[{\"@type\":\"ReadAction\",\"target\":[\"https:\\\/\\\/www.harveyspahotel.com\\\/de\\\/zimmer-und-appartements\\\/doppelzimmer-mit-balkon-oder-parkblick\\\/\"]}]},{\"@type\":\"BreadcrumbList\",\"@id\":\"https:\\\/\\\/www.harveyspahotel.com\\\/de\\\/zimmer-und-appartements\\\/doppelzimmer-mit-balkon-oder-parkblick\\\/#breadcrumb\",\"itemListElement\":[{\"@type\":\"ListItem\",\"position\":1,\"name\":\"Home\",\"item\":\"https:\\\/\\\/www.harveyspahotel.com\\\/de\\\/\"},{\"@type\":\"ListItem\",\"position\":2,\"name\":\"Zimmer und Appartements\",\"item\":\"https:\\\/\\\/www.harveyspahotel.com\\\/de\\\/zimmer-und-appartements\\\/\"},{\"@type\":\"ListItem\",\"position\":3,\"name\":\"Doppelzimmer mit Balkon oder Parkblick\"}]},{\"@type\":\"WebSite\",\"@id\":\"https:\\\/\\\/www.harveyspahotel.com\\\/de\\\/#website\",\"url\":\"https:\\\/\\\/www.harveyspahotel.com\\\/de\\\/\",\"name\":\"Harvey Spa Hotel\",\"description\":\"\",\"potentialAction\":[{\"@type\":\"SearchAction\",\"target\":{\"@type\":\"EntryPoint\",\"urlTemplate\":\"https:\\\/\\\/www.harveyspahotel.com\\\/de\\\/?s={search_term_string}\"},\"query-input\":{\"@type\":\"PropertyValueSpecification\",\"valueRequired\":true,\"valueName\":\"search_term_string\"}}],\"inLanguage\":\"de-DE\"}]}<\/script>\n<!-- \/ Yoast SEO plugin. -->","yoast_head_json":{"title":"Doppelzimmer mit Balkon oder Parkblick - Harvey Spa Hotel","description":"Die Ger\u00e4umigkeit und der Komfort des Hotelzimmers mit der M\u00f6glichkeit, auf dem Balkon zu sitzen oder den Blick auf den Park zu genie\u00dfen.","robots":{"index":"index","follow":"follow","max-snippet":"max-snippet:-1","max-image-preview":"max-image-preview:large","max-video-preview":"max-video-preview:-1"},"canonical":"https:\/\/www.harveyspahotel.com\/de\/zimmer-und-appartements\/doppelzimmer-mit-balkon-oder-parkblick\/","og_locale":"de_DE","og_type":"article","og_title":"Doppelzimmer mit Balkon oder Parkblick - Harvey Spa Hotel","og_description":"Die Ger\u00e4umigkeit und der Komfort des Hotelzimmers mit der M\u00f6glichkeit, auf dem Balkon zu sitzen oder den Blick auf den Park zu genie\u00dfen.","og_url":"https:\/\/www.harveyspahotel.com\/de\/zimmer-und-appartements\/doppelzimmer-mit-balkon-oder-parkblick\/","og_site_name":"Harvey Spa Hotel","article_modified_time":"2024-08-01T13:37:39+00:00","twitter_card":"summary_large_image","twitter_misc":{"Gesch\u00e4tzte Lesezeit":"1 Minute"},"schema":{"@context":"https:\/\/schema.org","@graph":[{"@type":"WebPage","@id":"https:\/\/www.harveyspahotel.com\/de\/zimmer-und-appartements\/doppelzimmer-mit-balkon-oder-parkblick\/","url":"https:\/\/www.harveyspahotel.com\/de\/zimmer-und-appartements\/doppelzimmer-mit-balkon-oder-parkblick\/","name":"Doppelzimmer mit Balkon oder Parkblick - Harvey Spa Hotel","isPartOf":{"@id":"https:\/\/www.harveyspahotel.com\/de\/#website"},"datePublished":"2023-08-02T08:39:16+00:00","dateModified":"2024-08-01T13:37:39+00:00","description":"Die Ger\u00e4umigkeit und der Komfort des Hotelzimmers mit der M\u00f6glichkeit, auf dem Balkon zu sitzen oder den Blick auf den Park zu genie\u00dfen.","breadcrumb":{"@id":"https:\/\/www.harveyspahotel.com\/de\/zimmer-und-appartements\/doppelzimmer-mit-balkon-oder-parkblick\/#breadcrumb"},"inLanguage":"de-DE","potentialAction":[{"@type":"ReadAction","target":["https:\/\/www.harveyspahotel.com\/de\/zimmer-und-appartements\/doppelzimmer-mit-balkon-oder-parkblick\/"]}]},{"@type":"BreadcrumbList","@id":"https:\/\/www.harveyspahotel.com\/de\/zimmer-und-appartements\/doppelzimmer-mit-balkon-oder-parkblick\/#breadcrumb","itemListElement":[{"@type":"ListItem","position":1,"name":"Home","item":"https:\/\/www.harveyspahotel.com\/de\/"},{"@type":"ListItem","position":2,"name":"Zimmer und Appartements","item":"https:\/\/www.harveyspahotel.com\/de\/zimmer-und-appartements\/"},{"@type":"ListItem","position":3,"name":"Doppelzimmer mit Balkon oder Parkblick"}]},{"@type":"WebSite","@id":"https:\/\/www.harveyspahotel.com\/de\/#website","url":"https:\/\/www.harveyspahotel.com\/de\/","name":"Harvey Spa Hotel","description":"","potentialAction":[{"@type":"SearchAction","target":{"@type":"EntryPoint","urlTemplate":"https:\/\/www.harveyspahotel.com\/de\/?s={search_term_string}"},"query-input":{"@type":"PropertyValueSpecification","valueRequired":true,"valueName":"search_term_string"}}],"inLanguage":"de-DE"}]}},"acf":[],"_links":{"self":[{"href":"https:\/\/www.harveyspahotel.com\/de\/wp-json\/wp\/v2\/pages\/635","targetHints":{"allow":["GET"]}}],"collection":[{"href":"https:\/\/www.harveyspahotel.com\/de\/wp-json\/wp\/v2\/pages"}],"about":[{"href":"https:\/\/www.harveyspahotel.com\/de\/wp-json\/wp\/v2\/types\/page"}],"author":[{"embeddable":true,"href":"https:\/\/www.harveyspahotel.com\/de\/wp-json\/wp\/v2\/users\/7"}],"replies":[{"embeddable":true,"href":"https:\/\/www.harveyspahotel.com\/de\/wp-json\/wp\/v2\/comments?post=635"}],"version-history":[{"count":0,"href":"https:\/\/www.harveyspahotel.com\/de\/wp-json\/wp\/v2\/pages\/635\/revisions"}],"up":[{"embeddable":true,"href":"https:\/\/www.harveyspahotel.com\/de\/wp-json\/wp\/v2\/pages\/630"}],"wp:attachment":[{"href":"https:\/\/www.harveyspahotel.com\/de\/wp-json\/wp\/v2\/media?parent=635"}],"curies":[{"name":"wp","href":"https:\/\/api.w.org\/{rel}","templated":true}]}}