{"id":643,"date":"2023-08-02T09:02:08","date_gmt":"2023-08-02T09:02:08","guid":{"rendered":"https:\/\/www.harveyspahotel.com\/?page_id=643"},"modified":"2024-01-21T19:12:07","modified_gmt":"2024-01-21T19:12:07","slug":"wellness-behandlungen","status":"publish","type":"page","link":"https:\/\/www.harveyspahotel.com\/de\/wellness-behandlungen\/","title":{"rendered":"Wellness-Behandlungen"},"content":{"rendered":"<p style=\"text-align: center\">Das Harvey Spa Hotel verf\u00fcgt \u00fcber umfassende Einrichtungen f\u00fcr Wellness und entspannende Aufenthalte. Alle Dienstleistungen werden unter einem Dach und unter der Aufsicht von Experten angeboten. Lassen Sie sich von den folgenden Angeboten f\u00fcr einen unvergesslichen Aufenthalt inspirieren.<\/p>\n","protected":false},"excerpt":{"rendered":"<p>Das Harvey Spa Hotel verf\u00fcgt \u00fcber umfassende Einrichtungen f\u00fcr Wellness und entspannende Aufenthalte. Alle Dienstleistungen werden unter einem Dach und unter der Aufsicht von Experten angeboten. Lassen Sie sich von den folgenden Angeboten f\u00fcr einen unvergesslichen Aufenthalt inspirieren.<\/p>\n","protected":false},"author":7,"featured_media":0,"parent":0,"menu_order":30,"comment_status":"closed","ping_status":"closed","template":"template-treatments.php","meta":{"footnotes":""},"class_list":["post-643","page","type-page","status-publish","hentry"],"yoast_head":"<!-- This site is optimized with the Yoast SEO plugin v27.3 - https:\/\/yoast.com\/product\/yoast-seo-wordpress\/ -->\n<title>Wellness-Behandlungen - Harvey Spa Hotel Franzensbad<\/title>\n<meta name=\"description\" content=\"Das Harvey Spa Hotel verf\u00fcgt \u00fcber umfassende Einrichtungen f\u00fcr therapeutische und entspannende Aufenthalte.\" \/>\n<meta name=\"robots\" content=\"index, follow, max-snippet:-1, max-image-preview:large, max-video-preview:-1\" \/>\n<link rel=\"canonical\" href=\"https:\/\/www.harveyspahotel.com\/de\/wellness-behandlungen\/\" \/>\n<meta property=\"og:locale\" content=\"de_DE\" \/>\n<meta property=\"og:type\" content=\"article\" \/>\n<meta property=\"og:title\" content=\"Wellness-Behandlungen - Harvey Spa Hotel Franzensbad\" \/>\n<meta property=\"og:description\" content=\"Das Harvey Spa Hotel verf\u00fcgt \u00fcber umfassende Einrichtungen f\u00fcr therapeutische und entspannende Aufenthalte.\" \/>\n<meta property=\"og:url\" content=\"https:\/\/www.harveyspahotel.com\/de\/wellness-behandlungen\/\" \/>\n<meta property=\"og:site_name\" content=\"Harvey Spa Hotel\" \/>\n<meta property=\"article:modified_time\" content=\"2024-01-21T19:12:07+00:00\" \/>\n<meta name=\"twitter:card\" content=\"summary_large_image\" \/>\n<script type=\"application\/ld+json\" class=\"yoast-schema-graph\">{\"@context\":\"https:\\\/\\\/schema.org\",\"@graph\":[{\"@type\":\"WebPage\",\"@id\":\"https:\\\/\\\/www.harveyspahotel.com\\\/de\\\/wellness-behandlungen\\\/\",\"url\":\"https:\\\/\\\/www.harveyspahotel.com\\\/de\\\/wellness-behandlungen\\\/\",\"name\":\"Wellness-Behandlungen - Harvey Spa Hotel Franzensbad\",\"isPartOf\":{\"@id\":\"https:\\\/\\\/www.harveyspahotel.com\\\/de\\\/#website\"},\"datePublished\":\"2023-08-02T09:02:08+00:00\",\"dateModified\":\"2024-01-21T19:12:07+00:00\",\"description\":\"Das Harvey Spa Hotel verf\u00fcgt \u00fcber umfassende Einrichtungen f\u00fcr therapeutische und entspannende Aufenthalte.\",\"breadcrumb\":{\"@id\":\"https:\\\/\\\/www.harveyspahotel.com\\\/de\\\/wellness-behandlungen\\\/#breadcrumb\"},\"inLanguage\":\"de-DE\",\"potentialAction\":[{\"@type\":\"ReadAction\",\"target\":[\"https:\\\/\\\/www.harveyspahotel.com\\\/de\\\/wellness-behandlungen\\\/\"]}]},{\"@type\":\"BreadcrumbList\",\"@id\":\"https:\\\/\\\/www.harveyspahotel.com\\\/de\\\/wellness-behandlungen\\\/#breadcrumb\",\"itemListElement\":[{\"@type\":\"ListItem\",\"position\":1,\"name\":\"Home\",\"item\":\"https:\\\/\\\/www.harveyspahotel.com\\\/de\\\/\"},{\"@type\":\"ListItem\",\"position\":2,\"name\":\"Wellness-Behandlungen\"}]},{\"@type\":\"WebSite\",\"@id\":\"https:\\\/\\\/www.harveyspahotel.com\\\/de\\\/#website\",\"url\":\"https:\\\/\\\/www.harveyspahotel.com\\\/de\\\/\",\"name\":\"Harvey Spa Hotel\",\"description\":\"\",\"potentialAction\":[{\"@type\":\"SearchAction\",\"target\":{\"@type\":\"EntryPoint\",\"urlTemplate\":\"https:\\\/\\\/www.harveyspahotel.com\\\/de\\\/?s={search_term_string}\"},\"query-input\":{\"@type\":\"PropertyValueSpecification\",\"valueRequired\":true,\"valueName\":\"search_term_string\"}}],\"inLanguage\":\"de-DE\"}]}<\/script>\n<!-- \/ Yoast SEO plugin. -->","yoast_head_json":{"title":"Wellness-Behandlungen - Harvey Spa Hotel Franzensbad","description":"Das Harvey Spa Hotel verf\u00fcgt \u00fcber umfassende Einrichtungen f\u00fcr therapeutische und entspannende Aufenthalte.","robots":{"index":"index","follow":"follow","max-snippet":"max-snippet:-1","max-image-preview":"max-image-preview:large","max-video-preview":"max-video-preview:-1"},"canonical":"https:\/\/www.harveyspahotel.com\/de\/wellness-behandlungen\/","og_locale":"de_DE","og_type":"article","og_title":"Wellness-Behandlungen - Harvey Spa Hotel Franzensbad","og_description":"Das Harvey Spa Hotel verf\u00fcgt \u00fcber umfassende Einrichtungen f\u00fcr therapeutische und entspannende Aufenthalte.","og_url":"https:\/\/www.harveyspahotel.com\/de\/wellness-behandlungen\/","og_site_name":"Harvey Spa Hotel","article_modified_time":"2024-01-21T19:12:07+00:00","twitter_card":"summary_large_image","schema":{"@context":"https:\/\/schema.org","@graph":[{"@type":"WebPage","@id":"https:\/\/www.harveyspahotel.com\/de\/wellness-behandlungen\/","url":"https:\/\/www.harveyspahotel.com\/de\/wellness-behandlungen\/","name":"Wellness-Behandlungen - Harvey Spa Hotel Franzensbad","isPartOf":{"@id":"https:\/\/www.harveyspahotel.com\/de\/#website"},"datePublished":"2023-08-02T09:02:08+00:00","dateModified":"2024-01-21T19:12:07+00:00","description":"Das Harvey Spa Hotel verf\u00fcgt \u00fcber umfassende Einrichtungen f\u00fcr therapeutische und entspannende Aufenthalte.","breadcrumb":{"@id":"https:\/\/www.harveyspahotel.com\/de\/wellness-behandlungen\/#breadcrumb"},"inLanguage":"de-DE","potentialAction":[{"@type":"ReadAction","target":["https:\/\/www.harveyspahotel.com\/de\/wellness-behandlungen\/"]}]},{"@type":"BreadcrumbList","@id":"https:\/\/www.harveyspahotel.com\/de\/wellness-behandlungen\/#breadcrumb","itemListElement":[{"@type":"ListItem","position":1,"name":"Home","item":"https:\/\/www.harveyspahotel.com\/de\/"},{"@type":"ListItem","position":2,"name":"Wellness-Behandlungen"}]},{"@type":"WebSite","@id":"https:\/\/www.harveyspahotel.com\/de\/#website","url":"https:\/\/www.harveyspahotel.com\/de\/","name":"Harvey Spa Hotel","description":"","potentialAction":[{"@type":"SearchAction","target":{"@type":"EntryPoint","urlTemplate":"https:\/\/www.harveyspahotel.com\/de\/?s={search_term_string}"},"query-input":{"@type":"PropertyValueSpecification","valueRequired":true,"valueName":"search_term_string"}}],"inLanguage":"de-DE"}]}},"acf":[],"_links":{"self":[{"href":"https:\/\/www.harveyspahotel.com\/de\/wp-json\/wp\/v2\/pages\/643","targetHints":{"allow":["GET"]}}],"collection":[{"href":"https:\/\/www.harveyspahotel.com\/de\/wp-json\/wp\/v2\/pages"}],"about":[{"href":"https:\/\/www.harveyspahotel.com\/de\/wp-json\/wp\/v2\/types\/page"}],"author":[{"embeddable":true,"href":"https:\/\/www.harveyspahotel.com\/de\/wp-json\/wp\/v2\/users\/7"}],"replies":[{"embeddable":true,"href":"https:\/\/www.harveyspahotel.com\/de\/wp-json\/wp\/v2\/comments?post=643"}],"version-history":[{"count":0,"href":"https:\/\/www.harveyspahotel.com\/de\/wp-json\/wp\/v2\/pages\/643\/revisions"}],"wp:attachment":[{"href":"https:\/\/www.harveyspahotel.com\/de\/wp-json\/wp\/v2\/media?parent=643"}],"curies":[{"name":"wp","href":"https:\/\/api.w.org\/{rel}","templated":true}]}}