{"id":653,"date":"2023-08-02T09:48:38","date_gmt":"2023-08-02T09:48:38","guid":{"rendered":"https:\/\/www.harveyspahotel.com\/?page_id=653"},"modified":"2026-04-29T18:12:54","modified_gmt":"2026-04-29T18:12:54","slug":"massagen","status":"publish","type":"page","link":"https:\/\/www.harveyspahotel.com\/de\/wellness\/massagen\/","title":{"rendered":"Massagen"},"content":{"rendered":"<p>Die F\u00e4higkeit, sich auszuruhen und zu entspannen, ist ein wichtiger Bestandteil unseres Lebens. Neben Ruhe und Entspannung ist das Leben einfach sch\u00f6ner, wenn der K\u00f6rper keine Schmerzen hat und man sich gesund f\u00fchlt. In diesem Sinne ist es an der Zeit, Ihrem K\u00f6rper regelm\u00e4\u00dfige Massagen zu g\u00f6nnen.<\/p>\n","protected":false},"excerpt":{"rendered":"<p>Die F\u00e4higkeit, sich auszuruhen und zu entspannen, ist ein wichtiger Bestandteil unseres Lebens. Neben Ruhe und Entspannung ist das Leben einfach sch\u00f6ner, wenn der K\u00f6rper keine Schmerzen hat und man sich gesund f\u00fchlt. In diesem Sinne ist es an der Zeit, Ihrem K\u00f6rper regelm\u00e4\u00dfige Massagen zu g\u00f6nnen.<\/p>\n","protected":false},"author":7,"featured_media":0,"parent":650,"menu_order":30,"comment_status":"closed","ping_status":"closed","template":"template-massage-treatments.php","meta":{"footnotes":""},"class_list":["post-653","page","type-page","status-publish","hentry"],"yoast_head":"<!-- This site is optimized with the Yoast SEO plugin v27.3 - https:\/\/yoast.com\/product\/yoast-seo-wordpress\/ -->\n<title>Massagen - Harvey Spa Hotel - Franzensbad<\/title>\n<meta name=\"description\" content=\"Z\u00f6gern Sie nicht, unsere Hotelrezeption zu kontaktieren und einen Termin mit unseren Fachleuten zu vereinbaren.\" \/>\n<meta name=\"robots\" content=\"index, follow, max-snippet:-1, max-image-preview:large, max-video-preview:-1\" \/>\n<link rel=\"canonical\" href=\"https:\/\/www.harveyspahotel.com\/de\/wellness\/massagen\/\" \/>\n<meta property=\"og:locale\" content=\"de_DE\" \/>\n<meta property=\"og:type\" content=\"article\" \/>\n<meta property=\"og:title\" content=\"Massagen - Harvey Spa Hotel - Franzensbad\" \/>\n<meta property=\"og:description\" content=\"Z\u00f6gern Sie nicht, unsere Hotelrezeption zu kontaktieren und einen Termin mit unseren Fachleuten zu vereinbaren.\" \/>\n<meta property=\"og:url\" content=\"https:\/\/www.harveyspahotel.com\/de\/wellness\/massagen\/\" \/>\n<meta property=\"og:site_name\" content=\"Harvey Spa Hotel\" \/>\n<meta property=\"article:modified_time\" content=\"2026-04-29T18:12:54+00:00\" \/>\n<meta name=\"twitter:card\" content=\"summary_large_image\" \/>\n<meta name=\"twitter:label1\" content=\"Gesch\u00e4tzte Lesezeit\" \/>\n\t<meta name=\"twitter:data1\" content=\"1 Minute\" \/>\n<script type=\"application\/ld+json\" class=\"yoast-schema-graph\">{\"@context\":\"https:\\\/\\\/schema.org\",\"@graph\":[{\"@type\":\"WebPage\",\"@id\":\"https:\\\/\\\/www.harveyspahotel.com\\\/de\\\/wellness\\\/massagen\\\/\",\"url\":\"https:\\\/\\\/www.harveyspahotel.com\\\/de\\\/wellness\\\/massagen\\\/\",\"name\":\"Massagen - Harvey Spa Hotel - Franzensbad\",\"isPartOf\":{\"@id\":\"https:\\\/\\\/www.harveyspahotel.com\\\/de\\\/#website\"},\"datePublished\":\"2023-08-02T09:48:38+00:00\",\"dateModified\":\"2026-04-29T18:12:54+00:00\",\"description\":\"Z\u00f6gern Sie nicht, unsere Hotelrezeption zu kontaktieren und einen Termin mit unseren Fachleuten zu vereinbaren.\",\"breadcrumb\":{\"@id\":\"https:\\\/\\\/www.harveyspahotel.com\\\/de\\\/wellness\\\/massagen\\\/#breadcrumb\"},\"inLanguage\":\"de-DE\",\"potentialAction\":[{\"@type\":\"ReadAction\",\"target\":[\"https:\\\/\\\/www.harveyspahotel.com\\\/de\\\/wellness\\\/massagen\\\/\"]}]},{\"@type\":\"BreadcrumbList\",\"@id\":\"https:\\\/\\\/www.harveyspahotel.com\\\/de\\\/wellness\\\/massagen\\\/#breadcrumb\",\"itemListElement\":[{\"@type\":\"ListItem\",\"position\":1,\"name\":\"Home\",\"item\":\"https:\\\/\\\/www.harveyspahotel.com\\\/de\\\/\"},{\"@type\":\"ListItem\",\"position\":2,\"name\":\"Wellness\",\"item\":\"https:\\\/\\\/www.harveyspahotel.com\\\/de\\\/wellness\\\/\"},{\"@type\":\"ListItem\",\"position\":3,\"name\":\"Massagen\"}]},{\"@type\":\"WebSite\",\"@id\":\"https:\\\/\\\/www.harveyspahotel.com\\\/de\\\/#website\",\"url\":\"https:\\\/\\\/www.harveyspahotel.com\\\/de\\\/\",\"name\":\"Harvey Spa Hotel\",\"description\":\"\",\"potentialAction\":[{\"@type\":\"SearchAction\",\"target\":{\"@type\":\"EntryPoint\",\"urlTemplate\":\"https:\\\/\\\/www.harveyspahotel.com\\\/de\\\/?s={search_term_string}\"},\"query-input\":{\"@type\":\"PropertyValueSpecification\",\"valueRequired\":true,\"valueName\":\"search_term_string\"}}],\"inLanguage\":\"de-DE\"}]}<\/script>\n<!-- \/ Yoast SEO plugin. -->","yoast_head_json":{"title":"Massagen - Harvey Spa Hotel - Franzensbad","description":"Z\u00f6gern Sie nicht, unsere Hotelrezeption zu kontaktieren und einen Termin mit unseren Fachleuten zu vereinbaren.","robots":{"index":"index","follow":"follow","max-snippet":"max-snippet:-1","max-image-preview":"max-image-preview:large","max-video-preview":"max-video-preview:-1"},"canonical":"https:\/\/www.harveyspahotel.com\/de\/wellness\/massagen\/","og_locale":"de_DE","og_type":"article","og_title":"Massagen - Harvey Spa Hotel - Franzensbad","og_description":"Z\u00f6gern Sie nicht, unsere Hotelrezeption zu kontaktieren und einen Termin mit unseren Fachleuten zu vereinbaren.","og_url":"https:\/\/www.harveyspahotel.com\/de\/wellness\/massagen\/","og_site_name":"Harvey Spa Hotel","article_modified_time":"2026-04-29T18:12:54+00:00","twitter_card":"summary_large_image","twitter_misc":{"Gesch\u00e4tzte Lesezeit":"1 Minute"},"schema":{"@context":"https:\/\/schema.org","@graph":[{"@type":"WebPage","@id":"https:\/\/www.harveyspahotel.com\/de\/wellness\/massagen\/","url":"https:\/\/www.harveyspahotel.com\/de\/wellness\/massagen\/","name":"Massagen - Harvey Spa Hotel - Franzensbad","isPartOf":{"@id":"https:\/\/www.harveyspahotel.com\/de\/#website"},"datePublished":"2023-08-02T09:48:38+00:00","dateModified":"2026-04-29T18:12:54+00:00","description":"Z\u00f6gern Sie nicht, unsere Hotelrezeption zu kontaktieren und einen Termin mit unseren Fachleuten zu vereinbaren.","breadcrumb":{"@id":"https:\/\/www.harveyspahotel.com\/de\/wellness\/massagen\/#breadcrumb"},"inLanguage":"de-DE","potentialAction":[{"@type":"ReadAction","target":["https:\/\/www.harveyspahotel.com\/de\/wellness\/massagen\/"]}]},{"@type":"BreadcrumbList","@id":"https:\/\/www.harveyspahotel.com\/de\/wellness\/massagen\/#breadcrumb","itemListElement":[{"@type":"ListItem","position":1,"name":"Home","item":"https:\/\/www.harveyspahotel.com\/de\/"},{"@type":"ListItem","position":2,"name":"Wellness","item":"https:\/\/www.harveyspahotel.com\/de\/wellness\/"},{"@type":"ListItem","position":3,"name":"Massagen"}]},{"@type":"WebSite","@id":"https:\/\/www.harveyspahotel.com\/de\/#website","url":"https:\/\/www.harveyspahotel.com\/de\/","name":"Harvey Spa Hotel","description":"","potentialAction":[{"@type":"SearchAction","target":{"@type":"EntryPoint","urlTemplate":"https:\/\/www.harveyspahotel.com\/de\/?s={search_term_string}"},"query-input":{"@type":"PropertyValueSpecification","valueRequired":true,"valueName":"search_term_string"}}],"inLanguage":"de-DE"}]}},"acf":[],"_links":{"self":[{"href":"https:\/\/www.harveyspahotel.com\/de\/wp-json\/wp\/v2\/pages\/653","targetHints":{"allow":["GET"]}}],"collection":[{"href":"https:\/\/www.harveyspahotel.com\/de\/wp-json\/wp\/v2\/pages"}],"about":[{"href":"https:\/\/www.harveyspahotel.com\/de\/wp-json\/wp\/v2\/types\/page"}],"author":[{"embeddable":true,"href":"https:\/\/www.harveyspahotel.com\/de\/wp-json\/wp\/v2\/users\/7"}],"replies":[{"embeddable":true,"href":"https:\/\/www.harveyspahotel.com\/de\/wp-json\/wp\/v2\/comments?post=653"}],"version-history":[{"count":0,"href":"https:\/\/www.harveyspahotel.com\/de\/wp-json\/wp\/v2\/pages\/653\/revisions"}],"up":[{"embeddable":true,"href":"https:\/\/www.harveyspahotel.com\/de\/wp-json\/wp\/v2\/pages\/650"}],"wp:attachment":[{"href":"https:\/\/www.harveyspahotel.com\/de\/wp-json\/wp\/v2\/media?parent=653"}],"curies":[{"name":"wp","href":"https:\/\/api.w.org\/{rel}","templated":true}]}}