{"id":655,"date":"2023-08-02T09:51:18","date_gmt":"2023-08-02T09:51:18","guid":{"rendered":"https:\/\/www.harveyspahotel.com\/?page_id=655"},"modified":"2025-08-07T12:53:06","modified_gmt":"2025-08-07T12:53:06","slug":"aromatherapie-massage","status":"publish","type":"page","link":"https:\/\/www.harveyspahotel.com\/de\/wellness\/massagen\/aromatherapie-massage\/","title":{"rendered":"Aromatherapie-Massage"},"content":{"rendered":"<p>Klassische Massage, bei der \u00e4therische \u00d6le und Pflanzen\u00f6le zum Einsatz kommen. Dabei wird die Wirkung einer Massage mit der einzigartigen Wirkung verschiedener \u00e4therischer \u00d6le bzw. \u00d6le kombiniert. Diese Massage harmonisiert K\u00f6rper und Psyche, l\u00f6st Verspannungen und Stress und st\u00e4rkt das Immunsystem. Bei der Massage dringt das \u00d6l in tiefere Schichten ein und wirkt sich positiv auf Schmerzen, die Funktion einzelner Organe und unseren Geist aus. Die Aromamassage kann teilweise oder vollst\u00e4ndig erfolgen.<\/p>\n","protected":false},"excerpt":{"rendered":"<p>Klassische Massage, bei der \u00e4therische \u00d6le und Pflanzen\u00f6le zum Einsatz kommen. Dabei wird die Wirkung einer Massage mit der einzigartigen Wirkung verschiedener \u00e4therischer \u00d6le bzw. \u00d6le kombiniert. Diese Massage harmonisiert K\u00f6rper und Psyche, l\u00f6st Verspannungen und Stress und st\u00e4rkt das Immunsystem. Bei der Massage dringt das \u00d6l in tiefere Schichten ein und wirkt sich positiv [&hellip;]<\/p>\n","protected":false},"author":7,"featured_media":0,"parent":653,"menu_order":7,"comment_status":"closed","ping_status":"closed","template":"template-single-massage.php","meta":{"footnotes":""},"class_list":["post-655","page","type-page","status-publish","hentry"],"yoast_head":"<!-- This site is optimized with the Yoast SEO plugin v27.3 - https:\/\/yoast.com\/product\/yoast-seo-wordpress\/ -->\n<title>Aromatherapie-Massage - Harvey Spa Hotel - Franzensbad<\/title>\n<meta name=\"description\" content=\"Diese Massage harmonisiert den K\u00f6rper und die Psyche, baut Stress und Belastungen ab und st\u00e4rkt die Abwehrkr\u00e4fte.\" \/>\n<meta name=\"robots\" content=\"noindex, nofollow\" \/>\n<meta property=\"og:locale\" content=\"de_DE\" \/>\n<meta property=\"og:type\" content=\"article\" \/>\n<meta property=\"og:title\" content=\"Aromatherapie-Massage - Harvey Spa Hotel - Franzensbad\" \/>\n<meta property=\"og:description\" content=\"Diese Massage harmonisiert den K\u00f6rper und die Psyche, baut Stress und Belastungen ab und st\u00e4rkt die Abwehrkr\u00e4fte.\" \/>\n<meta property=\"og:url\" content=\"https:\/\/www.harveyspahotel.com\/de\/wellness\/massagen\/aromatherapie-massage\/\" \/>\n<meta property=\"og:site_name\" content=\"Harvey Spa Hotel\" \/>\n<meta property=\"article:modified_time\" content=\"2025-08-07T12:53:06+00:00\" \/>\n<meta name=\"twitter:card\" content=\"summary_large_image\" \/>\n<meta name=\"twitter:label1\" content=\"Gesch\u00e4tzte Lesezeit\" \/>\n\t<meta name=\"twitter:data1\" content=\"1 Minute\" \/>\n<script type=\"application\/ld+json\" class=\"yoast-schema-graph\">{\"@context\":\"https:\\\/\\\/schema.org\",\"@graph\":[{\"@type\":\"WebPage\",\"@id\":\"https:\\\/\\\/www.harveyspahotel.com\\\/de\\\/wellness\\\/massagen\\\/aromatherapie-massage\\\/\",\"url\":\"https:\\\/\\\/www.harveyspahotel.com\\\/de\\\/wellness\\\/massagen\\\/aromatherapie-massage\\\/\",\"name\":\"Aromatherapie-Massage - Harvey Spa Hotel - Franzensbad\",\"isPartOf\":{\"@id\":\"https:\\\/\\\/www.harveyspahotel.com\\\/de\\\/#website\"},\"datePublished\":\"2023-08-02T09:51:18+00:00\",\"dateModified\":\"2025-08-07T12:53:06+00:00\",\"description\":\"Diese Massage harmonisiert den K\u00f6rper und die Psyche, baut Stress und Belastungen ab und st\u00e4rkt die Abwehrkr\u00e4fte.\",\"breadcrumb\":{\"@id\":\"https:\\\/\\\/www.harveyspahotel.com\\\/de\\\/wellness\\\/massagen\\\/aromatherapie-massage\\\/#breadcrumb\"},\"inLanguage\":\"de-DE\",\"potentialAction\":[{\"@type\":\"ReadAction\",\"target\":[\"https:\\\/\\\/www.harveyspahotel.com\\\/de\\\/wellness\\\/massagen\\\/aromatherapie-massage\\\/\"]}]},{\"@type\":\"BreadcrumbList\",\"@id\":\"https:\\\/\\\/www.harveyspahotel.com\\\/de\\\/wellness\\\/massagen\\\/aromatherapie-massage\\\/#breadcrumb\",\"itemListElement\":[{\"@type\":\"ListItem\",\"position\":1,\"name\":\"Home\",\"item\":\"https:\\\/\\\/www.harveyspahotel.com\\\/de\\\/\"},{\"@type\":\"ListItem\",\"position\":2,\"name\":\"Wellness\",\"item\":\"https:\\\/\\\/www.harveyspahotel.com\\\/de\\\/wellness\\\/\"},{\"@type\":\"ListItem\",\"position\":3,\"name\":\"Massagen\",\"item\":\"https:\\\/\\\/www.harveyspahotel.com\\\/de\\\/wellness\\\/massagen\\\/\"},{\"@type\":\"ListItem\",\"position\":4,\"name\":\"Aromatherapie-Massage\"}]},{\"@type\":\"WebSite\",\"@id\":\"https:\\\/\\\/www.harveyspahotel.com\\\/de\\\/#website\",\"url\":\"https:\\\/\\\/www.harveyspahotel.com\\\/de\\\/\",\"name\":\"Harvey Spa Hotel\",\"description\":\"\",\"potentialAction\":[{\"@type\":\"SearchAction\",\"target\":{\"@type\":\"EntryPoint\",\"urlTemplate\":\"https:\\\/\\\/www.harveyspahotel.com\\\/de\\\/?s={search_term_string}\"},\"query-input\":{\"@type\":\"PropertyValueSpecification\",\"valueRequired\":true,\"valueName\":\"search_term_string\"}}],\"inLanguage\":\"de-DE\"}]}<\/script>\n<!-- \/ Yoast SEO plugin. -->","yoast_head_json":{"title":"Aromatherapie-Massage - Harvey Spa Hotel - Franzensbad","description":"Diese Massage harmonisiert den K\u00f6rper und die Psyche, baut Stress und Belastungen ab und st\u00e4rkt die Abwehrkr\u00e4fte.","robots":{"index":"noindex","follow":"nofollow"},"og_locale":"de_DE","og_type":"article","og_title":"Aromatherapie-Massage - Harvey Spa Hotel - Franzensbad","og_description":"Diese Massage harmonisiert den K\u00f6rper und die Psyche, baut Stress und Belastungen ab und st\u00e4rkt die Abwehrkr\u00e4fte.","og_url":"https:\/\/www.harveyspahotel.com\/de\/wellness\/massagen\/aromatherapie-massage\/","og_site_name":"Harvey Spa Hotel","article_modified_time":"2025-08-07T12:53:06+00:00","twitter_card":"summary_large_image","twitter_misc":{"Gesch\u00e4tzte Lesezeit":"1 Minute"},"schema":{"@context":"https:\/\/schema.org","@graph":[{"@type":"WebPage","@id":"https:\/\/www.harveyspahotel.com\/de\/wellness\/massagen\/aromatherapie-massage\/","url":"https:\/\/www.harveyspahotel.com\/de\/wellness\/massagen\/aromatherapie-massage\/","name":"Aromatherapie-Massage - Harvey Spa Hotel - Franzensbad","isPartOf":{"@id":"https:\/\/www.harveyspahotel.com\/de\/#website"},"datePublished":"2023-08-02T09:51:18+00:00","dateModified":"2025-08-07T12:53:06+00:00","description":"Diese Massage harmonisiert den K\u00f6rper und die Psyche, baut Stress und Belastungen ab und st\u00e4rkt die Abwehrkr\u00e4fte.","breadcrumb":{"@id":"https:\/\/www.harveyspahotel.com\/de\/wellness\/massagen\/aromatherapie-massage\/#breadcrumb"},"inLanguage":"de-DE","potentialAction":[{"@type":"ReadAction","target":["https:\/\/www.harveyspahotel.com\/de\/wellness\/massagen\/aromatherapie-massage\/"]}]},{"@type":"BreadcrumbList","@id":"https:\/\/www.harveyspahotel.com\/de\/wellness\/massagen\/aromatherapie-massage\/#breadcrumb","itemListElement":[{"@type":"ListItem","position":1,"name":"Home","item":"https:\/\/www.harveyspahotel.com\/de\/"},{"@type":"ListItem","position":2,"name":"Wellness","item":"https:\/\/www.harveyspahotel.com\/de\/wellness\/"},{"@type":"ListItem","position":3,"name":"Massagen","item":"https:\/\/www.harveyspahotel.com\/de\/wellness\/massagen\/"},{"@type":"ListItem","position":4,"name":"Aromatherapie-Massage"}]},{"@type":"WebSite","@id":"https:\/\/www.harveyspahotel.com\/de\/#website","url":"https:\/\/www.harveyspahotel.com\/de\/","name":"Harvey Spa Hotel","description":"","potentialAction":[{"@type":"SearchAction","target":{"@type":"EntryPoint","urlTemplate":"https:\/\/www.harveyspahotel.com\/de\/?s={search_term_string}"},"query-input":{"@type":"PropertyValueSpecification","valueRequired":true,"valueName":"search_term_string"}}],"inLanguage":"de-DE"}]}},"acf":[],"_links":{"self":[{"href":"https:\/\/www.harveyspahotel.com\/de\/wp-json\/wp\/v2\/pages\/655","targetHints":{"allow":["GET"]}}],"collection":[{"href":"https:\/\/www.harveyspahotel.com\/de\/wp-json\/wp\/v2\/pages"}],"about":[{"href":"https:\/\/www.harveyspahotel.com\/de\/wp-json\/wp\/v2\/types\/page"}],"author":[{"embeddable":true,"href":"https:\/\/www.harveyspahotel.com\/de\/wp-json\/wp\/v2\/users\/7"}],"replies":[{"embeddable":true,"href":"https:\/\/www.harveyspahotel.com\/de\/wp-json\/wp\/v2\/comments?post=655"}],"version-history":[{"count":0,"href":"https:\/\/www.harveyspahotel.com\/de\/wp-json\/wp\/v2\/pages\/655\/revisions"}],"up":[{"embeddable":true,"href":"https:\/\/www.harveyspahotel.com\/de\/wp-json\/wp\/v2\/pages\/653"}],"wp:attachment":[{"href":"https:\/\/www.harveyspahotel.com\/de\/wp-json\/wp\/v2\/media?parent=655"}],"curies":[{"name":"wp","href":"https:\/\/api.w.org\/{rel}","templated":true}]}}