{"id":656,"date":"2023-08-02T09:51:57","date_gmt":"2023-08-02T09:51:57","guid":{"rendered":"https:\/\/www.harveyspahotel.com\/?page_id=656"},"modified":"2025-08-07T12:53:58","modified_gmt":"2025-08-07T12:53:58","slug":"massage-mit-lavasteinen","status":"publish","type":"page","link":"https:\/\/www.harveyspahotel.com\/de\/wellness\/massagen\/massage-mit-lavasteinen\/","title":{"rendered":"Massage mit Lavasteinen"},"content":{"rendered":"<p>K\u00f6rperbehandlung, Hot-Stone-Massage. Wir verwenden gegl\u00e4ttete, auf 55 \u00b0C erhitzte Lavasteine. Diese Steine speichern die W\u00e4rme sehr gut und haben mit ihrer energetischen Kraft eine tiefgreifende Wirkung auf Muskelgewebe, Durchblutung und Stoffwechsel. Eine Massage wirkt sich positiv auf Muskelverspannungen und blockierte Stellen aus. Es st\u00e4rkt das vegetative<br \/>\nNervensystem und verbessert so deutlich Schlafst\u00f6rungen, harmonisiert bei l\u00e4ngerer Belastung und wirkt durch die Beschleunigung des Stoffwechsels auch als unterst\u00fctzende Therapie bei \u00dcbergewicht. Es l\u00f6st insgesamt angenehme Gef\u00fchle aus. Massage ist die \u00e4lteste Therapieform.<\/p>\n","protected":false},"excerpt":{"rendered":"<p>K\u00f6rperbehandlung, Hot-Stone-Massage. Wir verwenden gegl\u00e4ttete, auf 55 \u00b0C erhitzte Lavasteine. Diese Steine speichern die W\u00e4rme sehr gut und haben mit ihrer energetischen Kraft eine tiefgreifende Wirkung auf Muskelgewebe, Durchblutung und Stoffwechsel. Eine Massage wirkt sich positiv auf Muskelverspannungen und blockierte Stellen aus. Es st\u00e4rkt das vegetative Nervensystem und verbessert so deutlich Schlafst\u00f6rungen, harmonisiert bei l\u00e4ngerer [&hellip;]<\/p>\n","protected":false},"author":7,"featured_media":0,"parent":653,"menu_order":9,"comment_status":"closed","ping_status":"closed","template":"template-single-massage.php","meta":{"footnotes":""},"class_list":["post-656","page","type-page","status-publish","hentry"],"yoast_head":"<!-- This site is optimized with the Yoast SEO plugin v27.3 - https:\/\/yoast.com\/product\/yoast-seo-wordpress\/ -->\n<title>Massage mit Lavasteinen - Harvey Spa Hotel - Franzensbad<\/title>\n<meta name=\"description\" content=\"Diese Steine speichern die W\u00e4rme sehr gut und ihre energetische Kraft hat eine tiefgreifende Wirkung auf das Muskelgewebe.\" \/>\n<meta name=\"robots\" content=\"noindex, nofollow\" \/>\n<meta property=\"og:locale\" content=\"de_DE\" \/>\n<meta property=\"og:type\" content=\"article\" \/>\n<meta property=\"og:title\" content=\"Massage mit Lavasteinen - Harvey Spa Hotel - Franzensbad\" \/>\n<meta property=\"og:description\" content=\"Diese Steine speichern die W\u00e4rme sehr gut und ihre energetische Kraft hat eine tiefgreifende Wirkung auf das Muskelgewebe.\" \/>\n<meta property=\"og:url\" content=\"https:\/\/www.harveyspahotel.com\/de\/wellness\/massagen\/massage-mit-lavasteinen\/\" \/>\n<meta property=\"og:site_name\" content=\"Harvey Spa Hotel\" \/>\n<meta property=\"article:modified_time\" content=\"2025-08-07T12:53:58+00:00\" \/>\n<meta name=\"twitter:card\" content=\"summary_large_image\" \/>\n<meta name=\"twitter:label1\" content=\"Gesch\u00e4tzte Lesezeit\" \/>\n\t<meta name=\"twitter:data1\" content=\"1 Minute\" \/>\n<script type=\"application\/ld+json\" class=\"yoast-schema-graph\">{\"@context\":\"https:\\\/\\\/schema.org\",\"@graph\":[{\"@type\":\"WebPage\",\"@id\":\"https:\\\/\\\/www.harveyspahotel.com\\\/de\\\/wellness\\\/massagen\\\/massage-mit-lavasteinen\\\/\",\"url\":\"https:\\\/\\\/www.harveyspahotel.com\\\/de\\\/wellness\\\/massagen\\\/massage-mit-lavasteinen\\\/\",\"name\":\"Massage mit Lavasteinen - Harvey Spa Hotel - Franzensbad\",\"isPartOf\":{\"@id\":\"https:\\\/\\\/www.harveyspahotel.com\\\/de\\\/#website\"},\"datePublished\":\"2023-08-02T09:51:57+00:00\",\"dateModified\":\"2025-08-07T12:53:58+00:00\",\"description\":\"Diese Steine speichern die W\u00e4rme sehr gut und ihre energetische Kraft hat eine tiefgreifende Wirkung auf das Muskelgewebe.\",\"breadcrumb\":{\"@id\":\"https:\\\/\\\/www.harveyspahotel.com\\\/de\\\/wellness\\\/massagen\\\/massage-mit-lavasteinen\\\/#breadcrumb\"},\"inLanguage\":\"de-DE\",\"potentialAction\":[{\"@type\":\"ReadAction\",\"target\":[\"https:\\\/\\\/www.harveyspahotel.com\\\/de\\\/wellness\\\/massagen\\\/massage-mit-lavasteinen\\\/\"]}]},{\"@type\":\"BreadcrumbList\",\"@id\":\"https:\\\/\\\/www.harveyspahotel.com\\\/de\\\/wellness\\\/massagen\\\/massage-mit-lavasteinen\\\/#breadcrumb\",\"itemListElement\":[{\"@type\":\"ListItem\",\"position\":1,\"name\":\"Home\",\"item\":\"https:\\\/\\\/www.harveyspahotel.com\\\/de\\\/\"},{\"@type\":\"ListItem\",\"position\":2,\"name\":\"Wellness\",\"item\":\"https:\\\/\\\/www.harveyspahotel.com\\\/de\\\/wellness\\\/\"},{\"@type\":\"ListItem\",\"position\":3,\"name\":\"Massagen\",\"item\":\"https:\\\/\\\/www.harveyspahotel.com\\\/de\\\/wellness\\\/massagen\\\/\"},{\"@type\":\"ListItem\",\"position\":4,\"name\":\"Massage mit Lavasteinen\"}]},{\"@type\":\"WebSite\",\"@id\":\"https:\\\/\\\/www.harveyspahotel.com\\\/de\\\/#website\",\"url\":\"https:\\\/\\\/www.harveyspahotel.com\\\/de\\\/\",\"name\":\"Harvey Spa Hotel\",\"description\":\"\",\"potentialAction\":[{\"@type\":\"SearchAction\",\"target\":{\"@type\":\"EntryPoint\",\"urlTemplate\":\"https:\\\/\\\/www.harveyspahotel.com\\\/de\\\/?s={search_term_string}\"},\"query-input\":{\"@type\":\"PropertyValueSpecification\",\"valueRequired\":true,\"valueName\":\"search_term_string\"}}],\"inLanguage\":\"de-DE\"}]}<\/script>\n<!-- \/ Yoast SEO plugin. -->","yoast_head_json":{"title":"Massage mit Lavasteinen - Harvey Spa Hotel - Franzensbad","description":"Diese Steine speichern die W\u00e4rme sehr gut und ihre energetische Kraft hat eine tiefgreifende Wirkung auf das Muskelgewebe.","robots":{"index":"noindex","follow":"nofollow"},"og_locale":"de_DE","og_type":"article","og_title":"Massage mit Lavasteinen - Harvey Spa Hotel - Franzensbad","og_description":"Diese Steine speichern die W\u00e4rme sehr gut und ihre energetische Kraft hat eine tiefgreifende Wirkung auf das Muskelgewebe.","og_url":"https:\/\/www.harveyspahotel.com\/de\/wellness\/massagen\/massage-mit-lavasteinen\/","og_site_name":"Harvey Spa Hotel","article_modified_time":"2025-08-07T12:53:58+00:00","twitter_card":"summary_large_image","twitter_misc":{"Gesch\u00e4tzte Lesezeit":"1 Minute"},"schema":{"@context":"https:\/\/schema.org","@graph":[{"@type":"WebPage","@id":"https:\/\/www.harveyspahotel.com\/de\/wellness\/massagen\/massage-mit-lavasteinen\/","url":"https:\/\/www.harveyspahotel.com\/de\/wellness\/massagen\/massage-mit-lavasteinen\/","name":"Massage mit Lavasteinen - Harvey Spa Hotel - Franzensbad","isPartOf":{"@id":"https:\/\/www.harveyspahotel.com\/de\/#website"},"datePublished":"2023-08-02T09:51:57+00:00","dateModified":"2025-08-07T12:53:58+00:00","description":"Diese Steine speichern die W\u00e4rme sehr gut und ihre energetische Kraft hat eine tiefgreifende Wirkung auf das Muskelgewebe.","breadcrumb":{"@id":"https:\/\/www.harveyspahotel.com\/de\/wellness\/massagen\/massage-mit-lavasteinen\/#breadcrumb"},"inLanguage":"de-DE","potentialAction":[{"@type":"ReadAction","target":["https:\/\/www.harveyspahotel.com\/de\/wellness\/massagen\/massage-mit-lavasteinen\/"]}]},{"@type":"BreadcrumbList","@id":"https:\/\/www.harveyspahotel.com\/de\/wellness\/massagen\/massage-mit-lavasteinen\/#breadcrumb","itemListElement":[{"@type":"ListItem","position":1,"name":"Home","item":"https:\/\/www.harveyspahotel.com\/de\/"},{"@type":"ListItem","position":2,"name":"Wellness","item":"https:\/\/www.harveyspahotel.com\/de\/wellness\/"},{"@type":"ListItem","position":3,"name":"Massagen","item":"https:\/\/www.harveyspahotel.com\/de\/wellness\/massagen\/"},{"@type":"ListItem","position":4,"name":"Massage mit Lavasteinen"}]},{"@type":"WebSite","@id":"https:\/\/www.harveyspahotel.com\/de\/#website","url":"https:\/\/www.harveyspahotel.com\/de\/","name":"Harvey Spa Hotel","description":"","potentialAction":[{"@type":"SearchAction","target":{"@type":"EntryPoint","urlTemplate":"https:\/\/www.harveyspahotel.com\/de\/?s={search_term_string}"},"query-input":{"@type":"PropertyValueSpecification","valueRequired":true,"valueName":"search_term_string"}}],"inLanguage":"de-DE"}]}},"acf":[],"_links":{"self":[{"href":"https:\/\/www.harveyspahotel.com\/de\/wp-json\/wp\/v2\/pages\/656","targetHints":{"allow":["GET"]}}],"collection":[{"href":"https:\/\/www.harveyspahotel.com\/de\/wp-json\/wp\/v2\/pages"}],"about":[{"href":"https:\/\/www.harveyspahotel.com\/de\/wp-json\/wp\/v2\/types\/page"}],"author":[{"embeddable":true,"href":"https:\/\/www.harveyspahotel.com\/de\/wp-json\/wp\/v2\/users\/7"}],"replies":[{"embeddable":true,"href":"https:\/\/www.harveyspahotel.com\/de\/wp-json\/wp\/v2\/comments?post=656"}],"version-history":[{"count":0,"href":"https:\/\/www.harveyspahotel.com\/de\/wp-json\/wp\/v2\/pages\/656\/revisions"}],"up":[{"embeddable":true,"href":"https:\/\/www.harveyspahotel.com\/de\/wp-json\/wp\/v2\/pages\/653"}],"wp:attachment":[{"href":"https:\/\/www.harveyspahotel.com\/de\/wp-json\/wp\/v2\/media?parent=656"}],"curies":[{"name":"wp","href":"https:\/\/api.w.org\/{rel}","templated":true}]}}