{"id":657,"date":"2023-08-02T09:55:23","date_gmt":"2023-08-02T09:55:23","guid":{"rendered":"https:\/\/www.harveyspahotel.com\/?page_id=657"},"modified":"2026-02-01T16:17:41","modified_gmt":"2026-02-01T16:17:41","slug":"sauna","status":"publish","type":"page","link":"https:\/\/www.harveyspahotel.com\/de\/wellness\/sauna\/","title":{"rendered":"Sauna"},"content":{"rendered":"<p>Viele Menschen nutzen die Sauna als nat\u00fcrliches Heilmittel, um ihre Psyche zu st\u00e4rken. Die hei\u00dfe Umgebung der Sauna regt das Gehirn an, mehr euphorisierende Hormone zu produzieren, die uns entspannt, gl\u00fccklich und ruhig f\u00fchlen lassen. Unsere G\u00e4ste k\u00f6nnen zwischen diesen beiden Saunen w\u00e4hlen:<\/p>\n<p><strong>Die finnische Sauna<\/strong> ist eine Art von Sauna, die die Kraft der trockenen Hitze nutzt. Im Gegensatz zur Dampfsauna, die auch als Nasssauna bezeichnet wird, ist die finnische Sauna frei von Feuchtigkeit und Dampf. Die Luftfeuchtigkeit wird in der Regel auf rund 5-20 % und die Temperatur auf ungef\u00e4hr 80-100 \u00b0C eingestellt.<\/p>\n<p>Eine <strong>Dampfsauna<\/strong> wird auf trockene Weise erhitzt, in der Regel mit hei\u00dfen Steinen oder geschlossenen \u00d6fen. Die Dampfb\u00e4der werden mit Dampf aus einem mit kochendem Wasser gef\u00fcllten Generator beheizt. Saunab\u00e4der tragen zur Entspannung und Entlastung der Muskeln bei, aber Dampfb\u00e4der haben noch mehr gesundheitliche Vorteile. Die Luftfeuchtigkeit ist der Schl\u00fcssel zu den einzigartigen gesundheitlichen Vorteilen eines Dampfbads.<\/p>\n<p>Der Eintritt in die Sauna ist Teil des Hotelaufenthaltes.<\/p>\n","protected":false},"excerpt":{"rendered":"<p>Viele Menschen nutzen die Sauna als nat\u00fcrliches Heilmittel, um ihre Psyche zu st\u00e4rken. Die hei\u00dfe Umgebung der Sauna regt das Gehirn an, mehr euphorisierende Hormone zu produzieren, die uns entspannt, gl\u00fccklich und ruhig f\u00fchlen lassen. Unsere G\u00e4ste k\u00f6nnen zwischen diesen beiden Saunen w\u00e4hlen: Die finnische Sauna ist eine Art von Sauna, die die Kraft der [&hellip;]<\/p>\n","protected":false},"author":7,"featured_media":0,"parent":650,"menu_order":40,"comment_status":"closed","ping_status":"closed","template":"template-single-spa.php","meta":{"footnotes":""},"yoast_head":"<!-- This site is optimized with the Yoast SEO plugin v22.3 - https:\/\/yoast.com\/wordpress\/plugins\/seo\/ -->\n<title>Sauna - Harvey Spa Hotel - Franzensbad<\/title>\n<meta name=\"description\" content=\"Viele Menschen nutzen die Sauna als nat\u00fcrliches Heilmittel, um ihre Psyche zu st\u00e4rken. Die G\u00e4ste k\u00f6nnen zwischen zwei Arten von Saunen w\u00e4hlen.\" \/>\n<meta name=\"robots\" content=\"index, follow, max-snippet:-1, max-image-preview:large, max-video-preview:-1\" \/>\n<link rel=\"canonical\" href=\"https:\/\/www.harveyspahotel.com\/de\/wellness\/sauna\/\" \/>\n<meta property=\"og:locale\" content=\"de_DE\" \/>\n<meta property=\"og:type\" content=\"article\" \/>\n<meta property=\"og:title\" content=\"Sauna - Harvey Spa Hotel - Franzensbad\" \/>\n<meta property=\"og:description\" content=\"Viele Menschen nutzen die Sauna als nat\u00fcrliches Heilmittel, um ihre Psyche zu st\u00e4rken. Die G\u00e4ste k\u00f6nnen zwischen zwei Arten von Saunen w\u00e4hlen.\" \/>\n<meta property=\"og:url\" content=\"https:\/\/www.harveyspahotel.com\/de\/wellness\/sauna\/\" \/>\n<meta property=\"og:site_name\" content=\"Harvey Spa Hotel\" \/>\n<meta property=\"article:modified_time\" content=\"2026-02-01T16:17:41+00:00\" \/>\n<meta name=\"twitter:card\" content=\"summary_large_image\" \/>\n<meta name=\"twitter:label1\" content=\"Gesch\u00e4tzte Lesezeit\" \/>\n\t<meta name=\"twitter:data1\" content=\"1 Minute\" \/>\n<script type=\"application\/ld+json\" class=\"yoast-schema-graph\">{\"@context\":\"https:\/\/schema.org\",\"@graph\":[{\"@type\":\"WebPage\",\"@id\":\"https:\/\/www.harveyspahotel.com\/de\/wellness\/sauna\/\",\"url\":\"https:\/\/www.harveyspahotel.com\/de\/wellness\/sauna\/\",\"name\":\"Sauna - Harvey Spa Hotel - Franzensbad\",\"isPartOf\":{\"@id\":\"https:\/\/www.harveyspahotel.com\/de\/#website\"},\"datePublished\":\"2023-08-02T09:55:23+00:00\",\"dateModified\":\"2026-02-01T16:17:41+00:00\",\"description\":\"Viele Menschen nutzen die Sauna als nat\u00fcrliches Heilmittel, um ihre Psyche zu st\u00e4rken. Die G\u00e4ste k\u00f6nnen zwischen zwei Arten von Saunen w\u00e4hlen.\",\"breadcrumb\":{\"@id\":\"https:\/\/www.harveyspahotel.com\/de\/wellness\/sauna\/#breadcrumb\"},\"inLanguage\":\"de-DE\",\"potentialAction\":[{\"@type\":\"ReadAction\",\"target\":[\"https:\/\/www.harveyspahotel.com\/de\/wellness\/sauna\/\"]}]},{\"@type\":\"BreadcrumbList\",\"@id\":\"https:\/\/www.harveyspahotel.com\/de\/wellness\/sauna\/#breadcrumb\",\"itemListElement\":[{\"@type\":\"ListItem\",\"position\":1,\"name\":\"Home\",\"item\":\"https:\/\/www.harveyspahotel.com\/de\/\"},{\"@type\":\"ListItem\",\"position\":2,\"name\":\"Wellness\",\"item\":\"https:\/\/www.harveyspahotel.com\/de\/wellness\/\"},{\"@type\":\"ListItem\",\"position\":3,\"name\":\"Sauna\"}]},{\"@type\":\"WebSite\",\"@id\":\"https:\/\/www.harveyspahotel.com\/de\/#website\",\"url\":\"https:\/\/www.harveyspahotel.com\/de\/\",\"name\":\"Harvey Spa Hotel\",\"description\":\"\",\"potentialAction\":[{\"@type\":\"SearchAction\",\"target\":{\"@type\":\"EntryPoint\",\"urlTemplate\":\"https:\/\/www.harveyspahotel.com\/de\/?s={search_term_string}\"},\"query-input\":\"required name=search_term_string\"}],\"inLanguage\":\"de-DE\"}]}<\/script>\n<!-- \/ Yoast SEO plugin. -->","yoast_head_json":{"title":"Sauna - Harvey Spa Hotel - Franzensbad","description":"Viele Menschen nutzen die Sauna als nat\u00fcrliches Heilmittel, um ihre Psyche zu st\u00e4rken. Die G\u00e4ste k\u00f6nnen zwischen zwei Arten von Saunen w\u00e4hlen.","robots":{"index":"index","follow":"follow","max-snippet":"max-snippet:-1","max-image-preview":"max-image-preview:large","max-video-preview":"max-video-preview:-1"},"canonical":"https:\/\/www.harveyspahotel.com\/de\/wellness\/sauna\/","og_locale":"de_DE","og_type":"article","og_title":"Sauna - Harvey Spa Hotel - Franzensbad","og_description":"Viele Menschen nutzen die Sauna als nat\u00fcrliches Heilmittel, um ihre Psyche zu st\u00e4rken. Die G\u00e4ste k\u00f6nnen zwischen zwei Arten von Saunen w\u00e4hlen.","og_url":"https:\/\/www.harveyspahotel.com\/de\/wellness\/sauna\/","og_site_name":"Harvey Spa Hotel","article_modified_time":"2026-02-01T16:17:41+00:00","twitter_card":"summary_large_image","twitter_misc":{"Gesch\u00e4tzte Lesezeit":"1 Minute"},"schema":{"@context":"https:\/\/schema.org","@graph":[{"@type":"WebPage","@id":"https:\/\/www.harveyspahotel.com\/de\/wellness\/sauna\/","url":"https:\/\/www.harveyspahotel.com\/de\/wellness\/sauna\/","name":"Sauna - Harvey Spa Hotel - Franzensbad","isPartOf":{"@id":"https:\/\/www.harveyspahotel.com\/de\/#website"},"datePublished":"2023-08-02T09:55:23+00:00","dateModified":"2026-02-01T16:17:41+00:00","description":"Viele Menschen nutzen die Sauna als nat\u00fcrliches Heilmittel, um ihre Psyche zu st\u00e4rken. Die G\u00e4ste k\u00f6nnen zwischen zwei Arten von Saunen w\u00e4hlen.","breadcrumb":{"@id":"https:\/\/www.harveyspahotel.com\/de\/wellness\/sauna\/#breadcrumb"},"inLanguage":"de-DE","potentialAction":[{"@type":"ReadAction","target":["https:\/\/www.harveyspahotel.com\/de\/wellness\/sauna\/"]}]},{"@type":"BreadcrumbList","@id":"https:\/\/www.harveyspahotel.com\/de\/wellness\/sauna\/#breadcrumb","itemListElement":[{"@type":"ListItem","position":1,"name":"Home","item":"https:\/\/www.harveyspahotel.com\/de\/"},{"@type":"ListItem","position":2,"name":"Wellness","item":"https:\/\/www.harveyspahotel.com\/de\/wellness\/"},{"@type":"ListItem","position":3,"name":"Sauna"}]},{"@type":"WebSite","@id":"https:\/\/www.harveyspahotel.com\/de\/#website","url":"https:\/\/www.harveyspahotel.com\/de\/","name":"Harvey Spa Hotel","description":"","potentialAction":[{"@type":"SearchAction","target":{"@type":"EntryPoint","urlTemplate":"https:\/\/www.harveyspahotel.com\/de\/?s={search_term_string}"},"query-input":"required name=search_term_string"}],"inLanguage":"de-DE"}]}},"acf":[],"_links":{"self":[{"href":"https:\/\/www.harveyspahotel.com\/de\/wp-json\/wp\/v2\/pages\/657"}],"collection":[{"href":"https:\/\/www.harveyspahotel.com\/de\/wp-json\/wp\/v2\/pages"}],"about":[{"href":"https:\/\/www.harveyspahotel.com\/de\/wp-json\/wp\/v2\/types\/page"}],"author":[{"embeddable":true,"href":"https:\/\/www.harveyspahotel.com\/de\/wp-json\/wp\/v2\/users\/7"}],"replies":[{"embeddable":true,"href":"https:\/\/www.harveyspahotel.com\/de\/wp-json\/wp\/v2\/comments?post=657"}],"version-history":[{"count":0,"href":"https:\/\/www.harveyspahotel.com\/de\/wp-json\/wp\/v2\/pages\/657\/revisions"}],"up":[{"embeddable":true,"href":"https:\/\/www.harveyspahotel.com\/de\/wp-json\/wp\/v2\/pages\/650"}],"wp:attachment":[{"href":"https:\/\/www.harveyspahotel.com\/de\/wp-json\/wp\/v2\/media?parent=657"}],"curies":[{"name":"wp","href":"https:\/\/api.w.org\/{rel}","templated":true}]}}