{"id":658,"date":"2023-08-02T10:00:00","date_gmt":"2023-08-02T10:00:00","guid":{"rendered":"https:\/\/www.harveyspahotel.com\/?page_id=658"},"modified":"2026-02-01T16:22:07","modified_gmt":"2026-02-01T16:22:07","slug":"schwimmbad","status":"publish","type":"page","link":"https:\/\/www.harveyspahotel.com\/de\/wellness\/schwimmbad\/","title":{"rendered":"Entspannungsbecken"},"content":{"rendered":"<p>Schwimmen setzt, wie jede andere sportliche Bet\u00e4tigung auch, Endorphine im Gehirn frei. Das sind die Hormone, die daf\u00fcr sorgen, dass man sich gut f\u00fchlt. Sie tragen zu mehr Positivit\u00e4t bei und schaffen ein Gef\u00fchl des Wohlbefindens und des Gl\u00fccks. Einige Untersuchungen haben gezeigt, dass Schwimmen zur Stressbew\u00e4ltigung beitragen kann.<\/p>\n<p>Beim Schwimmen bleibt die Herzfrequenz auf einem h\u00f6heren Niveau, aber der K\u00f6rper wird entlastet. Es baut Ausdauer, Muskelkraft und Herz-Kreislauf-Kondition auf. Es hilft Ihnen, ein gesundes Gewicht, ein gesundes Herz und eine gesunde Lunge zu erhalten. Es st\u00e4rkt die Muskeln und baut Kraft auf. All das sind gute Gr\u00fcnde, unser Schwimmbad zu besuchen und einen gesunden Lebensstil zu beginnen.<\/p>\n","protected":false},"excerpt":{"rendered":"<p>Schwimmen setzt, wie jede andere sportliche Bet\u00e4tigung auch, Endorphine im Gehirn frei. Das sind die Hormone, die daf\u00fcr sorgen, dass man sich gut f\u00fchlt. Sie tragen zu mehr Positivit\u00e4t bei und schaffen ein Gef\u00fchl des Wohlbefindens und des Gl\u00fccks. Einige Untersuchungen haben gezeigt, dass Schwimmen zur Stressbew\u00e4ltigung beitragen kann. Beim Schwimmen bleibt die Herzfrequenz auf [&hellip;]<\/p>\n","protected":false},"author":7,"featured_media":0,"parent":650,"menu_order":50,"comment_status":"closed","ping_status":"closed","template":"template-single-spa.php","meta":{"footnotes":""},"class_list":["post-658","page","type-page","status-publish","hentry"],"yoast_head":"<!-- This site is optimized with the Yoast SEO plugin v27.3 - https:\/\/yoast.com\/product\/yoast-seo-wordpress\/ -->\n<title>Entspannungsbecken - Harvey Spa Hotel - Franzensbad<\/title>\n<meta name=\"description\" content=\"F\u00fcr perfekte Entspannung besuchen Sie auch den Hotelpool im Harvey Spa Hotel. Dieser Service ist f\u00fcr Hotelg\u00e4ste v\u00f6llig kostenlos.\" \/>\n<meta name=\"robots\" content=\"index, follow, max-snippet:-1, max-image-preview:large, max-video-preview:-1\" \/>\n<link rel=\"canonical\" href=\"https:\/\/www.harveyspahotel.com\/de\/wellness\/schwimmbad\/\" \/>\n<meta property=\"og:locale\" content=\"de_DE\" \/>\n<meta property=\"og:type\" content=\"article\" \/>\n<meta property=\"og:title\" content=\"Entspannungsbecken - Harvey Spa Hotel - Franzensbad\" \/>\n<meta property=\"og:description\" content=\"F\u00fcr perfekte Entspannung besuchen Sie auch den Hotelpool im Harvey Spa Hotel. Dieser Service ist f\u00fcr Hotelg\u00e4ste v\u00f6llig kostenlos.\" \/>\n<meta property=\"og:url\" content=\"https:\/\/www.harveyspahotel.com\/de\/wellness\/schwimmbad\/\" \/>\n<meta property=\"og:site_name\" content=\"Harvey Spa Hotel\" \/>\n<meta property=\"article:modified_time\" content=\"2026-02-01T16:22:07+00:00\" \/>\n<meta name=\"twitter:card\" content=\"summary_large_image\" \/>\n<meta name=\"twitter:label1\" content=\"Gesch\u00e4tzte Lesezeit\" \/>\n\t<meta name=\"twitter:data1\" content=\"1 Minute\" \/>\n<script type=\"application\/ld+json\" class=\"yoast-schema-graph\">{\"@context\":\"https:\\\/\\\/schema.org\",\"@graph\":[{\"@type\":\"WebPage\",\"@id\":\"https:\\\/\\\/www.harveyspahotel.com\\\/de\\\/wellness\\\/schwimmbad\\\/\",\"url\":\"https:\\\/\\\/www.harveyspahotel.com\\\/de\\\/wellness\\\/schwimmbad\\\/\",\"name\":\"Entspannungsbecken - Harvey Spa Hotel - Franzensbad\",\"isPartOf\":{\"@id\":\"https:\\\/\\\/www.harveyspahotel.com\\\/de\\\/#website\"},\"datePublished\":\"2023-08-02T10:00:00+00:00\",\"dateModified\":\"2026-02-01T16:22:07+00:00\",\"description\":\"F\u00fcr perfekte Entspannung besuchen Sie auch den Hotelpool im Harvey Spa Hotel. Dieser Service ist f\u00fcr Hotelg\u00e4ste v\u00f6llig kostenlos.\",\"breadcrumb\":{\"@id\":\"https:\\\/\\\/www.harveyspahotel.com\\\/de\\\/wellness\\\/schwimmbad\\\/#breadcrumb\"},\"inLanguage\":\"de-DE\",\"potentialAction\":[{\"@type\":\"ReadAction\",\"target\":[\"https:\\\/\\\/www.harveyspahotel.com\\\/de\\\/wellness\\\/schwimmbad\\\/\"]}]},{\"@type\":\"BreadcrumbList\",\"@id\":\"https:\\\/\\\/www.harveyspahotel.com\\\/de\\\/wellness\\\/schwimmbad\\\/#breadcrumb\",\"itemListElement\":[{\"@type\":\"ListItem\",\"position\":1,\"name\":\"Home\",\"item\":\"https:\\\/\\\/www.harveyspahotel.com\\\/de\\\/\"},{\"@type\":\"ListItem\",\"position\":2,\"name\":\"Wellness\",\"item\":\"https:\\\/\\\/www.harveyspahotel.com\\\/de\\\/wellness\\\/\"},{\"@type\":\"ListItem\",\"position\":3,\"name\":\"Entspannungsbecken\"}]},{\"@type\":\"WebSite\",\"@id\":\"https:\\\/\\\/www.harveyspahotel.com\\\/de\\\/#website\",\"url\":\"https:\\\/\\\/www.harveyspahotel.com\\\/de\\\/\",\"name\":\"Harvey Spa Hotel\",\"description\":\"\",\"potentialAction\":[{\"@type\":\"SearchAction\",\"target\":{\"@type\":\"EntryPoint\",\"urlTemplate\":\"https:\\\/\\\/www.harveyspahotel.com\\\/de\\\/?s={search_term_string}\"},\"query-input\":{\"@type\":\"PropertyValueSpecification\",\"valueRequired\":true,\"valueName\":\"search_term_string\"}}],\"inLanguage\":\"de-DE\"}]}<\/script>\n<!-- \/ Yoast SEO plugin. -->","yoast_head_json":{"title":"Entspannungsbecken - Harvey Spa Hotel - Franzensbad","description":"F\u00fcr perfekte Entspannung besuchen Sie auch den Hotelpool im Harvey Spa Hotel. Dieser Service ist f\u00fcr Hotelg\u00e4ste v\u00f6llig kostenlos.","robots":{"index":"index","follow":"follow","max-snippet":"max-snippet:-1","max-image-preview":"max-image-preview:large","max-video-preview":"max-video-preview:-1"},"canonical":"https:\/\/www.harveyspahotel.com\/de\/wellness\/schwimmbad\/","og_locale":"de_DE","og_type":"article","og_title":"Entspannungsbecken - Harvey Spa Hotel - Franzensbad","og_description":"F\u00fcr perfekte Entspannung besuchen Sie auch den Hotelpool im Harvey Spa Hotel. Dieser Service ist f\u00fcr Hotelg\u00e4ste v\u00f6llig kostenlos.","og_url":"https:\/\/www.harveyspahotel.com\/de\/wellness\/schwimmbad\/","og_site_name":"Harvey Spa Hotel","article_modified_time":"2026-02-01T16:22:07+00:00","twitter_card":"summary_large_image","twitter_misc":{"Gesch\u00e4tzte Lesezeit":"1 Minute"},"schema":{"@context":"https:\/\/schema.org","@graph":[{"@type":"WebPage","@id":"https:\/\/www.harveyspahotel.com\/de\/wellness\/schwimmbad\/","url":"https:\/\/www.harveyspahotel.com\/de\/wellness\/schwimmbad\/","name":"Entspannungsbecken - Harvey Spa Hotel - Franzensbad","isPartOf":{"@id":"https:\/\/www.harveyspahotel.com\/de\/#website"},"datePublished":"2023-08-02T10:00:00+00:00","dateModified":"2026-02-01T16:22:07+00:00","description":"F\u00fcr perfekte Entspannung besuchen Sie auch den Hotelpool im Harvey Spa Hotel. Dieser Service ist f\u00fcr Hotelg\u00e4ste v\u00f6llig kostenlos.","breadcrumb":{"@id":"https:\/\/www.harveyspahotel.com\/de\/wellness\/schwimmbad\/#breadcrumb"},"inLanguage":"de-DE","potentialAction":[{"@type":"ReadAction","target":["https:\/\/www.harveyspahotel.com\/de\/wellness\/schwimmbad\/"]}]},{"@type":"BreadcrumbList","@id":"https:\/\/www.harveyspahotel.com\/de\/wellness\/schwimmbad\/#breadcrumb","itemListElement":[{"@type":"ListItem","position":1,"name":"Home","item":"https:\/\/www.harveyspahotel.com\/de\/"},{"@type":"ListItem","position":2,"name":"Wellness","item":"https:\/\/www.harveyspahotel.com\/de\/wellness\/"},{"@type":"ListItem","position":3,"name":"Entspannungsbecken"}]},{"@type":"WebSite","@id":"https:\/\/www.harveyspahotel.com\/de\/#website","url":"https:\/\/www.harveyspahotel.com\/de\/","name":"Harvey Spa Hotel","description":"","potentialAction":[{"@type":"SearchAction","target":{"@type":"EntryPoint","urlTemplate":"https:\/\/www.harveyspahotel.com\/de\/?s={search_term_string}"},"query-input":{"@type":"PropertyValueSpecification","valueRequired":true,"valueName":"search_term_string"}}],"inLanguage":"de-DE"}]}},"acf":[],"_links":{"self":[{"href":"https:\/\/www.harveyspahotel.com\/de\/wp-json\/wp\/v2\/pages\/658","targetHints":{"allow":["GET"]}}],"collection":[{"href":"https:\/\/www.harveyspahotel.com\/de\/wp-json\/wp\/v2\/pages"}],"about":[{"href":"https:\/\/www.harveyspahotel.com\/de\/wp-json\/wp\/v2\/types\/page"}],"author":[{"embeddable":true,"href":"https:\/\/www.harveyspahotel.com\/de\/wp-json\/wp\/v2\/users\/7"}],"replies":[{"embeddable":true,"href":"https:\/\/www.harveyspahotel.com\/de\/wp-json\/wp\/v2\/comments?post=658"}],"version-history":[{"count":0,"href":"https:\/\/www.harveyspahotel.com\/de\/wp-json\/wp\/v2\/pages\/658\/revisions"}],"up":[{"embeddable":true,"href":"https:\/\/www.harveyspahotel.com\/de\/wp-json\/wp\/v2\/pages\/650"}],"wp:attachment":[{"href":"https:\/\/www.harveyspahotel.com\/de\/wp-json\/wp\/v2\/media?parent=658"}],"curies":[{"name":"wp","href":"https:\/\/api.w.org\/{rel}","templated":true}]}}