{"id":666,"date":"2023-08-03T13:26:40","date_gmt":"2023-08-03T13:26:40","guid":{"rendered":"https:\/\/www.harveyspahotel.com\/?page_id=666"},"modified":"2026-02-17T09:23:32","modified_gmt":"2026-02-17T09:23:32","slug":"geschenkgutscheine","status":"publish","type":"page","link":"https:\/\/www.harveyspahotel.com\/de\/geschenkgutscheine\/","title":{"rendered":"Geschenkgutscheine"},"content":{"rendered":"<p style=\"text-align: center\">Nutzen Sie unsere speziellen Geschenkgutscheine und schenken Sie Ihren Lieben oder Freunden unsere Dienste.Klicken Sie einfach auf die Schaltfl\u00e4che unten und w\u00e4hlen Sie aus dem Gutscheinmen\u00fc aus.<\/p>\n<p style=\"text-align: center\">Sollten die angebotenen Gutscheine nicht Ihren Anforderungen entsprechen, kontaktieren Sie uns bitte, wir helfen Ihnen gerne bei der Erstellung eines ma\u00dfgeschneiderten Gutscheins.<\/p>\n<p>&nbsp;<\/p>\n","protected":false},"excerpt":{"rendered":"<p>Nutzen Sie unsere speziellen Geschenkgutscheine und schenken Sie Ihren Lieben oder Freunden unsere Dienste.Klicken Sie einfach auf die Schaltfl\u00e4che unten und w\u00e4hlen Sie aus dem Gutscheinmen\u00fc aus. Sollten die angebotenen Gutscheine nicht Ihren Anforderungen entsprechen, kontaktieren Sie uns bitte, wir helfen Ihnen gerne bei der Erstellung eines ma\u00dfgeschneiderten Gutscheins. &nbsp;<\/p>\n","protected":false},"author":7,"featured_media":0,"parent":0,"menu_order":70,"comment_status":"closed","ping_status":"closed","template":"","meta":{"footnotes":""},"class_list":["post-666","page","type-page","status-publish","hentry"],"yoast_head":"<!-- This site is optimized with the Yoast SEO plugin v27.3 - https:\/\/yoast.com\/product\/yoast-seo-wordpress\/ -->\n<title>Geschenkgutscheine - Harvey Spa Hotel - Franzensbad<\/title>\n<meta name=\"description\" content=\"Schenken Sie ein Erlebnis, spenden Sie einen Aufenthalt bei uns. Eine gro\u00dfe Auswahl an Optionen im Harvey Spa Hotel. Kontaktiere uns heute.\" \/>\n<meta name=\"robots\" content=\"index, follow, max-snippet:-1, max-image-preview:large, max-video-preview:-1\" \/>\n<link rel=\"canonical\" href=\"https:\/\/www.harveyspahotel.com\/de\/geschenkgutscheine\/\" \/>\n<meta property=\"og:locale\" content=\"de_DE\" \/>\n<meta property=\"og:type\" content=\"article\" \/>\n<meta property=\"og:title\" content=\"Geschenkgutscheine - Harvey Spa Hotel - Franzensbad\" \/>\n<meta property=\"og:description\" content=\"Schenken Sie ein Erlebnis, spenden Sie einen Aufenthalt bei uns. Eine gro\u00dfe Auswahl an Optionen im Harvey Spa Hotel. Kontaktiere uns heute.\" \/>\n<meta property=\"og:url\" content=\"https:\/\/www.harveyspahotel.com\/de\/geschenkgutscheine\/\" \/>\n<meta property=\"og:site_name\" content=\"Harvey Spa Hotel\" \/>\n<meta property=\"article:modified_time\" content=\"2026-02-17T09:23:32+00:00\" \/>\n<meta name=\"twitter:card\" content=\"summary_large_image\" \/>\n<meta name=\"twitter:label1\" content=\"Gesch\u00e4tzte Lesezeit\" \/>\n\t<meta name=\"twitter:data1\" content=\"1 Minute\" \/>\n<script type=\"application\/ld+json\" class=\"yoast-schema-graph\">{\"@context\":\"https:\\\/\\\/schema.org\",\"@graph\":[{\"@type\":\"WebPage\",\"@id\":\"https:\\\/\\\/www.harveyspahotel.com\\\/de\\\/geschenkgutscheine\\\/\",\"url\":\"https:\\\/\\\/www.harveyspahotel.com\\\/de\\\/geschenkgutscheine\\\/\",\"name\":\"Geschenkgutscheine - Harvey Spa Hotel - Franzensbad\",\"isPartOf\":{\"@id\":\"https:\\\/\\\/www.harveyspahotel.com\\\/de\\\/#website\"},\"datePublished\":\"2023-08-03T13:26:40+00:00\",\"dateModified\":\"2026-02-17T09:23:32+00:00\",\"description\":\"Schenken Sie ein Erlebnis, spenden Sie einen Aufenthalt bei uns. Eine gro\u00dfe Auswahl an Optionen im Harvey Spa Hotel. Kontaktiere uns heute.\",\"breadcrumb\":{\"@id\":\"https:\\\/\\\/www.harveyspahotel.com\\\/de\\\/geschenkgutscheine\\\/#breadcrumb\"},\"inLanguage\":\"de-DE\",\"potentialAction\":[{\"@type\":\"ReadAction\",\"target\":[\"https:\\\/\\\/www.harveyspahotel.com\\\/de\\\/geschenkgutscheine\\\/\"]}]},{\"@type\":\"BreadcrumbList\",\"@id\":\"https:\\\/\\\/www.harveyspahotel.com\\\/de\\\/geschenkgutscheine\\\/#breadcrumb\",\"itemListElement\":[{\"@type\":\"ListItem\",\"position\":1,\"name\":\"Home\",\"item\":\"https:\\\/\\\/www.harveyspahotel.com\\\/de\\\/\"},{\"@type\":\"ListItem\",\"position\":2,\"name\":\"Geschenkgutscheine\"}]},{\"@type\":\"WebSite\",\"@id\":\"https:\\\/\\\/www.harveyspahotel.com\\\/de\\\/#website\",\"url\":\"https:\\\/\\\/www.harveyspahotel.com\\\/de\\\/\",\"name\":\"Harvey Spa Hotel\",\"description\":\"\",\"potentialAction\":[{\"@type\":\"SearchAction\",\"target\":{\"@type\":\"EntryPoint\",\"urlTemplate\":\"https:\\\/\\\/www.harveyspahotel.com\\\/de\\\/?s={search_term_string}\"},\"query-input\":{\"@type\":\"PropertyValueSpecification\",\"valueRequired\":true,\"valueName\":\"search_term_string\"}}],\"inLanguage\":\"de-DE\"}]}<\/script>\n<!-- \/ Yoast SEO plugin. -->","yoast_head_json":{"title":"Geschenkgutscheine - Harvey Spa Hotel - Franzensbad","description":"Schenken Sie ein Erlebnis, spenden Sie einen Aufenthalt bei uns. Eine gro\u00dfe Auswahl an Optionen im Harvey Spa Hotel. Kontaktiere uns heute.","robots":{"index":"index","follow":"follow","max-snippet":"max-snippet:-1","max-image-preview":"max-image-preview:large","max-video-preview":"max-video-preview:-1"},"canonical":"https:\/\/www.harveyspahotel.com\/de\/geschenkgutscheine\/","og_locale":"de_DE","og_type":"article","og_title":"Geschenkgutscheine - Harvey Spa Hotel - Franzensbad","og_description":"Schenken Sie ein Erlebnis, spenden Sie einen Aufenthalt bei uns. Eine gro\u00dfe Auswahl an Optionen im Harvey Spa Hotel. Kontaktiere uns heute.","og_url":"https:\/\/www.harveyspahotel.com\/de\/geschenkgutscheine\/","og_site_name":"Harvey Spa Hotel","article_modified_time":"2026-02-17T09:23:32+00:00","twitter_card":"summary_large_image","twitter_misc":{"Gesch\u00e4tzte Lesezeit":"1 Minute"},"schema":{"@context":"https:\/\/schema.org","@graph":[{"@type":"WebPage","@id":"https:\/\/www.harveyspahotel.com\/de\/geschenkgutscheine\/","url":"https:\/\/www.harveyspahotel.com\/de\/geschenkgutscheine\/","name":"Geschenkgutscheine - Harvey Spa Hotel - Franzensbad","isPartOf":{"@id":"https:\/\/www.harveyspahotel.com\/de\/#website"},"datePublished":"2023-08-03T13:26:40+00:00","dateModified":"2026-02-17T09:23:32+00:00","description":"Schenken Sie ein Erlebnis, spenden Sie einen Aufenthalt bei uns. Eine gro\u00dfe Auswahl an Optionen im Harvey Spa Hotel. Kontaktiere uns heute.","breadcrumb":{"@id":"https:\/\/www.harveyspahotel.com\/de\/geschenkgutscheine\/#breadcrumb"},"inLanguage":"de-DE","potentialAction":[{"@type":"ReadAction","target":["https:\/\/www.harveyspahotel.com\/de\/geschenkgutscheine\/"]}]},{"@type":"BreadcrumbList","@id":"https:\/\/www.harveyspahotel.com\/de\/geschenkgutscheine\/#breadcrumb","itemListElement":[{"@type":"ListItem","position":1,"name":"Home","item":"https:\/\/www.harveyspahotel.com\/de\/"},{"@type":"ListItem","position":2,"name":"Geschenkgutscheine"}]},{"@type":"WebSite","@id":"https:\/\/www.harveyspahotel.com\/de\/#website","url":"https:\/\/www.harveyspahotel.com\/de\/","name":"Harvey Spa Hotel","description":"","potentialAction":[{"@type":"SearchAction","target":{"@type":"EntryPoint","urlTemplate":"https:\/\/www.harveyspahotel.com\/de\/?s={search_term_string}"},"query-input":{"@type":"PropertyValueSpecification","valueRequired":true,"valueName":"search_term_string"}}],"inLanguage":"de-DE"}]}},"acf":[],"_links":{"self":[{"href":"https:\/\/www.harveyspahotel.com\/de\/wp-json\/wp\/v2\/pages\/666","targetHints":{"allow":["GET"]}}],"collection":[{"href":"https:\/\/www.harveyspahotel.com\/de\/wp-json\/wp\/v2\/pages"}],"about":[{"href":"https:\/\/www.harveyspahotel.com\/de\/wp-json\/wp\/v2\/types\/page"}],"author":[{"embeddable":true,"href":"https:\/\/www.harveyspahotel.com\/de\/wp-json\/wp\/v2\/users\/7"}],"replies":[{"embeddable":true,"href":"https:\/\/www.harveyspahotel.com\/de\/wp-json\/wp\/v2\/comments?post=666"}],"version-history":[{"count":0,"href":"https:\/\/www.harveyspahotel.com\/de\/wp-json\/wp\/v2\/pages\/666\/revisions"}],"wp:attachment":[{"href":"https:\/\/www.harveyspahotel.com\/de\/wp-json\/wp\/v2\/media?parent=666"}],"curies":[{"name":"wp","href":"https:\/\/api.w.org\/{rel}","templated":true}]}}