{"id":672,"date":"2023-08-03T13:50:30","date_gmt":"2023-08-03T13:50:30","guid":{"rendered":"https:\/\/www.harveyspahotel.com\/?page_id=672"},"modified":"2024-05-09T09:21:49","modified_gmt":"2024-05-09T09:21:49","slug":"tipps-fuer-ausfluege-in-die-umgebung","status":"publish","type":"page","link":"https:\/\/www.harveyspahotel.com\/de\/wo-finden-sie-uns\/tipps-fuer-ausfluege-in-die-umgebung\/","title":{"rendered":"Tipps f\u00fcr Ausfl\u00fcge in die Umgebung"},"content":{"rendered":"<p style=\"text-align: center\">Sie k\u00f6nnen Ihren Besuch in Franzensbad auch mit Ausfl\u00fcgen in die Umgebung aufpeppen. Egal, ob Sie Natursch\u00f6nheiten und technische Sehensw\u00fcrdigkeiten lieben oder gerne Burgen und Schl\u00f6sser besichtigen, wir haben Empfehlungen f\u00fcr jeden. Hier ist eine kleine Inspiration. F\u00fcr weitere Informationen wenden Sie sich bitte an unsere Hotelrezeption.<\/p>\n<p style=\"text-align: center\">Anmerkung: &#8222;Die verwendeten Fotos stammen von <a href=\"https:\/\/www.frantiskovy-lazne.info\/de\" target=\"_blank\" rel=\"noopener\">www.frantiskovy-lazne.info<\/a> und <a href=\"https:\/\/www.kvpoint.cz\/en\/\" target=\"_blank\" rel=\"noopener\">www.kvpoint.cz<\/a>. Wir bedanken uns.<\/p>\n","protected":false},"excerpt":{"rendered":"<p>Sie k\u00f6nnen Ihren Besuch in Franzensbad auch mit Ausfl\u00fcgen in die Umgebung aufpeppen. Egal, ob Sie Natursch\u00f6nheiten und technische Sehensw\u00fcrdigkeiten lieben oder gerne Burgen und Schl\u00f6sser besichtigen, wir haben Empfehlungen f\u00fcr jeden. Hier ist eine kleine Inspiration. F\u00fcr weitere Informationen wenden Sie sich bitte an unsere Hotelrezeption. Anmerkung: &#8222;Die verwendeten Fotos stammen von www.frantiskovy-lazne.info und [&hellip;]<\/p>\n","protected":false},"author":7,"featured_media":0,"parent":671,"menu_order":10,"comment_status":"closed","ping_status":"closed","template":"template-travel-tips.php","meta":{"footnotes":""},"class_list":["post-672","page","type-page","status-publish","hentry"],"yoast_head":"<!-- This site is optimized with the Yoast SEO plugin v27.3 - https:\/\/yoast.com\/product\/yoast-seo-wordpress\/ -->\n<title>Tipps f\u00fcr Ausfl\u00fcge in die Umgebung - Harvey Spa Hotel -<\/title>\n<meta name=\"description\" content=\"Franti\u0161kovy L\u00e1zn\u011b hat viel zu bieten, aber um mehr dar\u00fcber zu erfahren, finden Sie hier die Tipps f\u00fcr Ausfl\u00fcge in die Umgebung.\" \/>\n<meta name=\"robots\" content=\"index, follow, max-snippet:-1, max-image-preview:large, max-video-preview:-1\" \/>\n<link rel=\"canonical\" href=\"https:\/\/www.harveyspahotel.com\/de\/wo-finden-sie-uns\/tipps-fuer-ausfluege-in-die-umgebung\/\" \/>\n<meta property=\"og:locale\" content=\"de_DE\" \/>\n<meta property=\"og:type\" content=\"article\" \/>\n<meta property=\"og:title\" content=\"Tipps f\u00fcr Ausfl\u00fcge in die Umgebung - Harvey Spa Hotel -\" \/>\n<meta property=\"og:description\" content=\"Franti\u0161kovy L\u00e1zn\u011b hat viel zu bieten, aber um mehr dar\u00fcber zu erfahren, finden Sie hier die Tipps f\u00fcr Ausfl\u00fcge in die Umgebung.\" \/>\n<meta property=\"og:url\" content=\"https:\/\/www.harveyspahotel.com\/de\/wo-finden-sie-uns\/tipps-fuer-ausfluege-in-die-umgebung\/\" \/>\n<meta property=\"og:site_name\" content=\"Harvey Spa Hotel\" \/>\n<meta property=\"article:modified_time\" content=\"2024-05-09T09:21:49+00:00\" \/>\n<meta name=\"twitter:card\" content=\"summary_large_image\" \/>\n<meta name=\"twitter:label1\" content=\"Gesch\u00e4tzte Lesezeit\" \/>\n\t<meta name=\"twitter:data1\" content=\"1 Minute\" \/>\n<script type=\"application\/ld+json\" class=\"yoast-schema-graph\">{\"@context\":\"https:\\\/\\\/schema.org\",\"@graph\":[{\"@type\":\"WebPage\",\"@id\":\"https:\\\/\\\/www.harveyspahotel.com\\\/de\\\/wo-finden-sie-uns\\\/tipps-fuer-ausfluege-in-die-umgebung\\\/\",\"url\":\"https:\\\/\\\/www.harveyspahotel.com\\\/de\\\/wo-finden-sie-uns\\\/tipps-fuer-ausfluege-in-die-umgebung\\\/\",\"name\":\"Tipps f\u00fcr Ausfl\u00fcge in die Umgebung - Harvey Spa Hotel -\",\"isPartOf\":{\"@id\":\"https:\\\/\\\/www.harveyspahotel.com\\\/de\\\/#website\"},\"datePublished\":\"2023-08-03T13:50:30+00:00\",\"dateModified\":\"2024-05-09T09:21:49+00:00\",\"description\":\"Franti\u0161kovy L\u00e1zn\u011b hat viel zu bieten, aber um mehr dar\u00fcber zu erfahren, finden Sie hier die Tipps f\u00fcr Ausfl\u00fcge in die Umgebung.\",\"breadcrumb\":{\"@id\":\"https:\\\/\\\/www.harveyspahotel.com\\\/de\\\/wo-finden-sie-uns\\\/tipps-fuer-ausfluege-in-die-umgebung\\\/#breadcrumb\"},\"inLanguage\":\"de-DE\",\"potentialAction\":[{\"@type\":\"ReadAction\",\"target\":[\"https:\\\/\\\/www.harveyspahotel.com\\\/de\\\/wo-finden-sie-uns\\\/tipps-fuer-ausfluege-in-die-umgebung\\\/\"]}]},{\"@type\":\"BreadcrumbList\",\"@id\":\"https:\\\/\\\/www.harveyspahotel.com\\\/de\\\/wo-finden-sie-uns\\\/tipps-fuer-ausfluege-in-die-umgebung\\\/#breadcrumb\",\"itemListElement\":[{\"@type\":\"ListItem\",\"position\":1,\"name\":\"Home\",\"item\":\"https:\\\/\\\/www.harveyspahotel.com\\\/de\\\/\"},{\"@type\":\"ListItem\",\"position\":2,\"name\":\"Wo finden Sie uns\",\"item\":\"https:\\\/\\\/www.harveyspahotel.com\\\/de\\\/wo-finden-sie-uns\\\/\"},{\"@type\":\"ListItem\",\"position\":3,\"name\":\"Tipps f\u00fcr Ausfl\u00fcge in die Umgebung\"}]},{\"@type\":\"WebSite\",\"@id\":\"https:\\\/\\\/www.harveyspahotel.com\\\/de\\\/#website\",\"url\":\"https:\\\/\\\/www.harveyspahotel.com\\\/de\\\/\",\"name\":\"Harvey Spa Hotel\",\"description\":\"\",\"potentialAction\":[{\"@type\":\"SearchAction\",\"target\":{\"@type\":\"EntryPoint\",\"urlTemplate\":\"https:\\\/\\\/www.harveyspahotel.com\\\/de\\\/?s={search_term_string}\"},\"query-input\":{\"@type\":\"PropertyValueSpecification\",\"valueRequired\":true,\"valueName\":\"search_term_string\"}}],\"inLanguage\":\"de-DE\"}]}<\/script>\n<!-- \/ Yoast SEO plugin. -->","yoast_head_json":{"title":"Tipps f\u00fcr Ausfl\u00fcge in die Umgebung - Harvey Spa Hotel -","description":"Franti\u0161kovy L\u00e1zn\u011b hat viel zu bieten, aber um mehr dar\u00fcber zu erfahren, finden Sie hier die Tipps f\u00fcr Ausfl\u00fcge in die Umgebung.","robots":{"index":"index","follow":"follow","max-snippet":"max-snippet:-1","max-image-preview":"max-image-preview:large","max-video-preview":"max-video-preview:-1"},"canonical":"https:\/\/www.harveyspahotel.com\/de\/wo-finden-sie-uns\/tipps-fuer-ausfluege-in-die-umgebung\/","og_locale":"de_DE","og_type":"article","og_title":"Tipps f\u00fcr Ausfl\u00fcge in die Umgebung - Harvey Spa Hotel -","og_description":"Franti\u0161kovy L\u00e1zn\u011b hat viel zu bieten, aber um mehr dar\u00fcber zu erfahren, finden Sie hier die Tipps f\u00fcr Ausfl\u00fcge in die Umgebung.","og_url":"https:\/\/www.harveyspahotel.com\/de\/wo-finden-sie-uns\/tipps-fuer-ausfluege-in-die-umgebung\/","og_site_name":"Harvey Spa Hotel","article_modified_time":"2024-05-09T09:21:49+00:00","twitter_card":"summary_large_image","twitter_misc":{"Gesch\u00e4tzte Lesezeit":"1 Minute"},"schema":{"@context":"https:\/\/schema.org","@graph":[{"@type":"WebPage","@id":"https:\/\/www.harveyspahotel.com\/de\/wo-finden-sie-uns\/tipps-fuer-ausfluege-in-die-umgebung\/","url":"https:\/\/www.harveyspahotel.com\/de\/wo-finden-sie-uns\/tipps-fuer-ausfluege-in-die-umgebung\/","name":"Tipps f\u00fcr Ausfl\u00fcge in die Umgebung - Harvey Spa Hotel -","isPartOf":{"@id":"https:\/\/www.harveyspahotel.com\/de\/#website"},"datePublished":"2023-08-03T13:50:30+00:00","dateModified":"2024-05-09T09:21:49+00:00","description":"Franti\u0161kovy L\u00e1zn\u011b hat viel zu bieten, aber um mehr dar\u00fcber zu erfahren, finden Sie hier die Tipps f\u00fcr Ausfl\u00fcge in die Umgebung.","breadcrumb":{"@id":"https:\/\/www.harveyspahotel.com\/de\/wo-finden-sie-uns\/tipps-fuer-ausfluege-in-die-umgebung\/#breadcrumb"},"inLanguage":"de-DE","potentialAction":[{"@type":"ReadAction","target":["https:\/\/www.harveyspahotel.com\/de\/wo-finden-sie-uns\/tipps-fuer-ausfluege-in-die-umgebung\/"]}]},{"@type":"BreadcrumbList","@id":"https:\/\/www.harveyspahotel.com\/de\/wo-finden-sie-uns\/tipps-fuer-ausfluege-in-die-umgebung\/#breadcrumb","itemListElement":[{"@type":"ListItem","position":1,"name":"Home","item":"https:\/\/www.harveyspahotel.com\/de\/"},{"@type":"ListItem","position":2,"name":"Wo finden Sie uns","item":"https:\/\/www.harveyspahotel.com\/de\/wo-finden-sie-uns\/"},{"@type":"ListItem","position":3,"name":"Tipps f\u00fcr Ausfl\u00fcge in die Umgebung"}]},{"@type":"WebSite","@id":"https:\/\/www.harveyspahotel.com\/de\/#website","url":"https:\/\/www.harveyspahotel.com\/de\/","name":"Harvey Spa Hotel","description":"","potentialAction":[{"@type":"SearchAction","target":{"@type":"EntryPoint","urlTemplate":"https:\/\/www.harveyspahotel.com\/de\/?s={search_term_string}"},"query-input":{"@type":"PropertyValueSpecification","valueRequired":true,"valueName":"search_term_string"}}],"inLanguage":"de-DE"}]}},"acf":[],"_links":{"self":[{"href":"https:\/\/www.harveyspahotel.com\/de\/wp-json\/wp\/v2\/pages\/672","targetHints":{"allow":["GET"]}}],"collection":[{"href":"https:\/\/www.harveyspahotel.com\/de\/wp-json\/wp\/v2\/pages"}],"about":[{"href":"https:\/\/www.harveyspahotel.com\/de\/wp-json\/wp\/v2\/types\/page"}],"author":[{"embeddable":true,"href":"https:\/\/www.harveyspahotel.com\/de\/wp-json\/wp\/v2\/users\/7"}],"replies":[{"embeddable":true,"href":"https:\/\/www.harveyspahotel.com\/de\/wp-json\/wp\/v2\/comments?post=672"}],"version-history":[{"count":0,"href":"https:\/\/www.harveyspahotel.com\/de\/wp-json\/wp\/v2\/pages\/672\/revisions"}],"up":[{"embeddable":true,"href":"https:\/\/www.harveyspahotel.com\/de\/wp-json\/wp\/v2\/pages\/671"}],"wp:attachment":[{"href":"https:\/\/www.harveyspahotel.com\/de\/wp-json\/wp\/v2\/media?parent=672"}],"curies":[{"name":"wp","href":"https:\/\/api.w.org\/{rel}","templated":true}]}}