{"id":674,"date":"2023-08-03T13:51:46","date_gmt":"2023-08-03T13:51:46","guid":{"rendered":"https:\/\/www.harveyspahotel.com\/?page_id=674"},"modified":"2025-08-07T13:01:03","modified_gmt":"2025-08-07T13:01:03","slug":"amerika-und-jadran","status":"publish","type":"page","link":"https:\/\/www.harveyspahotel.com\/de\/wo-finden-sie-uns\/tipps-fuer-ausfluege-in-die-umgebung\/amerika-und-jadran\/","title":{"rendered":"Amerika und Jadran"},"content":{"rendered":"<p>Beide Teiche geh\u00f6ren zu einem gro\u00dfen Teichsystem, das sich im Waldpark Amerika am Rande von Franzensbad erstreckt. Das gesamte Gebiet mit seinem gut gepflegten Netz von Waldwegen und Rastpl\u00e4tzen dient vor allem den Besuchern des Kurortes zur Erholung. Am Teich gibt es einen Strand, und ein kleiner Tierpark tr\u00e4gt zur Ausflugsatmosph\u00e4re bei. Das gesamte Gebiet ist auch ein nat\u00fcrlicher Lebensraum, in dem eine gro\u00dfe Anzahl seltener Wasserv\u00f6gel nistet.<\/p>\n","protected":false},"excerpt":{"rendered":"<p>Beide Teiche geh\u00f6ren zu einem gro\u00dfen Teichsystem, das sich im Waldpark Amerika am Rande von Franzensbad erstreckt. Das gesamte Gebiet mit seinem gut gepflegten Netz von Waldwegen und Rastpl\u00e4tzen dient vor allem den Besuchern des Kurortes zur Erholung. Am Teich gibt es einen Strand, und ein kleiner Tierpark tr\u00e4gt zur Ausflugsatmosph\u00e4re bei. Das gesamte Gebiet [&hellip;]<\/p>\n","protected":false},"author":7,"featured_media":0,"parent":672,"menu_order":10,"comment_status":"closed","ping_status":"closed","template":"","meta":{"footnotes":""},"class_list":["post-674","page","type-page","status-publish","hentry"],"yoast_head":"<!-- This site is optimized with the Yoast SEO plugin v27.3 - https:\/\/yoast.com\/product\/yoast-seo-wordpress\/ -->\n<title>Amerika und Jadran - Harvey Spa Hotel - Franzensbad<\/title>\n<meta name=\"description\" content=\"Beide Teiche geh\u00f6ren zu einem gro\u00dfen Teichsystem, das sich im Waldpark Amerika am Rande von Franzensbad erstreckt, wo Harvey Spa Hotel liegt.\" \/>\n<meta name=\"robots\" content=\"noindex, nofollow\" \/>\n<meta property=\"og:locale\" content=\"de_DE\" \/>\n<meta property=\"og:type\" content=\"article\" \/>\n<meta property=\"og:title\" content=\"Amerika und Jadran - Harvey Spa Hotel - Franzensbad\" \/>\n<meta property=\"og:description\" content=\"Beide Teiche geh\u00f6ren zu einem gro\u00dfen Teichsystem, das sich im Waldpark Amerika am Rande von Franzensbad erstreckt, wo Harvey Spa Hotel liegt.\" \/>\n<meta property=\"og:url\" content=\"https:\/\/www.harveyspahotel.com\/de\/wo-finden-sie-uns\/tipps-fuer-ausfluege-in-die-umgebung\/amerika-und-jadran\/\" \/>\n<meta property=\"og:site_name\" content=\"Harvey Spa Hotel\" \/>\n<meta property=\"article:modified_time\" content=\"2025-08-07T13:01:03+00:00\" \/>\n<meta name=\"twitter:card\" content=\"summary_large_image\" \/>\n<meta name=\"twitter:label1\" content=\"Gesch\u00e4tzte Lesezeit\" \/>\n\t<meta name=\"twitter:data1\" content=\"1 Minute\" \/>\n<script type=\"application\/ld+json\" class=\"yoast-schema-graph\">{\"@context\":\"https:\\\/\\\/schema.org\",\"@graph\":[{\"@type\":\"WebPage\",\"@id\":\"https:\\\/\\\/www.harveyspahotel.com\\\/de\\\/wo-finden-sie-uns\\\/tipps-fuer-ausfluege-in-die-umgebung\\\/amerika-und-jadran\\\/\",\"url\":\"https:\\\/\\\/www.harveyspahotel.com\\\/de\\\/wo-finden-sie-uns\\\/tipps-fuer-ausfluege-in-die-umgebung\\\/amerika-und-jadran\\\/\",\"name\":\"Amerika und Jadran - Harvey Spa Hotel - Franzensbad\",\"isPartOf\":{\"@id\":\"https:\\\/\\\/www.harveyspahotel.com\\\/de\\\/#website\"},\"datePublished\":\"2023-08-03T13:51:46+00:00\",\"dateModified\":\"2025-08-07T13:01:03+00:00\",\"description\":\"Beide Teiche geh\u00f6ren zu einem gro\u00dfen Teichsystem, das sich im Waldpark Amerika am Rande von Franzensbad erstreckt, wo Harvey Spa Hotel liegt.\",\"breadcrumb\":{\"@id\":\"https:\\\/\\\/www.harveyspahotel.com\\\/de\\\/wo-finden-sie-uns\\\/tipps-fuer-ausfluege-in-die-umgebung\\\/amerika-und-jadran\\\/#breadcrumb\"},\"inLanguage\":\"de-DE\",\"potentialAction\":[{\"@type\":\"ReadAction\",\"target\":[\"https:\\\/\\\/www.harveyspahotel.com\\\/de\\\/wo-finden-sie-uns\\\/tipps-fuer-ausfluege-in-die-umgebung\\\/amerika-und-jadran\\\/\"]}]},{\"@type\":\"BreadcrumbList\",\"@id\":\"https:\\\/\\\/www.harveyspahotel.com\\\/de\\\/wo-finden-sie-uns\\\/tipps-fuer-ausfluege-in-die-umgebung\\\/amerika-und-jadran\\\/#breadcrumb\",\"itemListElement\":[{\"@type\":\"ListItem\",\"position\":1,\"name\":\"Home\",\"item\":\"https:\\\/\\\/www.harveyspahotel.com\\\/de\\\/\"},{\"@type\":\"ListItem\",\"position\":2,\"name\":\"Wo finden Sie uns\",\"item\":\"https:\\\/\\\/www.harveyspahotel.com\\\/de\\\/wo-finden-sie-uns\\\/\"},{\"@type\":\"ListItem\",\"position\":3,\"name\":\"Tipps f\u00fcr Ausfl\u00fcge in die Umgebung\",\"item\":\"https:\\\/\\\/www.harveyspahotel.com\\\/de\\\/wo-finden-sie-uns\\\/tipps-fuer-ausfluege-in-die-umgebung\\\/\"},{\"@type\":\"ListItem\",\"position\":4,\"name\":\"Amerika und Jadran\"}]},{\"@type\":\"WebSite\",\"@id\":\"https:\\\/\\\/www.harveyspahotel.com\\\/de\\\/#website\",\"url\":\"https:\\\/\\\/www.harveyspahotel.com\\\/de\\\/\",\"name\":\"Harvey Spa Hotel\",\"description\":\"\",\"potentialAction\":[{\"@type\":\"SearchAction\",\"target\":{\"@type\":\"EntryPoint\",\"urlTemplate\":\"https:\\\/\\\/www.harveyspahotel.com\\\/de\\\/?s={search_term_string}\"},\"query-input\":{\"@type\":\"PropertyValueSpecification\",\"valueRequired\":true,\"valueName\":\"search_term_string\"}}],\"inLanguage\":\"de-DE\"}]}<\/script>\n<!-- \/ Yoast SEO plugin. -->","yoast_head_json":{"title":"Amerika und Jadran - Harvey Spa Hotel - Franzensbad","description":"Beide Teiche geh\u00f6ren zu einem gro\u00dfen Teichsystem, das sich im Waldpark Amerika am Rande von Franzensbad erstreckt, wo Harvey Spa Hotel liegt.","robots":{"index":"noindex","follow":"nofollow"},"og_locale":"de_DE","og_type":"article","og_title":"Amerika und Jadran - Harvey Spa Hotel - Franzensbad","og_description":"Beide Teiche geh\u00f6ren zu einem gro\u00dfen Teichsystem, das sich im Waldpark Amerika am Rande von Franzensbad erstreckt, wo Harvey Spa Hotel liegt.","og_url":"https:\/\/www.harveyspahotel.com\/de\/wo-finden-sie-uns\/tipps-fuer-ausfluege-in-die-umgebung\/amerika-und-jadran\/","og_site_name":"Harvey Spa Hotel","article_modified_time":"2025-08-07T13:01:03+00:00","twitter_card":"summary_large_image","twitter_misc":{"Gesch\u00e4tzte Lesezeit":"1 Minute"},"schema":{"@context":"https:\/\/schema.org","@graph":[{"@type":"WebPage","@id":"https:\/\/www.harveyspahotel.com\/de\/wo-finden-sie-uns\/tipps-fuer-ausfluege-in-die-umgebung\/amerika-und-jadran\/","url":"https:\/\/www.harveyspahotel.com\/de\/wo-finden-sie-uns\/tipps-fuer-ausfluege-in-die-umgebung\/amerika-und-jadran\/","name":"Amerika und Jadran - Harvey Spa Hotel - Franzensbad","isPartOf":{"@id":"https:\/\/www.harveyspahotel.com\/de\/#website"},"datePublished":"2023-08-03T13:51:46+00:00","dateModified":"2025-08-07T13:01:03+00:00","description":"Beide Teiche geh\u00f6ren zu einem gro\u00dfen Teichsystem, das sich im Waldpark Amerika am Rande von Franzensbad erstreckt, wo Harvey Spa Hotel liegt.","breadcrumb":{"@id":"https:\/\/www.harveyspahotel.com\/de\/wo-finden-sie-uns\/tipps-fuer-ausfluege-in-die-umgebung\/amerika-und-jadran\/#breadcrumb"},"inLanguage":"de-DE","potentialAction":[{"@type":"ReadAction","target":["https:\/\/www.harveyspahotel.com\/de\/wo-finden-sie-uns\/tipps-fuer-ausfluege-in-die-umgebung\/amerika-und-jadran\/"]}]},{"@type":"BreadcrumbList","@id":"https:\/\/www.harveyspahotel.com\/de\/wo-finden-sie-uns\/tipps-fuer-ausfluege-in-die-umgebung\/amerika-und-jadran\/#breadcrumb","itemListElement":[{"@type":"ListItem","position":1,"name":"Home","item":"https:\/\/www.harveyspahotel.com\/de\/"},{"@type":"ListItem","position":2,"name":"Wo finden Sie uns","item":"https:\/\/www.harveyspahotel.com\/de\/wo-finden-sie-uns\/"},{"@type":"ListItem","position":3,"name":"Tipps f\u00fcr Ausfl\u00fcge in die Umgebung","item":"https:\/\/www.harveyspahotel.com\/de\/wo-finden-sie-uns\/tipps-fuer-ausfluege-in-die-umgebung\/"},{"@type":"ListItem","position":4,"name":"Amerika und Jadran"}]},{"@type":"WebSite","@id":"https:\/\/www.harveyspahotel.com\/de\/#website","url":"https:\/\/www.harveyspahotel.com\/de\/","name":"Harvey Spa Hotel","description":"","potentialAction":[{"@type":"SearchAction","target":{"@type":"EntryPoint","urlTemplate":"https:\/\/www.harveyspahotel.com\/de\/?s={search_term_string}"},"query-input":{"@type":"PropertyValueSpecification","valueRequired":true,"valueName":"search_term_string"}}],"inLanguage":"de-DE"}]}},"acf":[],"_links":{"self":[{"href":"https:\/\/www.harveyspahotel.com\/de\/wp-json\/wp\/v2\/pages\/674","targetHints":{"allow":["GET"]}}],"collection":[{"href":"https:\/\/www.harveyspahotel.com\/de\/wp-json\/wp\/v2\/pages"}],"about":[{"href":"https:\/\/www.harveyspahotel.com\/de\/wp-json\/wp\/v2\/types\/page"}],"author":[{"embeddable":true,"href":"https:\/\/www.harveyspahotel.com\/de\/wp-json\/wp\/v2\/users\/7"}],"replies":[{"embeddable":true,"href":"https:\/\/www.harveyspahotel.com\/de\/wp-json\/wp\/v2\/comments?post=674"}],"version-history":[{"count":0,"href":"https:\/\/www.harveyspahotel.com\/de\/wp-json\/wp\/v2\/pages\/674\/revisions"}],"up":[{"embeddable":true,"href":"https:\/\/www.harveyspahotel.com\/de\/wp-json\/wp\/v2\/pages\/672"}],"wp:attachment":[{"href":"https:\/\/www.harveyspahotel.com\/de\/wp-json\/wp\/v2\/media?parent=674"}],"curies":[{"name":"wp","href":"https:\/\/api.w.org\/{rel}","templated":true}]}}