{"id":677,"date":"2023-08-03T13:59:44","date_gmt":"2023-08-03T13:59:44","guid":{"rendered":"https:\/\/www.harveyspahotel.com\/?page_id=677"},"modified":"2025-08-07T13:01:14","modified_gmt":"2025-08-07T13:01:14","slug":"bismarckturm","status":"publish","type":"page","link":"https:\/\/www.harveyspahotel.com\/de\/wo-finden-sie-uns\/tipps-fuer-ausfluege-in-die-umgebung\/bismarckturm\/","title":{"rendered":"Bismarckturm"},"content":{"rendered":"<p>Der nach dem deutschen Reichskanzler Otto von Bismarck benannte Aussichtsturm auf dem Berg Zelen\u00e1 hora befindet sich etwa 4 km westlich von Cheb. Das 18 m hohe Geb\u00e4ude ersetzte die urspr\u00fcngliche Holzkonstruktion durch einen Steinbau und ist seit 2005 in Betrieb.<\/p>\n","protected":false},"excerpt":{"rendered":"<p>Der nach dem deutschen Reichskanzler Otto von Bismarck benannte Aussichtsturm auf dem Berg Zelen\u00e1 hora befindet sich etwa 4 km westlich von Cheb. Das 18 m hohe Geb\u00e4ude ersetzte die urspr\u00fcngliche Holzkonstruktion durch einen Steinbau und ist seit 2005 in Betrieb.<\/p>\n","protected":false},"author":7,"featured_media":0,"parent":672,"menu_order":40,"comment_status":"closed","ping_status":"closed","template":"","meta":{"footnotes":""},"class_list":["post-677","page","type-page","status-publish","hentry"],"yoast_head":"<!-- This site is optimized with the Yoast SEO plugin v22.3 - https:\/\/yoast.com\/wordpress\/plugins\/seo\/ -->\n<title>Bismarckturm - Harvey Spa Hotel -<\/title>\n<meta name=\"description\" content=\"Der Aussichtsturm Bismarck auf dem Berg Zelen\u00e1 hora, 4 km westlich von Cheb, ist 18 m hoch und ersetzt seit 2005 die alte Holzkonstruktion.\" \/>\n<meta name=\"robots\" content=\"noindex, nofollow\" \/>\n<meta property=\"og:locale\" content=\"de_DE\" \/>\n<meta property=\"og:type\" content=\"article\" \/>\n<meta property=\"og:title\" content=\"Bismarckturm - Harvey Spa Hotel -\" \/>\n<meta property=\"og:description\" content=\"Der Aussichtsturm Bismarck auf dem Berg Zelen\u00e1 hora, 4 km westlich von Cheb, ist 18 m hoch und ersetzt seit 2005 die alte Holzkonstruktion.\" \/>\n<meta property=\"og:url\" content=\"https:\/\/www.harveyspahotel.com\/de\/wo-finden-sie-uns\/tipps-fuer-ausfluege-in-die-umgebung\/bismarckturm\/\" \/>\n<meta property=\"og:site_name\" content=\"Harvey Spa Hotel\" \/>\n<meta property=\"article:modified_time\" content=\"2025-08-07T13:01:14+00:00\" \/>\n<meta name=\"twitter:card\" content=\"summary_large_image\" \/>\n<meta name=\"twitter:label1\" content=\"Gesch\u00e4tzte Lesezeit\" \/>\n\t<meta name=\"twitter:data1\" content=\"1 Minute\" \/>\n<script type=\"application\/ld+json\" class=\"yoast-schema-graph\">{\"@context\":\"https:\/\/schema.org\",\"@graph\":[{\"@type\":\"WebPage\",\"@id\":\"https:\/\/www.harveyspahotel.com\/de\/wo-finden-sie-uns\/tipps-fuer-ausfluege-in-die-umgebung\/bismarckturm\/\",\"url\":\"https:\/\/www.harveyspahotel.com\/de\/wo-finden-sie-uns\/tipps-fuer-ausfluege-in-die-umgebung\/bismarckturm\/\",\"name\":\"Bismarckturm - Harvey Spa Hotel -\",\"isPartOf\":{\"@id\":\"https:\/\/www.harveyspahotel.com\/de\/#website\"},\"datePublished\":\"2023-08-03T13:59:44+00:00\",\"dateModified\":\"2025-08-07T13:01:14+00:00\",\"description\":\"Der Aussichtsturm Bismarck auf dem Berg Zelen\u00e1 hora, 4 km westlich von Cheb, ist 18 m hoch und ersetzt seit 2005 die alte Holzkonstruktion.\",\"breadcrumb\":{\"@id\":\"https:\/\/www.harveyspahotel.com\/de\/wo-finden-sie-uns\/tipps-fuer-ausfluege-in-die-umgebung\/bismarckturm\/#breadcrumb\"},\"inLanguage\":\"de-DE\",\"potentialAction\":[{\"@type\":\"ReadAction\",\"target\":[\"https:\/\/www.harveyspahotel.com\/de\/wo-finden-sie-uns\/tipps-fuer-ausfluege-in-die-umgebung\/bismarckturm\/\"]}]},{\"@type\":\"BreadcrumbList\",\"@id\":\"https:\/\/www.harveyspahotel.com\/de\/wo-finden-sie-uns\/tipps-fuer-ausfluege-in-die-umgebung\/bismarckturm\/#breadcrumb\",\"itemListElement\":[{\"@type\":\"ListItem\",\"position\":1,\"name\":\"Home\",\"item\":\"https:\/\/www.harveyspahotel.com\/de\/\"},{\"@type\":\"ListItem\",\"position\":2,\"name\":\"Wo finden Sie uns\",\"item\":\"https:\/\/www.harveyspahotel.com\/de\/wo-finden-sie-uns\/\"},{\"@type\":\"ListItem\",\"position\":3,\"name\":\"Tipps f\u00fcr Ausfl\u00fcge in die Umgebung\",\"item\":\"https:\/\/www.harveyspahotel.com\/de\/wo-finden-sie-uns\/tipps-fuer-ausfluege-in-die-umgebung\/\"},{\"@type\":\"ListItem\",\"position\":4,\"name\":\"Bismarckturm\"}]},{\"@type\":\"WebSite\",\"@id\":\"https:\/\/www.harveyspahotel.com\/de\/#website\",\"url\":\"https:\/\/www.harveyspahotel.com\/de\/\",\"name\":\"Harvey Spa Hotel\",\"description\":\"\",\"potentialAction\":[{\"@type\":\"SearchAction\",\"target\":{\"@type\":\"EntryPoint\",\"urlTemplate\":\"https:\/\/www.harveyspahotel.com\/de\/?s={search_term_string}\"},\"query-input\":\"required name=search_term_string\"}],\"inLanguage\":\"de-DE\"}]}<\/script>\n<!-- \/ Yoast SEO plugin. -->","yoast_head_json":{"title":"Bismarckturm - Harvey Spa Hotel -","description":"Der Aussichtsturm Bismarck auf dem Berg Zelen\u00e1 hora, 4 km westlich von Cheb, ist 18 m hoch und ersetzt seit 2005 die alte Holzkonstruktion.","robots":{"index":"noindex","follow":"nofollow"},"og_locale":"de_DE","og_type":"article","og_title":"Bismarckturm - Harvey Spa Hotel -","og_description":"Der Aussichtsturm Bismarck auf dem Berg Zelen\u00e1 hora, 4 km westlich von Cheb, ist 18 m hoch und ersetzt seit 2005 die alte Holzkonstruktion.","og_url":"https:\/\/www.harveyspahotel.com\/de\/wo-finden-sie-uns\/tipps-fuer-ausfluege-in-die-umgebung\/bismarckturm\/","og_site_name":"Harvey Spa Hotel","article_modified_time":"2025-08-07T13:01:14+00:00","twitter_card":"summary_large_image","twitter_misc":{"Gesch\u00e4tzte Lesezeit":"1 Minute"},"schema":{"@context":"https:\/\/schema.org","@graph":[{"@type":"WebPage","@id":"https:\/\/www.harveyspahotel.com\/de\/wo-finden-sie-uns\/tipps-fuer-ausfluege-in-die-umgebung\/bismarckturm\/","url":"https:\/\/www.harveyspahotel.com\/de\/wo-finden-sie-uns\/tipps-fuer-ausfluege-in-die-umgebung\/bismarckturm\/","name":"Bismarckturm - Harvey Spa Hotel -","isPartOf":{"@id":"https:\/\/www.harveyspahotel.com\/de\/#website"},"datePublished":"2023-08-03T13:59:44+00:00","dateModified":"2025-08-07T13:01:14+00:00","description":"Der Aussichtsturm Bismarck auf dem Berg Zelen\u00e1 hora, 4 km westlich von Cheb, ist 18 m hoch und ersetzt seit 2005 die alte Holzkonstruktion.","breadcrumb":{"@id":"https:\/\/www.harveyspahotel.com\/de\/wo-finden-sie-uns\/tipps-fuer-ausfluege-in-die-umgebung\/bismarckturm\/#breadcrumb"},"inLanguage":"de-DE","potentialAction":[{"@type":"ReadAction","target":["https:\/\/www.harveyspahotel.com\/de\/wo-finden-sie-uns\/tipps-fuer-ausfluege-in-die-umgebung\/bismarckturm\/"]}]},{"@type":"BreadcrumbList","@id":"https:\/\/www.harveyspahotel.com\/de\/wo-finden-sie-uns\/tipps-fuer-ausfluege-in-die-umgebung\/bismarckturm\/#breadcrumb","itemListElement":[{"@type":"ListItem","position":1,"name":"Home","item":"https:\/\/www.harveyspahotel.com\/de\/"},{"@type":"ListItem","position":2,"name":"Wo finden Sie uns","item":"https:\/\/www.harveyspahotel.com\/de\/wo-finden-sie-uns\/"},{"@type":"ListItem","position":3,"name":"Tipps f\u00fcr Ausfl\u00fcge in die Umgebung","item":"https:\/\/www.harveyspahotel.com\/de\/wo-finden-sie-uns\/tipps-fuer-ausfluege-in-die-umgebung\/"},{"@type":"ListItem","position":4,"name":"Bismarckturm"}]},{"@type":"WebSite","@id":"https:\/\/www.harveyspahotel.com\/de\/#website","url":"https:\/\/www.harveyspahotel.com\/de\/","name":"Harvey Spa Hotel","description":"","potentialAction":[{"@type":"SearchAction","target":{"@type":"EntryPoint","urlTemplate":"https:\/\/www.harveyspahotel.com\/de\/?s={search_term_string}"},"query-input":"required name=search_term_string"}],"inLanguage":"de-DE"}]}},"acf":[],"_links":{"self":[{"href":"https:\/\/www.harveyspahotel.com\/de\/wp-json\/wp\/v2\/pages\/677","targetHints":{"allow":["GET"]}}],"collection":[{"href":"https:\/\/www.harveyspahotel.com\/de\/wp-json\/wp\/v2\/pages"}],"about":[{"href":"https:\/\/www.harveyspahotel.com\/de\/wp-json\/wp\/v2\/types\/page"}],"author":[{"embeddable":true,"href":"https:\/\/www.harveyspahotel.com\/de\/wp-json\/wp\/v2\/users\/7"}],"replies":[{"embeddable":true,"href":"https:\/\/www.harveyspahotel.com\/de\/wp-json\/wp\/v2\/comments?post=677"}],"version-history":[{"count":0,"href":"https:\/\/www.harveyspahotel.com\/de\/wp-json\/wp\/v2\/pages\/677\/revisions"}],"up":[{"embeddable":true,"href":"https:\/\/www.harveyspahotel.com\/de\/wp-json\/wp\/v2\/pages\/672"}],"wp:attachment":[{"href":"https:\/\/www.harveyspahotel.com\/de\/wp-json\/wp\/v2\/media?parent=677"}],"curies":[{"name":"wp","href":"https:\/\/api.w.org\/{rel}","templated":true}]}}