{"id":680,"date":"2023-08-03T14:01:48","date_gmt":"2023-08-03T14:01:48","guid":{"rendered":"https:\/\/www.harveyspahotel.com\/?page_id=680"},"modified":"2025-08-07T13:01:42","modified_gmt":"2025-08-07T13:01:42","slug":"kynzvart","status":"publish","type":"page","link":"https:\/\/www.harveyspahotel.com\/de\/wo-finden-sie-uns\/tipps-fuer-ausfluege-in-die-umgebung\/kynzvart\/","title":{"rendered":"Kyn\u017evart"},"content":{"rendered":"<p>Das klassizistische Schloss, dessen Geschichte mit der Familie Metternich verbunden ist, befindet sich in der Region Karlovy Vary im B\u00e4derdreieck. Es ist 29 km von Franzensbad entfernt. Das Schloss ist von einem gro\u00dfen englischen Park mit kleinen Geb\u00e4uden umgeben. Im Innern zieht ein Kuriosit\u00e4tenkabinett mit mehreren \u00e4gyptischen Mumien die Aufmerksamkeit auf sich.<\/p>\n","protected":false},"excerpt":{"rendered":"<p>Das klassizistische Schloss, dessen Geschichte mit der Familie Metternich verbunden ist, befindet sich in der Region Karlovy Vary im B\u00e4derdreieck. Es ist 29 km von Franzensbad entfernt. Das Schloss ist von einem gro\u00dfen englischen Park mit kleinen Geb\u00e4uden umgeben. Im Innern zieht ein Kuriosit\u00e4tenkabinett mit mehreren \u00e4gyptischen Mumien die Aufmerksamkeit auf sich.<\/p>\n","protected":false},"author":7,"featured_media":0,"parent":672,"menu_order":70,"comment_status":"closed","ping_status":"closed","template":"","meta":{"footnotes":""},"class_list":["post-680","page","type-page","status-publish","hentry"],"yoast_head":"<!-- This site is optimized with the Yoast SEO plugin v27.3 - https:\/\/yoast.com\/product\/yoast-seo-wordpress\/ -->\n<title>Kyn\u017evart - Harvey Spa Hotel -<\/title>\n<meta name=\"description\" content=\"Das klassizistische Schloss befindet sich in der Region Karlovy Vary im B\u00e4derdreieck. Z\u00f6gern Sie nicht, diesen Ort zu besuchen.\" \/>\n<meta name=\"robots\" content=\"noindex, nofollow\" \/>\n<meta property=\"og:locale\" content=\"de_DE\" \/>\n<meta property=\"og:type\" content=\"article\" \/>\n<meta property=\"og:title\" content=\"Kyn\u017evart - Harvey Spa Hotel -\" \/>\n<meta property=\"og:description\" content=\"Das klassizistische Schloss befindet sich in der Region Karlovy Vary im B\u00e4derdreieck. Z\u00f6gern Sie nicht, diesen Ort zu besuchen.\" \/>\n<meta property=\"og:url\" content=\"https:\/\/www.harveyspahotel.com\/de\/wo-finden-sie-uns\/tipps-fuer-ausfluege-in-die-umgebung\/kynzvart\/\" \/>\n<meta property=\"og:site_name\" content=\"Harvey Spa Hotel\" \/>\n<meta property=\"article:modified_time\" content=\"2025-08-07T13:01:42+00:00\" \/>\n<meta name=\"twitter:card\" content=\"summary_large_image\" \/>\n<meta name=\"twitter:label1\" content=\"Gesch\u00e4tzte Lesezeit\" \/>\n\t<meta name=\"twitter:data1\" content=\"1 Minute\" \/>\n<script type=\"application\/ld+json\" class=\"yoast-schema-graph\">{\"@context\":\"https:\\\/\\\/schema.org\",\"@graph\":[{\"@type\":\"WebPage\",\"@id\":\"https:\\\/\\\/www.harveyspahotel.com\\\/de\\\/wo-finden-sie-uns\\\/tipps-fuer-ausfluege-in-die-umgebung\\\/kynzvart\\\/\",\"url\":\"https:\\\/\\\/www.harveyspahotel.com\\\/de\\\/wo-finden-sie-uns\\\/tipps-fuer-ausfluege-in-die-umgebung\\\/kynzvart\\\/\",\"name\":\"Kyn\u017evart - Harvey Spa Hotel -\",\"isPartOf\":{\"@id\":\"https:\\\/\\\/www.harveyspahotel.com\\\/de\\\/#website\"},\"datePublished\":\"2023-08-03T14:01:48+00:00\",\"dateModified\":\"2025-08-07T13:01:42+00:00\",\"description\":\"Das klassizistische Schloss befindet sich in der Region Karlovy Vary im B\u00e4derdreieck. Z\u00f6gern Sie nicht, diesen Ort zu besuchen.\",\"breadcrumb\":{\"@id\":\"https:\\\/\\\/www.harveyspahotel.com\\\/de\\\/wo-finden-sie-uns\\\/tipps-fuer-ausfluege-in-die-umgebung\\\/kynzvart\\\/#breadcrumb\"},\"inLanguage\":\"de-DE\",\"potentialAction\":[{\"@type\":\"ReadAction\",\"target\":[\"https:\\\/\\\/www.harveyspahotel.com\\\/de\\\/wo-finden-sie-uns\\\/tipps-fuer-ausfluege-in-die-umgebung\\\/kynzvart\\\/\"]}]},{\"@type\":\"BreadcrumbList\",\"@id\":\"https:\\\/\\\/www.harveyspahotel.com\\\/de\\\/wo-finden-sie-uns\\\/tipps-fuer-ausfluege-in-die-umgebung\\\/kynzvart\\\/#breadcrumb\",\"itemListElement\":[{\"@type\":\"ListItem\",\"position\":1,\"name\":\"Home\",\"item\":\"https:\\\/\\\/www.harveyspahotel.com\\\/de\\\/\"},{\"@type\":\"ListItem\",\"position\":2,\"name\":\"Wo finden Sie uns\",\"item\":\"https:\\\/\\\/www.harveyspahotel.com\\\/de\\\/wo-finden-sie-uns\\\/\"},{\"@type\":\"ListItem\",\"position\":3,\"name\":\"Tipps f\u00fcr Ausfl\u00fcge in die Umgebung\",\"item\":\"https:\\\/\\\/www.harveyspahotel.com\\\/de\\\/wo-finden-sie-uns\\\/tipps-fuer-ausfluege-in-die-umgebung\\\/\"},{\"@type\":\"ListItem\",\"position\":4,\"name\":\"Kyn\u017evart\"}]},{\"@type\":\"WebSite\",\"@id\":\"https:\\\/\\\/www.harveyspahotel.com\\\/de\\\/#website\",\"url\":\"https:\\\/\\\/www.harveyspahotel.com\\\/de\\\/\",\"name\":\"Harvey Spa Hotel\",\"description\":\"\",\"potentialAction\":[{\"@type\":\"SearchAction\",\"target\":{\"@type\":\"EntryPoint\",\"urlTemplate\":\"https:\\\/\\\/www.harveyspahotel.com\\\/de\\\/?s={search_term_string}\"},\"query-input\":{\"@type\":\"PropertyValueSpecification\",\"valueRequired\":true,\"valueName\":\"search_term_string\"}}],\"inLanguage\":\"de-DE\"}]}<\/script>\n<!-- \/ Yoast SEO plugin. -->","yoast_head_json":{"title":"Kyn\u017evart - Harvey Spa Hotel -","description":"Das klassizistische Schloss befindet sich in der Region Karlovy Vary im B\u00e4derdreieck. Z\u00f6gern Sie nicht, diesen Ort zu besuchen.","robots":{"index":"noindex","follow":"nofollow"},"og_locale":"de_DE","og_type":"article","og_title":"Kyn\u017evart - Harvey Spa Hotel -","og_description":"Das klassizistische Schloss befindet sich in der Region Karlovy Vary im B\u00e4derdreieck. Z\u00f6gern Sie nicht, diesen Ort zu besuchen.","og_url":"https:\/\/www.harveyspahotel.com\/de\/wo-finden-sie-uns\/tipps-fuer-ausfluege-in-die-umgebung\/kynzvart\/","og_site_name":"Harvey Spa Hotel","article_modified_time":"2025-08-07T13:01:42+00:00","twitter_card":"summary_large_image","twitter_misc":{"Gesch\u00e4tzte Lesezeit":"1 Minute"},"schema":{"@context":"https:\/\/schema.org","@graph":[{"@type":"WebPage","@id":"https:\/\/www.harveyspahotel.com\/de\/wo-finden-sie-uns\/tipps-fuer-ausfluege-in-die-umgebung\/kynzvart\/","url":"https:\/\/www.harveyspahotel.com\/de\/wo-finden-sie-uns\/tipps-fuer-ausfluege-in-die-umgebung\/kynzvart\/","name":"Kyn\u017evart - Harvey Spa Hotel -","isPartOf":{"@id":"https:\/\/www.harveyspahotel.com\/de\/#website"},"datePublished":"2023-08-03T14:01:48+00:00","dateModified":"2025-08-07T13:01:42+00:00","description":"Das klassizistische Schloss befindet sich in der Region Karlovy Vary im B\u00e4derdreieck. Z\u00f6gern Sie nicht, diesen Ort zu besuchen.","breadcrumb":{"@id":"https:\/\/www.harveyspahotel.com\/de\/wo-finden-sie-uns\/tipps-fuer-ausfluege-in-die-umgebung\/kynzvart\/#breadcrumb"},"inLanguage":"de-DE","potentialAction":[{"@type":"ReadAction","target":["https:\/\/www.harveyspahotel.com\/de\/wo-finden-sie-uns\/tipps-fuer-ausfluege-in-die-umgebung\/kynzvart\/"]}]},{"@type":"BreadcrumbList","@id":"https:\/\/www.harveyspahotel.com\/de\/wo-finden-sie-uns\/tipps-fuer-ausfluege-in-die-umgebung\/kynzvart\/#breadcrumb","itemListElement":[{"@type":"ListItem","position":1,"name":"Home","item":"https:\/\/www.harveyspahotel.com\/de\/"},{"@type":"ListItem","position":2,"name":"Wo finden Sie uns","item":"https:\/\/www.harveyspahotel.com\/de\/wo-finden-sie-uns\/"},{"@type":"ListItem","position":3,"name":"Tipps f\u00fcr Ausfl\u00fcge in die Umgebung","item":"https:\/\/www.harveyspahotel.com\/de\/wo-finden-sie-uns\/tipps-fuer-ausfluege-in-die-umgebung\/"},{"@type":"ListItem","position":4,"name":"Kyn\u017evart"}]},{"@type":"WebSite","@id":"https:\/\/www.harveyspahotel.com\/de\/#website","url":"https:\/\/www.harveyspahotel.com\/de\/","name":"Harvey Spa Hotel","description":"","potentialAction":[{"@type":"SearchAction","target":{"@type":"EntryPoint","urlTemplate":"https:\/\/www.harveyspahotel.com\/de\/?s={search_term_string}"},"query-input":{"@type":"PropertyValueSpecification","valueRequired":true,"valueName":"search_term_string"}}],"inLanguage":"de-DE"}]}},"acf":[],"_links":{"self":[{"href":"https:\/\/www.harveyspahotel.com\/de\/wp-json\/wp\/v2\/pages\/680","targetHints":{"allow":["GET"]}}],"collection":[{"href":"https:\/\/www.harveyspahotel.com\/de\/wp-json\/wp\/v2\/pages"}],"about":[{"href":"https:\/\/www.harveyspahotel.com\/de\/wp-json\/wp\/v2\/types\/page"}],"author":[{"embeddable":true,"href":"https:\/\/www.harveyspahotel.com\/de\/wp-json\/wp\/v2\/users\/7"}],"replies":[{"embeddable":true,"href":"https:\/\/www.harveyspahotel.com\/de\/wp-json\/wp\/v2\/comments?post=680"}],"version-history":[{"count":0,"href":"https:\/\/www.harveyspahotel.com\/de\/wp-json\/wp\/v2\/pages\/680\/revisions"}],"up":[{"embeddable":true,"href":"https:\/\/www.harveyspahotel.com\/de\/wp-json\/wp\/v2\/pages\/672"}],"wp:attachment":[{"href":"https:\/\/www.harveyspahotel.com\/de\/wp-json\/wp\/v2\/media?parent=680"}],"curies":[{"name":"wp","href":"https:\/\/api.w.org\/{rel}","templated":true}]}}