{"id":682,"date":"2023-08-03T14:03:23","date_gmt":"2023-08-03T14:03:23","guid":{"rendered":"https:\/\/www.harveyspahotel.com\/?page_id=682"},"modified":"2025-08-07T13:02:16","modified_gmt":"2025-08-07T13:02:16","slug":"stary-hroznatov-loreta","status":"publish","type":"page","link":"https:\/\/www.harveyspahotel.com\/de\/wo-finden-sie-uns\/tipps-fuer-ausfluege-in-die-umgebung\/stary-hroznatov-loreta\/","title":{"rendered":"Star\u00fd Hroz\u0148atov \u2013 Loreta"},"content":{"rendered":"<p>Das Dorf Star\u00fd Hroz\u0148atov ist 16 km von der Stadt Franzensbad entfernt. Ein Spaziergang durch die Ahornallee f\u00fchrt Sie zum meistbesuchten Wallfahrtsort Maria Loreta und zur Heilig-Geist-Kirche. Die Wiederherstellung dieses Ortes ist dem Einheimischen Anton Hart zu verdanken, der die unterbrochenen tschechisch-deutschen Beziehungen wiederherstellen wollte.<\/p>\n","protected":false},"excerpt":{"rendered":"<p>Das Dorf Star\u00fd Hroz\u0148atov ist 16 km von der Stadt Franzensbad entfernt. Ein Spaziergang durch die Ahornallee f\u00fchrt Sie zum meistbesuchten Wallfahrtsort Maria Loreta und zur Heilig-Geist-Kirche. Die Wiederherstellung dieses Ortes ist dem Einheimischen Anton Hart zu verdanken, der die unterbrochenen tschechisch-deutschen Beziehungen wiederherstellen wollte.<\/p>\n","protected":false},"author":7,"featured_media":0,"parent":672,"menu_order":90,"comment_status":"closed","ping_status":"closed","template":"","meta":{"footnotes":""},"class_list":["post-682","page","type-page","status-publish","hentry"],"yoast_head":"<!-- This site is optimized with the Yoast SEO plugin v27.3 - https:\/\/yoast.com\/product\/yoast-seo-wordpress\/ -->\n<title>Star\u00fd Hroz\u0148atov \u2013 Loreta - Harvey Spa Hotel -<\/title>\n<meta name=\"description\" content=\"Ein Spaziergang durch die Ahornallee f\u00fchrt Sie zum meistbesuchten Wallfahrtsort Maria Loreta und zur Heilig-Geist-Kirche.\" \/>\n<meta name=\"robots\" content=\"noindex, nofollow\" \/>\n<meta property=\"og:locale\" content=\"de_DE\" \/>\n<meta property=\"og:type\" content=\"article\" \/>\n<meta property=\"og:title\" content=\"Star\u00fd Hroz\u0148atov \u2013 Loreta - Harvey Spa Hotel -\" \/>\n<meta property=\"og:description\" content=\"Ein Spaziergang durch die Ahornallee f\u00fchrt Sie zum meistbesuchten Wallfahrtsort Maria Loreta und zur Heilig-Geist-Kirche.\" \/>\n<meta property=\"og:url\" content=\"https:\/\/www.harveyspahotel.com\/de\/wo-finden-sie-uns\/tipps-fuer-ausfluege-in-die-umgebung\/stary-hroznatov-loreta\/\" \/>\n<meta property=\"og:site_name\" content=\"Harvey Spa Hotel\" \/>\n<meta property=\"article:modified_time\" content=\"2025-08-07T13:02:16+00:00\" \/>\n<meta name=\"twitter:card\" content=\"summary_large_image\" \/>\n<meta name=\"twitter:label1\" content=\"Gesch\u00e4tzte Lesezeit\" \/>\n\t<meta name=\"twitter:data1\" content=\"1 Minute\" \/>\n<script type=\"application\/ld+json\" class=\"yoast-schema-graph\">{\"@context\":\"https:\\\/\\\/schema.org\",\"@graph\":[{\"@type\":\"WebPage\",\"@id\":\"https:\\\/\\\/www.harveyspahotel.com\\\/de\\\/wo-finden-sie-uns\\\/tipps-fuer-ausfluege-in-die-umgebung\\\/stary-hroznatov-loreta\\\/\",\"url\":\"https:\\\/\\\/www.harveyspahotel.com\\\/de\\\/wo-finden-sie-uns\\\/tipps-fuer-ausfluege-in-die-umgebung\\\/stary-hroznatov-loreta\\\/\",\"name\":\"Star\u00fd Hroz\u0148atov \u2013 Loreta - Harvey Spa Hotel -\",\"isPartOf\":{\"@id\":\"https:\\\/\\\/www.harveyspahotel.com\\\/de\\\/#website\"},\"datePublished\":\"2023-08-03T14:03:23+00:00\",\"dateModified\":\"2025-08-07T13:02:16+00:00\",\"description\":\"Ein Spaziergang durch die Ahornallee f\u00fchrt Sie zum meistbesuchten Wallfahrtsort Maria Loreta und zur Heilig-Geist-Kirche.\",\"breadcrumb\":{\"@id\":\"https:\\\/\\\/www.harveyspahotel.com\\\/de\\\/wo-finden-sie-uns\\\/tipps-fuer-ausfluege-in-die-umgebung\\\/stary-hroznatov-loreta\\\/#breadcrumb\"},\"inLanguage\":\"de-DE\",\"potentialAction\":[{\"@type\":\"ReadAction\",\"target\":[\"https:\\\/\\\/www.harveyspahotel.com\\\/de\\\/wo-finden-sie-uns\\\/tipps-fuer-ausfluege-in-die-umgebung\\\/stary-hroznatov-loreta\\\/\"]}]},{\"@type\":\"BreadcrumbList\",\"@id\":\"https:\\\/\\\/www.harveyspahotel.com\\\/de\\\/wo-finden-sie-uns\\\/tipps-fuer-ausfluege-in-die-umgebung\\\/stary-hroznatov-loreta\\\/#breadcrumb\",\"itemListElement\":[{\"@type\":\"ListItem\",\"position\":1,\"name\":\"Home\",\"item\":\"https:\\\/\\\/www.harveyspahotel.com\\\/de\\\/\"},{\"@type\":\"ListItem\",\"position\":2,\"name\":\"Wo finden Sie uns\",\"item\":\"https:\\\/\\\/www.harveyspahotel.com\\\/de\\\/wo-finden-sie-uns\\\/\"},{\"@type\":\"ListItem\",\"position\":3,\"name\":\"Tipps f\u00fcr Ausfl\u00fcge in die Umgebung\",\"item\":\"https:\\\/\\\/www.harveyspahotel.com\\\/de\\\/wo-finden-sie-uns\\\/tipps-fuer-ausfluege-in-die-umgebung\\\/\"},{\"@type\":\"ListItem\",\"position\":4,\"name\":\"Star\u00fd Hroz\u0148atov \u2013 Loreta\"}]},{\"@type\":\"WebSite\",\"@id\":\"https:\\\/\\\/www.harveyspahotel.com\\\/de\\\/#website\",\"url\":\"https:\\\/\\\/www.harveyspahotel.com\\\/de\\\/\",\"name\":\"Harvey Spa Hotel\",\"description\":\"\",\"potentialAction\":[{\"@type\":\"SearchAction\",\"target\":{\"@type\":\"EntryPoint\",\"urlTemplate\":\"https:\\\/\\\/www.harveyspahotel.com\\\/de\\\/?s={search_term_string}\"},\"query-input\":{\"@type\":\"PropertyValueSpecification\",\"valueRequired\":true,\"valueName\":\"search_term_string\"}}],\"inLanguage\":\"de-DE\"}]}<\/script>\n<!-- \/ Yoast SEO plugin. -->","yoast_head_json":{"title":"Star\u00fd Hroz\u0148atov \u2013 Loreta - Harvey Spa Hotel -","description":"Ein Spaziergang durch die Ahornallee f\u00fchrt Sie zum meistbesuchten Wallfahrtsort Maria Loreta und zur Heilig-Geist-Kirche.","robots":{"index":"noindex","follow":"nofollow"},"og_locale":"de_DE","og_type":"article","og_title":"Star\u00fd Hroz\u0148atov \u2013 Loreta - Harvey Spa Hotel -","og_description":"Ein Spaziergang durch die Ahornallee f\u00fchrt Sie zum meistbesuchten Wallfahrtsort Maria Loreta und zur Heilig-Geist-Kirche.","og_url":"https:\/\/www.harveyspahotel.com\/de\/wo-finden-sie-uns\/tipps-fuer-ausfluege-in-die-umgebung\/stary-hroznatov-loreta\/","og_site_name":"Harvey Spa Hotel","article_modified_time":"2025-08-07T13:02:16+00:00","twitter_card":"summary_large_image","twitter_misc":{"Gesch\u00e4tzte Lesezeit":"1 Minute"},"schema":{"@context":"https:\/\/schema.org","@graph":[{"@type":"WebPage","@id":"https:\/\/www.harveyspahotel.com\/de\/wo-finden-sie-uns\/tipps-fuer-ausfluege-in-die-umgebung\/stary-hroznatov-loreta\/","url":"https:\/\/www.harveyspahotel.com\/de\/wo-finden-sie-uns\/tipps-fuer-ausfluege-in-die-umgebung\/stary-hroznatov-loreta\/","name":"Star\u00fd Hroz\u0148atov \u2013 Loreta - Harvey Spa Hotel -","isPartOf":{"@id":"https:\/\/www.harveyspahotel.com\/de\/#website"},"datePublished":"2023-08-03T14:03:23+00:00","dateModified":"2025-08-07T13:02:16+00:00","description":"Ein Spaziergang durch die Ahornallee f\u00fchrt Sie zum meistbesuchten Wallfahrtsort Maria Loreta und zur Heilig-Geist-Kirche.","breadcrumb":{"@id":"https:\/\/www.harveyspahotel.com\/de\/wo-finden-sie-uns\/tipps-fuer-ausfluege-in-die-umgebung\/stary-hroznatov-loreta\/#breadcrumb"},"inLanguage":"de-DE","potentialAction":[{"@type":"ReadAction","target":["https:\/\/www.harveyspahotel.com\/de\/wo-finden-sie-uns\/tipps-fuer-ausfluege-in-die-umgebung\/stary-hroznatov-loreta\/"]}]},{"@type":"BreadcrumbList","@id":"https:\/\/www.harveyspahotel.com\/de\/wo-finden-sie-uns\/tipps-fuer-ausfluege-in-die-umgebung\/stary-hroznatov-loreta\/#breadcrumb","itemListElement":[{"@type":"ListItem","position":1,"name":"Home","item":"https:\/\/www.harveyspahotel.com\/de\/"},{"@type":"ListItem","position":2,"name":"Wo finden Sie uns","item":"https:\/\/www.harveyspahotel.com\/de\/wo-finden-sie-uns\/"},{"@type":"ListItem","position":3,"name":"Tipps f\u00fcr Ausfl\u00fcge in die Umgebung","item":"https:\/\/www.harveyspahotel.com\/de\/wo-finden-sie-uns\/tipps-fuer-ausfluege-in-die-umgebung\/"},{"@type":"ListItem","position":4,"name":"Star\u00fd Hroz\u0148atov \u2013 Loreta"}]},{"@type":"WebSite","@id":"https:\/\/www.harveyspahotel.com\/de\/#website","url":"https:\/\/www.harveyspahotel.com\/de\/","name":"Harvey Spa Hotel","description":"","potentialAction":[{"@type":"SearchAction","target":{"@type":"EntryPoint","urlTemplate":"https:\/\/www.harveyspahotel.com\/de\/?s={search_term_string}"},"query-input":{"@type":"PropertyValueSpecification","valueRequired":true,"valueName":"search_term_string"}}],"inLanguage":"de-DE"}]}},"acf":[],"_links":{"self":[{"href":"https:\/\/www.harveyspahotel.com\/de\/wp-json\/wp\/v2\/pages\/682","targetHints":{"allow":["GET"]}}],"collection":[{"href":"https:\/\/www.harveyspahotel.com\/de\/wp-json\/wp\/v2\/pages"}],"about":[{"href":"https:\/\/www.harveyspahotel.com\/de\/wp-json\/wp\/v2\/types\/page"}],"author":[{"embeddable":true,"href":"https:\/\/www.harveyspahotel.com\/de\/wp-json\/wp\/v2\/users\/7"}],"replies":[{"embeddable":true,"href":"https:\/\/www.harveyspahotel.com\/de\/wp-json\/wp\/v2\/comments?post=682"}],"version-history":[{"count":0,"href":"https:\/\/www.harveyspahotel.com\/de\/wp-json\/wp\/v2\/pages\/682\/revisions"}],"up":[{"embeddable":true,"href":"https:\/\/www.harveyspahotel.com\/de\/wp-json\/wp\/v2\/pages\/672"}],"wp:attachment":[{"href":"https:\/\/www.harveyspahotel.com\/de\/wp-json\/wp\/v2\/media?parent=682"}],"curies":[{"name":"wp","href":"https:\/\/api.w.org\/{rel}","templated":true}]}}