{"id":683,"date":"2023-08-03T14:04:01","date_gmt":"2023-08-03T14:04:01","guid":{"rendered":"https:\/\/www.harveyspahotel.com\/?page_id=683"},"modified":"2025-08-07T13:01:51","modified_gmt":"2025-08-07T13:01:51","slug":"loket","status":"publish","type":"page","link":"https:\/\/www.harveyspahotel.com\/de\/wo-finden-sie-uns\/tipps-fuer-ausfluege-in-die-umgebung\/loket\/","title":{"rendered":"Loket"},"content":{"rendered":"<p>Die Stadt liegt auf einem markanten Felsvorsprung mit einer sch\u00f6nen mittelalterlichen Burg und ist auf drei Seiten vom Fluss Oh\u0159e umgeben, etwa 37 km von Franzensbad entfernt. Es hat einen sch\u00f6nen Platz mit einer barocken Dreifaltigkeitss\u00e4ule und einer Reihe historischer Stadth\u00e4user. Hier, auf der Terrasse des Hotels B\u00edl\u00fd k\u016f\u0148, soll Johann Wolfgang Goethe Ulrika von Lewetzow einen Heiratsantrag gemacht haben.<\/p>\n","protected":false},"excerpt":{"rendered":"<p>Die Stadt liegt auf einem markanten Felsvorsprung mit einer sch\u00f6nen mittelalterlichen Burg und ist auf drei Seiten vom Fluss Oh\u0159e umgeben, etwa 37 km von Franzensbad entfernt. Es hat einen sch\u00f6nen Platz mit einer barocken Dreifaltigkeitss\u00e4ule und einer Reihe historischer Stadth\u00e4user. Hier, auf der Terrasse des Hotels B\u00edl\u00fd k\u016f\u0148, soll Johann Wolfgang Goethe Ulrika von [&hellip;]<\/p>\n","protected":false},"author":7,"featured_media":0,"parent":672,"menu_order":100,"comment_status":"closed","ping_status":"closed","template":"","meta":{"footnotes":""},"class_list":["post-683","page","type-page","status-publish","hentry"],"yoast_head":"<!-- This site is optimized with the Yoast SEO plugin v27.3 - https:\/\/yoast.com\/product\/yoast-seo-wordpress\/ -->\n<title>Loket - Harvey Spa Hotel -<\/title>\n<meta name=\"description\" content=\"Die Stadt liegt auf einem markanten Felsvorsprung mit einer sch\u00f6nen mittelalterlichen Burg und ist auf drei Seiten vom Fluss Oh\u0159e umgeben.\" \/>\n<meta name=\"robots\" content=\"noindex, nofollow\" \/>\n<meta property=\"og:locale\" content=\"de_DE\" \/>\n<meta property=\"og:type\" content=\"article\" \/>\n<meta property=\"og:title\" content=\"Loket - Harvey Spa Hotel -\" \/>\n<meta property=\"og:description\" content=\"Die Stadt liegt auf einem markanten Felsvorsprung mit einer sch\u00f6nen mittelalterlichen Burg und ist auf drei Seiten vom Fluss Oh\u0159e umgeben.\" \/>\n<meta property=\"og:url\" content=\"https:\/\/www.harveyspahotel.com\/de\/wo-finden-sie-uns\/tipps-fuer-ausfluege-in-die-umgebung\/loket\/\" \/>\n<meta property=\"og:site_name\" content=\"Harvey Spa Hotel\" \/>\n<meta property=\"article:modified_time\" content=\"2025-08-07T13:01:51+00:00\" \/>\n<meta name=\"twitter:card\" content=\"summary_large_image\" \/>\n<meta name=\"twitter:label1\" content=\"Gesch\u00e4tzte Lesezeit\" \/>\n\t<meta name=\"twitter:data1\" content=\"1 Minute\" \/>\n<script type=\"application\/ld+json\" class=\"yoast-schema-graph\">{\"@context\":\"https:\\\/\\\/schema.org\",\"@graph\":[{\"@type\":\"WebPage\",\"@id\":\"https:\\\/\\\/www.harveyspahotel.com\\\/de\\\/wo-finden-sie-uns\\\/tipps-fuer-ausfluege-in-die-umgebung\\\/loket\\\/\",\"url\":\"https:\\\/\\\/www.harveyspahotel.com\\\/de\\\/wo-finden-sie-uns\\\/tipps-fuer-ausfluege-in-die-umgebung\\\/loket\\\/\",\"name\":\"Loket - Harvey Spa Hotel -\",\"isPartOf\":{\"@id\":\"https:\\\/\\\/www.harveyspahotel.com\\\/de\\\/#website\"},\"datePublished\":\"2023-08-03T14:04:01+00:00\",\"dateModified\":\"2025-08-07T13:01:51+00:00\",\"description\":\"Die Stadt liegt auf einem markanten Felsvorsprung mit einer sch\u00f6nen mittelalterlichen Burg und ist auf drei Seiten vom Fluss Oh\u0159e umgeben.\",\"breadcrumb\":{\"@id\":\"https:\\\/\\\/www.harveyspahotel.com\\\/de\\\/wo-finden-sie-uns\\\/tipps-fuer-ausfluege-in-die-umgebung\\\/loket\\\/#breadcrumb\"},\"inLanguage\":\"de-DE\",\"potentialAction\":[{\"@type\":\"ReadAction\",\"target\":[\"https:\\\/\\\/www.harveyspahotel.com\\\/de\\\/wo-finden-sie-uns\\\/tipps-fuer-ausfluege-in-die-umgebung\\\/loket\\\/\"]}]},{\"@type\":\"BreadcrumbList\",\"@id\":\"https:\\\/\\\/www.harveyspahotel.com\\\/de\\\/wo-finden-sie-uns\\\/tipps-fuer-ausfluege-in-die-umgebung\\\/loket\\\/#breadcrumb\",\"itemListElement\":[{\"@type\":\"ListItem\",\"position\":1,\"name\":\"Home\",\"item\":\"https:\\\/\\\/www.harveyspahotel.com\\\/de\\\/\"},{\"@type\":\"ListItem\",\"position\":2,\"name\":\"Wo finden Sie uns\",\"item\":\"https:\\\/\\\/www.harveyspahotel.com\\\/de\\\/wo-finden-sie-uns\\\/\"},{\"@type\":\"ListItem\",\"position\":3,\"name\":\"Tipps f\u00fcr Ausfl\u00fcge in die Umgebung\",\"item\":\"https:\\\/\\\/www.harveyspahotel.com\\\/de\\\/wo-finden-sie-uns\\\/tipps-fuer-ausfluege-in-die-umgebung\\\/\"},{\"@type\":\"ListItem\",\"position\":4,\"name\":\"Loket\"}]},{\"@type\":\"WebSite\",\"@id\":\"https:\\\/\\\/www.harveyspahotel.com\\\/de\\\/#website\",\"url\":\"https:\\\/\\\/www.harveyspahotel.com\\\/de\\\/\",\"name\":\"Harvey Spa Hotel\",\"description\":\"\",\"potentialAction\":[{\"@type\":\"SearchAction\",\"target\":{\"@type\":\"EntryPoint\",\"urlTemplate\":\"https:\\\/\\\/www.harveyspahotel.com\\\/de\\\/?s={search_term_string}\"},\"query-input\":{\"@type\":\"PropertyValueSpecification\",\"valueRequired\":true,\"valueName\":\"search_term_string\"}}],\"inLanguage\":\"de-DE\"}]}<\/script>\n<!-- \/ Yoast SEO plugin. -->","yoast_head_json":{"title":"Loket - Harvey Spa Hotel -","description":"Die Stadt liegt auf einem markanten Felsvorsprung mit einer sch\u00f6nen mittelalterlichen Burg und ist auf drei Seiten vom Fluss Oh\u0159e umgeben.","robots":{"index":"noindex","follow":"nofollow"},"og_locale":"de_DE","og_type":"article","og_title":"Loket - Harvey Spa Hotel -","og_description":"Die Stadt liegt auf einem markanten Felsvorsprung mit einer sch\u00f6nen mittelalterlichen Burg und ist auf drei Seiten vom Fluss Oh\u0159e umgeben.","og_url":"https:\/\/www.harveyspahotel.com\/de\/wo-finden-sie-uns\/tipps-fuer-ausfluege-in-die-umgebung\/loket\/","og_site_name":"Harvey Spa Hotel","article_modified_time":"2025-08-07T13:01:51+00:00","twitter_card":"summary_large_image","twitter_misc":{"Gesch\u00e4tzte Lesezeit":"1 Minute"},"schema":{"@context":"https:\/\/schema.org","@graph":[{"@type":"WebPage","@id":"https:\/\/www.harveyspahotel.com\/de\/wo-finden-sie-uns\/tipps-fuer-ausfluege-in-die-umgebung\/loket\/","url":"https:\/\/www.harveyspahotel.com\/de\/wo-finden-sie-uns\/tipps-fuer-ausfluege-in-die-umgebung\/loket\/","name":"Loket - Harvey Spa Hotel -","isPartOf":{"@id":"https:\/\/www.harveyspahotel.com\/de\/#website"},"datePublished":"2023-08-03T14:04:01+00:00","dateModified":"2025-08-07T13:01:51+00:00","description":"Die Stadt liegt auf einem markanten Felsvorsprung mit einer sch\u00f6nen mittelalterlichen Burg und ist auf drei Seiten vom Fluss Oh\u0159e umgeben.","breadcrumb":{"@id":"https:\/\/www.harveyspahotel.com\/de\/wo-finden-sie-uns\/tipps-fuer-ausfluege-in-die-umgebung\/loket\/#breadcrumb"},"inLanguage":"de-DE","potentialAction":[{"@type":"ReadAction","target":["https:\/\/www.harveyspahotel.com\/de\/wo-finden-sie-uns\/tipps-fuer-ausfluege-in-die-umgebung\/loket\/"]}]},{"@type":"BreadcrumbList","@id":"https:\/\/www.harveyspahotel.com\/de\/wo-finden-sie-uns\/tipps-fuer-ausfluege-in-die-umgebung\/loket\/#breadcrumb","itemListElement":[{"@type":"ListItem","position":1,"name":"Home","item":"https:\/\/www.harveyspahotel.com\/de\/"},{"@type":"ListItem","position":2,"name":"Wo finden Sie uns","item":"https:\/\/www.harveyspahotel.com\/de\/wo-finden-sie-uns\/"},{"@type":"ListItem","position":3,"name":"Tipps f\u00fcr Ausfl\u00fcge in die Umgebung","item":"https:\/\/www.harveyspahotel.com\/de\/wo-finden-sie-uns\/tipps-fuer-ausfluege-in-die-umgebung\/"},{"@type":"ListItem","position":4,"name":"Loket"}]},{"@type":"WebSite","@id":"https:\/\/www.harveyspahotel.com\/de\/#website","url":"https:\/\/www.harveyspahotel.com\/de\/","name":"Harvey Spa Hotel","description":"","potentialAction":[{"@type":"SearchAction","target":{"@type":"EntryPoint","urlTemplate":"https:\/\/www.harveyspahotel.com\/de\/?s={search_term_string}"},"query-input":{"@type":"PropertyValueSpecification","valueRequired":true,"valueName":"search_term_string"}}],"inLanguage":"de-DE"}]}},"acf":[],"_links":{"self":[{"href":"https:\/\/www.harveyspahotel.com\/de\/wp-json\/wp\/v2\/pages\/683","targetHints":{"allow":["GET"]}}],"collection":[{"href":"https:\/\/www.harveyspahotel.com\/de\/wp-json\/wp\/v2\/pages"}],"about":[{"href":"https:\/\/www.harveyspahotel.com\/de\/wp-json\/wp\/v2\/types\/page"}],"author":[{"embeddable":true,"href":"https:\/\/www.harveyspahotel.com\/de\/wp-json\/wp\/v2\/users\/7"}],"replies":[{"embeddable":true,"href":"https:\/\/www.harveyspahotel.com\/de\/wp-json\/wp\/v2\/comments?post=683"}],"version-history":[{"count":0,"href":"https:\/\/www.harveyspahotel.com\/de\/wp-json\/wp\/v2\/pages\/683\/revisions"}],"up":[{"embeddable":true,"href":"https:\/\/www.harveyspahotel.com\/de\/wp-json\/wp\/v2\/pages\/672"}],"wp:attachment":[{"href":"https:\/\/www.harveyspahotel.com\/de\/wp-json\/wp\/v2\/media?parent=683"}],"curies":[{"name":"wp","href":"https:\/\/api.w.org\/{rel}","templated":true}]}}