{"id":684,"date":"2023-08-03T14:06:25","date_gmt":"2023-08-03T14:06:25","guid":{"rendered":"https:\/\/www.harveyspahotel.com\/?page_id=684"},"modified":"2024-08-22T10:48:57","modified_gmt":"2024-08-22T10:48:57","slug":"kultur-freizeit-in-franzensbad","status":"publish","type":"page","link":"https:\/\/www.harveyspahotel.com\/de\/wo-finden-sie-uns\/kultur-freizeit-in-franzensbad\/","title":{"rendered":"Kultur, Freizeit in Franzensbad"},"content":{"rendered":"<p style=\"text-align: center\">Ein Aufenthalt in einem Spa besteht nicht nur aus Behandlungen und therapeutischen Programmen. Der Kurort ist seit jeher ein Ort neuer Begegnungen, der reich an kulturellen Veranstaltungen ist. Ein Live-Konzert auf der Kolonnade, Tanzabende, Vortr\u00e4ge, Spazierg\u00e4nge im Park, Kaffee in einem stilvollen Caf\u00e9 und Treffen mit Freunden &#8211; all das bietet ein Aufenthalt im Kurort.<\/p>\n<p style=\"text-align: center\">Auf diesen Seiten finden Sie die interessantesten Dinge und es liegt an Ihnen, wie Sie Ihre Freizeit in Franzensbad gestalten.<\/p>\n<p style=\"text-align: center\">Anmerkung: &#8222;Die verwendeten Fotos stammen von <a href=\"https:\/\/www.frantiskovy-lazne.info\/de\" target=\"_blank\" rel=\"noopener\">www.frantiskovy-lazne.info<\/a> und <a href=\"https:\/\/www.kvpoint.cz\/en\/\" target=\"_blank\" rel=\"noopener\">www.kvpoint.cz<\/a>. Wir bedanken uns.<\/p>\n","protected":false},"excerpt":{"rendered":"<p>Ein Aufenthalt in einem Spa besteht nicht nur aus Behandlungen und therapeutischen Programmen. Der Kurort ist seit jeher ein Ort neuer Begegnungen, der reich an kulturellen Veranstaltungen ist. Ein Live-Konzert auf der Kolonnade, Tanzabende, Vortr\u00e4ge, Spazierg\u00e4nge im Park, Kaffee in einem stilvollen Caf\u00e9 und Treffen mit Freunden &#8211; all das bietet ein Aufenthalt im Kurort. [&hellip;]<\/p>\n","protected":false},"author":7,"featured_media":0,"parent":671,"menu_order":20,"comment_status":"closed","ping_status":"closed","template":"template-surroundings.php","meta":{"footnotes":""},"class_list":["post-684","page","type-page","status-publish","hentry"],"yoast_head":"<!-- This site is optimized with the Yoast SEO plugin v27.3 - https:\/\/yoast.com\/product\/yoast-seo-wordpress\/ -->\n<title>Kultur, Freizeit in Franzensbad - Harvey Spa Hotel -<\/title>\n<meta name=\"description\" content=\"Ein Aufenthalt in einem Spa besteht nicht nur aus Behandlungen. Der Kurort ist seit jeher ein Ort neuer Begegnungen.\" \/>\n<meta name=\"robots\" content=\"index, follow, max-snippet:-1, max-image-preview:large, max-video-preview:-1\" \/>\n<link rel=\"canonical\" href=\"https:\/\/www.harveyspahotel.com\/de\/wo-finden-sie-uns\/kultur-freizeit-in-franzensbad\/\" \/>\n<meta property=\"og:locale\" content=\"de_DE\" \/>\n<meta property=\"og:type\" content=\"article\" \/>\n<meta property=\"og:title\" content=\"Kultur, Freizeit in Franzensbad - Harvey Spa Hotel -\" \/>\n<meta property=\"og:description\" content=\"Ein Aufenthalt in einem Spa besteht nicht nur aus Behandlungen. Der Kurort ist seit jeher ein Ort neuer Begegnungen.\" \/>\n<meta property=\"og:url\" content=\"https:\/\/www.harveyspahotel.com\/de\/wo-finden-sie-uns\/kultur-freizeit-in-franzensbad\/\" \/>\n<meta property=\"og:site_name\" content=\"Harvey Spa Hotel\" \/>\n<meta property=\"article:modified_time\" content=\"2024-08-22T10:48:57+00:00\" \/>\n<meta name=\"twitter:card\" content=\"summary_large_image\" \/>\n<meta name=\"twitter:label1\" content=\"Gesch\u00e4tzte Lesezeit\" \/>\n\t<meta name=\"twitter:data1\" content=\"1 Minute\" \/>\n<script type=\"application\/ld+json\" class=\"yoast-schema-graph\">{\"@context\":\"https:\\\/\\\/schema.org\",\"@graph\":[{\"@type\":\"WebPage\",\"@id\":\"https:\\\/\\\/www.harveyspahotel.com\\\/de\\\/wo-finden-sie-uns\\\/kultur-freizeit-in-franzensbad\\\/\",\"url\":\"https:\\\/\\\/www.harveyspahotel.com\\\/de\\\/wo-finden-sie-uns\\\/kultur-freizeit-in-franzensbad\\\/\",\"name\":\"Kultur, Freizeit in Franzensbad - Harvey Spa Hotel -\",\"isPartOf\":{\"@id\":\"https:\\\/\\\/www.harveyspahotel.com\\\/de\\\/#website\"},\"datePublished\":\"2023-08-03T14:06:25+00:00\",\"dateModified\":\"2024-08-22T10:48:57+00:00\",\"description\":\"Ein Aufenthalt in einem Spa besteht nicht nur aus Behandlungen. Der Kurort ist seit jeher ein Ort neuer Begegnungen.\",\"breadcrumb\":{\"@id\":\"https:\\\/\\\/www.harveyspahotel.com\\\/de\\\/wo-finden-sie-uns\\\/kultur-freizeit-in-franzensbad\\\/#breadcrumb\"},\"inLanguage\":\"de-DE\",\"potentialAction\":[{\"@type\":\"ReadAction\",\"target\":[\"https:\\\/\\\/www.harveyspahotel.com\\\/de\\\/wo-finden-sie-uns\\\/kultur-freizeit-in-franzensbad\\\/\"]}]},{\"@type\":\"BreadcrumbList\",\"@id\":\"https:\\\/\\\/www.harveyspahotel.com\\\/de\\\/wo-finden-sie-uns\\\/kultur-freizeit-in-franzensbad\\\/#breadcrumb\",\"itemListElement\":[{\"@type\":\"ListItem\",\"position\":1,\"name\":\"Home\",\"item\":\"https:\\\/\\\/www.harveyspahotel.com\\\/de\\\/\"},{\"@type\":\"ListItem\",\"position\":2,\"name\":\"Wo finden Sie uns\",\"item\":\"https:\\\/\\\/www.harveyspahotel.com\\\/de\\\/wo-finden-sie-uns\\\/\"},{\"@type\":\"ListItem\",\"position\":3,\"name\":\"Kultur, Freizeit in Franzensbad\"}]},{\"@type\":\"WebSite\",\"@id\":\"https:\\\/\\\/www.harveyspahotel.com\\\/de\\\/#website\",\"url\":\"https:\\\/\\\/www.harveyspahotel.com\\\/de\\\/\",\"name\":\"Harvey Spa Hotel\",\"description\":\"\",\"potentialAction\":[{\"@type\":\"SearchAction\",\"target\":{\"@type\":\"EntryPoint\",\"urlTemplate\":\"https:\\\/\\\/www.harveyspahotel.com\\\/de\\\/?s={search_term_string}\"},\"query-input\":{\"@type\":\"PropertyValueSpecification\",\"valueRequired\":true,\"valueName\":\"search_term_string\"}}],\"inLanguage\":\"de-DE\"}]}<\/script>\n<!-- \/ Yoast SEO plugin. -->","yoast_head_json":{"title":"Kultur, Freizeit in Franzensbad - Harvey Spa Hotel -","description":"Ein Aufenthalt in einem Spa besteht nicht nur aus Behandlungen. Der Kurort ist seit jeher ein Ort neuer Begegnungen.","robots":{"index":"index","follow":"follow","max-snippet":"max-snippet:-1","max-image-preview":"max-image-preview:large","max-video-preview":"max-video-preview:-1"},"canonical":"https:\/\/www.harveyspahotel.com\/de\/wo-finden-sie-uns\/kultur-freizeit-in-franzensbad\/","og_locale":"de_DE","og_type":"article","og_title":"Kultur, Freizeit in Franzensbad - Harvey Spa Hotel -","og_description":"Ein Aufenthalt in einem Spa besteht nicht nur aus Behandlungen. Der Kurort ist seit jeher ein Ort neuer Begegnungen.","og_url":"https:\/\/www.harveyspahotel.com\/de\/wo-finden-sie-uns\/kultur-freizeit-in-franzensbad\/","og_site_name":"Harvey Spa Hotel","article_modified_time":"2024-08-22T10:48:57+00:00","twitter_card":"summary_large_image","twitter_misc":{"Gesch\u00e4tzte Lesezeit":"1 Minute"},"schema":{"@context":"https:\/\/schema.org","@graph":[{"@type":"WebPage","@id":"https:\/\/www.harveyspahotel.com\/de\/wo-finden-sie-uns\/kultur-freizeit-in-franzensbad\/","url":"https:\/\/www.harveyspahotel.com\/de\/wo-finden-sie-uns\/kultur-freizeit-in-franzensbad\/","name":"Kultur, Freizeit in Franzensbad - Harvey Spa Hotel -","isPartOf":{"@id":"https:\/\/www.harveyspahotel.com\/de\/#website"},"datePublished":"2023-08-03T14:06:25+00:00","dateModified":"2024-08-22T10:48:57+00:00","description":"Ein Aufenthalt in einem Spa besteht nicht nur aus Behandlungen. Der Kurort ist seit jeher ein Ort neuer Begegnungen.","breadcrumb":{"@id":"https:\/\/www.harveyspahotel.com\/de\/wo-finden-sie-uns\/kultur-freizeit-in-franzensbad\/#breadcrumb"},"inLanguage":"de-DE","potentialAction":[{"@type":"ReadAction","target":["https:\/\/www.harveyspahotel.com\/de\/wo-finden-sie-uns\/kultur-freizeit-in-franzensbad\/"]}]},{"@type":"BreadcrumbList","@id":"https:\/\/www.harveyspahotel.com\/de\/wo-finden-sie-uns\/kultur-freizeit-in-franzensbad\/#breadcrumb","itemListElement":[{"@type":"ListItem","position":1,"name":"Home","item":"https:\/\/www.harveyspahotel.com\/de\/"},{"@type":"ListItem","position":2,"name":"Wo finden Sie uns","item":"https:\/\/www.harveyspahotel.com\/de\/wo-finden-sie-uns\/"},{"@type":"ListItem","position":3,"name":"Kultur, Freizeit in Franzensbad"}]},{"@type":"WebSite","@id":"https:\/\/www.harveyspahotel.com\/de\/#website","url":"https:\/\/www.harveyspahotel.com\/de\/","name":"Harvey Spa Hotel","description":"","potentialAction":[{"@type":"SearchAction","target":{"@type":"EntryPoint","urlTemplate":"https:\/\/www.harveyspahotel.com\/de\/?s={search_term_string}"},"query-input":{"@type":"PropertyValueSpecification","valueRequired":true,"valueName":"search_term_string"}}],"inLanguage":"de-DE"}]}},"acf":[],"_links":{"self":[{"href":"https:\/\/www.harveyspahotel.com\/de\/wp-json\/wp\/v2\/pages\/684","targetHints":{"allow":["GET"]}}],"collection":[{"href":"https:\/\/www.harveyspahotel.com\/de\/wp-json\/wp\/v2\/pages"}],"about":[{"href":"https:\/\/www.harveyspahotel.com\/de\/wp-json\/wp\/v2\/types\/page"}],"author":[{"embeddable":true,"href":"https:\/\/www.harveyspahotel.com\/de\/wp-json\/wp\/v2\/users\/7"}],"replies":[{"embeddable":true,"href":"https:\/\/www.harveyspahotel.com\/de\/wp-json\/wp\/v2\/comments?post=684"}],"version-history":[{"count":0,"href":"https:\/\/www.harveyspahotel.com\/de\/wp-json\/wp\/v2\/pages\/684\/revisions"}],"up":[{"embeddable":true,"href":"https:\/\/www.harveyspahotel.com\/de\/wp-json\/wp\/v2\/pages\/671"}],"wp:attachment":[{"href":"https:\/\/www.harveyspahotel.com\/de\/wp-json\/wp\/v2\/media?parent=684"}],"curies":[{"name":"wp","href":"https:\/\/api.w.org\/{rel}","templated":true}]}}