{"id":686,"date":"2023-08-03T14:08:09","date_gmt":"2023-08-03T14:08:09","guid":{"rendered":"https:\/\/www.harveyspahotel.com\/?page_id=686"},"modified":"2025-08-07T12:57:36","modified_gmt":"2025-08-07T12:57:36","slug":"fatamorgana-museum-der-illusionen","status":"publish","type":"page","link":"https:\/\/www.harveyspahotel.com\/de\/wo-finden-sie-uns\/kultur-freizeit-in-franzensbad\/fatamorgana-museum-der-illusionen\/","title":{"rendered":"Fatamorgana Museum der Illusionen"},"content":{"rendered":"<p>Das Fatamorgana-Museum voller Illusionen in Franzensbad wird Sie nicht nur unterhalten, sondern bestimmt auch \u00fcberraschen. Wir glauben, dass Sie sich w\u00e4hrend der Tour mehrmals fragen werden, was Realit\u00e4t und was nur Illusion ist. Sie werden zum Teilnehmer an den 3-D-Bildern und k\u00f6nnen Originalfotos machen. In der gleichen Hotelsuite k\u00f6nnen Sie auch den Escape Room besuchen.<\/p>\n","protected":false},"excerpt":{"rendered":"<p>Das Fatamorgana-Museum voller Illusionen in Franzensbad wird Sie nicht nur unterhalten, sondern bestimmt auch \u00fcberraschen. Wir glauben, dass Sie sich w\u00e4hrend der Tour mehrmals fragen werden, was Realit\u00e4t und was nur Illusion ist. Sie werden zum Teilnehmer an den 3-D-Bildern und k\u00f6nnen Originalfotos machen. In der gleichen Hotelsuite k\u00f6nnen Sie auch den Escape Room besuchen.<\/p>\n","protected":false},"author":7,"featured_media":0,"parent":684,"menu_order":20,"comment_status":"closed","ping_status":"closed","template":"","meta":{"footnotes":""},"class_list":["post-686","page","type-page","status-publish","hentry"],"yoast_head":"<!-- This site is optimized with the Yoast SEO plugin v27.3 - https:\/\/yoast.com\/product\/yoast-seo-wordpress\/ -->\n<title>Fatamorgana Museum der Illusionen - Harvey Spa Hotel -<\/title>\n<meta name=\"description\" content=\"Das Fatamorgana-Museum in Franzensbad fasziniert mit 3DIllusionen und bietet die M\u00f6glichkeit, Fotos zu machen und den Escape Room zu besuchen.\" \/>\n<meta name=\"robots\" content=\"noindex, nofollow\" \/>\n<meta property=\"og:locale\" content=\"de_DE\" \/>\n<meta property=\"og:type\" content=\"article\" \/>\n<meta property=\"og:title\" content=\"Fatamorgana Museum der Illusionen - Harvey Spa Hotel -\" \/>\n<meta property=\"og:description\" content=\"Das Fatamorgana-Museum in Franzensbad fasziniert mit 3DIllusionen und bietet die M\u00f6glichkeit, Fotos zu machen und den Escape Room zu besuchen.\" \/>\n<meta property=\"og:url\" content=\"https:\/\/www.harveyspahotel.com\/de\/wo-finden-sie-uns\/kultur-freizeit-in-franzensbad\/fatamorgana-museum-der-illusionen\/\" \/>\n<meta property=\"og:site_name\" content=\"Harvey Spa Hotel\" \/>\n<meta property=\"article:modified_time\" content=\"2025-08-07T12:57:36+00:00\" \/>\n<meta name=\"twitter:card\" content=\"summary_large_image\" \/>\n<meta name=\"twitter:label1\" content=\"Gesch\u00e4tzte Lesezeit\" \/>\n\t<meta name=\"twitter:data1\" content=\"1 Minute\" \/>\n<script type=\"application\/ld+json\" class=\"yoast-schema-graph\">{\"@context\":\"https:\\\/\\\/schema.org\",\"@graph\":[{\"@type\":\"WebPage\",\"@id\":\"https:\\\/\\\/www.harveyspahotel.com\\\/de\\\/wo-finden-sie-uns\\\/kultur-freizeit-in-franzensbad\\\/fatamorgana-museum-der-illusionen\\\/\",\"url\":\"https:\\\/\\\/www.harveyspahotel.com\\\/de\\\/wo-finden-sie-uns\\\/kultur-freizeit-in-franzensbad\\\/fatamorgana-museum-der-illusionen\\\/\",\"name\":\"Fatamorgana Museum der Illusionen - Harvey Spa Hotel -\",\"isPartOf\":{\"@id\":\"https:\\\/\\\/www.harveyspahotel.com\\\/de\\\/#website\"},\"datePublished\":\"2023-08-03T14:08:09+00:00\",\"dateModified\":\"2025-08-07T12:57:36+00:00\",\"description\":\"Das Fatamorgana-Museum in Franzensbad fasziniert mit 3DIllusionen und bietet die M\u00f6glichkeit, Fotos zu machen und den Escape Room zu besuchen.\",\"breadcrumb\":{\"@id\":\"https:\\\/\\\/www.harveyspahotel.com\\\/de\\\/wo-finden-sie-uns\\\/kultur-freizeit-in-franzensbad\\\/fatamorgana-museum-der-illusionen\\\/#breadcrumb\"},\"inLanguage\":\"de-DE\",\"potentialAction\":[{\"@type\":\"ReadAction\",\"target\":[\"https:\\\/\\\/www.harveyspahotel.com\\\/de\\\/wo-finden-sie-uns\\\/kultur-freizeit-in-franzensbad\\\/fatamorgana-museum-der-illusionen\\\/\"]}]},{\"@type\":\"BreadcrumbList\",\"@id\":\"https:\\\/\\\/www.harveyspahotel.com\\\/de\\\/wo-finden-sie-uns\\\/kultur-freizeit-in-franzensbad\\\/fatamorgana-museum-der-illusionen\\\/#breadcrumb\",\"itemListElement\":[{\"@type\":\"ListItem\",\"position\":1,\"name\":\"Home\",\"item\":\"https:\\\/\\\/www.harveyspahotel.com\\\/de\\\/\"},{\"@type\":\"ListItem\",\"position\":2,\"name\":\"Wo finden Sie uns\",\"item\":\"https:\\\/\\\/www.harveyspahotel.com\\\/de\\\/wo-finden-sie-uns\\\/\"},{\"@type\":\"ListItem\",\"position\":3,\"name\":\"Kultur, Freizeit in Franzensbad\",\"item\":\"https:\\\/\\\/www.harveyspahotel.com\\\/de\\\/wo-finden-sie-uns\\\/kultur-freizeit-in-franzensbad\\\/\"},{\"@type\":\"ListItem\",\"position\":4,\"name\":\"Fatamorgana Museum der Illusionen\"}]},{\"@type\":\"WebSite\",\"@id\":\"https:\\\/\\\/www.harveyspahotel.com\\\/de\\\/#website\",\"url\":\"https:\\\/\\\/www.harveyspahotel.com\\\/de\\\/\",\"name\":\"Harvey Spa Hotel\",\"description\":\"\",\"potentialAction\":[{\"@type\":\"SearchAction\",\"target\":{\"@type\":\"EntryPoint\",\"urlTemplate\":\"https:\\\/\\\/www.harveyspahotel.com\\\/de\\\/?s={search_term_string}\"},\"query-input\":{\"@type\":\"PropertyValueSpecification\",\"valueRequired\":true,\"valueName\":\"search_term_string\"}}],\"inLanguage\":\"de-DE\"}]}<\/script>\n<!-- \/ Yoast SEO plugin. -->","yoast_head_json":{"title":"Fatamorgana Museum der Illusionen - Harvey Spa Hotel -","description":"Das Fatamorgana-Museum in Franzensbad fasziniert mit 3DIllusionen und bietet die M\u00f6glichkeit, Fotos zu machen und den Escape Room zu besuchen.","robots":{"index":"noindex","follow":"nofollow"},"og_locale":"de_DE","og_type":"article","og_title":"Fatamorgana Museum der Illusionen - Harvey Spa Hotel -","og_description":"Das Fatamorgana-Museum in Franzensbad fasziniert mit 3DIllusionen und bietet die M\u00f6glichkeit, Fotos zu machen und den Escape Room zu besuchen.","og_url":"https:\/\/www.harveyspahotel.com\/de\/wo-finden-sie-uns\/kultur-freizeit-in-franzensbad\/fatamorgana-museum-der-illusionen\/","og_site_name":"Harvey Spa Hotel","article_modified_time":"2025-08-07T12:57:36+00:00","twitter_card":"summary_large_image","twitter_misc":{"Gesch\u00e4tzte Lesezeit":"1 Minute"},"schema":{"@context":"https:\/\/schema.org","@graph":[{"@type":"WebPage","@id":"https:\/\/www.harveyspahotel.com\/de\/wo-finden-sie-uns\/kultur-freizeit-in-franzensbad\/fatamorgana-museum-der-illusionen\/","url":"https:\/\/www.harveyspahotel.com\/de\/wo-finden-sie-uns\/kultur-freizeit-in-franzensbad\/fatamorgana-museum-der-illusionen\/","name":"Fatamorgana Museum der Illusionen - Harvey Spa Hotel -","isPartOf":{"@id":"https:\/\/www.harveyspahotel.com\/de\/#website"},"datePublished":"2023-08-03T14:08:09+00:00","dateModified":"2025-08-07T12:57:36+00:00","description":"Das Fatamorgana-Museum in Franzensbad fasziniert mit 3DIllusionen und bietet die M\u00f6glichkeit, Fotos zu machen und den Escape Room zu besuchen.","breadcrumb":{"@id":"https:\/\/www.harveyspahotel.com\/de\/wo-finden-sie-uns\/kultur-freizeit-in-franzensbad\/fatamorgana-museum-der-illusionen\/#breadcrumb"},"inLanguage":"de-DE","potentialAction":[{"@type":"ReadAction","target":["https:\/\/www.harveyspahotel.com\/de\/wo-finden-sie-uns\/kultur-freizeit-in-franzensbad\/fatamorgana-museum-der-illusionen\/"]}]},{"@type":"BreadcrumbList","@id":"https:\/\/www.harveyspahotel.com\/de\/wo-finden-sie-uns\/kultur-freizeit-in-franzensbad\/fatamorgana-museum-der-illusionen\/#breadcrumb","itemListElement":[{"@type":"ListItem","position":1,"name":"Home","item":"https:\/\/www.harveyspahotel.com\/de\/"},{"@type":"ListItem","position":2,"name":"Wo finden Sie uns","item":"https:\/\/www.harveyspahotel.com\/de\/wo-finden-sie-uns\/"},{"@type":"ListItem","position":3,"name":"Kultur, Freizeit in Franzensbad","item":"https:\/\/www.harveyspahotel.com\/de\/wo-finden-sie-uns\/kultur-freizeit-in-franzensbad\/"},{"@type":"ListItem","position":4,"name":"Fatamorgana Museum der Illusionen"}]},{"@type":"WebSite","@id":"https:\/\/www.harveyspahotel.com\/de\/#website","url":"https:\/\/www.harveyspahotel.com\/de\/","name":"Harvey Spa Hotel","description":"","potentialAction":[{"@type":"SearchAction","target":{"@type":"EntryPoint","urlTemplate":"https:\/\/www.harveyspahotel.com\/de\/?s={search_term_string}"},"query-input":{"@type":"PropertyValueSpecification","valueRequired":true,"valueName":"search_term_string"}}],"inLanguage":"de-DE"}]}},"acf":[],"_links":{"self":[{"href":"https:\/\/www.harveyspahotel.com\/de\/wp-json\/wp\/v2\/pages\/686","targetHints":{"allow":["GET"]}}],"collection":[{"href":"https:\/\/www.harveyspahotel.com\/de\/wp-json\/wp\/v2\/pages"}],"about":[{"href":"https:\/\/www.harveyspahotel.com\/de\/wp-json\/wp\/v2\/types\/page"}],"author":[{"embeddable":true,"href":"https:\/\/www.harveyspahotel.com\/de\/wp-json\/wp\/v2\/users\/7"}],"replies":[{"embeddable":true,"href":"https:\/\/www.harveyspahotel.com\/de\/wp-json\/wp\/v2\/comments?post=686"}],"version-history":[{"count":0,"href":"https:\/\/www.harveyspahotel.com\/de\/wp-json\/wp\/v2\/pages\/686\/revisions"}],"up":[{"embeddable":true,"href":"https:\/\/www.harveyspahotel.com\/de\/wp-json\/wp\/v2\/pages\/684"}],"wp:attachment":[{"href":"https:\/\/www.harveyspahotel.com\/de\/wp-json\/wp\/v2\/media?parent=686"}],"curies":[{"name":"wp","href":"https:\/\/api.w.org\/{rel}","templated":true}]}}