{"id":687,"date":"2023-08-03T14:09:07","date_gmt":"2023-08-03T14:09:07","guid":{"rendered":"https:\/\/www.harveyspahotel.com\/?page_id=687"},"modified":"2025-08-07T12:54:50","modified_gmt":"2025-08-07T12:54:50","slug":"auto-moto-museum","status":"publish","type":"page","link":"https:\/\/www.harveyspahotel.com\/de\/wo-finden-sie-uns\/kultur-freizeit-in-franzensbad\/auto-moto-museum\/","title":{"rendered":"Auto-Moto-Museum"},"content":{"rendered":"<p>Im \u00f6rtlichen Museum finden Sie das Auto-Moto-Museum mit mehr als 100 Exponaten. Veteranen nicht nur tschechische Marken wie \u0160koda, Jawa, Tatra oder die legend\u00e4re Velorex, bekannt aus dem Film Lauf, Ober, lauf! sondern auch ausl\u00e4ndische Marken. Zum Beispiel gibt es ein einzigartiges Mercedes 1938 Cabrio.<\/p>\n","protected":false},"excerpt":{"rendered":"<p>Im \u00f6rtlichen Museum finden Sie das Auto-Moto-Museum mit mehr als 100 Exponaten. Veteranen nicht nur tschechische Marken wie \u0160koda, Jawa, Tatra oder die legend\u00e4re Velorex, bekannt aus dem Film Lauf, Ober, lauf! sondern auch ausl\u00e4ndische Marken. Zum Beispiel gibt es ein einzigartiges Mercedes 1938 Cabrio.<\/p>\n","protected":false},"author":7,"featured_media":0,"parent":684,"menu_order":30,"comment_status":"closed","ping_status":"closed","template":"","meta":{"footnotes":""},"class_list":["post-687","page","type-page","status-publish","hentry"],"yoast_head":"<!-- This site is optimized with the Yoast SEO plugin v27.3 - https:\/\/yoast.com\/product\/yoast-seo-wordpress\/ -->\n<title>Auto-Moto-Museum - Harvey Spa Hotel -<\/title>\n<meta name=\"description\" content=\"Das Museum bietet \u00fcber 100 Exponate, darunter tschechische Klassiker wie \u0160koda und Velorex sowie ein einzigartiges Mercedes 1938 Cabrio.\" \/>\n<meta name=\"robots\" content=\"noindex, nofollow\" \/>\n<meta property=\"og:locale\" content=\"de_DE\" \/>\n<meta property=\"og:type\" content=\"article\" \/>\n<meta property=\"og:title\" content=\"Auto-Moto-Museum - Harvey Spa Hotel -\" \/>\n<meta property=\"og:description\" content=\"Das Museum bietet \u00fcber 100 Exponate, darunter tschechische Klassiker wie \u0160koda und Velorex sowie ein einzigartiges Mercedes 1938 Cabrio.\" \/>\n<meta property=\"og:url\" content=\"https:\/\/www.harveyspahotel.com\/de\/wo-finden-sie-uns\/kultur-freizeit-in-franzensbad\/auto-moto-museum\/\" \/>\n<meta property=\"og:site_name\" content=\"Harvey Spa Hotel\" \/>\n<meta property=\"article:modified_time\" content=\"2025-08-07T12:54:50+00:00\" \/>\n<meta name=\"twitter:card\" content=\"summary_large_image\" \/>\n<meta name=\"twitter:label1\" content=\"Gesch\u00e4tzte Lesezeit\" \/>\n\t<meta name=\"twitter:data1\" content=\"1 Minute\" \/>\n<script type=\"application\/ld+json\" class=\"yoast-schema-graph\">{\"@context\":\"https:\\\/\\\/schema.org\",\"@graph\":[{\"@type\":\"WebPage\",\"@id\":\"https:\\\/\\\/www.harveyspahotel.com\\\/de\\\/wo-finden-sie-uns\\\/kultur-freizeit-in-franzensbad\\\/auto-moto-museum\\\/\",\"url\":\"https:\\\/\\\/www.harveyspahotel.com\\\/de\\\/wo-finden-sie-uns\\\/kultur-freizeit-in-franzensbad\\\/auto-moto-museum\\\/\",\"name\":\"Auto-Moto-Museum - Harvey Spa Hotel -\",\"isPartOf\":{\"@id\":\"https:\\\/\\\/www.harveyspahotel.com\\\/de\\\/#website\"},\"datePublished\":\"2023-08-03T14:09:07+00:00\",\"dateModified\":\"2025-08-07T12:54:50+00:00\",\"description\":\"Das Museum bietet \u00fcber 100 Exponate, darunter tschechische Klassiker wie \u0160koda und Velorex sowie ein einzigartiges Mercedes 1938 Cabrio.\",\"breadcrumb\":{\"@id\":\"https:\\\/\\\/www.harveyspahotel.com\\\/de\\\/wo-finden-sie-uns\\\/kultur-freizeit-in-franzensbad\\\/auto-moto-museum\\\/#breadcrumb\"},\"inLanguage\":\"de-DE\",\"potentialAction\":[{\"@type\":\"ReadAction\",\"target\":[\"https:\\\/\\\/www.harveyspahotel.com\\\/de\\\/wo-finden-sie-uns\\\/kultur-freizeit-in-franzensbad\\\/auto-moto-museum\\\/\"]}]},{\"@type\":\"BreadcrumbList\",\"@id\":\"https:\\\/\\\/www.harveyspahotel.com\\\/de\\\/wo-finden-sie-uns\\\/kultur-freizeit-in-franzensbad\\\/auto-moto-museum\\\/#breadcrumb\",\"itemListElement\":[{\"@type\":\"ListItem\",\"position\":1,\"name\":\"Home\",\"item\":\"https:\\\/\\\/www.harveyspahotel.com\\\/de\\\/\"},{\"@type\":\"ListItem\",\"position\":2,\"name\":\"Wo finden Sie uns\",\"item\":\"https:\\\/\\\/www.harveyspahotel.com\\\/de\\\/wo-finden-sie-uns\\\/\"},{\"@type\":\"ListItem\",\"position\":3,\"name\":\"Kultur, Freizeit in Franzensbad\",\"item\":\"https:\\\/\\\/www.harveyspahotel.com\\\/de\\\/wo-finden-sie-uns\\\/kultur-freizeit-in-franzensbad\\\/\"},{\"@type\":\"ListItem\",\"position\":4,\"name\":\"Auto-Moto-Museum\"}]},{\"@type\":\"WebSite\",\"@id\":\"https:\\\/\\\/www.harveyspahotel.com\\\/de\\\/#website\",\"url\":\"https:\\\/\\\/www.harveyspahotel.com\\\/de\\\/\",\"name\":\"Harvey Spa Hotel\",\"description\":\"\",\"potentialAction\":[{\"@type\":\"SearchAction\",\"target\":{\"@type\":\"EntryPoint\",\"urlTemplate\":\"https:\\\/\\\/www.harveyspahotel.com\\\/de\\\/?s={search_term_string}\"},\"query-input\":{\"@type\":\"PropertyValueSpecification\",\"valueRequired\":true,\"valueName\":\"search_term_string\"}}],\"inLanguage\":\"de-DE\"}]}<\/script>\n<!-- \/ Yoast SEO plugin. -->","yoast_head_json":{"title":"Auto-Moto-Museum - Harvey Spa Hotel -","description":"Das Museum bietet \u00fcber 100 Exponate, darunter tschechische Klassiker wie \u0160koda und Velorex sowie ein einzigartiges Mercedes 1938 Cabrio.","robots":{"index":"noindex","follow":"nofollow"},"og_locale":"de_DE","og_type":"article","og_title":"Auto-Moto-Museum - Harvey Spa Hotel -","og_description":"Das Museum bietet \u00fcber 100 Exponate, darunter tschechische Klassiker wie \u0160koda und Velorex sowie ein einzigartiges Mercedes 1938 Cabrio.","og_url":"https:\/\/www.harveyspahotel.com\/de\/wo-finden-sie-uns\/kultur-freizeit-in-franzensbad\/auto-moto-museum\/","og_site_name":"Harvey Spa Hotel","article_modified_time":"2025-08-07T12:54:50+00:00","twitter_card":"summary_large_image","twitter_misc":{"Gesch\u00e4tzte Lesezeit":"1 Minute"},"schema":{"@context":"https:\/\/schema.org","@graph":[{"@type":"WebPage","@id":"https:\/\/www.harveyspahotel.com\/de\/wo-finden-sie-uns\/kultur-freizeit-in-franzensbad\/auto-moto-museum\/","url":"https:\/\/www.harveyspahotel.com\/de\/wo-finden-sie-uns\/kultur-freizeit-in-franzensbad\/auto-moto-museum\/","name":"Auto-Moto-Museum - Harvey Spa Hotel -","isPartOf":{"@id":"https:\/\/www.harveyspahotel.com\/de\/#website"},"datePublished":"2023-08-03T14:09:07+00:00","dateModified":"2025-08-07T12:54:50+00:00","description":"Das Museum bietet \u00fcber 100 Exponate, darunter tschechische Klassiker wie \u0160koda und Velorex sowie ein einzigartiges Mercedes 1938 Cabrio.","breadcrumb":{"@id":"https:\/\/www.harveyspahotel.com\/de\/wo-finden-sie-uns\/kultur-freizeit-in-franzensbad\/auto-moto-museum\/#breadcrumb"},"inLanguage":"de-DE","potentialAction":[{"@type":"ReadAction","target":["https:\/\/www.harveyspahotel.com\/de\/wo-finden-sie-uns\/kultur-freizeit-in-franzensbad\/auto-moto-museum\/"]}]},{"@type":"BreadcrumbList","@id":"https:\/\/www.harveyspahotel.com\/de\/wo-finden-sie-uns\/kultur-freizeit-in-franzensbad\/auto-moto-museum\/#breadcrumb","itemListElement":[{"@type":"ListItem","position":1,"name":"Home","item":"https:\/\/www.harveyspahotel.com\/de\/"},{"@type":"ListItem","position":2,"name":"Wo finden Sie uns","item":"https:\/\/www.harveyspahotel.com\/de\/wo-finden-sie-uns\/"},{"@type":"ListItem","position":3,"name":"Kultur, Freizeit in Franzensbad","item":"https:\/\/www.harveyspahotel.com\/de\/wo-finden-sie-uns\/kultur-freizeit-in-franzensbad\/"},{"@type":"ListItem","position":4,"name":"Auto-Moto-Museum"}]},{"@type":"WebSite","@id":"https:\/\/www.harveyspahotel.com\/de\/#website","url":"https:\/\/www.harveyspahotel.com\/de\/","name":"Harvey Spa Hotel","description":"","potentialAction":[{"@type":"SearchAction","target":{"@type":"EntryPoint","urlTemplate":"https:\/\/www.harveyspahotel.com\/de\/?s={search_term_string}"},"query-input":{"@type":"PropertyValueSpecification","valueRequired":true,"valueName":"search_term_string"}}],"inLanguage":"de-DE"}]}},"acf":[],"_links":{"self":[{"href":"https:\/\/www.harveyspahotel.com\/de\/wp-json\/wp\/v2\/pages\/687","targetHints":{"allow":["GET"]}}],"collection":[{"href":"https:\/\/www.harveyspahotel.com\/de\/wp-json\/wp\/v2\/pages"}],"about":[{"href":"https:\/\/www.harveyspahotel.com\/de\/wp-json\/wp\/v2\/types\/page"}],"author":[{"embeddable":true,"href":"https:\/\/www.harveyspahotel.com\/de\/wp-json\/wp\/v2\/users\/7"}],"replies":[{"embeddable":true,"href":"https:\/\/www.harveyspahotel.com\/de\/wp-json\/wp\/v2\/comments?post=687"}],"version-history":[{"count":0,"href":"https:\/\/www.harveyspahotel.com\/de\/wp-json\/wp\/v2\/pages\/687\/revisions"}],"up":[{"embeddable":true,"href":"https:\/\/www.harveyspahotel.com\/de\/wp-json\/wp\/v2\/pages\/684"}],"wp:attachment":[{"href":"https:\/\/www.harveyspahotel.com\/de\/wp-json\/wp\/v2\/media?parent=687"}],"curies":[{"name":"wp","href":"https:\/\/api.w.org\/{rel}","templated":true}]}}